{"id":1368,"date":"2023-10-10T10:46:14","date_gmt":"2023-10-10T08:46:14","guid":{"rendered":"https:\/\/mindef.gov.cm\/anciens-combattants\/reinsertion-socio-economique\/"},"modified":"2023-11-08T03:46:40","modified_gmt":"2023-11-08T02:46:40","slug":"reinsertion-socio-economique","status":"publish","type":"page","link":"https:\/\/mindef.gov.cm\/anciens-combattants\/en\/reinsertion-socio-economique\/","title":{"rendered":"reinsertion-socio-economique"},"content":{"rendered":"\t\t<div data-elementor-type=\"wp-page\" data-elementor-id=\"1368\" class=\"elementor elementor-1368 elementor-1019\" data-elementor-post-type=\"page\">\n\t\t\t\t\t\t<section class=\"elementor-section elementor-top-section elementor-element elementor-element-1a9d3309 elementor-section-boxed elementor-section-height-default elementor-section-height-default\" data-id=\"1a9d3309\" data-element_type=\"section\" data-settings=\"{&quot;background_background&quot;:&quot;classic&quot;}\">\n\t\t\t\t\t\t\t<div class=\"elementor-background-overlay\"><\/div>\n\t\t\t\t\t\t\t<div class=\"elementor-container elementor-column-gap-default\">\n\t\t\t\t\t<div class=\"elementor-column elementor-col-100 elementor-top-column elementor-element elementor-element-532fb23d\" data-id=\"532fb23d\" data-element_type=\"column\">\n\t\t\t<div class=\"elementor-widget-wrap elementor-element-populated\">\n\t\t\t\t\t\t<div class=\"elementor-element elementor-element-2e71c87b elementor-widget elementor-widget-spacer\" data-id=\"2e71c87b\" data-element_type=\"widget\" data-widget_type=\"spacer.default\">\n\t\t\t\t<div class=\"elementor-widget-container\">\n\t\t\t\t\t<div class=\"elementor-spacer\">\n\t\t\t<div class=\"elementor-spacer-inner\"><\/div>\n\t\t<\/div>\n\t\t\t\t<\/div>\n\t\t\t\t<\/div>\n\t\t\t\t<div class=\"elementor-element elementor-element-5cf6f3f5 elementor-widget elementor-widget-heading\" data-id=\"5cf6f3f5\" data-element_type=\"widget\" data-widget_type=\"heading.default\">\n\t\t\t\t<div class=\"elementor-widget-container\">\n\t\t\t<h2 class=\"elementor-heading-title elementor-size-small\">SOCIO-ECONOMIC REINTEGRATION OF EX-SERVICEMEN AND WAR VICTIMS<\/h2>\t\t<\/div>\n\t\t\t\t<\/div>\n\t\t\t\t<div class=\"elementor-element elementor-element-44b1719e elementor-widget elementor-widget-text-editor\" data-id=\"44b1719e\" data-element_type=\"widget\" data-widget_type=\"text-editor.default\">\n\t\t\t\t<div class=\"elementor-widget-container\">\n\t\t\t\t\t\t\t<p>Gaining access to a new job or engaging in a new income-generating activity during retirement should be a major concern for military personnel at the end of their career. The reconversion process for military personnel, through vocational training and capacity building, should lead to the setting up of a project leading to the creation of an SME\/SMI (Small and Medium Enterprise or Small and Medium Industry) capable of creating wealth and employment, a guarantee of successful socio-economic reintegration and making the former soldier or war victim a full-fledged actor in the national economic development.<\/p><p>That is why the PALMIER-PME Programme ( In French, Programme Acc\u00e9l\u00e9r\u00e9 de Lancement des Militaires en fin de Carri\u00e8re et dans l&#8217;Innovation et l&#8217;Entrepreneuriat pour leur Reconversion) was conceived. This is a joint MINDEF-APME Rapid Results Initiative for the socio-economic reintegration of pre-retired military personnel, Ex-Servicemen and War Victims through entrepreneurship training, financial support and mentoring. The initiative aims to help members of the Defence Forces not only to start up their own businesses after military service, but above all to make them prosper, thereby boosting local economic growth and generating jobs.<\/p>\t\t\t\t\t\t<\/div>\n\t\t\t\t<\/div>\n\t\t\t\t<div class=\"elementor-element elementor-element-61594132 elementor-widget elementor-widget-spacer\" data-id=\"61594132\" data-element_type=\"widget\" data-widget_type=\"spacer.default\">\n\t\t\t\t<div class=\"elementor-widget-container\">\n\t\t\t\t\t<div class=\"elementor-spacer\">\n\t\t\t<div class=\"elementor-spacer-inner\"><\/div>\n\t\t<\/div>\n\t\t\t\t<\/div>\n\t\t\t\t<\/div>\n\t\t\t\t\t<\/div>\n\t\t<\/div>\n\t\t\t\t\t<\/div>\n\t\t<\/section>\n\t\t\t\t<section class=\"elementor-section elementor-top-section elementor-element elementor-element-b015ed4 elementor-section-boxed elementor-section-height-default elementor-section-height-default\" data-id=\"b015ed4\" data-element_type=\"section\" data-settings=\"{&quot;background_background&quot;:&quot;classic&quot;}\">\n\t\t\t\t\t\t<div class=\"elementor-container elementor-column-gap-default\">\n\t\t\t\t\t<div class=\"elementor-column elementor-col-100 elementor-top-column elementor-element elementor-element-3ac87fe\" data-id=\"3ac87fe\" data-element_type=\"column\">\n\t\t\t<div class=\"elementor-widget-wrap elementor-element-populated\">\n\t\t\t\t\t\t<div class=\"elementor-element elementor-element-453fe59 elementor-widget elementor-widget-spacer\" data-id=\"453fe59\" data-element_type=\"widget\" data-widget_type=\"spacer.default\">\n\t\t\t\t<div class=\"elementor-widget-container\">\n\t\t\t\t\t<div class=\"elementor-spacer\">\n\t\t\t<div class=\"elementor-spacer-inner\"><\/div>\n\t\t<\/div>\n\t\t\t\t<\/div>\n\t\t\t\t<\/div>\n\t\t\t\t<div class=\"elementor-element elementor-element-1b6570c section-title-style-style3 title-two-line tpg-border-bottom-enable meta-visibility-show title_position_default title_hover_border_default img_hover_animation_default meta_position_default readmore-btn-default-style grid-hover-overlay-type-always tpg-el-box-border-enable elementor-widget elementor-widget-tpg-grid-layout\" data-id=\"1b6570c\" data-element_type=\"widget\" data-widget_type=\"tpg-grid-layout.default\">\n\t\t\t\t<div class=\"elementor-widget-container\">\n\t\t\t\t\t<div class=\"rt-container-fluid rt-tpg-container tpg-el-main-wrapper clearfix grid-layout1-main \"\n\t\t\t id=\"rt-tpg-container-1911764536\"\n\t\t\t data-layout=\"grid-layout1\"\n\t\t\t data-grid-style=\"tpg-full-height\"\n\t\t\t data-sc-id=\"elementor\"\n\t\t\t data-el-settings=''\n\t\t\t data-el-query=''\n\t\t\t data-el-path=''\n\t\t>\n\n\t\t\t\t\t\t<div class='tpg-header-wrapper '>\n\t\t\t\t\n        <div class=\"tpg-widget-heading-wrapper rt-clear heading-style3 \">\n            <span class=\"tpg-widget-heading-line line-left\"><\/span>\n\t\t\t<h2 class='tpg-widget-heading'>\n\t\t\t\n\t\t\t\t                    <span>\n\t\t\t\t\t\tHEADLINES\t\t\t\t\t<\/span>\n\t\t\t\t\t\n\t\t\t\t\t\t\t<\/h2>            <span class=\"tpg-widget-heading-line line-right\"><\/span>\n\n\t\t\t\n        <\/div>\n\n\t\t\n\t\t\t\t\t<\/div>\n\n\t\t\t<div data-title=\"Loading ...\" class=\"rt-row rt-content-loader grid-layout1 grid-behaviour tpg-full-height grid_layout_wrapper\">\n\t\t\t\t<div class=\"rt-col-md-4 rt-col-sm-12 rt-col-xs-12 default rt-grid-item post-2914 post type-post status-publish format-standard has-post-thumbnail hentry category-bon-a-savoir-en category-scroll-en category-thematiques-en tag-actualites-en tag-banniere-en\"\t\tdata-id=\"2914\">\n\t<div class=\"rt-holder tpg-post-holder\">\n\t\t<div class=\"rt-detail rt-el-content-wrapper\">\n\t\t\t\t\t\t\t<div class=\"rt-img-holder tpg-el-image-wrap has-thumbnail\">\n\t\t\t\t\t<a data-id=\"2914\" href=\"https:\/\/mindef.gov.cm\/anciens-combattants\/en\/2025\/10\/06\/1st-symposium-on-war-victims\/\" class=\"tpg-post-link\" target=\"_self\">                        <img fetchpriority=\"high\" decoding=\"async\" src=\"https:\/\/mindef.gov.cm\/anciens-combattants\/wp-content\/uploads\/sites\/3\/2025\/10\/WhatsApp-Image-2025-10-01-at-14.34.21.jpeg\"\n                             class=\"rt-img-responsive\"\n                             width=\"720\"\n                             height=\"1080\"\n                             alt=\"1st Symposium on War Victims: SED\/CACVG Tackles the Challenges of Support and Care\">\n\t\t\t\t\t\t\n\t\t\t\t\t\t\t\n\t\t<\/a>\n\t\t        <div class=\"overlay grid-hover-content\"><\/div>\n\t\t\t\t\t\t<\/div>\n\t\t\t\n\t\t\t<div class=\"entry-title-wrapper\"><h3 class=\"entry-title\"><a data-id=\"2914\" href=\"https:\/\/mindef.gov.cm\/anciens-combattants\/en\/2025\/10\/06\/1st-symposium-on-war-victims\/\" class=\"tpg-post-link\" target=\"_self\">1st Symposium on War Victims: SED\/CACVG Tackles the Challenges of Support and Care<\/a><\/h3><\/div>\n\t\t\t\t\t\t\t<div class=\"post-meta-tags rt-el-post-meta\">\n\t\t\t\t\t\t\t\t\t<\/div>\n\t\t\t\n\n\t\t\t\t\t\t\t<div class=\"tpg-excerpt tpg-el-excerpt\">\n\t\t\t\t\t\t\t\t\t\t\t<div class=\"tpg-excerpt-inner\">\n\t\t\t\t\t\t\tFor three days, the Secretariat of State for Defence in...\t\t\t\t\t\t<\/div>\n\t\t\t\t\t\t\t\t\t\t\t\t\t\t<\/div>\n\t\t\t\n\t\t\t        <div class=\"post-footer\">\n            <div class=\"post-footer\">\n                <div class=\"read-more\">\n\t\t\t\t\t<a data-id=\"2914\" href=\"https:\/\/mindef.gov.cm\/anciens-combattants\/en\/2025\/10\/06\/1st-symposium-on-war-victims\/\" class=\"tpg-post-link\" target=\"_self\">Read More<i aria-hidden=\"true\" class=\"right-icon fas fa-arrow-circle-right\"><\/i><\/a>                <\/div>\n            <\/div>\n        <\/div>\n\t\t\t\t<\/div>\n\t<\/div>\n<\/div>\n<div class=\"rt-col-md-4 rt-col-sm-12 rt-col-xs-12 default rt-grid-item post-2874 post type-post status-publish format-standard has-post-thumbnail hentry category-scroll-en tag-actualites-en tag-banniere-en\"\t\tdata-id=\"2874\">\n\t<div class=\"rt-holder tpg-post-holder\">\n\t\t<div class=\"rt-detail rt-el-content-wrapper\">\n\t\t\t\t\t\t\t<div class=\"rt-img-holder tpg-el-image-wrap has-thumbnail\">\n\t\t\t\t\t<a data-id=\"2874\" href=\"https:\/\/mindef.gov.cm\/anciens-combattants\/en\/2025\/04\/17\/siac-2024-the-sed-cacvg-contributes-to-the-common-endeavour\/\" class=\"tpg-post-link\" target=\"_self\">                        <img decoding=\"async\" src=\"https:\/\/mindef.gov.cm\/anciens-combattants\/wp-content\/uploads\/sites\/3\/2025\/04\/siac-4-scaled.jpg\"\n                             class=\"rt-img-responsive\"\n                             width=\"2560\"\n                             height=\"1707\"\n                             alt=\"SIAC 2024:  The SED\/CACVG contributes to the common endeavour\">\n\t\t\t\t\t\t\n\t\t\t\t\t\t\t\n\t\t<\/a>\n\t\t        <div class=\"overlay grid-hover-content\"><\/div>\n\t\t\t\t\t\t<\/div>\n\t\t\t\n\t\t\t<div class=\"entry-title-wrapper\"><h3 class=\"entry-title\"><a data-id=\"2874\" href=\"https:\/\/mindef.gov.cm\/anciens-combattants\/en\/2025\/04\/17\/siac-2024-the-sed-cacvg-contributes-to-the-common-endeavour\/\" class=\"tpg-post-link\" target=\"_self\">SIAC 2024:  The SED\/CACVG contributes to the common endeavour<\/a><\/h3><\/div>\n\t\t\t\t\t\t\t<div class=\"post-meta-tags rt-el-post-meta\">\n\t\t\t\t\t\t\t\t\t<\/div>\n\t\t\t\n\n\t\t\t\t\t\t\t<div class=\"tpg-excerpt tpg-el-excerpt\">\n\t\t\t\t\t\t\t\t\t\t\t<div class=\"tpg-excerpt-inner\">\n\t\t\t\t\t\t\tUnder the very high patronage of the President of the...\t\t\t\t\t\t<\/div>\n\t\t\t\t\t\t\t\t\t\t\t\t\t\t<\/div>\n\t\t\t\n\t\t\t        <div class=\"post-footer\">\n            <div class=\"post-footer\">\n                <div class=\"read-more\">\n\t\t\t\t\t<a data-id=\"2874\" href=\"https:\/\/mindef.gov.cm\/anciens-combattants\/en\/2025\/04\/17\/siac-2024-the-sed-cacvg-contributes-to-the-common-endeavour\/\" class=\"tpg-post-link\" target=\"_self\">Read More<i aria-hidden=\"true\" class=\"right-icon fas fa-arrow-circle-right\"><\/i><\/a>                <\/div>\n            <\/div>\n        <\/div>\n\t\t\t\t<\/div>\n\t<\/div>\n<\/div>\n<div class=\"rt-col-md-4 rt-col-sm-12 rt-col-xs-12 default rt-grid-item post-2828 post type-post status-publish format-standard has-post-thumbnail hentry category-scroll-en tag-actualites-en tag-banniere-en\"\t\tdata-id=\"2828\">\n\t<div class=\"rt-holder tpg-post-holder\">\n\t\t<div class=\"rt-detail rt-el-content-wrapper\">\n\t\t\t\t\t\t\t<div class=\"rt-img-holder tpg-el-image-wrap has-thumbnail\">\n\t\t\t\t\t<a data-id=\"2828\" href=\"https:\/\/mindef.gov.cm\/anciens-combattants\/en\/2025\/04\/17\/idpd-2024-army-nation-stronger-ties\/\" class=\"tpg-post-link\" target=\"_self\">                        <img decoding=\"async\" src=\"https:\/\/mindef.gov.cm\/anciens-combattants\/wp-content\/uploads\/sites\/3\/2025\/04\/handicapes-4-min-2-scaled.jpg\"\n                             class=\"rt-img-responsive\"\n                             width=\"2560\"\n                             height=\"1707\"\n                             alt=\"IDPD 2024:  Army-Nation Stronger Ties\">\n\t\t\t\t\t\t\n\t\t\t\t\t\t\t\n\t\t<\/a>\n\t\t        <div class=\"overlay grid-hover-content\"><\/div>\n\t\t\t\t\t\t<\/div>\n\t\t\t\n\t\t\t<div class=\"entry-title-wrapper\"><h3 class=\"entry-title\"><a data-id=\"2828\" href=\"https:\/\/mindef.gov.cm\/anciens-combattants\/en\/2025\/04\/17\/idpd-2024-army-nation-stronger-ties\/\" class=\"tpg-post-link\" target=\"_self\">IDPD 2024:  Army-Nation Stronger Ties<\/a><\/h3><\/div>\n\t\t\t\t\t\t\t<div class=\"post-meta-tags rt-el-post-meta\">\n\t\t\t\t\t\t\t\t\t<\/div>\n\t\t\t\n\n\t\t\t\t\t\t\t<div class=\"tpg-excerpt tpg-el-excerpt\">\n\t\t\t\t\t\t\t\t\t\t\t<div class=\"tpg-excerpt-inner\">\n\t\t\t\t\t\t\tThe commemoration of the 33rd anniversary of the adoption by...\t\t\t\t\t\t<\/div>\n\t\t\t\t\t\t\t\t\t\t\t\t\t\t<\/div>\n\t\t\t\n\t\t\t        <div class=\"post-footer\">\n            <div class=\"post-footer\">\n                <div class=\"read-more\">\n\t\t\t\t\t<a data-id=\"2828\" href=\"https:\/\/mindef.gov.cm\/anciens-combattants\/en\/2025\/04\/17\/idpd-2024-army-nation-stronger-ties\/\" class=\"tpg-post-link\" target=\"_self\">Read More<i aria-hidden=\"true\" class=\"right-icon fas fa-arrow-circle-right\"><\/i><\/a>                <\/div>\n            <\/div>\n        <\/div>\n\t\t\t\t<\/div>\n\t<\/div>\n<\/div>\n\t\t\t<\/div>\n\t\t\t\n\t\t<\/div>\n\t\t\t\t<\/div>\n\t\t\t\t<\/div>\n\t\t\t\t<div class=\"elementor-element elementor-element-c74245c elementor-widget elementor-widget-spacer\" data-id=\"c74245c\" data-element_type=\"widget\" data-widget_type=\"spacer.default\">\n\t\t\t\t<div class=\"elementor-widget-container\">\n\t\t\t\t\t<div class=\"elementor-spacer\">\n\t\t\t<div class=\"elementor-spacer-inner\"><\/div>\n\t\t<\/div>\n\t\t\t\t<\/div>\n\t\t\t\t<\/div>\n\t\t\t\t\t<\/div>\n\t\t<\/div>\n\t\t\t\t\t<\/div>\n\t\t<\/section>\n\t\t\t\t<\/div>\n\t\t","protected":false},"excerpt":{"rendered":"<p>SOCIO-ECONOMIC REINTEGRATION OF EX-SERVICEMEN AND WAR VICTIMS Gaining access to a new job or engaging in a new income-generating activity during retirement should be a major concern for military personnel at the end of their career. The reconversion process for military personnel, through vocational training and capacity building, should lead to the setting up of [&hellip;]<\/p>\n","protected":false},"author":1,"featured_media":0,"parent":0,"menu_order":0,"comment_status":"closed","ping_status":"closed","template":"","meta":{"footnotes":""},"class_list":["post-1368","page","type-page","status-publish","hentry"],"yoast_head":"<!-- This site is optimized with the Yoast SEO plugin v23.3 - https:\/\/yoast.com\/wordpress\/plugins\/seo\/ -->\n<title>reinsertion-socio-economique - Anciens Combattants<\/title>\n<meta name=\"robots\" content=\"index, follow, max-snippet:-1, max-image-preview:large, max-video-preview:-1\" \/>\n<link rel=\"canonical\" href=\"https:\/\/mindef.gov.cm\/anciens-combattants\/en\/reinsertion-socio-economique\/\" \/>\n<meta property=\"og:locale\" content=\"en_US\" \/>\n<meta property=\"og:type\" content=\"article\" \/>\n<meta property=\"og:title\" content=\"reinsertion-socio-economique - Anciens Combattants\" \/>\n<meta property=\"og:description\" content=\"SOCIO-ECONOMIC REINTEGRATION OF EX-SERVICEMEN AND WAR VICTIMS Gaining access to a new job or engaging in a new income-generating activity during retirement should be a major concern for military personnel at the end of their career. The reconversion process for military personnel, through vocational training and capacity building, should lead to the setting up of [&hellip;]\" \/>\n<meta property=\"og:url\" content=\"https:\/\/mindef.gov.cm\/anciens-combattants\/en\/reinsertion-socio-economique\/\" \/>\n<meta property=\"og:site_name\" content=\"Anciens Combattants\" \/>\n<meta property=\"article:modified_time\" content=\"2023-11-08T02:46:40+00:00\" \/>\n<meta property=\"og:image\" content=\"https:\/\/mindef.gov.cm\/anciens-combattants\/wp-content\/uploads\/sites\/3\/2023\/11\/WhatsApp-Image-2023-10-11-at-14.19.46-1.jpeg\" \/>\n<meta name=\"twitter:card\" content=\"summary_large_image\" \/>\n<meta name=\"twitter:label1\" content=\"Est. reading time\" \/>\n\t<meta name=\"twitter:data1\" content=\"2 minutes\" \/>\n<script type=\"application\/ld+json\" class=\"yoast-schema-graph\">{\"@context\":\"https:\/\/schema.org\",\"@graph\":[{\"@type\":\"WebPage\",\"@id\":\"https:\/\/mindef.gov.cm\/anciens-combattants\/en\/reinsertion-socio-economique\/\",\"url\":\"https:\/\/mindef.gov.cm\/anciens-combattants\/en\/reinsertion-socio-economique\/\",\"name\":\"reinsertion-socio-economique - Anciens Combattants\",\"isPartOf\":{\"@id\":\"https:\/\/mindef.gov.cm\/anciens-combattants\/en\/#website\"},\"primaryImageOfPage\":{\"@id\":\"https:\/\/mindef.gov.cm\/anciens-combattants\/en\/reinsertion-socio-economique\/#primaryimage\"},\"image\":{\"@id\":\"https:\/\/mindef.gov.cm\/anciens-combattants\/en\/reinsertion-socio-economique\/#primaryimage\"},\"thumbnailUrl\":\"https:\/\/mindef.gov.cm\/anciens-combattants\/wp-content\/uploads\/sites\/3\/2023\/11\/WhatsApp-Image-2023-10-11-at-14.19.46-1.jpeg\",\"datePublished\":\"2023-10-10T08:46:14+00:00\",\"dateModified\":\"2023-11-08T02:46:40+00:00\",\"breadcrumb\":{\"@id\":\"https:\/\/mindef.gov.cm\/anciens-combattants\/en\/reinsertion-socio-economique\/#breadcrumb\"},\"inLanguage\":\"en-US\",\"potentialAction\":[{\"@type\":\"ReadAction\",\"target\":[\"https:\/\/mindef.gov.cm\/anciens-combattants\/en\/reinsertion-socio-economique\/\"]}]},{\"@type\":\"ImageObject\",\"inLanguage\":\"en-US\",\"@id\":\"https:\/\/mindef.gov.cm\/anciens-combattants\/en\/reinsertion-socio-economique\/#primaryimage\",\"url\":\"https:\/\/mindef.gov.cm\/anciens-combattants\/wp-content\/uploads\/sites\/3\/2023\/11\/WhatsApp-Image-2023-10-11-at-14.19.46-1.jpeg\",\"contentUrl\":\"https:\/\/mindef.gov.cm\/anciens-combattants\/wp-content\/uploads\/sites\/3\/2023\/11\/WhatsApp-Image-2023-10-11-at-14.19.46-1.jpeg\"},{\"@type\":\"BreadcrumbList\",\"@id\":\"https:\/\/mindef.gov.cm\/anciens-combattants\/en\/reinsertion-socio-economique\/#breadcrumb\",\"itemListElement\":[{\"@type\":\"ListItem\",\"position\":1,\"name\":\"Home\",\"item\":\"https:\/\/mindef.gov.cm\/anciens-combattants\/en\/\"},{\"@type\":\"ListItem\",\"position\":2,\"name\":\"reinsertion-socio-economique\"}]},{\"@type\":\"WebSite\",\"@id\":\"https:\/\/mindef.gov.cm\/anciens-combattants\/en\/#website\",\"url\":\"https:\/\/mindef.gov.cm\/anciens-combattants\/en\/\",\"name\":\"Anciens Combattants\",\"description\":\"\",\"publisher\":{\"@id\":\"https:\/\/mindef.gov.cm\/anciens-combattants\/en\/#organization\"},\"potentialAction\":[{\"@type\":\"SearchAction\",\"target\":{\"@type\":\"EntryPoint\",\"urlTemplate\":\"https:\/\/mindef.gov.cm\/anciens-combattants\/en\/?s={search_term_string}\"},\"query-input\":\"required name=search_term_string\"}],\"inLanguage\":\"en-US\"},{\"@type\":\"Organization\",\"@id\":\"https:\/\/mindef.gov.cm\/anciens-combattants\/en\/#organization\",\"name\":\"Anciens Combattants\",\"url\":\"https:\/\/mindef.gov.cm\/anciens-combattants\/en\/\",\"logo\":{\"@type\":\"ImageObject\",\"inLanguage\":\"en-US\",\"@id\":\"https:\/\/mindef.gov.cm\/anciens-combattants\/en\/#\/schema\/logo\/image\/\",\"url\":\"https:\/\/mindef.gov.cm\/anciens-combattants\/wp-content\/uploads\/sites\/3\/2023\/07\/LOGO-MINDEF-PNG-FRANCAIS.png\",\"contentUrl\":\"https:\/\/mindef.gov.cm\/anciens-combattants\/wp-content\/uploads\/sites\/3\/2023\/07\/LOGO-MINDEF-PNG-FRANCAIS.png\",\"width\":2126,\"height\":478,\"caption\":\"Anciens Combattants\"},\"image\":{\"@id\":\"https:\/\/mindef.gov.cm\/anciens-combattants\/en\/#\/schema\/logo\/image\/\"}}]}<\/script>\n<!-- \/ Yoast SEO plugin. -->","yoast_head_json":{"title":"reinsertion-socio-economique - Anciens Combattants","robots":{"index":"index","follow":"follow","max-snippet":"max-snippet:-1","max-image-preview":"max-image-preview:large","max-video-preview":"max-video-preview:-1"},"canonical":"https:\/\/mindef.gov.cm\/anciens-combattants\/en\/reinsertion-socio-economique\/","og_locale":"en_US","og_type":"article","og_title":"reinsertion-socio-economique - Anciens Combattants","og_description":"SOCIO-ECONOMIC REINTEGRATION OF EX-SERVICEMEN AND WAR VICTIMS Gaining access to a new job or engaging in a new income-generating activity during retirement should be a major concern for military personnel at the end of their career. The reconversion process for military personnel, through vocational training and capacity building, should lead to the setting up of [&hellip;]","og_url":"https:\/\/mindef.gov.cm\/anciens-combattants\/en\/reinsertion-socio-economique\/","og_site_name":"Anciens Combattants","article_modified_time":"2023-11-08T02:46:40+00:00","og_image":[{"url":"https:\/\/mindef.gov.cm\/anciens-combattants\/wp-content\/uploads\/sites\/3\/2023\/11\/WhatsApp-Image-2023-10-11-at-14.19.46-1.jpeg"}],"twitter_card":"summary_large_image","twitter_misc":{"Est. reading time":"2 minutes"},"schema":{"@context":"https:\/\/schema.org","@graph":[{"@type":"WebPage","@id":"https:\/\/mindef.gov.cm\/anciens-combattants\/en\/reinsertion-socio-economique\/","url":"https:\/\/mindef.gov.cm\/anciens-combattants\/en\/reinsertion-socio-economique\/","name":"reinsertion-socio-economique - Anciens Combattants","isPartOf":{"@id":"https:\/\/mindef.gov.cm\/anciens-combattants\/en\/#website"},"primaryImageOfPage":{"@id":"https:\/\/mindef.gov.cm\/anciens-combattants\/en\/reinsertion-socio-economique\/#primaryimage"},"image":{"@id":"https:\/\/mindef.gov.cm\/anciens-combattants\/en\/reinsertion-socio-economique\/#primaryimage"},"thumbnailUrl":"https:\/\/mindef.gov.cm\/anciens-combattants\/wp-content\/uploads\/sites\/3\/2023\/11\/WhatsApp-Image-2023-10-11-at-14.19.46-1.jpeg","datePublished":"2023-10-10T08:46:14+00:00","dateModified":"2023-11-08T02:46:40+00:00","breadcrumb":{"@id":"https:\/\/mindef.gov.cm\/anciens-combattants\/en\/reinsertion-socio-economique\/#breadcrumb"},"inLanguage":"en-US","potentialAction":[{"@type":"ReadAction","target":["https:\/\/mindef.gov.cm\/anciens-combattants\/en\/reinsertion-socio-economique\/"]}]},{"@type":"ImageObject","inLanguage":"en-US","@id":"https:\/\/mindef.gov.cm\/anciens-combattants\/en\/reinsertion-socio-economique\/#primaryimage","url":"https:\/\/mindef.gov.cm\/anciens-combattants\/wp-content\/uploads\/sites\/3\/2023\/11\/WhatsApp-Image-2023-10-11-at-14.19.46-1.jpeg","contentUrl":"https:\/\/mindef.gov.cm\/anciens-combattants\/wp-content\/uploads\/sites\/3\/2023\/11\/WhatsApp-Image-2023-10-11-at-14.19.46-1.jpeg"},{"@type":"BreadcrumbList","@id":"https:\/\/mindef.gov.cm\/anciens-combattants\/en\/reinsertion-socio-economique\/#breadcrumb","itemListElement":[{"@type":"ListItem","position":1,"name":"Home","item":"https:\/\/mindef.gov.cm\/anciens-combattants\/en\/"},{"@type":"ListItem","position":2,"name":"reinsertion-socio-economique"}]},{"@type":"WebSite","@id":"https:\/\/mindef.gov.cm\/anciens-combattants\/en\/#website","url":"https:\/\/mindef.gov.cm\/anciens-combattants\/en\/","name":"Anciens Combattants","description":"","publisher":{"@id":"https:\/\/mindef.gov.cm\/anciens-combattants\/en\/#organization"},"potentialAction":[{"@type":"SearchAction","target":{"@type":"EntryPoint","urlTemplate":"https:\/\/mindef.gov.cm\/anciens-combattants\/en\/?s={search_term_string}"},"query-input":"required name=search_term_string"}],"inLanguage":"en-US"},{"@type":"Organization","@id":"https:\/\/mindef.gov.cm\/anciens-combattants\/en\/#organization","name":"Anciens Combattants","url":"https:\/\/mindef.gov.cm\/anciens-combattants\/en\/","logo":{"@type":"ImageObject","inLanguage":"en-US","@id":"https:\/\/mindef.gov.cm\/anciens-combattants\/en\/#\/schema\/logo\/image\/","url":"https:\/\/mindef.gov.cm\/anciens-combattants\/wp-content\/uploads\/sites\/3\/2023\/07\/LOGO-MINDEF-PNG-FRANCAIS.png","contentUrl":"https:\/\/mindef.gov.cm\/anciens-combattants\/wp-content\/uploads\/sites\/3\/2023\/07\/LOGO-MINDEF-PNG-FRANCAIS.png","width":2126,"height":478,"caption":"Anciens Combattants"},"image":{"@id":"https:\/\/mindef.gov.cm\/anciens-combattants\/en\/#\/schema\/logo\/image\/"}}]}},"rttpg_featured_image_url":null,"rttpg_author":{"display_name":"ricaldorichard237@gmail.com","author_link":"https:\/\/mindef.gov.cm\/anciens-combattants\/en\/author\/ricaldorichard237gmail-com\/"},"rttpg_comment":0,"rttpg_category":"","rttpg_excerpt":"SOCIO-ECONOMIC REINTEGRATION OF EX-SERVICEMEN AND WAR VICTIMS Gaining access to a new job or engaging in a new income-generating activity during retirement should be a major concern for military personnel at the end of their career. The reconversion process for military personnel, through vocational training and capacity building, should lead to the setting up of&hellip;","_links":{"self":[{"href":"https:\/\/mindef.gov.cm\/anciens-combattants\/en\/wp-json\/wp\/v2\/pages\/1368","targetHints":{"allow":["GET"]}}],"collection":[{"href":"https:\/\/mindef.gov.cm\/anciens-combattants\/en\/wp-json\/wp\/v2\/pages"}],"about":[{"href":"https:\/\/mindef.gov.cm\/anciens-combattants\/en\/wp-json\/wp\/v2\/types\/page"}],"author":[{"embeddable":true,"href":"https:\/\/mindef.gov.cm\/anciens-combattants\/en\/wp-json\/wp\/v2\/users\/1"}],"replies":[{"embeddable":true,"href":"https:\/\/mindef.gov.cm\/anciens-combattants\/en\/wp-json\/wp\/v2\/comments?post=1368"}],"version-history":[{"count":0,"href":"https:\/\/mindef.gov.cm\/anciens-combattants\/en\/wp-json\/wp\/v2\/pages\/1368\/revisions"}],"wp:attachment":[{"href":"https:\/\/mindef.gov.cm\/anciens-combattants\/en\/wp-json\/wp\/v2\/media?parent=1368"}],"curies":[{"name":"wp","href":"https:\/\/api.w.org\/{rel}","templated":true}]}}