{"id":1014,"date":"2023-10-10T10:38:27","date_gmt":"2023-10-10T08:38:27","guid":{"rendered":"https:\/\/mindef.gov.cm\/anciens-combattants\/?page_id=1014"},"modified":"2023-11-08T03:42:56","modified_gmt":"2023-11-08T02:42:56","slug":"reconversion-professionnelle","status":"publish","type":"page","link":"https:\/\/mindef.gov.cm\/anciens-combattants\/reconversion-professionnelle\/","title":{"rendered":"reconversion-professionnelle"},"content":{"rendered":"\t\t<div data-elementor-type=\"wp-page\" data-elementor-id=\"1014\" class=\"elementor elementor-1014\" data-elementor-post-type=\"page\">\n\t\t\t\t\t\t<section class=\"elementor-section elementor-top-section elementor-element elementor-element-1a9d3309 elementor-section-boxed elementor-section-height-default elementor-section-height-default\" data-id=\"1a9d3309\" data-element_type=\"section\" data-settings=\"{&quot;background_background&quot;:&quot;classic&quot;}\">\n\t\t\t\t\t\t\t<div class=\"elementor-background-overlay\"><\/div>\n\t\t\t\t\t\t\t<div class=\"elementor-container elementor-column-gap-default\">\n\t\t\t\t\t<div class=\"elementor-column elementor-col-100 elementor-top-column elementor-element elementor-element-532fb23d\" data-id=\"532fb23d\" data-element_type=\"column\">\n\t\t\t<div class=\"elementor-widget-wrap elementor-element-populated\">\n\t\t\t\t\t\t<div class=\"elementor-element elementor-element-2e71c87b elementor-widget elementor-widget-spacer\" data-id=\"2e71c87b\" data-element_type=\"widget\" data-widget_type=\"spacer.default\">\n\t\t\t\t<div class=\"elementor-widget-container\">\n\t\t\t\t\t<div class=\"elementor-spacer\">\n\t\t\t<div class=\"elementor-spacer-inner\"><\/div>\n\t\t<\/div>\n\t\t\t\t<\/div>\n\t\t\t\t<\/div>\n\t\t\t\t<div class=\"elementor-element elementor-element-5cf6f3f5 elementor-widget elementor-widget-heading\" data-id=\"5cf6f3f5\" data-element_type=\"widget\" data-widget_type=\"heading.default\">\n\t\t\t\t<div class=\"elementor-widget-container\">\n\t\t\t<h2 class=\"elementor-heading-title elementor-size-small\">LA RECONVERSION PROFESSIONNELLE<\/h2>\t\t<\/div>\n\t\t\t\t<\/div>\n\t\t\t\t<div class=\"elementor-element elementor-element-44b1719e elementor-widget elementor-widget-text-editor\" data-id=\"44b1719e\" data-element_type=\"widget\" data-widget_type=\"text-editor.default\">\n\t\t\t\t<div class=\"elementor-widget-container\">\n\t\t\t\t\t\t\t<p>L\u2019acc\u00e8s \u00e0 l\u2019emploi ou \u00e0 une activit\u00e9 g\u00e9n\u00e9ratrice de revenus apr\u00e8s son d\u00e9part \u00e0 la retraite est un \u00e9l\u00e9ment majeur de la r\u00e9insertion. Il sous-entend une volont\u00e9 du militaire retrait\u00e9 \u00e0 envisager une seconde carri\u00e8re, dans le but de maintenir sinon d\u2019am\u00e9liorer ses sources de revenus essentielles et son niveau habituel de vie sociale. C\u2019est \u00e0 ce titre que la reconversion professionnelle constitue l\u2019\u00e9tape majeure de la r\u00e9insertion.<\/p><p>De ce fait, la reconversion devient un droit pour chaque militaire. Ce droit garanti et encadr\u00e9 par plusieurs textes r\u00e8glementaires, notamment le d\u00e9cret N\u00b02007\/199 du 07 juillet 2007 qui a pr\u00e9vu en son article 80, une permission de reconversion, devrait d\u2019avantage \u00eatre am\u00e9nag\u00e9 et am\u00e9lior\u00e9 pour s\u2019adapter au contexte actuel des ACVG.<\/p><p>La reconversion peut r\u00e9sulter\u00a0:<\/p><ul><li>D\u2019un choix personnel lorsque la carri\u00e8re militaire ne correspond plus aux aspirations de l\u2019int\u00e9ress\u00e9\u00a0;<\/li><li>D\u2019une inaptitude li\u00e9e aux cons\u00e9quences d\u2019un probl\u00e8me de sant\u00e9 ayant conduit \u00e0 la r\u00e9forme\u00a0;<\/li><li>D\u2019une retraite normale, processus de fin de carri\u00e8re par limite d\u2019\u00e2ge ou autre, tel que pr\u00e9vu par les statuts des militaires ou encore conform\u00e9ment aux termes de D\u00e9cret 2012\/387 du 14 Septembre 2012 portant organisation de fonctionnement du SED\/CACVG, qui d\u00e9finit ce qu\u2019est un ACVG.<\/li><\/ul><p>Quelles que soient les raisons qui poussent les militaires \u00e0 se reconvertir, une d\u00e9marche structur\u00e9e s\u2019impose. D\u2019o\u00f9 l\u2019imp\u00e9rieuse n\u00e9cessit\u00e9 de mettre en place un processus coh\u00e9rent tenant compte des r\u00e9alit\u00e9s propres \u00e0 notre arm\u00e9e et qui passe forc\u00e9ment par un renforcement des capacit\u00e9s \u00e0 travers une formation pr\u00e9alable. C\u2019est dans cette optique que des cessions de formations professionnelles sont r\u00e9guli\u00e8rement organis\u00e9es en liaison avec les administrations comp\u00e9tentes \u00e0 l\u2019intention des ACVG.<\/p>\t\t\t\t\t\t<\/div>\n\t\t\t\t<\/div>\n\t\t\t\t<div class=\"elementor-element elementor-element-61594132 elementor-widget elementor-widget-spacer\" data-id=\"61594132\" data-element_type=\"widget\" data-widget_type=\"spacer.default\">\n\t\t\t\t<div class=\"elementor-widget-container\">\n\t\t\t\t\t<div class=\"elementor-spacer\">\n\t\t\t<div class=\"elementor-spacer-inner\"><\/div>\n\t\t<\/div>\n\t\t\t\t<\/div>\n\t\t\t\t<\/div>\n\t\t\t\t\t<\/div>\n\t\t<\/div>\n\t\t\t\t\t<\/div>\n\t\t<\/section>\n\t\t\t\t<section class=\"elementor-section elementor-top-section elementor-element elementor-element-d555880 elementor-section-boxed elementor-section-height-default elementor-section-height-default\" data-id=\"d555880\" data-element_type=\"section\" data-settings=\"{&quot;background_background&quot;:&quot;classic&quot;}\">\n\t\t\t\t\t\t<div class=\"elementor-container elementor-column-gap-default\">\n\t\t\t\t\t<div class=\"elementor-column elementor-col-100 elementor-top-column elementor-element elementor-element-513b4a2\" data-id=\"513b4a2\" data-element_type=\"column\">\n\t\t\t<div class=\"elementor-widget-wrap elementor-element-populated\">\n\t\t\t\t\t\t<div class=\"elementor-element elementor-element-a675bc4 elementor-widget elementor-widget-spacer\" data-id=\"a675bc4\" data-element_type=\"widget\" data-widget_type=\"spacer.default\">\n\t\t\t\t<div class=\"elementor-widget-container\">\n\t\t\t\t\t<div class=\"elementor-spacer\">\n\t\t\t<div class=\"elementor-spacer-inner\"><\/div>\n\t\t<\/div>\n\t\t\t\t<\/div>\n\t\t\t\t<\/div>\n\t\t\t\t<div class=\"elementor-element elementor-element-2739b5a section-title-style-style3 title-two-line tpg-border-bottom-enable meta-visibility-show title_position_default title_hover_border_default img_hover_animation_default meta_position_default readmore-btn-default-style grid-hover-overlay-type-always tpg-el-box-border-enable elementor-widget elementor-widget-tpg-grid-layout\" data-id=\"2739b5a\" data-element_type=\"widget\" data-widget_type=\"tpg-grid-layout.default\">\n\t\t\t\t<div class=\"elementor-widget-container\">\n\t\t\t\t\t<div class=\"rt-container-fluid rt-tpg-container tpg-el-main-wrapper clearfix grid-layout1-main \"\n\t\t\t id=\"rt-tpg-container-1231203342\"\n\t\t\t data-layout=\"grid-layout1\"\n\t\t\t data-grid-style=\"tpg-full-height\"\n\t\t\t data-sc-id=\"elementor\"\n\t\t\t data-el-settings=''\n\t\t\t data-el-query=''\n\t\t\t data-el-path=''\n\t\t>\n\n\t\t\t\t\t\t<div class='tpg-header-wrapper '>\n\t\t\t\t\n        <div class=\"tpg-widget-heading-wrapper rt-clear heading-style3 \">\n            <span class=\"tpg-widget-heading-line line-left\"><\/span>\n\t\t\t<h2 class='tpg-widget-heading'>\n\t\t\t\n\t\t\t\t                    <span>\n\t\t\t\t\t\tA la une\t\t\t\t\t<\/span>\n\t\t\t\t\t\n\t\t\t\t\t\t\t<\/h2>            <span class=\"tpg-widget-heading-line line-right\"><\/span>\n\n\t\t\t\n        <\/div>\n\n\t\t\n\t\t\t\t\t<\/div>\n\n\t\t\t<div data-title=\"Loading ...\" class=\"rt-row rt-content-loader grid-layout1 grid-behaviour tpg-full-height grid_layout_wrapper\">\n\t\t\t\t<div class=\"rt-col-md-4 rt-col-sm-12 rt-col-xs-12 default rt-grid-item post-2892 post type-post status-publish format-standard has-post-thumbnail hentry category-bon-a-savoir category-scroll category-thematiques tag-actualites tag-banniere\"\t\tdata-id=\"2892\">\n\t<div class=\"rt-holder tpg-post-holder\">\n\t\t<div class=\"rt-detail rt-el-content-wrapper\">\n\t\t\t\t\t\t\t<div class=\"rt-img-holder tpg-el-image-wrap has-thumbnail\">\n\t\t\t\t\t<a data-id=\"2892\" href=\"https:\/\/mindef.gov.cm\/anciens-combattants\/2025\/10\/06\/premier-symposium-sur-les-victimes-de-guerre\/\" class=\"tpg-post-link\" target=\"_self\">                        <img fetchpriority=\"high\" decoding=\"async\" src=\"https:\/\/mindef.gov.cm\/anciens-combattants\/wp-content\/uploads\/sites\/3\/2025\/10\/WhatsApp-Image-2025-10-01-at-14.34.21.jpeg\"\n                             class=\"rt-img-responsive\"\n                             width=\"720\"\n                             height=\"1080\"\n                             alt=\"Premier symposium sur les Victimes de Guerre : Le SED\/CACVG face aux d\u00e9fis de la prise en charge des victimes de guerre\">\n\t\t\t\t\t\t\n\t\t\t\t\t\t\t\n\t\t<\/a>\n\t\t        <div class=\"overlay grid-hover-content\"><\/div>\n\t\t\t\t\t\t<\/div>\n\t\t\t\n\t\t\t<div class=\"entry-title-wrapper\"><h3 class=\"entry-title\"><a data-id=\"2892\" href=\"https:\/\/mindef.gov.cm\/anciens-combattants\/2025\/10\/06\/premier-symposium-sur-les-victimes-de-guerre\/\" class=\"tpg-post-link\" target=\"_self\">Premier symposium sur les Victimes de Guerre : Le SED\/CACVG face aux d\u00e9fis de la prise en charge des victimes de guerre<\/a><\/h3><\/div>\n\t\t\t\t\t\t\t<div class=\"post-meta-tags rt-el-post-meta\">\n\t\t\t\t\t\t\t\t\t<\/div>\n\t\t\t\n\n\t\t\t\t\t\t\t<div class=\"tpg-excerpt tpg-el-excerpt\">\n\t\t\t\t\t\t\t\t\t\t\t<div class=\"tpg-excerpt-inner\">\n\t\t\t\t\t\t\tTrois jours d\u2019intenses activit\u00e9s ont permis au Secr\u00e9tariat...\t\t\t\t\t\t<\/div>\n\t\t\t\t\t\t\t\t\t\t\t\t\t\t<\/div>\n\t\t\t\n\t\t\t        <div class=\"post-footer\">\n            <div class=\"post-footer\">\n                <div class=\"read-more\">\n\t\t\t\t\t<a data-id=\"2892\" href=\"https:\/\/mindef.gov.cm\/anciens-combattants\/2025\/10\/06\/premier-symposium-sur-les-victimes-de-guerre\/\" class=\"tpg-post-link\" target=\"_self\">Lire la suite<i aria-hidden=\"true\" class=\"right-icon fas fa-arrow-circle-right\"><\/i><\/a>                <\/div>\n            <\/div>\n        <\/div>\n\t\t\t\t<\/div>\n\t<\/div>\n<\/div>\n<div class=\"rt-col-md-4 rt-col-sm-12 rt-col-xs-12 default rt-grid-item post-2842 post type-post status-publish format-standard has-post-thumbnail hentry category-scroll tag-actualites tag-banniere\"\t\tdata-id=\"2842\">\n\t<div class=\"rt-holder tpg-post-holder\">\n\t\t<div class=\"rt-detail rt-el-content-wrapper\">\n\t\t\t\t\t\t\t<div class=\"rt-img-holder tpg-el-image-wrap has-thumbnail\">\n\t\t\t\t\t<a data-id=\"2842\" href=\"https:\/\/mindef.gov.cm\/anciens-combattants\/2025\/04\/17\/siac-2024-le-sed-cacvg-imprime-ses-marques\/\" class=\"tpg-post-link\" target=\"_self\">                        <img decoding=\"async\" src=\"https:\/\/mindef.gov.cm\/anciens-combattants\/wp-content\/uploads\/sites\/3\/2025\/04\/siac-4-scaled.jpg\"\n                             class=\"rt-img-responsive\"\n                             width=\"2560\"\n                             height=\"1707\"\n                             alt=\"SIAC 2024 : Le SED\/CACVG imprime ses marques\">\n\t\t\t\t\t\t\n\t\t\t\t\t\t\t\n\t\t<\/a>\n\t\t        <div class=\"overlay grid-hover-content\"><\/div>\n\t\t\t\t\t\t<\/div>\n\t\t\t\n\t\t\t<div class=\"entry-title-wrapper\"><h3 class=\"entry-title\"><a data-id=\"2842\" href=\"https:\/\/mindef.gov.cm\/anciens-combattants\/2025\/04\/17\/siac-2024-le-sed-cacvg-imprime-ses-marques\/\" class=\"tpg-post-link\" target=\"_self\">SIAC 2024 : Le SED\/CACVG imprime ses marques<\/a><\/h3><\/div>\n\t\t\t\t\t\t\t<div class=\"post-meta-tags rt-el-post-meta\">\n\t\t\t\t\t\t\t\t\t<\/div>\n\t\t\t\n\n\t\t\t\t\t\t\t<div class=\"tpg-excerpt tpg-el-excerpt\">\n\t\t\t\t\t\t\t\t\t\t\t<div class=\"tpg-excerpt-inner\">\n\t\t\t\t\t\t\tPlac\u00e9 sous le Tr\u00e8s Haut Patronage du Pr\u00e9sident de la...\t\t\t\t\t\t<\/div>\n\t\t\t\t\t\t\t\t\t\t\t\t\t\t<\/div>\n\t\t\t\n\t\t\t        <div class=\"post-footer\">\n            <div class=\"post-footer\">\n                <div class=\"read-more\">\n\t\t\t\t\t<a data-id=\"2842\" href=\"https:\/\/mindef.gov.cm\/anciens-combattants\/2025\/04\/17\/siac-2024-le-sed-cacvg-imprime-ses-marques\/\" class=\"tpg-post-link\" target=\"_self\">Lire la suite<i aria-hidden=\"true\" class=\"right-icon fas fa-arrow-circle-right\"><\/i><\/a>                <\/div>\n            <\/div>\n        <\/div>\n\t\t\t\t<\/div>\n\t<\/div>\n<\/div>\n<div class=\"rt-col-md-4 rt-col-sm-12 rt-col-xs-12 default rt-grid-item post-2780 post type-post status-publish format-standard has-post-thumbnail hentry category-scroll tag-actualites tag-banniere\"\t\tdata-id=\"2780\">\n\t<div class=\"rt-holder tpg-post-holder\">\n\t\t<div class=\"rt-detail rt-el-content-wrapper\">\n\t\t\t\t\t\t\t<div class=\"rt-img-holder tpg-el-image-wrap has-thumbnail\">\n\t\t\t\t\t<a data-id=\"2780\" href=\"https:\/\/mindef.gov.cm\/anciens-combattants\/2025\/04\/17\/jiph-2024-lien-armee-nation-renforce\/\" class=\"tpg-post-link\" target=\"_self\">                        <img decoding=\"async\" src=\"https:\/\/mindef.gov.cm\/anciens-combattants\/wp-content\/uploads\/sites\/3\/2025\/04\/handicapes-4-min-1-scaled.jpg\"\n                             class=\"rt-img-responsive\"\n                             width=\"2560\"\n                             height=\"1707\"\n                             alt=\"JIPH 2024 : Lien Arm\u00e9e-Nation renforc\u00e9\">\n\t\t\t\t\t\t\n\t\t\t\t\t\t\t\n\t\t<\/a>\n\t\t        <div class=\"overlay grid-hover-content\"><\/div>\n\t\t\t\t\t\t<\/div>\n\t\t\t\n\t\t\t<div class=\"entry-title-wrapper\"><h3 class=\"entry-title\"><a data-id=\"2780\" href=\"https:\/\/mindef.gov.cm\/anciens-combattants\/2025\/04\/17\/jiph-2024-lien-armee-nation-renforce\/\" class=\"tpg-post-link\" target=\"_self\">JIPH 2024 : Lien Arm\u00e9e-Nation renforc\u00e9<\/a><\/h3><\/div>\n\t\t\t\t\t\t\t<div class=\"post-meta-tags rt-el-post-meta\">\n\t\t\t\t\t\t\t\t\t<\/div>\n\t\t\t\n\n\t\t\t\t\t\t\t<div class=\"tpg-excerpt tpg-el-excerpt\">\n\t\t\t\t\t\t\t\t\t\t\t<div class=\"tpg-excerpt-inner\">\n\t\t\t\t\t\t\tLa comm\u00e9moration du 33\u00e8me anniversaire de l\u2019adoption par les...\t\t\t\t\t\t<\/div>\n\t\t\t\t\t\t\t\t\t\t\t\t\t\t<\/div>\n\t\t\t\n\t\t\t        <div class=\"post-footer\">\n            <div class=\"post-footer\">\n                <div class=\"read-more\">\n\t\t\t\t\t<a data-id=\"2780\" href=\"https:\/\/mindef.gov.cm\/anciens-combattants\/2025\/04\/17\/jiph-2024-lien-armee-nation-renforce\/\" class=\"tpg-post-link\" target=\"_self\">Lire la suite<i aria-hidden=\"true\" class=\"right-icon fas fa-arrow-circle-right\"><\/i><\/a>                <\/div>\n            <\/div>\n        <\/div>\n\t\t\t\t<\/div>\n\t<\/div>\n<\/div>\n\t\t\t<\/div>\n\t\t\t\n\t\t<\/div>\n\t\t\t\t<\/div>\n\t\t\t\t<\/div>\n\t\t\t\t<div class=\"elementor-element elementor-element-1d8c693 elementor-widget elementor-widget-spacer\" data-id=\"1d8c693\" data-element_type=\"widget\" data-widget_type=\"spacer.default\">\n\t\t\t\t<div class=\"elementor-widget-container\">\n\t\t\t\t\t<div class=\"elementor-spacer\">\n\t\t\t<div class=\"elementor-spacer-inner\"><\/div>\n\t\t<\/div>\n\t\t\t\t<\/div>\n\t\t\t\t<\/div>\n\t\t\t\t\t<\/div>\n\t\t<\/div>\n\t\t\t\t\t<\/div>\n\t\t<\/section>\n\t\t\t\t<\/div>\n\t\t","protected":false},"excerpt":{"rendered":"<p>LA RECONVERSION PROFESSIONNELLE L\u2019acc\u00e8s \u00e0 l\u2019emploi ou \u00e0 une activit\u00e9 g\u00e9n\u00e9ratrice de revenus apr\u00e8s son d\u00e9part \u00e0 la retraite est un \u00e9l\u00e9ment majeur de la r\u00e9insertion. Il sous-entend une volont\u00e9 du militaire retrait\u00e9 \u00e0 envisager une seconde carri\u00e8re, dans le but de maintenir sinon d\u2019am\u00e9liorer ses sources de revenus essentielles et son niveau habituel de [&hellip;]<\/p>\n","protected":false},"author":1,"featured_media":0,"parent":0,"menu_order":0,"comment_status":"closed","ping_status":"closed","template":"","meta":{"footnotes":""},"class_list":["post-1014","page","type-page","status-publish","hentry"],"yoast_head":"<!-- This site is optimized with the Yoast SEO plugin v23.3 - https:\/\/yoast.com\/wordpress\/plugins\/seo\/ -->\n<title>reconversion-professionnelle - Anciens Combattants<\/title>\n<meta name=\"robots\" content=\"index, follow, max-snippet:-1, max-image-preview:large, max-video-preview:-1\" \/>\n<link rel=\"canonical\" href=\"https:\/\/mindef.gov.cm\/anciens-combattants\/reconversion-professionnelle\/\" \/>\n<meta property=\"og:locale\" content=\"fr_FR\" \/>\n<meta property=\"og:type\" content=\"article\" \/>\n<meta property=\"og:title\" content=\"reconversion-professionnelle - Anciens Combattants\" \/>\n<meta property=\"og:description\" content=\"LA RECONVERSION PROFESSIONNELLE L\u2019acc\u00e8s \u00e0 l\u2019emploi ou \u00e0 une activit\u00e9 g\u00e9n\u00e9ratrice de revenus apr\u00e8s son d\u00e9part \u00e0 la retraite est un \u00e9l\u00e9ment majeur de la r\u00e9insertion. Il sous-entend une volont\u00e9 du militaire retrait\u00e9 \u00e0 envisager une seconde carri\u00e8re, dans le but de maintenir sinon d\u2019am\u00e9liorer ses sources de revenus essentielles et son niveau habituel de [&hellip;]\" \/>\n<meta property=\"og:url\" content=\"https:\/\/mindef.gov.cm\/anciens-combattants\/reconversion-professionnelle\/\" \/>\n<meta property=\"og:site_name\" content=\"Anciens Combattants\" \/>\n<meta property=\"article:modified_time\" content=\"2023-11-08T02:42:56+00:00\" \/>\n<meta property=\"og:image\" content=\"https:\/\/mindef.gov.cm\/anciens-combattants\/wp-content\/uploads\/sites\/3\/2023\/11\/WhatsApp-Image-2023-10-11-at-14.19.46-1.jpeg\" \/>\n<meta name=\"twitter:card\" content=\"summary_large_image\" \/>\n<meta name=\"twitter:label1\" content=\"Dur\u00e9e de lecture estim\u00e9e\" \/>\n\t<meta name=\"twitter:data1\" content=\"3 minutes\" \/>\n<script type=\"application\/ld+json\" class=\"yoast-schema-graph\">{\"@context\":\"https:\/\/schema.org\",\"@graph\":[{\"@type\":\"WebPage\",\"@id\":\"https:\/\/mindef.gov.cm\/anciens-combattants\/reconversion-professionnelle\/\",\"url\":\"https:\/\/mindef.gov.cm\/anciens-combattants\/reconversion-professionnelle\/\",\"name\":\"reconversion-professionnelle - Anciens Combattants\",\"isPartOf\":{\"@id\":\"https:\/\/mindef.gov.cm\/anciens-combattants\/#website\"},\"primaryImageOfPage\":{\"@id\":\"https:\/\/mindef.gov.cm\/anciens-combattants\/reconversion-professionnelle\/#primaryimage\"},\"image\":{\"@id\":\"https:\/\/mindef.gov.cm\/anciens-combattants\/reconversion-professionnelle\/#primaryimage\"},\"thumbnailUrl\":\"https:\/\/mindef.gov.cm\/anciens-combattants\/wp-content\/uploads\/sites\/3\/2023\/11\/WhatsApp-Image-2023-10-11-at-14.19.46-1.jpeg\",\"datePublished\":\"2023-10-10T08:38:27+00:00\",\"dateModified\":\"2023-11-08T02:42:56+00:00\",\"breadcrumb\":{\"@id\":\"https:\/\/mindef.gov.cm\/anciens-combattants\/reconversion-professionnelle\/#breadcrumb\"},\"inLanguage\":\"fr-FR\",\"potentialAction\":[{\"@type\":\"ReadAction\",\"target\":[\"https:\/\/mindef.gov.cm\/anciens-combattants\/reconversion-professionnelle\/\"]}]},{\"@type\":\"ImageObject\",\"inLanguage\":\"fr-FR\",\"@id\":\"https:\/\/mindef.gov.cm\/anciens-combattants\/reconversion-professionnelle\/#primaryimage\",\"url\":\"https:\/\/mindef.gov.cm\/anciens-combattants\/wp-content\/uploads\/sites\/3\/2023\/11\/WhatsApp-Image-2023-10-11-at-14.19.46-1.jpeg\",\"contentUrl\":\"https:\/\/mindef.gov.cm\/anciens-combattants\/wp-content\/uploads\/sites\/3\/2023\/11\/WhatsApp-Image-2023-10-11-at-14.19.46-1.jpeg\",\"width\":1080,\"height\":720},{\"@type\":\"BreadcrumbList\",\"@id\":\"https:\/\/mindef.gov.cm\/anciens-combattants\/reconversion-professionnelle\/#breadcrumb\",\"itemListElement\":[{\"@type\":\"ListItem\",\"position\":1,\"name\":\"Home\",\"item\":\"https:\/\/mindef.gov.cm\/anciens-combattants\/\"},{\"@type\":\"ListItem\",\"position\":2,\"name\":\"reconversion-professionnelle\"}]},{\"@type\":\"WebSite\",\"@id\":\"https:\/\/mindef.gov.cm\/anciens-combattants\/#website\",\"url\":\"https:\/\/mindef.gov.cm\/anciens-combattants\/\",\"name\":\"Anciens Combattants\",\"description\":\"\",\"publisher\":{\"@id\":\"https:\/\/mindef.gov.cm\/anciens-combattants\/#organization\"},\"potentialAction\":[{\"@type\":\"SearchAction\",\"target\":{\"@type\":\"EntryPoint\",\"urlTemplate\":\"https:\/\/mindef.gov.cm\/anciens-combattants\/?s={search_term_string}\"},\"query-input\":\"required name=search_term_string\"}],\"inLanguage\":\"fr-FR\"},{\"@type\":\"Organization\",\"@id\":\"https:\/\/mindef.gov.cm\/anciens-combattants\/#organization\",\"name\":\"Anciens Combattants\",\"url\":\"https:\/\/mindef.gov.cm\/anciens-combattants\/\",\"logo\":{\"@type\":\"ImageObject\",\"inLanguage\":\"fr-FR\",\"@id\":\"https:\/\/mindef.gov.cm\/anciens-combattants\/#\/schema\/logo\/image\/\",\"url\":\"https:\/\/mindef.gov.cm\/anciens-combattants\/wp-content\/uploads\/sites\/3\/2023\/07\/LOGO-MINDEF-PNG-FRANCAIS.png\",\"contentUrl\":\"https:\/\/mindef.gov.cm\/anciens-combattants\/wp-content\/uploads\/sites\/3\/2023\/07\/LOGO-MINDEF-PNG-FRANCAIS.png\",\"width\":2126,\"height\":478,\"caption\":\"Anciens Combattants\"},\"image\":{\"@id\":\"https:\/\/mindef.gov.cm\/anciens-combattants\/#\/schema\/logo\/image\/\"}}]}<\/script>\n<!-- \/ Yoast SEO plugin. -->","yoast_head_json":{"title":"reconversion-professionnelle - Anciens Combattants","robots":{"index":"index","follow":"follow","max-snippet":"max-snippet:-1","max-image-preview":"max-image-preview:large","max-video-preview":"max-video-preview:-1"},"canonical":"https:\/\/mindef.gov.cm\/anciens-combattants\/reconversion-professionnelle\/","og_locale":"fr_FR","og_type":"article","og_title":"reconversion-professionnelle - Anciens Combattants","og_description":"LA RECONVERSION PROFESSIONNELLE L\u2019acc\u00e8s \u00e0 l\u2019emploi ou \u00e0 une activit\u00e9 g\u00e9n\u00e9ratrice de revenus apr\u00e8s son d\u00e9part \u00e0 la retraite est un \u00e9l\u00e9ment majeur de la r\u00e9insertion. Il sous-entend une volont\u00e9 du militaire retrait\u00e9 \u00e0 envisager une seconde carri\u00e8re, dans le but de maintenir sinon d\u2019am\u00e9liorer ses sources de revenus essentielles et son niveau habituel de [&hellip;]","og_url":"https:\/\/mindef.gov.cm\/anciens-combattants\/reconversion-professionnelle\/","og_site_name":"Anciens Combattants","article_modified_time":"2023-11-08T02:42:56+00:00","og_image":[{"url":"https:\/\/mindef.gov.cm\/anciens-combattants\/wp-content\/uploads\/sites\/3\/2023\/11\/WhatsApp-Image-2023-10-11-at-14.19.46-1.jpeg"}],"twitter_card":"summary_large_image","twitter_misc":{"Dur\u00e9e de lecture estim\u00e9e":"3 minutes"},"schema":{"@context":"https:\/\/schema.org","@graph":[{"@type":"WebPage","@id":"https:\/\/mindef.gov.cm\/anciens-combattants\/reconversion-professionnelle\/","url":"https:\/\/mindef.gov.cm\/anciens-combattants\/reconversion-professionnelle\/","name":"reconversion-professionnelle - Anciens Combattants","isPartOf":{"@id":"https:\/\/mindef.gov.cm\/anciens-combattants\/#website"},"primaryImageOfPage":{"@id":"https:\/\/mindef.gov.cm\/anciens-combattants\/reconversion-professionnelle\/#primaryimage"},"image":{"@id":"https:\/\/mindef.gov.cm\/anciens-combattants\/reconversion-professionnelle\/#primaryimage"},"thumbnailUrl":"https:\/\/mindef.gov.cm\/anciens-combattants\/wp-content\/uploads\/sites\/3\/2023\/11\/WhatsApp-Image-2023-10-11-at-14.19.46-1.jpeg","datePublished":"2023-10-10T08:38:27+00:00","dateModified":"2023-11-08T02:42:56+00:00","breadcrumb":{"@id":"https:\/\/mindef.gov.cm\/anciens-combattants\/reconversion-professionnelle\/#breadcrumb"},"inLanguage":"fr-FR","potentialAction":[{"@type":"ReadAction","target":["https:\/\/mindef.gov.cm\/anciens-combattants\/reconversion-professionnelle\/"]}]},{"@type":"ImageObject","inLanguage":"fr-FR","@id":"https:\/\/mindef.gov.cm\/anciens-combattants\/reconversion-professionnelle\/#primaryimage","url":"https:\/\/mindef.gov.cm\/anciens-combattants\/wp-content\/uploads\/sites\/3\/2023\/11\/WhatsApp-Image-2023-10-11-at-14.19.46-1.jpeg","contentUrl":"https:\/\/mindef.gov.cm\/anciens-combattants\/wp-content\/uploads\/sites\/3\/2023\/11\/WhatsApp-Image-2023-10-11-at-14.19.46-1.jpeg","width":1080,"height":720},{"@type":"BreadcrumbList","@id":"https:\/\/mindef.gov.cm\/anciens-combattants\/reconversion-professionnelle\/#breadcrumb","itemListElement":[{"@type":"ListItem","position":1,"name":"Home","item":"https:\/\/mindef.gov.cm\/anciens-combattants\/"},{"@type":"ListItem","position":2,"name":"reconversion-professionnelle"}]},{"@type":"WebSite","@id":"https:\/\/mindef.gov.cm\/anciens-combattants\/#website","url":"https:\/\/mindef.gov.cm\/anciens-combattants\/","name":"Anciens Combattants","description":"","publisher":{"@id":"https:\/\/mindef.gov.cm\/anciens-combattants\/#organization"},"potentialAction":[{"@type":"SearchAction","target":{"@type":"EntryPoint","urlTemplate":"https:\/\/mindef.gov.cm\/anciens-combattants\/?s={search_term_string}"},"query-input":"required name=search_term_string"}],"inLanguage":"fr-FR"},{"@type":"Organization","@id":"https:\/\/mindef.gov.cm\/anciens-combattants\/#organization","name":"Anciens Combattants","url":"https:\/\/mindef.gov.cm\/anciens-combattants\/","logo":{"@type":"ImageObject","inLanguage":"fr-FR","@id":"https:\/\/mindef.gov.cm\/anciens-combattants\/#\/schema\/logo\/image\/","url":"https:\/\/mindef.gov.cm\/anciens-combattants\/wp-content\/uploads\/sites\/3\/2023\/07\/LOGO-MINDEF-PNG-FRANCAIS.png","contentUrl":"https:\/\/mindef.gov.cm\/anciens-combattants\/wp-content\/uploads\/sites\/3\/2023\/07\/LOGO-MINDEF-PNG-FRANCAIS.png","width":2126,"height":478,"caption":"Anciens Combattants"},"image":{"@id":"https:\/\/mindef.gov.cm\/anciens-combattants\/#\/schema\/logo\/image\/"}}]}},"rttpg_featured_image_url":null,"rttpg_author":{"display_name":"ricaldorichard237@gmail.com","author_link":"https:\/\/mindef.gov.cm\/anciens-combattants\/author\/ricaldorichard237gmail-com\/"},"rttpg_comment":0,"rttpg_category":"","rttpg_excerpt":"LA RECONVERSION PROFESSIONNELLE L\u2019acc\u00e8s \u00e0 l\u2019emploi ou \u00e0 une activit\u00e9 g\u00e9n\u00e9ratrice de revenus apr\u00e8s son d\u00e9part \u00e0 la retraite est un \u00e9l\u00e9ment majeur de la r\u00e9insertion. Il sous-entend une volont\u00e9 du militaire retrait\u00e9 \u00e0 envisager une seconde carri\u00e8re, dans le but de maintenir sinon d\u2019am\u00e9liorer ses sources de revenus essentielles et son niveau habituel de\u2026","_links":{"self":[{"href":"https:\/\/mindef.gov.cm\/anciens-combattants\/wp-json\/wp\/v2\/pages\/1014","targetHints":{"allow":["GET"]}}],"collection":[{"href":"https:\/\/mindef.gov.cm\/anciens-combattants\/wp-json\/wp\/v2\/pages"}],"about":[{"href":"https:\/\/mindef.gov.cm\/anciens-combattants\/wp-json\/wp\/v2\/types\/page"}],"author":[{"embeddable":true,"href":"https:\/\/mindef.gov.cm\/anciens-combattants\/wp-json\/wp\/v2\/users\/1"}],"replies":[{"embeddable":true,"href":"https:\/\/mindef.gov.cm\/anciens-combattants\/wp-json\/wp\/v2\/comments?post=1014"}],"version-history":[{"count":0,"href":"https:\/\/mindef.gov.cm\/anciens-combattants\/wp-json\/wp\/v2\/pages\/1014\/revisions"}],"wp:attachment":[{"href":"https:\/\/mindef.gov.cm\/anciens-combattants\/wp-json\/wp\/v2\/media?parent=1014"}],"curies":[{"name":"wp","href":"https:\/\/api.w.org\/{rel}","templated":true}]}}