{"id":1019,"date":"2023-10-10T10:46:14","date_gmt":"2023-10-10T08:46:14","guid":{"rendered":"https:\/\/mindef.gov.cm\/anciens-combattants\/?page_id=1019"},"modified":"2023-11-08T03:45:42","modified_gmt":"2023-11-08T02:45:42","slug":"reinsertion-socio-economique","status":"publish","type":"page","link":"https:\/\/mindef.gov.cm\/anciens-combattants\/reinsertion-socio-economique\/","title":{"rendered":"reinsertion-socio-economique"},"content":{"rendered":"\t\t<div data-elementor-type=\"wp-page\" data-elementor-id=\"1019\" class=\"elementor elementor-1019\" data-elementor-post-type=\"page\">\n\t\t\t\t\t\t<section class=\"elementor-section elementor-top-section elementor-element elementor-element-1a9d3309 elementor-section-boxed elementor-section-height-default elementor-section-height-default\" data-id=\"1a9d3309\" data-element_type=\"section\" data-settings=\"{&quot;background_background&quot;:&quot;classic&quot;}\">\n\t\t\t\t\t\t\t<div class=\"elementor-background-overlay\"><\/div>\n\t\t\t\t\t\t\t<div class=\"elementor-container elementor-column-gap-default\">\n\t\t\t\t\t<div class=\"elementor-column elementor-col-100 elementor-top-column elementor-element elementor-element-532fb23d\" data-id=\"532fb23d\" data-element_type=\"column\">\n\t\t\t<div class=\"elementor-widget-wrap elementor-element-populated\">\n\t\t\t\t\t\t<div class=\"elementor-element elementor-element-2e71c87b elementor-widget elementor-widget-spacer\" data-id=\"2e71c87b\" data-element_type=\"widget\" data-widget_type=\"spacer.default\">\n\t\t\t\t<div class=\"elementor-widget-container\">\n\t\t\t\t\t<div class=\"elementor-spacer\">\n\t\t\t<div class=\"elementor-spacer-inner\"><\/div>\n\t\t<\/div>\n\t\t\t\t<\/div>\n\t\t\t\t<\/div>\n\t\t\t\t<div class=\"elementor-element elementor-element-5cf6f3f5 elementor-widget elementor-widget-heading\" data-id=\"5cf6f3f5\" data-element_type=\"widget\" data-widget_type=\"heading.default\">\n\t\t\t\t<div class=\"elementor-widget-container\">\n\t\t\t<h2 class=\"elementor-heading-title elementor-size-small\">REINSERTION SOCIO-ECONOMIQUE DES ACVG<\/h2>\t\t<\/div>\n\t\t\t\t<\/div>\n\t\t\t\t<div class=\"elementor-element elementor-element-44b1719e elementor-widget elementor-widget-text-editor\" data-id=\"44b1719e\" data-element_type=\"widget\" data-widget_type=\"text-editor.default\">\n\t\t\t\t<div class=\"elementor-widget-container\">\n\t\t\t\t\t\t\t<p>Acc\u00e9der \u00e0 un nouvel emploi ou exercer une nouvelle activit\u00e9 g\u00e9n\u00e9ratrice de revenus pendant sa retraite, doit constituer une pr\u00e9occupation majeure des militaires en fin de carri\u00e8re. Le processus de reconversion des militaires \u00e0 travers une formation professionnelle et un renforcement des capacit\u00e9s, doit aboutir au montage d\u2019un projet d\u00e9bouchant sur la cr\u00e9ation d\u2019une PME\/PMI (Petite et Moyenne Entreprise ou Petite et Moyenne Industrie) capable de cr\u00e9er des richesses et de l\u2019emploi, gage de la r\u00e9insertion socio-\u00e9conomique r\u00e9ussie et faisant de l\u2019Ancien militaire ou de la victime de guerre un acteur \u00e0 part enti\u00e8re du d\u00e9veloppement \u00e9conomique national.<\/p><p>C\u2019est en ce sens que le Programme PALMIER-PME (Programme Acc\u00e9l\u00e9r\u00e9 de Lancement des Militaires en fin de Carri\u00e8re et dans l\u2019Innovation et l\u2019Entrepreneuriat pour leur Reconversion) a \u00e9t\u00e9 con\u00e7u. Il s\u2019agit d\u2019une Initiative \u00e0 R\u00e9sultats Rapides, conjointe MINDEF &#8211; APME, pour la r\u00e9insertion socio-\u00e9conomique des militaires en pr\u00e9-retraite et des Anciens Combattants et Victimes de Guerre \u00e0 travers la formation en entrepreneuriat, le soutien financier et le mentorat. Cette initiative vise \u00e0 aider les membres des Forces de D\u00e9fense, non seulement \u00e0 d\u00e9marrer leurs propres entreprises apr\u00e8s le service militaire, mais surtout \u00e0 les faire prosp\u00e9rer\u00a0; ce qui permet ainsi de booster la croissance \u00e9conomique locale et de g\u00e9n\u00e9rer des emplois.<\/p>\t\t\t\t\t\t<\/div>\n\t\t\t\t<\/div>\n\t\t\t\t<div class=\"elementor-element elementor-element-61594132 elementor-widget elementor-widget-spacer\" data-id=\"61594132\" data-element_type=\"widget\" data-widget_type=\"spacer.default\">\n\t\t\t\t<div class=\"elementor-widget-container\">\n\t\t\t\t\t<div class=\"elementor-spacer\">\n\t\t\t<div class=\"elementor-spacer-inner\"><\/div>\n\t\t<\/div>\n\t\t\t\t<\/div>\n\t\t\t\t<\/div>\n\t\t\t\t\t<\/div>\n\t\t<\/div>\n\t\t\t\t\t<\/div>\n\t\t<\/section>\n\t\t\t\t<section class=\"elementor-section elementor-top-section elementor-element elementor-element-b4c4be6 elementor-section-boxed elementor-section-height-default elementor-section-height-default\" data-id=\"b4c4be6\" data-element_type=\"section\" data-settings=\"{&quot;background_background&quot;:&quot;classic&quot;}\">\n\t\t\t\t\t\t<div class=\"elementor-container elementor-column-gap-default\">\n\t\t\t\t\t<div class=\"elementor-column elementor-col-100 elementor-top-column elementor-element elementor-element-23b3592\" data-id=\"23b3592\" data-element_type=\"column\">\n\t\t\t<div class=\"elementor-widget-wrap elementor-element-populated\">\n\t\t\t\t\t\t<div class=\"elementor-element elementor-element-e14c46e elementor-widget elementor-widget-spacer\" data-id=\"e14c46e\" data-element_type=\"widget\" data-widget_type=\"spacer.default\">\n\t\t\t\t<div class=\"elementor-widget-container\">\n\t\t\t\t\t<div class=\"elementor-spacer\">\n\t\t\t<div class=\"elementor-spacer-inner\"><\/div>\n\t\t<\/div>\n\t\t\t\t<\/div>\n\t\t\t\t<\/div>\n\t\t\t\t<div class=\"elementor-element elementor-element-ae3750d section-title-style-style3 title-two-line tpg-border-bottom-enable meta-visibility-show title_position_default title_hover_border_default img_hover_animation_default meta_position_default readmore-btn-default-style grid-hover-overlay-type-always tpg-el-box-border-enable elementor-widget elementor-widget-tpg-grid-layout\" data-id=\"ae3750d\" data-element_type=\"widget\" data-widget_type=\"tpg-grid-layout.default\">\n\t\t\t\t<div class=\"elementor-widget-container\">\n\t\t\t\t\t<div class=\"rt-container-fluid rt-tpg-container tpg-el-main-wrapper clearfix grid-layout1-main \"\n\t\t\t id=\"rt-tpg-container-1733845391\"\n\t\t\t data-layout=\"grid-layout1\"\n\t\t\t data-grid-style=\"tpg-full-height\"\n\t\t\t data-sc-id=\"elementor\"\n\t\t\t data-el-settings=''\n\t\t\t data-el-query=''\n\t\t\t data-el-path=''\n\t\t>\n\n\t\t\t\t\t\t<div class='tpg-header-wrapper '>\n\t\t\t\t\n        <div class=\"tpg-widget-heading-wrapper rt-clear heading-style3 \">\n            <span class=\"tpg-widget-heading-line line-left\"><\/span>\n\t\t\t<h2 class='tpg-widget-heading'>\n\t\t\t\n\t\t\t\t                    <span>\n\t\t\t\t\t\tA la une\t\t\t\t\t<\/span>\n\t\t\t\t\t\n\t\t\t\t\t\t\t<\/h2>            <span class=\"tpg-widget-heading-line line-right\"><\/span>\n\n\t\t\t\n        <\/div>\n\n\t\t\n\t\t\t\t\t<\/div>\n\n\t\t\t<div data-title=\"Loading ...\" class=\"rt-row rt-content-loader grid-layout1 grid-behaviour tpg-full-height grid_layout_wrapper\">\n\t\t\t\t<div class=\"rt-col-md-4 rt-col-sm-12 rt-col-xs-12 default rt-grid-item post-2892 post type-post status-publish format-standard has-post-thumbnail hentry category-bon-a-savoir category-scroll category-thematiques tag-actualites tag-banniere\"\t\tdata-id=\"2892\">\n\t<div class=\"rt-holder tpg-post-holder\">\n\t\t<div class=\"rt-detail rt-el-content-wrapper\">\n\t\t\t\t\t\t\t<div class=\"rt-img-holder tpg-el-image-wrap has-thumbnail\">\n\t\t\t\t\t<a data-id=\"2892\" href=\"https:\/\/mindef.gov.cm\/anciens-combattants\/2025\/10\/06\/premier-symposium-sur-les-victimes-de-guerre\/\" class=\"tpg-post-link\" target=\"_self\">                        <img fetchpriority=\"high\" decoding=\"async\" src=\"https:\/\/mindef.gov.cm\/anciens-combattants\/wp-content\/uploads\/sites\/3\/2025\/10\/WhatsApp-Image-2025-10-01-at-14.34.21.jpeg\"\n                             class=\"rt-img-responsive\"\n                             width=\"720\"\n                             height=\"1080\"\n                             alt=\"Premier symposium sur les Victimes de Guerre : Le SED\/CACVG face aux d\u00e9fis de la prise en charge des victimes de guerre\">\n\t\t\t\t\t\t\n\t\t\t\t\t\t\t\n\t\t<\/a>\n\t\t        <div class=\"overlay grid-hover-content\"><\/div>\n\t\t\t\t\t\t<\/div>\n\t\t\t\n\t\t\t<div class=\"entry-title-wrapper\"><h3 class=\"entry-title\"><a data-id=\"2892\" href=\"https:\/\/mindef.gov.cm\/anciens-combattants\/2025\/10\/06\/premier-symposium-sur-les-victimes-de-guerre\/\" class=\"tpg-post-link\" target=\"_self\">Premier symposium sur les Victimes de Guerre : Le SED\/CACVG face aux d\u00e9fis de la prise en charge des victimes de guerre<\/a><\/h3><\/div>\n\t\t\t\t\t\t\t<div class=\"post-meta-tags rt-el-post-meta\">\n\t\t\t\t\t\t\t\t\t<\/div>\n\t\t\t\n\n\t\t\t\t\t\t\t<div class=\"tpg-excerpt tpg-el-excerpt\">\n\t\t\t\t\t\t\t\t\t\t\t<div class=\"tpg-excerpt-inner\">\n\t\t\t\t\t\t\tTrois jours d\u2019intenses activit\u00e9s ont permis au Secr\u00e9tariat...\t\t\t\t\t\t<\/div>\n\t\t\t\t\t\t\t\t\t\t\t\t\t\t<\/div>\n\t\t\t\n\t\t\t        <div class=\"post-footer\">\n            <div class=\"post-footer\">\n                <div class=\"read-more\">\n\t\t\t\t\t<a data-id=\"2892\" href=\"https:\/\/mindef.gov.cm\/anciens-combattants\/2025\/10\/06\/premier-symposium-sur-les-victimes-de-guerre\/\" class=\"tpg-post-link\" target=\"_self\">Lire la suite<i aria-hidden=\"true\" class=\"right-icon fas fa-arrow-circle-right\"><\/i><\/a>                <\/div>\n            <\/div>\n        <\/div>\n\t\t\t\t<\/div>\n\t<\/div>\n<\/div>\n<div class=\"rt-col-md-4 rt-col-sm-12 rt-col-xs-12 default rt-grid-item post-2842 post type-post status-publish format-standard has-post-thumbnail hentry category-scroll tag-actualites tag-banniere\"\t\tdata-id=\"2842\">\n\t<div class=\"rt-holder tpg-post-holder\">\n\t\t<div class=\"rt-detail rt-el-content-wrapper\">\n\t\t\t\t\t\t\t<div class=\"rt-img-holder tpg-el-image-wrap has-thumbnail\">\n\t\t\t\t\t<a data-id=\"2842\" href=\"https:\/\/mindef.gov.cm\/anciens-combattants\/2025\/04\/17\/siac-2024-le-sed-cacvg-imprime-ses-marques\/\" class=\"tpg-post-link\" target=\"_self\">                        <img decoding=\"async\" src=\"https:\/\/mindef.gov.cm\/anciens-combattants\/wp-content\/uploads\/sites\/3\/2025\/04\/siac-4-scaled.jpg\"\n                             class=\"rt-img-responsive\"\n                             width=\"2560\"\n                             height=\"1707\"\n                             alt=\"SIAC 2024 : Le SED\/CACVG imprime ses marques\">\n\t\t\t\t\t\t\n\t\t\t\t\t\t\t\n\t\t<\/a>\n\t\t        <div class=\"overlay grid-hover-content\"><\/div>\n\t\t\t\t\t\t<\/div>\n\t\t\t\n\t\t\t<div class=\"entry-title-wrapper\"><h3 class=\"entry-title\"><a data-id=\"2842\" href=\"https:\/\/mindef.gov.cm\/anciens-combattants\/2025\/04\/17\/siac-2024-le-sed-cacvg-imprime-ses-marques\/\" class=\"tpg-post-link\" target=\"_self\">SIAC 2024 : Le SED\/CACVG imprime ses marques<\/a><\/h3><\/div>\n\t\t\t\t\t\t\t<div class=\"post-meta-tags rt-el-post-meta\">\n\t\t\t\t\t\t\t\t\t<\/div>\n\t\t\t\n\n\t\t\t\t\t\t\t<div class=\"tpg-excerpt tpg-el-excerpt\">\n\t\t\t\t\t\t\t\t\t\t\t<div class=\"tpg-excerpt-inner\">\n\t\t\t\t\t\t\tPlac\u00e9 sous le Tr\u00e8s Haut Patronage du Pr\u00e9sident de la...\t\t\t\t\t\t<\/div>\n\t\t\t\t\t\t\t\t\t\t\t\t\t\t<\/div>\n\t\t\t\n\t\t\t        <div class=\"post-footer\">\n            <div class=\"post-footer\">\n                <div class=\"read-more\">\n\t\t\t\t\t<a data-id=\"2842\" href=\"https:\/\/mindef.gov.cm\/anciens-combattants\/2025\/04\/17\/siac-2024-le-sed-cacvg-imprime-ses-marques\/\" class=\"tpg-post-link\" target=\"_self\">Lire la suite<i aria-hidden=\"true\" class=\"right-icon fas fa-arrow-circle-right\"><\/i><\/a>                <\/div>\n            <\/div>\n        <\/div>\n\t\t\t\t<\/div>\n\t<\/div>\n<\/div>\n<div class=\"rt-col-md-4 rt-col-sm-12 rt-col-xs-12 default rt-grid-item post-2780 post type-post status-publish format-standard has-post-thumbnail hentry category-scroll tag-actualites tag-banniere\"\t\tdata-id=\"2780\">\n\t<div class=\"rt-holder tpg-post-holder\">\n\t\t<div class=\"rt-detail rt-el-content-wrapper\">\n\t\t\t\t\t\t\t<div class=\"rt-img-holder tpg-el-image-wrap has-thumbnail\">\n\t\t\t\t\t<a data-id=\"2780\" href=\"https:\/\/mindef.gov.cm\/anciens-combattants\/2025\/04\/17\/jiph-2024-lien-armee-nation-renforce\/\" class=\"tpg-post-link\" target=\"_self\">                        <img decoding=\"async\" src=\"https:\/\/mindef.gov.cm\/anciens-combattants\/wp-content\/uploads\/sites\/3\/2025\/04\/handicapes-4-min-1-scaled.jpg\"\n                             class=\"rt-img-responsive\"\n                             width=\"2560\"\n                             height=\"1707\"\n                             alt=\"JIPH 2024 : Lien Arm\u00e9e-Nation renforc\u00e9\">\n\t\t\t\t\t\t\n\t\t\t\t\t\t\t\n\t\t<\/a>\n\t\t        <div class=\"overlay grid-hover-content\"><\/div>\n\t\t\t\t\t\t<\/div>\n\t\t\t\n\t\t\t<div class=\"entry-title-wrapper\"><h3 class=\"entry-title\"><a data-id=\"2780\" href=\"https:\/\/mindef.gov.cm\/anciens-combattants\/2025\/04\/17\/jiph-2024-lien-armee-nation-renforce\/\" class=\"tpg-post-link\" target=\"_self\">JIPH 2024 : Lien Arm\u00e9e-Nation renforc\u00e9<\/a><\/h3><\/div>\n\t\t\t\t\t\t\t<div class=\"post-meta-tags rt-el-post-meta\">\n\t\t\t\t\t\t\t\t\t<\/div>\n\t\t\t\n\n\t\t\t\t\t\t\t<div class=\"tpg-excerpt tpg-el-excerpt\">\n\t\t\t\t\t\t\t\t\t\t\t<div class=\"tpg-excerpt-inner\">\n\t\t\t\t\t\t\tLa comm\u00e9moration du 33\u00e8me anniversaire de l\u2019adoption par les...\t\t\t\t\t\t<\/div>\n\t\t\t\t\t\t\t\t\t\t\t\t\t\t<\/div>\n\t\t\t\n\t\t\t        <div class=\"post-footer\">\n            <div class=\"post-footer\">\n                <div class=\"read-more\">\n\t\t\t\t\t<a data-id=\"2780\" href=\"https:\/\/mindef.gov.cm\/anciens-combattants\/2025\/04\/17\/jiph-2024-lien-armee-nation-renforce\/\" class=\"tpg-post-link\" target=\"_self\">Lire la suite<i aria-hidden=\"true\" class=\"right-icon fas fa-arrow-circle-right\"><\/i><\/a>                <\/div>\n            <\/div>\n        <\/div>\n\t\t\t\t<\/div>\n\t<\/div>\n<\/div>\n\t\t\t<\/div>\n\t\t\t\n\t\t<\/div>\n\t\t\t\t<\/div>\n\t\t\t\t<\/div>\n\t\t\t\t<div class=\"elementor-element elementor-element-c8c0f70 elementor-widget elementor-widget-spacer\" data-id=\"c8c0f70\" data-element_type=\"widget\" data-widget_type=\"spacer.default\">\n\t\t\t\t<div class=\"elementor-widget-container\">\n\t\t\t\t\t<div class=\"elementor-spacer\">\n\t\t\t<div class=\"elementor-spacer-inner\"><\/div>\n\t\t<\/div>\n\t\t\t\t<\/div>\n\t\t\t\t<\/div>\n\t\t\t\t\t<\/div>\n\t\t<\/div>\n\t\t\t\t\t<\/div>\n\t\t<\/section>\n\t\t\t\t<\/div>\n\t\t","protected":false},"excerpt":{"rendered":"<p>REINSERTION SOCIO-ECONOMIQUE DES ACVG Acc\u00e9der \u00e0 un nouvel emploi ou exercer une nouvelle activit\u00e9 g\u00e9n\u00e9ratrice de revenus pendant sa retraite, doit constituer une pr\u00e9occupation majeure des militaires en fin de carri\u00e8re. Le processus de reconversion des militaires \u00e0 travers une formation professionnelle et un renforcement des capacit\u00e9s, doit aboutir au montage d\u2019un projet d\u00e9bouchant sur [&hellip;]<\/p>\n","protected":false},"author":1,"featured_media":0,"parent":0,"menu_order":0,"comment_status":"closed","ping_status":"closed","template":"","meta":{"footnotes":""},"class_list":["post-1019","page","type-page","status-publish","hentry"],"yoast_head":"<!-- This site is optimized with the Yoast SEO plugin v23.3 - https:\/\/yoast.com\/wordpress\/plugins\/seo\/ -->\n<title>reinsertion-socio-economique - Anciens Combattants<\/title>\n<meta name=\"robots\" content=\"index, follow, max-snippet:-1, max-image-preview:large, max-video-preview:-1\" \/>\n<link rel=\"canonical\" href=\"https:\/\/mindef.gov.cm\/anciens-combattants\/reinsertion-socio-economique\/\" \/>\n<meta property=\"og:locale\" content=\"fr_FR\" \/>\n<meta property=\"og:type\" content=\"article\" \/>\n<meta property=\"og:title\" content=\"reinsertion-socio-economique - Anciens Combattants\" \/>\n<meta property=\"og:description\" content=\"REINSERTION SOCIO-ECONOMIQUE DES ACVG Acc\u00e9der \u00e0 un nouvel emploi ou exercer une nouvelle activit\u00e9 g\u00e9n\u00e9ratrice de revenus pendant sa retraite, doit constituer une pr\u00e9occupation majeure des militaires en fin de carri\u00e8re. Le processus de reconversion des militaires \u00e0 travers une formation professionnelle et un renforcement des capacit\u00e9s, doit aboutir au montage d\u2019un projet d\u00e9bouchant sur [&hellip;]\" \/>\n<meta property=\"og:url\" content=\"https:\/\/mindef.gov.cm\/anciens-combattants\/reinsertion-socio-economique\/\" \/>\n<meta property=\"og:site_name\" content=\"Anciens Combattants\" \/>\n<meta property=\"article:modified_time\" content=\"2023-11-08T02:45:42+00:00\" \/>\n<meta property=\"og:image\" content=\"https:\/\/mindef.gov.cm\/anciens-combattants\/wp-content\/uploads\/sites\/3\/2023\/11\/WhatsApp-Image-2023-10-11-at-14.19.46-1.jpeg\" \/>\n<meta name=\"twitter:card\" content=\"summary_large_image\" \/>\n<meta name=\"twitter:label1\" content=\"Dur\u00e9e de lecture estim\u00e9e\" \/>\n\t<meta name=\"twitter:data1\" content=\"3 minutes\" \/>\n<script type=\"application\/ld+json\" class=\"yoast-schema-graph\">{\"@context\":\"https:\/\/schema.org\",\"@graph\":[{\"@type\":\"WebPage\",\"@id\":\"https:\/\/mindef.gov.cm\/anciens-combattants\/reinsertion-socio-economique\/\",\"url\":\"https:\/\/mindef.gov.cm\/anciens-combattants\/reinsertion-socio-economique\/\",\"name\":\"reinsertion-socio-economique - Anciens Combattants\",\"isPartOf\":{\"@id\":\"https:\/\/mindef.gov.cm\/anciens-combattants\/#website\"},\"primaryImageOfPage\":{\"@id\":\"https:\/\/mindef.gov.cm\/anciens-combattants\/reinsertion-socio-economique\/#primaryimage\"},\"image\":{\"@id\":\"https:\/\/mindef.gov.cm\/anciens-combattants\/reinsertion-socio-economique\/#primaryimage\"},\"thumbnailUrl\":\"https:\/\/mindef.gov.cm\/anciens-combattants\/wp-content\/uploads\/sites\/3\/2023\/11\/WhatsApp-Image-2023-10-11-at-14.19.46-1.jpeg\",\"datePublished\":\"2023-10-10T08:46:14+00:00\",\"dateModified\":\"2023-11-08T02:45:42+00:00\",\"breadcrumb\":{\"@id\":\"https:\/\/mindef.gov.cm\/anciens-combattants\/reinsertion-socio-economique\/#breadcrumb\"},\"inLanguage\":\"fr-FR\",\"potentialAction\":[{\"@type\":\"ReadAction\",\"target\":[\"https:\/\/mindef.gov.cm\/anciens-combattants\/reinsertion-socio-economique\/\"]}]},{\"@type\":\"ImageObject\",\"inLanguage\":\"fr-FR\",\"@id\":\"https:\/\/mindef.gov.cm\/anciens-combattants\/reinsertion-socio-economique\/#primaryimage\",\"url\":\"https:\/\/mindef.gov.cm\/anciens-combattants\/wp-content\/uploads\/sites\/3\/2023\/11\/WhatsApp-Image-2023-10-11-at-14.19.46-1.jpeg\",\"contentUrl\":\"https:\/\/mindef.gov.cm\/anciens-combattants\/wp-content\/uploads\/sites\/3\/2023\/11\/WhatsApp-Image-2023-10-11-at-14.19.46-1.jpeg\",\"width\":1080,\"height\":720},{\"@type\":\"BreadcrumbList\",\"@id\":\"https:\/\/mindef.gov.cm\/anciens-combattants\/reinsertion-socio-economique\/#breadcrumb\",\"itemListElement\":[{\"@type\":\"ListItem\",\"position\":1,\"name\":\"Home\",\"item\":\"https:\/\/mindef.gov.cm\/anciens-combattants\/\"},{\"@type\":\"ListItem\",\"position\":2,\"name\":\"reinsertion-socio-economique\"}]},{\"@type\":\"WebSite\",\"@id\":\"https:\/\/mindef.gov.cm\/anciens-combattants\/#website\",\"url\":\"https:\/\/mindef.gov.cm\/anciens-combattants\/\",\"name\":\"Anciens Combattants\",\"description\":\"\",\"publisher\":{\"@id\":\"https:\/\/mindef.gov.cm\/anciens-combattants\/#organization\"},\"potentialAction\":[{\"@type\":\"SearchAction\",\"target\":{\"@type\":\"EntryPoint\",\"urlTemplate\":\"https:\/\/mindef.gov.cm\/anciens-combattants\/?s={search_term_string}\"},\"query-input\":\"required name=search_term_string\"}],\"inLanguage\":\"fr-FR\"},{\"@type\":\"Organization\",\"@id\":\"https:\/\/mindef.gov.cm\/anciens-combattants\/#organization\",\"name\":\"Anciens Combattants\",\"url\":\"https:\/\/mindef.gov.cm\/anciens-combattants\/\",\"logo\":{\"@type\":\"ImageObject\",\"inLanguage\":\"fr-FR\",\"@id\":\"https:\/\/mindef.gov.cm\/anciens-combattants\/#\/schema\/logo\/image\/\",\"url\":\"https:\/\/mindef.gov.cm\/anciens-combattants\/wp-content\/uploads\/sites\/3\/2023\/07\/LOGO-MINDEF-PNG-FRANCAIS.png\",\"contentUrl\":\"https:\/\/mindef.gov.cm\/anciens-combattants\/wp-content\/uploads\/sites\/3\/2023\/07\/LOGO-MINDEF-PNG-FRANCAIS.png\",\"width\":2126,\"height\":478,\"caption\":\"Anciens Combattants\"},\"image\":{\"@id\":\"https:\/\/mindef.gov.cm\/anciens-combattants\/#\/schema\/logo\/image\/\"}}]}<\/script>\n<!-- \/ Yoast SEO plugin. -->","yoast_head_json":{"title":"reinsertion-socio-economique - Anciens Combattants","robots":{"index":"index","follow":"follow","max-snippet":"max-snippet:-1","max-image-preview":"max-image-preview:large","max-video-preview":"max-video-preview:-1"},"canonical":"https:\/\/mindef.gov.cm\/anciens-combattants\/reinsertion-socio-economique\/","og_locale":"fr_FR","og_type":"article","og_title":"reinsertion-socio-economique - Anciens Combattants","og_description":"REINSERTION SOCIO-ECONOMIQUE DES ACVG Acc\u00e9der \u00e0 un nouvel emploi ou exercer une nouvelle activit\u00e9 g\u00e9n\u00e9ratrice de revenus pendant sa retraite, doit constituer une pr\u00e9occupation majeure des militaires en fin de carri\u00e8re. Le processus de reconversion des militaires \u00e0 travers une formation professionnelle et un renforcement des capacit\u00e9s, doit aboutir au montage d\u2019un projet d\u00e9bouchant sur [&hellip;]","og_url":"https:\/\/mindef.gov.cm\/anciens-combattants\/reinsertion-socio-economique\/","og_site_name":"Anciens Combattants","article_modified_time":"2023-11-08T02:45:42+00:00","og_image":[{"url":"https:\/\/mindef.gov.cm\/anciens-combattants\/wp-content\/uploads\/sites\/3\/2023\/11\/WhatsApp-Image-2023-10-11-at-14.19.46-1.jpeg"}],"twitter_card":"summary_large_image","twitter_misc":{"Dur\u00e9e de lecture estim\u00e9e":"3 minutes"},"schema":{"@context":"https:\/\/schema.org","@graph":[{"@type":"WebPage","@id":"https:\/\/mindef.gov.cm\/anciens-combattants\/reinsertion-socio-economique\/","url":"https:\/\/mindef.gov.cm\/anciens-combattants\/reinsertion-socio-economique\/","name":"reinsertion-socio-economique - Anciens Combattants","isPartOf":{"@id":"https:\/\/mindef.gov.cm\/anciens-combattants\/#website"},"primaryImageOfPage":{"@id":"https:\/\/mindef.gov.cm\/anciens-combattants\/reinsertion-socio-economique\/#primaryimage"},"image":{"@id":"https:\/\/mindef.gov.cm\/anciens-combattants\/reinsertion-socio-economique\/#primaryimage"},"thumbnailUrl":"https:\/\/mindef.gov.cm\/anciens-combattants\/wp-content\/uploads\/sites\/3\/2023\/11\/WhatsApp-Image-2023-10-11-at-14.19.46-1.jpeg","datePublished":"2023-10-10T08:46:14+00:00","dateModified":"2023-11-08T02:45:42+00:00","breadcrumb":{"@id":"https:\/\/mindef.gov.cm\/anciens-combattants\/reinsertion-socio-economique\/#breadcrumb"},"inLanguage":"fr-FR","potentialAction":[{"@type":"ReadAction","target":["https:\/\/mindef.gov.cm\/anciens-combattants\/reinsertion-socio-economique\/"]}]},{"@type":"ImageObject","inLanguage":"fr-FR","@id":"https:\/\/mindef.gov.cm\/anciens-combattants\/reinsertion-socio-economique\/#primaryimage","url":"https:\/\/mindef.gov.cm\/anciens-combattants\/wp-content\/uploads\/sites\/3\/2023\/11\/WhatsApp-Image-2023-10-11-at-14.19.46-1.jpeg","contentUrl":"https:\/\/mindef.gov.cm\/anciens-combattants\/wp-content\/uploads\/sites\/3\/2023\/11\/WhatsApp-Image-2023-10-11-at-14.19.46-1.jpeg","width":1080,"height":720},{"@type":"BreadcrumbList","@id":"https:\/\/mindef.gov.cm\/anciens-combattants\/reinsertion-socio-economique\/#breadcrumb","itemListElement":[{"@type":"ListItem","position":1,"name":"Home","item":"https:\/\/mindef.gov.cm\/anciens-combattants\/"},{"@type":"ListItem","position":2,"name":"reinsertion-socio-economique"}]},{"@type":"WebSite","@id":"https:\/\/mindef.gov.cm\/anciens-combattants\/#website","url":"https:\/\/mindef.gov.cm\/anciens-combattants\/","name":"Anciens Combattants","description":"","publisher":{"@id":"https:\/\/mindef.gov.cm\/anciens-combattants\/#organization"},"potentialAction":[{"@type":"SearchAction","target":{"@type":"EntryPoint","urlTemplate":"https:\/\/mindef.gov.cm\/anciens-combattants\/?s={search_term_string}"},"query-input":"required name=search_term_string"}],"inLanguage":"fr-FR"},{"@type":"Organization","@id":"https:\/\/mindef.gov.cm\/anciens-combattants\/#organization","name":"Anciens Combattants","url":"https:\/\/mindef.gov.cm\/anciens-combattants\/","logo":{"@type":"ImageObject","inLanguage":"fr-FR","@id":"https:\/\/mindef.gov.cm\/anciens-combattants\/#\/schema\/logo\/image\/","url":"https:\/\/mindef.gov.cm\/anciens-combattants\/wp-content\/uploads\/sites\/3\/2023\/07\/LOGO-MINDEF-PNG-FRANCAIS.png","contentUrl":"https:\/\/mindef.gov.cm\/anciens-combattants\/wp-content\/uploads\/sites\/3\/2023\/07\/LOGO-MINDEF-PNG-FRANCAIS.png","width":2126,"height":478,"caption":"Anciens Combattants"},"image":{"@id":"https:\/\/mindef.gov.cm\/anciens-combattants\/#\/schema\/logo\/image\/"}}]}},"rttpg_featured_image_url":null,"rttpg_author":{"display_name":"ricaldorichard237@gmail.com","author_link":"https:\/\/mindef.gov.cm\/anciens-combattants\/author\/ricaldorichard237gmail-com\/"},"rttpg_comment":0,"rttpg_category":"","rttpg_excerpt":"REINSERTION SOCIO-ECONOMIQUE DES ACVG Acc\u00e9der \u00e0 un nouvel emploi ou exercer une nouvelle activit\u00e9 g\u00e9n\u00e9ratrice de revenus pendant sa retraite, doit constituer une pr\u00e9occupation majeure des militaires en fin de carri\u00e8re. Le processus de reconversion des militaires \u00e0 travers une formation professionnelle et un renforcement des capacit\u00e9s, doit aboutir au montage d\u2019un projet d\u00e9bouchant sur\u2026","_links":{"self":[{"href":"https:\/\/mindef.gov.cm\/anciens-combattants\/wp-json\/wp\/v2\/pages\/1019","targetHints":{"allow":["GET"]}}],"collection":[{"href":"https:\/\/mindef.gov.cm\/anciens-combattants\/wp-json\/wp\/v2\/pages"}],"about":[{"href":"https:\/\/mindef.gov.cm\/anciens-combattants\/wp-json\/wp\/v2\/types\/page"}],"author":[{"embeddable":true,"href":"https:\/\/mindef.gov.cm\/anciens-combattants\/wp-json\/wp\/v2\/users\/1"}],"replies":[{"embeddable":true,"href":"https:\/\/mindef.gov.cm\/anciens-combattants\/wp-json\/wp\/v2\/comments?post=1019"}],"version-history":[{"count":0,"href":"https:\/\/mindef.gov.cm\/anciens-combattants\/wp-json\/wp\/v2\/pages\/1019\/revisions"}],"wp:attachment":[{"href":"https:\/\/mindef.gov.cm\/anciens-combattants\/wp-json\/wp\/v2\/media?parent=1019"}],"curies":[{"name":"wp","href":"https:\/\/api.w.org\/{rel}","templated":true}]}}