{"id":1095,"date":"2023-10-13T18:54:56","date_gmt":"2023-10-13T16:54:56","guid":{"rendered":"https:\/\/mindef.gov.cm\/armee-de-l-air\/?page_id=1095"},"modified":"2023-11-13T13:27:19","modified_gmt":"2023-11-13T12:27:19","slug":"diplomatie","status":"publish","type":"page","link":"https:\/\/mindef.gov.cm\/armee-de-l-air\/diplomatie\/","title":{"rendered":"diplomatie"},"content":{"rendered":"\t\t<div data-elementor-type=\"wp-page\" data-elementor-id=\"1095\" class=\"elementor elementor-1095\" data-elementor-post-type=\"page\">\n\t\t\t\t\t\t<section class=\"elementor-section elementor-top-section elementor-element elementor-element-20db2230 elementor-section-boxed elementor-section-height-default elementor-section-height-default\" data-id=\"20db2230\" data-element_type=\"section\" data-settings=\"{&quot;background_background&quot;:&quot;classic&quot;}\">\n\t\t\t\t\t\t<div class=\"elementor-container elementor-column-gap-default\">\n\t\t\t\t\t<div class=\"elementor-column elementor-col-100 elementor-top-column elementor-element elementor-element-25c5528e\" data-id=\"25c5528e\" data-element_type=\"column\">\n\t\t\t<div class=\"elementor-widget-wrap elementor-element-populated\">\n\t\t\t\t\t\t<div class=\"elementor-element elementor-element-1b7782c elementor-widget elementor-widget-spacer\" data-id=\"1b7782c\" data-element_type=\"widget\" data-widget_type=\"spacer.default\">\n\t\t\t\t<div class=\"elementor-widget-container\">\n\t\t\t\t\t<div class=\"elementor-spacer\">\n\t\t\t<div class=\"elementor-spacer-inner\"><\/div>\n\t\t<\/div>\n\t\t\t\t<\/div>\n\t\t\t\t<\/div>\n\t\t\t\t<div class=\"elementor-element elementor-element-cd73c67 elementor-widget elementor-widget-heading\" data-id=\"cd73c67\" data-element_type=\"widget\" data-widget_type=\"heading.default\">\n\t\t\t\t<div class=\"elementor-widget-container\">\n\t\t\t<h2 class=\"elementor-heading-title elementor-size-default\">diPLOMATIE<\/h2>\t\t<\/div>\n\t\t\t\t<\/div>\n\t\t\t\t<div class=\"elementor-element elementor-element-24888f6 elementor-pagination-position-inside elementor-arrows-position-inside elementor-widget elementor-widget-image-carousel\" data-id=\"24888f6\" data-element_type=\"widget\" data-settings=\"{&quot;slides_to_show&quot;:&quot;3&quot;,&quot;slides_to_scroll&quot;:&quot;10&quot;,&quot;navigation&quot;:&quot;both&quot;,&quot;autoplay&quot;:&quot;yes&quot;,&quot;pause_on_hover&quot;:&quot;yes&quot;,&quot;pause_on_interaction&quot;:&quot;yes&quot;,&quot;autoplay_speed&quot;:5000,&quot;infinite&quot;:&quot;yes&quot;,&quot;speed&quot;:500}\" data-widget_type=\"image-carousel.default\">\n\t\t\t\t<div class=\"elementor-widget-container\">\n\t\t\t\t\t<div class=\"elementor-image-carousel-wrapper swiper\" dir=\"ltr\">\n\t\t\t<div class=\"elementor-image-carousel swiper-wrapper\" aria-live=\"off\">\n\t\t\t\t\t\t\t\t<div class=\"swiper-slide\" role=\"group\" aria-roledescription=\"slide\" aria-label=\"1 sur 8\"><figure class=\"swiper-slide-inner\"><img decoding=\"async\" class=\"swiper-slide-image\" src=\"https:\/\/mindef.gov.cm\/armee-de-l-air\/wp-content\/uploads\/sites\/6\/2023\/10\/DIPLOMATIE-6.jpeg\" alt=\"DIPLOMATIE 6\" \/><\/figure><\/div><div class=\"swiper-slide\" role=\"group\" aria-roledescription=\"slide\" aria-label=\"2 sur 8\"><figure class=\"swiper-slide-inner\"><img decoding=\"async\" class=\"swiper-slide-image\" src=\"https:\/\/mindef.gov.cm\/armee-de-l-air\/wp-content\/uploads\/sites\/6\/2023\/10\/DIPLOMATIE-scaled.jpg\" alt=\"DIPLOMATIE\" \/><\/figure><\/div><div class=\"swiper-slide\" role=\"group\" aria-roledescription=\"slide\" aria-label=\"3 sur 8\"><figure class=\"swiper-slide-inner\"><img decoding=\"async\" class=\"swiper-slide-image\" src=\"https:\/\/mindef.gov.cm\/armee-de-l-air\/wp-content\/uploads\/sites\/6\/2023\/10\/DIPLOMATIE2-scaled.jpg\" alt=\"DIPLOMATIE2\" \/><\/figure><\/div><div class=\"swiper-slide\" role=\"group\" aria-roledescription=\"slide\" aria-label=\"4 sur 8\"><figure class=\"swiper-slide-inner\"><img decoding=\"async\" class=\"swiper-slide-image\" src=\"https:\/\/mindef.gov.cm\/armee-de-l-air\/wp-content\/uploads\/sites\/6\/2023\/10\/Visita-Camerun-scaled.jpg\" alt=\"Visita Camerun\" \/><\/figure><\/div><div class=\"swiper-slide\" role=\"group\" aria-roledescription=\"slide\" aria-label=\"5 sur 8\"><figure class=\"swiper-slide-inner\"><img decoding=\"async\" class=\"swiper-slide-image\" src=\"https:\/\/mindef.gov.cm\/armee-de-l-air\/wp-content\/uploads\/sites\/6\/2023\/10\/DIPLOMATIE-1-scaled.jpg\" alt=\"DIPLOMATIE 1\" \/><\/figure><\/div><div class=\"swiper-slide\" role=\"group\" aria-roledescription=\"slide\" aria-label=\"6 sur 8\"><figure class=\"swiper-slide-inner\"><img decoding=\"async\" class=\"swiper-slide-image\" src=\"https:\/\/mindef.gov.cm\/armee-de-l-air\/wp-content\/uploads\/sites\/6\/2023\/10\/DIPLOMATIE-3-scaled.jpg\" alt=\"DIPLOMATIE 3\" \/><\/figure><\/div><div class=\"swiper-slide\" role=\"group\" aria-roledescription=\"slide\" aria-label=\"7 sur 8\"><figure class=\"swiper-slide-inner\"><img decoding=\"async\" class=\"swiper-slide-image\" src=\"https:\/\/mindef.gov.cm\/armee-de-l-air\/wp-content\/uploads\/sites\/6\/2023\/10\/DIPLOMATIE-4-scaled.jpg\" alt=\"DIPLOMATIE 4\" \/><\/figure><\/div><div class=\"swiper-slide\" role=\"group\" aria-roledescription=\"slide\" aria-label=\"8 sur 8\"><figure class=\"swiper-slide-inner\"><img decoding=\"async\" class=\"swiper-slide-image\" src=\"https:\/\/mindef.gov.cm\/armee-de-l-air\/wp-content\/uploads\/sites\/6\/2023\/10\/DIPLOMATIE-5-scaled.jpg\" alt=\"DIPLOMATIE 5\" \/><\/figure><\/div>\t\t\t<\/div>\n\t\t\t\t\t\t\t\t\t\t\t\t<div class=\"elementor-swiper-button elementor-swiper-button-prev\" role=\"button\" tabindex=\"0\">\n\t\t\t\t\t\t<i aria-hidden=\"true\" class=\"eicon-chevron-left\"><\/i>\t\t\t\t\t<\/div>\n\t\t\t\t\t<div class=\"elementor-swiper-button elementor-swiper-button-next\" role=\"button\" tabindex=\"0\">\n\t\t\t\t\t\t<i aria-hidden=\"true\" class=\"eicon-chevron-right\"><\/i>\t\t\t\t\t<\/div>\n\t\t\t\t\n\t\t\t\t\t\t\t\t\t<div class=\"swiper-pagination\"><\/div>\n\t\t\t\t\t\t\t\t\t<\/div>\n\t\t\t\t<\/div>\n\t\t\t\t<\/div>\n\t\t\t\t<div class=\"elementor-element elementor-element-b300e59 elementor-widget elementor-widget-spacer\" data-id=\"b300e59\" data-element_type=\"widget\" data-widget_type=\"spacer.default\">\n\t\t\t\t<div class=\"elementor-widget-container\">\n\t\t\t\t\t<div class=\"elementor-spacer\">\n\t\t\t<div class=\"elementor-spacer-inner\"><\/div>\n\t\t<\/div>\n\t\t\t\t<\/div>\n\t\t\t\t<\/div>\n\t\t\t\t\t<\/div>\n\t\t<\/div>\n\t\t\t\t\t<\/div>\n\t\t<\/section>\n\t\t\t\t<section class=\"elementor-section elementor-top-section elementor-element elementor-element-11ef5ed elementor-section-boxed elementor-section-height-default elementor-section-height-default\" data-id=\"11ef5ed\" data-element_type=\"section\" data-settings=\"{&quot;background_background&quot;:&quot;classic&quot;}\">\n\t\t\t\t\t\t<div class=\"elementor-container elementor-column-gap-default\">\n\t\t\t\t\t<div class=\"elementor-column elementor-col-100 elementor-top-column elementor-element elementor-element-e6bdcc0\" data-id=\"e6bdcc0\" data-element_type=\"column\">\n\t\t\t<div class=\"elementor-widget-wrap elementor-element-populated\">\n\t\t\t\t\t\t<div class=\"elementor-element elementor-element-d3a4a04 elementor-widget elementor-widget-spacer\" data-id=\"d3a4a04\" data-element_type=\"widget\" data-widget_type=\"spacer.default\">\n\t\t\t\t<div class=\"elementor-widget-container\">\n\t\t\t\t\t<div class=\"elementor-spacer\">\n\t\t\t<div class=\"elementor-spacer-inner\"><\/div>\n\t\t<\/div>\n\t\t\t\t<\/div>\n\t\t\t\t<\/div>\n\t\t\t\t<div class=\"elementor-element elementor-element-6c6fccb section-title-style-style3 title-two-line tpg-border-bottom-enable meta-visibility-show title_position_default title_hover_border_default img_hover_animation_default meta_position_default readmore-btn-default-style grid-hover-overlay-type-always tpg-el-box-border-enable elementor-widget elementor-widget-tpg-grid-layout\" data-id=\"6c6fccb\" data-element_type=\"widget\" data-widget_type=\"tpg-grid-layout.default\">\n\t\t\t\t<div class=\"elementor-widget-container\">\n\t\t\t\t\t<div class=\"rt-container-fluid rt-tpg-container tpg-el-main-wrapper clearfix grid-layout1-main \"\n\t\t\t id=\"rt-tpg-container-1174897237\"\n\t\t\t data-layout=\"grid-layout1\"\n\t\t\t data-grid-style=\"tpg-full-height\"\n\t\t\t data-sc-id=\"elementor\"\n\t\t\t data-el-settings=''\n\t\t\t data-el-query=''\n\t\t\t data-el-path=''\n\t\t>\n\n\t\t\t\t\t\t<div class='tpg-header-wrapper '>\n\t\t\t\t\n        <div class=\"tpg-widget-heading-wrapper rt-clear heading-style3 \">\n            <span class=\"tpg-widget-heading-line line-left\"><\/span>\n\t\t\t<h2 class='tpg-widget-heading'>\n\t\t\t\n\t\t\t\t                    <span>\n\t\t\t\t\t\tA LA UNE\t\t\t\t\t<\/span>\n\t\t\t\t\t\n\t\t\t\t\t\t\t<\/h2>            <span class=\"tpg-widget-heading-line line-right\"><\/span>\n\n\t\t\t\n        <\/div>\n\n\t\t\n\t\t\t\t\t<\/div>\n\n\t\t\t<div data-title=\"Loading ...\" class=\"rt-row rt-content-loader grid-layout1 grid-behaviour tpg-full-height grid_layout_wrapper\">\n\t\t\t\t<div class=\"rt-col-md-4 rt-col-sm-12 rt-col-xs-12 default rt-grid-item post-2394 post type-post status-publish format-standard has-post-thumbnail hentry category-scroll tag-actualites tag-banniere tag-coopera\"\t\tdata-id=\"2394\">\n\t<div class=\"rt-holder tpg-post-holder\">\n\t\t<div class=\"rt-detail rt-el-content-wrapper\">\n\t\t\t\t\t\t\t<div class=\"rt-img-holder tpg-el-image-wrap has-thumbnail\">\n\t\t\t\t\t<a data-id=\"2394\" href=\"https:\/\/mindef.gov.cm\/armee-de-l-air\/visite-du-colonel-mohamed-abounasr-a-letat-major-de-larmee-de-lair\/\" class=\"tpg-post-link\" target=\"_self\">                        <img fetchpriority=\"high\" decoding=\"async\" src=\"https:\/\/mindef.gov.cm\/armee-de-l-air\/wp-content\/uploads\/sites\/6\/2025\/12\/Abounasr-1.jpg\"\n                             class=\"rt-img-responsive\"\n                             width=\"1365\"\n                             height=\"1365\"\n                             alt=\"Visite du Colonel Mohamed Abounasr \u00e0 l\u2019\u00c9tat-Major de l\u2019Arm\u00e9e de l\u2019Air\">\n\t\t\t\t\t\t\n\t\t\t\t\t\t\t\n\t\t<\/a>\n\t\t        <div class=\"overlay grid-hover-content\"><\/div>\n\t\t\t\t\t\t<\/div>\n\t\t\t\n\t\t\t<div class=\"entry-title-wrapper\"><h3 class=\"entry-title\"><a data-id=\"2394\" href=\"https:\/\/mindef.gov.cm\/armee-de-l-air\/visite-du-colonel-mohamed-abounasr-a-letat-major-de-larmee-de-lair\/\" class=\"tpg-post-link\" target=\"_self\">Visite du Colonel Mohamed Abounasr \u00e0 l\u2019\u00c9tat-Major de l\u2019Arm\u00e9e de l\u2019Air<\/a><\/h3><\/div>\n\t\t\t\t\t\t\t<div class=\"post-meta-tags rt-el-post-meta\">\n\t\t\t\t\t\t\t\t\t<\/div>\n\t\t\t\n\n\t\t\t\t\t\t\t<div class=\"tpg-excerpt tpg-el-excerpt\">\n\t\t\t\t\t\t\t\t\t\t\t<div class=\"tpg-excerpt-inner\">\n\t\t\t\t\t\t\tDans le cadre du renforcement de la coop\u00e9ration militaire...\t\t\t\t\t\t<\/div>\n\t\t\t\t\t\t\t\t\t\t\t\t\t\t<\/div>\n\t\t\t\n\t\t\t        <div class=\"post-footer\">\n            <div class=\"post-footer\">\n                <div class=\"read-more\">\n\t\t\t\t\t<a data-id=\"2394\" href=\"https:\/\/mindef.gov.cm\/armee-de-l-air\/visite-du-colonel-mohamed-abounasr-a-letat-major-de-larmee-de-lair\/\" class=\"tpg-post-link\" target=\"_self\">Lire la suite<i aria-hidden=\"true\" class=\"right-icon fas fa-arrow-circle-right\"><\/i><\/a>                <\/div>\n            <\/div>\n        <\/div>\n\t\t\t\t<\/div>\n\t<\/div>\n<\/div>\n<div class=\"rt-col-md-4 rt-col-sm-12 rt-col-xs-12 default rt-grid-item post-2372 post type-post status-publish format-standard has-post-thumbnail hentry category-scroll tag-actualites tag-banniere\"\t\tdata-id=\"2372\">\n\t<div class=\"rt-holder tpg-post-holder\">\n\t\t<div class=\"rt-detail rt-el-content-wrapper\">\n\t\t\t\t\t\t\t<div class=\"rt-img-holder tpg-el-image-wrap has-thumbnail\">\n\t\t\t\t\t<a data-id=\"2372\" href=\"https:\/\/mindef.gov.cm\/armee-de-l-air\/fin-dune-ere-debut-dun-heritage\/\" class=\"tpg-post-link\" target=\"_self\">                        <img decoding=\"async\" src=\"https:\/\/mindef.gov.cm\/armee-de-l-air\/wp-content\/uploads\/sites\/6\/2025\/11\/Mekouabouth-4.jpg\"\n                             class=\"rt-img-responsive\"\n                             width=\"458\"\n                             height=\"366\"\n                             alt=\"Fin d\u2019une \u00e8re, d\u00e9but d\u2019un h\u00e9ritage:Le Colonel Mekouabouth Mesmin, Major G\u00e9n\u00e9ral de l\u2019Arm\u00e9e de l\u2019Air, tire sa r\u00e9v\u00e9rence\">\n\t\t\t\t\t\t\n\t\t\t\t\t\t\t\n\t\t<\/a>\n\t\t        <div class=\"overlay grid-hover-content\"><\/div>\n\t\t\t\t\t\t<\/div>\n\t\t\t\n\t\t\t<div class=\"entry-title-wrapper\"><h3 class=\"entry-title\"><a data-id=\"2372\" href=\"https:\/\/mindef.gov.cm\/armee-de-l-air\/fin-dune-ere-debut-dun-heritage\/\" class=\"tpg-post-link\" target=\"_self\">Fin d\u2019une \u00e8re, d\u00e9but d\u2019un h\u00e9ritage:Le Colonel Mekouabouth Mesmin, Major G\u00e9n\u00e9ral de l\u2019Arm\u00e9e de l\u2019Air, tire sa r\u00e9v\u00e9rence<\/a><\/h3><\/div>\n\t\t\t\t\t\t\t<div class=\"post-meta-tags rt-el-post-meta\">\n\t\t\t\t\t\t\t\t\t<\/div>\n\t\t\t\n\n\t\t\t\t\t\t\t<div class=\"tpg-excerpt tpg-el-excerpt\">\n\t\t\t\t\t\t\t\t\t\t\t<div class=\"tpg-excerpt-inner\">\n\t\t\t\t\t\t\tLe Colonel Mekouabouth Mesmin, Major G\u00e9n\u00e9ral de l\u2019Arm\u00e9e de...\t\t\t\t\t\t<\/div>\n\t\t\t\t\t\t\t\t\t\t\t\t\t\t<\/div>\n\t\t\t\n\t\t\t        <div class=\"post-footer\">\n            <div class=\"post-footer\">\n                <div class=\"read-more\">\n\t\t\t\t\t<a data-id=\"2372\" href=\"https:\/\/mindef.gov.cm\/armee-de-l-air\/fin-dune-ere-debut-dun-heritage\/\" class=\"tpg-post-link\" target=\"_self\">Lire la suite<i aria-hidden=\"true\" class=\"right-icon fas fa-arrow-circle-right\"><\/i><\/a>                <\/div>\n            <\/div>\n        <\/div>\n\t\t\t\t<\/div>\n\t<\/div>\n<\/div>\n<div class=\"rt-col-md-4 rt-col-sm-12 rt-col-xs-12 default rt-grid-item post-2342 post type-post status-publish format-standard has-post-thumbnail hentry category-scroll tag-actualites tag-banniere\"\t\tdata-id=\"2342\">\n\t<div class=\"rt-holder tpg-post-holder\">\n\t\t<div class=\"rt-detail rt-el-content-wrapper\">\n\t\t\t\t\t\t\t<div class=\"rt-img-holder tpg-el-image-wrap has-thumbnail\">\n\t\t\t\t\t<a data-id=\"2342\" href=\"https:\/\/mindef.gov.cm\/armee-de-l-air\/ceremonie-de-passation-de-commandement\/\" class=\"tpg-post-link\" target=\"_self\">                        <img decoding=\"async\" src=\"https:\/\/mindef.gov.cm\/armee-de-l-air\/wp-content\/uploads\/sites\/6\/2025\/09\/PASSATION-1.jpg\"\n                             class=\"rt-img-responsive\"\n                             width=\"593\"\n                             height=\"395\"\n                             alt=\"C\u00c9R\u00c9MONIE DE PASSATION DE COMMANDEMENT\">\n\t\t\t\t\t\t\n\t\t\t\t\t\t\t\n\t\t<\/a>\n\t\t        <div class=\"overlay grid-hover-content\"><\/div>\n\t\t\t\t\t\t<\/div>\n\t\t\t\n\t\t\t<div class=\"entry-title-wrapper\"><h3 class=\"entry-title\"><a data-id=\"2342\" href=\"https:\/\/mindef.gov.cm\/armee-de-l-air\/ceremonie-de-passation-de-commandement\/\" class=\"tpg-post-link\" target=\"_self\">C\u00c9R\u00c9MONIE DE PASSATION DE COMMANDEMENT<\/a><\/h3><\/div>\n\t\t\t\t\t\t\t<div class=\"post-meta-tags rt-el-post-meta\">\n\t\t\t\t\t\t\t\t\t<\/div>\n\t\t\t\n\n\t\t\t\t\t\t\t<div class=\"tpg-excerpt tpg-el-excerpt\">\n\t\t\t\t\t\t\t\t\t\t\t<div class=\"tpg-excerpt-inner\">\n\t\t\t\t\t\t\tC\u00c9R\u00c9MONIE DE PASSATION DE COMMANDEMENT au G\u00e9n\u00e9ral de Brigade...\t\t\t\t\t\t<\/div>\n\t\t\t\t\t\t\t\t\t\t\t\t\t\t<\/div>\n\t\t\t\n\t\t\t        <div class=\"post-footer\">\n            <div class=\"post-footer\">\n                <div class=\"read-more\">\n\t\t\t\t\t<a data-id=\"2342\" href=\"https:\/\/mindef.gov.cm\/armee-de-l-air\/ceremonie-de-passation-de-commandement\/\" class=\"tpg-post-link\" target=\"_self\">Lire la suite<i aria-hidden=\"true\" class=\"right-icon fas fa-arrow-circle-right\"><\/i><\/a>                <\/div>\n            <\/div>\n        <\/div>\n\t\t\t\t<\/div>\n\t<\/div>\n<\/div>\n\t\t\t<\/div>\n\t\t\t\n\t\t<\/div>\n\t\t\t\t<\/div>\n\t\t\t\t<\/div>\n\t\t\t\t\t<\/div>\n\t\t<\/div>\n\t\t\t\t\t<\/div>\n\t\t<\/section>\n\t\t\t\t<\/div>\n\t\t","protected":false},"excerpt":{"rendered":"<p>diPLOMATIE A LA UNE INSTALLATION OF NEW MANAGERS AT EMAA &#8230; Lire la suite INSTALLATION OF NEW MANAGERS AT EMAA &#8230; Lire la suite INSTALLATION OF NEW MANAGERS AT EMAA &#8230; Lire la suite<\/p>\n","protected":false},"author":1,"featured_media":0,"parent":0,"menu_order":0,"comment_status":"closed","ping_status":"closed","template":"","meta":{"footnotes":""},"class_list":["post-1095","page","type-page","status-publish","hentry"],"yoast_head":"<!-- This site is optimized with the Yoast SEO plugin v23.3 - https:\/\/yoast.com\/wordpress\/plugins\/seo\/ -->\n<title>diplomatie - Arm\u00e9e De L&#039;Air<\/title>\n<meta name=\"robots\" content=\"index, follow, max-snippet:-1, max-image-preview:large, max-video-preview:-1\" \/>\n<link rel=\"canonical\" href=\"https:\/\/mindef.gov.cm\/armee-de-l-air\/diplomatie\/\" \/>\n<meta property=\"og:locale\" content=\"fr_FR\" \/>\n<meta property=\"og:type\" content=\"article\" \/>\n<meta property=\"og:title\" content=\"diplomatie - Arm\u00e9e De L&#039;Air\" \/>\n<meta property=\"og:description\" content=\"diPLOMATIE A LA UNE INSTALLATION OF NEW MANAGERS AT EMAA &#8230; Lire la suite INSTALLATION OF NEW MANAGERS AT EMAA &#8230; Lire la suite INSTALLATION OF NEW MANAGERS AT EMAA &#8230; Lire la suite\" \/>\n<meta property=\"og:url\" content=\"https:\/\/mindef.gov.cm\/armee-de-l-air\/diplomatie\/\" \/>\n<meta property=\"og:site_name\" content=\"Arm\u00e9e De L&#039;Air\" \/>\n<meta property=\"article:modified_time\" content=\"2023-11-13T12:27:19+00:00\" \/>\n<meta property=\"og:image\" content=\"https:\/\/mindef.gov.cm\/armee-de-l-air\/wp-content\/uploads\/sites\/6\/2023\/10\/DIPLOMATIE-6.jpeg\" \/>\n<meta name=\"twitter:card\" content=\"summary_large_image\" \/>\n<meta name=\"twitter:label1\" content=\"Dur\u00e9e de lecture estim\u00e9e\" \/>\n\t<meta name=\"twitter:data1\" content=\"4 minutes\" \/>\n<script type=\"application\/ld+json\" class=\"yoast-schema-graph\">{\"@context\":\"https:\/\/schema.org\",\"@graph\":[{\"@type\":\"WebPage\",\"@id\":\"https:\/\/mindef.gov.cm\/armee-de-l-air\/diplomatie\/\",\"url\":\"https:\/\/mindef.gov.cm\/armee-de-l-air\/diplomatie\/\",\"name\":\"diplomatie - Arm\u00e9e De L&#039;Air\",\"isPartOf\":{\"@id\":\"https:\/\/mindef.gov.cm\/armee-de-l-air\/#website\"},\"primaryImageOfPage\":{\"@id\":\"https:\/\/mindef.gov.cm\/armee-de-l-air\/diplomatie\/#primaryimage\"},\"image\":{\"@id\":\"https:\/\/mindef.gov.cm\/armee-de-l-air\/diplomatie\/#primaryimage\"},\"thumbnailUrl\":\"https:\/\/mindef.gov.cm\/armee-de-l-air\/wp-content\/uploads\/sites\/6\/2023\/10\/DIPLOMATIE-6.jpeg\",\"datePublished\":\"2023-10-13T16:54:56+00:00\",\"dateModified\":\"2023-11-13T12:27:19+00:00\",\"breadcrumb\":{\"@id\":\"https:\/\/mindef.gov.cm\/armee-de-l-air\/diplomatie\/#breadcrumb\"},\"inLanguage\":\"fr-FR\",\"potentialAction\":[{\"@type\":\"ReadAction\",\"target\":[\"https:\/\/mindef.gov.cm\/armee-de-l-air\/diplomatie\/\"]}]},{\"@type\":\"ImageObject\",\"inLanguage\":\"fr-FR\",\"@id\":\"https:\/\/mindef.gov.cm\/armee-de-l-air\/diplomatie\/#primaryimage\",\"url\":\"https:\/\/mindef.gov.cm\/armee-de-l-air\/wp-content\/uploads\/sites\/6\/2023\/10\/DIPLOMATIE-6.jpeg\",\"contentUrl\":\"https:\/\/mindef.gov.cm\/armee-de-l-air\/wp-content\/uploads\/sites\/6\/2023\/10\/DIPLOMATIE-6.jpeg\",\"width\":576,\"height\":1024},{\"@type\":\"BreadcrumbList\",\"@id\":\"https:\/\/mindef.gov.cm\/armee-de-l-air\/diplomatie\/#breadcrumb\",\"itemListElement\":[{\"@type\":\"ListItem\",\"position\":1,\"name\":\"Home\",\"item\":\"https:\/\/mindef.gov.cm\/armee-de-l-air\/accueil\/\"},{\"@type\":\"ListItem\",\"position\":2,\"name\":\"diplomatie\"}]},{\"@type\":\"WebSite\",\"@id\":\"https:\/\/mindef.gov.cm\/armee-de-l-air\/#website\",\"url\":\"https:\/\/mindef.gov.cm\/armee-de-l-air\/\",\"name\":\"Arm\u00e9e De L&#039;Air\",\"description\":\"\",\"publisher\":{\"@id\":\"https:\/\/mindef.gov.cm\/armee-de-l-air\/#organization\"},\"potentialAction\":[{\"@type\":\"SearchAction\",\"target\":{\"@type\":\"EntryPoint\",\"urlTemplate\":\"https:\/\/mindef.gov.cm\/armee-de-l-air\/?s={search_term_string}\"},\"query-input\":\"required name=search_term_string\"}],\"inLanguage\":\"fr-FR\"},{\"@type\":\"Organization\",\"@id\":\"https:\/\/mindef.gov.cm\/armee-de-l-air\/#organization\",\"name\":\"Arm\u00e9e De L&#039;Air\",\"url\":\"https:\/\/mindef.gov.cm\/armee-de-l-air\/\",\"logo\":{\"@type\":\"ImageObject\",\"inLanguage\":\"fr-FR\",\"@id\":\"https:\/\/mindef.gov.cm\/armee-de-l-air\/#\/schema\/logo\/image\/\",\"url\":\"https:\/\/mindef.gov.cm\/armee-de-l-air\/wp-content\/uploads\/sites\/6\/2023\/07\/LOGO-MINDEF-PNG-FRANCAIS.png\",\"contentUrl\":\"https:\/\/mindef.gov.cm\/armee-de-l-air\/wp-content\/uploads\/sites\/6\/2023\/07\/LOGO-MINDEF-PNG-FRANCAIS.png\",\"width\":2126,\"height\":478,\"caption\":\"Arm\u00e9e De L&#039;Air\"},\"image\":{\"@id\":\"https:\/\/mindef.gov.cm\/armee-de-l-air\/#\/schema\/logo\/image\/\"}}]}<\/script>\n<!-- \/ Yoast SEO plugin. -->","yoast_head_json":{"title":"diplomatie - Arm\u00e9e De L&#039;Air","robots":{"index":"index","follow":"follow","max-snippet":"max-snippet:-1","max-image-preview":"max-image-preview:large","max-video-preview":"max-video-preview:-1"},"canonical":"https:\/\/mindef.gov.cm\/armee-de-l-air\/diplomatie\/","og_locale":"fr_FR","og_type":"article","og_title":"diplomatie - Arm\u00e9e De L&#039;Air","og_description":"diPLOMATIE A LA UNE INSTALLATION OF NEW MANAGERS AT EMAA &#8230; Lire la suite INSTALLATION OF NEW MANAGERS AT EMAA &#8230; Lire la suite INSTALLATION OF NEW MANAGERS AT EMAA &#8230; Lire la suite","og_url":"https:\/\/mindef.gov.cm\/armee-de-l-air\/diplomatie\/","og_site_name":"Arm\u00e9e De L&#039;Air","article_modified_time":"2023-11-13T12:27:19+00:00","og_image":[{"url":"https:\/\/mindef.gov.cm\/armee-de-l-air\/wp-content\/uploads\/sites\/6\/2023\/10\/DIPLOMATIE-6.jpeg"}],"twitter_card":"summary_large_image","twitter_misc":{"Dur\u00e9e de lecture estim\u00e9e":"4 minutes"},"schema":{"@context":"https:\/\/schema.org","@graph":[{"@type":"WebPage","@id":"https:\/\/mindef.gov.cm\/armee-de-l-air\/diplomatie\/","url":"https:\/\/mindef.gov.cm\/armee-de-l-air\/diplomatie\/","name":"diplomatie - Arm\u00e9e De L&#039;Air","isPartOf":{"@id":"https:\/\/mindef.gov.cm\/armee-de-l-air\/#website"},"primaryImageOfPage":{"@id":"https:\/\/mindef.gov.cm\/armee-de-l-air\/diplomatie\/#primaryimage"},"image":{"@id":"https:\/\/mindef.gov.cm\/armee-de-l-air\/diplomatie\/#primaryimage"},"thumbnailUrl":"https:\/\/mindef.gov.cm\/armee-de-l-air\/wp-content\/uploads\/sites\/6\/2023\/10\/DIPLOMATIE-6.jpeg","datePublished":"2023-10-13T16:54:56+00:00","dateModified":"2023-11-13T12:27:19+00:00","breadcrumb":{"@id":"https:\/\/mindef.gov.cm\/armee-de-l-air\/diplomatie\/#breadcrumb"},"inLanguage":"fr-FR","potentialAction":[{"@type":"ReadAction","target":["https:\/\/mindef.gov.cm\/armee-de-l-air\/diplomatie\/"]}]},{"@type":"ImageObject","inLanguage":"fr-FR","@id":"https:\/\/mindef.gov.cm\/armee-de-l-air\/diplomatie\/#primaryimage","url":"https:\/\/mindef.gov.cm\/armee-de-l-air\/wp-content\/uploads\/sites\/6\/2023\/10\/DIPLOMATIE-6.jpeg","contentUrl":"https:\/\/mindef.gov.cm\/armee-de-l-air\/wp-content\/uploads\/sites\/6\/2023\/10\/DIPLOMATIE-6.jpeg","width":576,"height":1024},{"@type":"BreadcrumbList","@id":"https:\/\/mindef.gov.cm\/armee-de-l-air\/diplomatie\/#breadcrumb","itemListElement":[{"@type":"ListItem","position":1,"name":"Home","item":"https:\/\/mindef.gov.cm\/armee-de-l-air\/accueil\/"},{"@type":"ListItem","position":2,"name":"diplomatie"}]},{"@type":"WebSite","@id":"https:\/\/mindef.gov.cm\/armee-de-l-air\/#website","url":"https:\/\/mindef.gov.cm\/armee-de-l-air\/","name":"Arm\u00e9e De L&#039;Air","description":"","publisher":{"@id":"https:\/\/mindef.gov.cm\/armee-de-l-air\/#organization"},"potentialAction":[{"@type":"SearchAction","target":{"@type":"EntryPoint","urlTemplate":"https:\/\/mindef.gov.cm\/armee-de-l-air\/?s={search_term_string}"},"query-input":"required name=search_term_string"}],"inLanguage":"fr-FR"},{"@type":"Organization","@id":"https:\/\/mindef.gov.cm\/armee-de-l-air\/#organization","name":"Arm\u00e9e De L&#039;Air","url":"https:\/\/mindef.gov.cm\/armee-de-l-air\/","logo":{"@type":"ImageObject","inLanguage":"fr-FR","@id":"https:\/\/mindef.gov.cm\/armee-de-l-air\/#\/schema\/logo\/image\/","url":"https:\/\/mindef.gov.cm\/armee-de-l-air\/wp-content\/uploads\/sites\/6\/2023\/07\/LOGO-MINDEF-PNG-FRANCAIS.png","contentUrl":"https:\/\/mindef.gov.cm\/armee-de-l-air\/wp-content\/uploads\/sites\/6\/2023\/07\/LOGO-MINDEF-PNG-FRANCAIS.png","width":2126,"height":478,"caption":"Arm\u00e9e De L&#039;Air"},"image":{"@id":"https:\/\/mindef.gov.cm\/armee-de-l-air\/#\/schema\/logo\/image\/"}}]}},"rttpg_featured_image_url":null,"rttpg_author":{"display_name":"ricaldorichard237@gmail.com","author_link":"https:\/\/mindef.gov.cm\/armee-de-l-air\/author\/ricaldorichard237gmail-com\/"},"rttpg_comment":0,"rttpg_category":"","rttpg_excerpt":"diPLOMATIE A LA UNE INSTALLATION OF NEW MANAGERS AT EMAA &#8230; Lire la suite INSTALLATION OF NEW MANAGERS AT EMAA &#8230; Lire la suite INSTALLATION OF NEW MANAGERS AT EMAA &#8230; Lire la suite","_links":{"self":[{"href":"https:\/\/mindef.gov.cm\/armee-de-l-air\/wp-json\/wp\/v2\/pages\/1095","targetHints":{"allow":["GET"]}}],"collection":[{"href":"https:\/\/mindef.gov.cm\/armee-de-l-air\/wp-json\/wp\/v2\/pages"}],"about":[{"href":"https:\/\/mindef.gov.cm\/armee-de-l-air\/wp-json\/wp\/v2\/types\/page"}],"author":[{"embeddable":true,"href":"https:\/\/mindef.gov.cm\/armee-de-l-air\/wp-json\/wp\/v2\/users\/1"}],"replies":[{"embeddable":true,"href":"https:\/\/mindef.gov.cm\/armee-de-l-air\/wp-json\/wp\/v2\/comments?post=1095"}],"version-history":[{"count":0,"href":"https:\/\/mindef.gov.cm\/armee-de-l-air\/wp-json\/wp\/v2\/pages\/1095\/revisions"}],"wp:attachment":[{"href":"https:\/\/mindef.gov.cm\/armee-de-l-air\/wp-json\/wp\/v2\/media?parent=1095"}],"curies":[{"name":"wp","href":"https:\/\/api.w.org\/{rel}","templated":true}]}}