{"id":1816,"date":"2023-07-27T15:50:40","date_gmt":"2023-07-27T13:50:40","guid":{"rendered":"https:\/\/mindef.gov.cm\/armee-de-terre\/cemat\/"},"modified":"2023-11-09T07:35:04","modified_gmt":"2023-11-09T06:35:04","slug":"cemat","status":"publish","type":"page","link":"https:\/\/mindef.gov.cm\/armee-de-terre\/en\/cemat\/","title":{"rendered":"cemat"},"content":{"rendered":"\t\t<div data-elementor-type=\"wp-page\" data-elementor-id=\"1816\" class=\"elementor elementor-1816 elementor-112\" data-elementor-post-type=\"page\">\n\t\t\t\t\t\t<section class=\"elementor-section elementor-top-section elementor-element elementor-element-c2060cc elementor-section-boxed elementor-section-height-default elementor-section-height-default\" data-id=\"c2060cc\" data-element_type=\"section\" data-settings=\"{&quot;background_background&quot;:&quot;classic&quot;}\">\n\t\t\t\t\t\t<div class=\"elementor-container elementor-column-gap-default\">\n\t\t\t\t\t<div class=\"elementor-column elementor-col-20 elementor-top-column elementor-element elementor-element-f2f51f4\" data-id=\"f2f51f4\" data-element_type=\"column\">\n\t\t\t<div class=\"elementor-widget-wrap elementor-element-populated\">\n\t\t\t\t\t\t<div class=\"elementor-element elementor-element-2d17f43 elementor-widget elementor-widget-spacer\" data-id=\"2d17f43\" data-element_type=\"widget\" data-widget_type=\"spacer.default\">\n\t\t\t\t<div class=\"elementor-widget-container\">\n\t\t\t\t\t<div class=\"elementor-spacer\">\n\t\t\t<div class=\"elementor-spacer-inner\"><\/div>\n\t\t<\/div>\n\t\t\t\t<\/div>\n\t\t\t\t<\/div>\n\t\t\t\t\t<\/div>\n\t\t<\/div>\n\t\t\t\t<div class=\"elementor-column elementor-col-20 elementor-top-column elementor-element elementor-element-7fbf6f4\" data-id=\"7fbf6f4\" data-element_type=\"column\">\n\t\t\t<div class=\"elementor-widget-wrap elementor-element-populated\">\n\t\t\t\t\t\t<div class=\"elementor-element elementor-element-be6807d elementor-hidden-tablet elementor-hidden-mobile elementor-widget elementor-widget-spacer\" data-id=\"be6807d\" data-element_type=\"widget\" data-widget_type=\"spacer.default\">\n\t\t\t\t<div class=\"elementor-widget-container\">\n\t\t\t\t\t<div class=\"elementor-spacer\">\n\t\t\t<div class=\"elementor-spacer-inner\"><\/div>\n\t\t<\/div>\n\t\t\t\t<\/div>\n\t\t\t\t<\/div>\n\t\t\t\t<div class=\"elementor-element elementor-element-26eec1c elementor-widget elementor-widget-image\" data-id=\"26eec1c\" data-element_type=\"widget\" data-widget_type=\"image.default\">\n\t\t\t\t<div class=\"elementor-widget-container\">\n\t\t\t\t\t\t\t\t\t\t\t\t\t<img fetchpriority=\"high\" decoding=\"async\" width=\"1494\" height=\"1974\" src=\"https:\/\/mindef.gov.cm\/armee-de-terre\/wp-content\/uploads\/sites\/5\/2023\/07\/img-cemat.png\" class=\"attachment-full size-full wp-image-248\" alt=\"\" \/>\t\t\t\t\t\t\t\t\t\t\t\t\t<\/div>\n\t\t\t\t<\/div>\n\t\t\t\t\t<\/div>\n\t\t<\/div>\n\t\t\t\t<div class=\"elementor-column elementor-col-20 elementor-top-column elementor-element elementor-element-23cd9b4\" data-id=\"23cd9b4\" data-element_type=\"column\">\n\t\t\t<div class=\"elementor-widget-wrap\">\n\t\t\t\t\t\t\t<\/div>\n\t\t<\/div>\n\t\t\t\t<div class=\"elementor-column elementor-col-20 elementor-top-column elementor-element elementor-element-f82da2d\" data-id=\"f82da2d\" data-element_type=\"column\">\n\t\t\t<div class=\"elementor-widget-wrap elementor-element-populated\">\n\t\t\t\t\t\t<div class=\"elementor-element elementor-element-0daf5da elementor-hidden-tablet elementor-hidden-mobile elementor-widget elementor-widget-spacer\" data-id=\"0daf5da\" data-element_type=\"widget\" data-widget_type=\"spacer.default\">\n\t\t\t\t<div class=\"elementor-widget-container\">\n\t\t\t\t\t<div class=\"elementor-spacer\">\n\t\t\t<div class=\"elementor-spacer-inner\"><\/div>\n\t\t<\/div>\n\t\t\t\t<\/div>\n\t\t\t\t<\/div>\n\t\t\t\t<div class=\"elementor-element elementor-element-6bc6613 elementor-widget elementor-widget-image\" data-id=\"6bc6613\" data-element_type=\"widget\" data-widget_type=\"image.default\">\n\t\t\t\t<div class=\"elementor-widget-container\">\n\t\t\t\t\t\t\t\t\t\t\t\t\t<img decoding=\"async\" width=\"394\" height=\"394\" src=\"https:\/\/mindef.gov.cm\/armee-de-terre\/wp-content\/uploads\/sites\/5\/2023\/07\/log-terre.png\" class=\"attachment-full size-full wp-image-247\" alt=\"\" \/>\t\t\t\t\t\t\t\t\t\t\t\t\t<\/div>\n\t\t\t\t<\/div>\n\t\t\t\t<div class=\"elementor-element elementor-element-df31417 elementor-widget elementor-widget-heading\" data-id=\"df31417\" data-element_type=\"widget\" data-widget_type=\"heading.default\">\n\t\t\t\t<div class=\"elementor-widget-container\">\n\t\t\t<h2 class=\"elementor-heading-title elementor-size-default\">MAJOR GENERAL BABA SOULEY<\/h2>\t\t<\/div>\n\t\t\t\t<\/div>\n\t\t\t\t<div class=\"elementor-element elementor-element-c89178f elementor-hidden-tablet elementor-hidden-mobile elementor-widget elementor-widget-spacer\" data-id=\"c89178f\" data-element_type=\"widget\" data-widget_type=\"spacer.default\">\n\t\t\t\t<div class=\"elementor-widget-container\">\n\t\t\t\t\t<div class=\"elementor-spacer\">\n\t\t\t<div class=\"elementor-spacer-inner\"><\/div>\n\t\t<\/div>\n\t\t\t\t<\/div>\n\t\t\t\t<\/div>\n\t\t\t\t<div class=\"elementor-element elementor-element-bf18cb5 elementor-widget-divider--view-line elementor-widget elementor-widget-divider\" data-id=\"bf18cb5\" data-element_type=\"widget\" data-widget_type=\"divider.default\">\n\t\t\t\t<div class=\"elementor-widget-container\">\n\t\t\t\t\t<div class=\"elementor-divider\">\n\t\t\t<span class=\"elementor-divider-separator\">\n\t\t\t\t\t\t<\/span>\n\t\t<\/div>\n\t\t\t\t<\/div>\n\t\t\t\t<\/div>\n\t\t\t\t<div class=\"elementor-element elementor-element-b9e0a01 elementor-widget elementor-widget-heading\" data-id=\"b9e0a01\" data-element_type=\"widget\" data-widget_type=\"heading.default\">\n\t\t\t\t<div class=\"elementor-widget-container\">\n\t\t\t<h4 class=\"elementor-heading-title elementor-size-small\">Chief of Army Staff<\/h4>\t\t<\/div>\n\t\t\t\t<\/div>\n\t\t\t\t<div class=\"elementor-element elementor-element-296e4ec elementor-widget elementor-widget-heading\" data-id=\"296e4ec\" data-element_type=\"widget\" data-widget_type=\"heading.default\">\n\t\t\t\t<div class=\"elementor-widget-container\">\n\t\t\t<h4 class=\"elementor-heading-title elementor-size-small\">Chef d'\u00e9tat-major de l'arm\u00e9e de Terre<\/h4>\t\t<\/div>\n\t\t\t\t<\/div>\n\t\t\t\t\t<\/div>\n\t\t<\/div>\n\t\t\t\t<div class=\"elementor-column elementor-col-20 elementor-top-column elementor-element elementor-element-3fbf24d\" data-id=\"3fbf24d\" data-element_type=\"column\">\n\t\t\t<div class=\"elementor-widget-wrap\">\n\t\t\t\t\t\t\t<\/div>\n\t\t<\/div>\n\t\t\t\t\t<\/div>\n\t\t<\/section>\n\t\t\t\t<section class=\"elementor-section elementor-top-section elementor-element elementor-element-1d0abeac animated-fast elementor-section-boxed elementor-section-height-default elementor-section-height-default\" data-id=\"1d0abeac\" data-element_type=\"section\" data-settings=\"{&quot;background_background&quot;:&quot;classic&quot;,&quot;animation&quot;:&quot;none&quot;}\">\n\t\t\t\t\t\t<div class=\"elementor-container elementor-column-gap-default\">\n\t\t\t\t\t<div class=\"elementor-column elementor-col-50 elementor-top-column elementor-element elementor-element-6d3f667b elementor-hidden-tablet elementor-hidden-mobile elementor-hidden-mobile_extra\" data-id=\"6d3f667b\" data-element_type=\"column\" data-settings=\"{&quot;background_background&quot;:&quot;classic&quot;}\">\n\t\t\t<div class=\"elementor-widget-wrap elementor-element-populated\">\n\t\t\t\t\t\t<div class=\"elementor-element elementor-element-39999362 elementor-hidden-tablet elementor-hidden-mobile elementor-widget elementor-widget-spacer\" data-id=\"39999362\" data-element_type=\"widget\" data-widget_type=\"spacer.default\">\n\t\t\t\t<div class=\"elementor-widget-container\">\n\t\t\t\t\t<div class=\"elementor-spacer\">\n\t\t\t<div class=\"elementor-spacer-inner\"><\/div>\n\t\t<\/div>\n\t\t\t\t<\/div>\n\t\t\t\t<\/div>\n\t\t\t\t<div class=\"elementor-element elementor-element-336aacfa elementor-nav-menu__align-start elementor-widget__width-initial elementor-nav-menu--dropdown-none elementor-hidden-tablet elementor-hidden-mobile_extra elementor-hidden-mobile elementor-widget elementor-widget-nav-menu\" data-id=\"336aacfa\" data-element_type=\"widget\" data-settings=\"{&quot;sticky&quot;:&quot;top&quot;,&quot;sticky_offset&quot;:120,&quot;sticky_parent&quot;:&quot;yes&quot;,&quot;layout&quot;:&quot;horizontal&quot;,&quot;submenu_icon&quot;:{&quot;value&quot;:&quot;&lt;i class=\\&quot;fas fa-caret-down\\&quot;&gt;&lt;\\\/i&gt;&quot;,&quot;library&quot;:&quot;fa-solid&quot;},&quot;sticky_on&quot;:[&quot;widescreen&quot;,&quot;desktop&quot;,&quot;laptop&quot;,&quot;tablet_extra&quot;,&quot;tablet&quot;,&quot;mobile_extra&quot;,&quot;mobile&quot;],&quot;sticky_effects_offset&quot;:0,&quot;sticky_anchor_link_offset&quot;:0}\" data-widget_type=\"nav-menu.default\">\n\t\t\t\t<div class=\"elementor-widget-container\">\n\t\t\t\t\t\t<nav aria-label=\"Menu\" class=\"elementor-nav-menu--main elementor-nav-menu__container elementor-nav-menu--layout-horizontal e--pointer-underline e--animation-drop-out\">\n\t\t\t\t<ul id=\"menu-1-336aacfa\" class=\"elementor-nav-menu\"><li class=\"menu-item menu-item-type-custom menu-item-object-custom menu-item-1819\"><a href=\"https:\/\/mindef.gov.cm\/armee-de-terre\/en\/cemat\/#biographie\" class=\"elementor-item elementor-item-anchor\">Biography<\/a><\/li>\n<\/ul>\t\t\t<\/nav>\n\t\t\t\t\t\t<nav class=\"elementor-nav-menu--dropdown elementor-nav-menu__container\" aria-hidden=\"true\">\n\t\t\t\t<ul id=\"menu-2-336aacfa\" class=\"elementor-nav-menu\"><li class=\"menu-item menu-item-type-custom menu-item-object-custom menu-item-1819\"><a href=\"https:\/\/mindef.gov.cm\/armee-de-terre\/en\/cemat\/#biographie\" class=\"elementor-item elementor-item-anchor\" tabindex=\"-1\">Biography<\/a><\/li>\n<\/ul>\t\t\t<\/nav>\n\t\t\t\t<\/div>\n\t\t\t\t<\/div>\n\t\t\t\t\t<\/div>\n\t\t<\/div>\n\t\t\t\t<div class=\"elementor-column elementor-col-50 elementor-top-column elementor-element elementor-element-34886726\" data-id=\"34886726\" data-element_type=\"column\" data-settings=\"{&quot;background_background&quot;:&quot;classic&quot;}\">\n\t\t\t<div class=\"elementor-widget-wrap elementor-element-populated\">\n\t\t\t\t\t\t<div class=\"elementor-element elementor-element-245ec363 elementor-hidden-tablet elementor-hidden-mobile elementor-widget elementor-widget-spacer\" data-id=\"245ec363\" data-element_type=\"widget\" data-widget_type=\"spacer.default\">\n\t\t\t\t<div class=\"elementor-widget-container\">\n\t\t\t\t\t<div class=\"elementor-spacer\">\n\t\t\t<div class=\"elementor-spacer-inner\"><\/div>\n\t\t<\/div>\n\t\t\t\t<\/div>\n\t\t\t\t<\/div>\n\t\t\t\t<div class=\"elementor-element elementor-element-26ee133f elementor-widget elementor-widget-heading\" data-id=\"26ee133f\" data-element_type=\"widget\" id=\"biographie\" data-widget_type=\"heading.default\">\n\t\t\t\t<div class=\"elementor-widget-container\">\n\t\t\t<h2 class=\"elementor-heading-title elementor-size-small\">Biography<\/h2>\t\t<\/div>\n\t\t\t\t<\/div>\n\t\t\t\t<div class=\"elementor-element elementor-element-6e5ea92 elementor-widget elementor-widget-text-editor\" data-id=\"6e5ea92\" data-element_type=\"widget\" data-widget_type=\"text-editor.default\">\n\t\t\t\t<div class=\"elementor-widget-container\">\n\t\t\t\t\t\t\t<ul><li><strong>Civil status<\/strong><\/li><\/ul><p>Major General <strong>Baba Souley<\/strong> was born on 31 December 1945 in Yaound\u00e9 to El-Hadji Souley Garba and Yeria Salakou. He is married and has several children.<\/p><ul><li><strong>Secondary and university education<\/strong><br \/><ul><li><strong>12\/05\/1964 :<\/strong> Brevet d\u2019\u00e9tudes du premier cycle du second degr\u00e9\u00a0 <em>&#8211;<\/em> <em>BEPC<\/em> <em>(Francophone subsystem secondary school certificate)<\/em> from Government High school Garoua<\/li><li><strong>28\/03\/1972 :<\/strong> Baccalaur\u00e9at <em>(Francophone subsystem high school certificate)<\/em>, Series A, Philosophy and Literature (Montpellier &#8211; France)<\/li><li><strong>13\/07\/1982 : <\/strong>Bachelor\u2019s Degree in Public Law (University of Yaound\u00e9)<\/li><\/ul><\/li><li><strong>Military training<\/strong><ul><li><strong>21\/02\/1966 :<\/strong> Special enlistment as a Reserve Officer Cadet (E.O.R.) for the duration of his training.<\/li><li><strong>05\/07\/1966 : <\/strong>Reserve Officer-cadet Infantry training (Montpellier &#8211; France)<\/li><li><strong>10\/09\/1971 : <\/strong>Commando Training Officer No. 1 Diploma (Mont-Louis &#8211; France)<\/li><li><strong>1\/09\/1972 :<\/strong> Transferred to the Headquarters Brigade Command as a student at EMIAC <em>(Combined Services Military Academy of Cameroon,<\/em> <em>later EMIA<\/em>)<\/li><li><strong>16\/07\/1981 :<\/strong> Captains&#8217; course (EMIA)<\/li><li><strong>29\/06\/1983 :<\/strong> DEM: Staff Diploma (sDEM) (EMIA)<\/li><li><strong>30\/06\/1994 :<\/strong> Brevet d\u2019\u00e9tudes militaires sup\u00e9rieure &#8211; BEMS: Higher Military Studies Certificate (Coll\u00e8ge Interarm\u00e9es de D\u00e9fense \u2013 CID, Paris, France)<\/li><\/ul><\/li><li><strong>Successive ranks<\/strong><br \/><ul><li><strong>1\/07\/1966 :<\/strong> Aspirant<\/li><li><strong>1\/01\/196 9 :<\/strong> Sub-Lieutenant<\/li><li><strong>1\/07\/1971 :<\/strong> Lieutenant<\/li><li><strong>1\/07\/1976 :<\/strong> Captain<\/li><li><strong>1\/07\/1983 :<\/strong> Major<\/li><li><strong>1\/07\/1989 :<\/strong> Lieutenant-Colonel<\/li><li><strong>1\/07\/1994 :<\/strong> Colonel<\/li><li><strong>25\/09\/2001 :<\/strong> Brigadier General<\/li><li><strong>11\/03\/2011 :<\/strong> Major General<\/li><\/ul><\/li><li><strong>Positions held<\/strong><ul><li><strong>1\/09\/1966 :<\/strong> Head of Section, 8<sup>th <\/sup>Company, Bafang<\/li><li><strong>1\/04\/1967 :<\/strong> Head of Section, 6<sup>th <\/sup>Company, Bamenda<\/li><li><strong>1\/06\/1968 :<\/strong> Instructor at the Army Training Centre (CIAT)<\/li><li><strong>1\/07\/1971 :<\/strong> Training Officer at EMIAC<\/li><li><strong>16\/07\/1972 :<\/strong> Commander, CEG\/CCK (Koutaba)<\/li><li><strong>1\/08\/1974 :<\/strong> Commander, 4<sup>th<\/sup>\/43<sup>rd \u00a0<\/sup>Battalion Company, Mamfe<\/li><li><strong>19\/08\/1975 :<\/strong> Director of Training at the National Armed Forces Training and Development Centre (CPEFAN) at Ngaoundal<\/li><li><strong>20\/07\/1981 :<\/strong> Chief of staff, Headquarters\/Company Commander<\/li><li><strong>20\/07\/1983 :<\/strong> Commander of the CPEFAN at Ngaoundal<\/li><li><strong>21\/11\/1985 :<\/strong> Commander, Ngaound\u00e9r\u00e9 Armed Forces Training Centre (CIFAN) \/ Sector Commander<\/li><li><strong>21\/10\/1988 :<\/strong> Head of 3<sup>rd <\/sup>Bureau at the Army Headquarters<\/li><li><strong>08\/09\/1994 :<\/strong> Head of 2<sup>nd <\/sup>Division at the Defence Headquarters<\/li><li><strong>24\/03\/1997 :<\/strong> Commander of the National Fire Brigade<\/li><li><strong>11\/03\/2011 :<\/strong> Incumbent Chief of Army Staff<\/li><\/ul><\/li><li><strong>Awards<\/strong><ul><li>Public Force Medal<\/li><li>Knight of the Order of Valour<\/li><li>Officer of the Order of Valour<\/li><li>Commander of the Order of Valour<\/li><li>Knight of the Cameroon Order of Merit<\/li><li>Officer of the Cameroon Order of Merit<\/li><li>Grand Cordon of the Cameroon Order of Merit<\/li><li>Cross of Military Valour with citation\/commendation<\/li><\/ul><\/li><\/ul>\t\t\t\t\t\t<\/div>\n\t\t\t\t<\/div>\n\t\t\t\t<div class=\"elementor-element elementor-element-73748b1d elementor-hidden-tablet elementor-hidden-mobile elementor-widget elementor-widget-spacer\" data-id=\"73748b1d\" data-element_type=\"widget\" data-widget_type=\"spacer.default\">\n\t\t\t\t<div class=\"elementor-widget-container\">\n\t\t\t\t\t<div class=\"elementor-spacer\">\n\t\t\t<div class=\"elementor-spacer-inner\"><\/div>\n\t\t<\/div>\n\t\t\t\t<\/div>\n\t\t\t\t<\/div>\n\t\t\t\t\t<\/div>\n\t\t<\/div>\n\t\t\t\t\t<\/div>\n\t\t<\/section>\n\t\t\t\t<\/div>\n\t\t","protected":false},"excerpt":{"rendered":"<p>MAJOR GENERAL BABA SOULEY Chief of Army Staff Chef d&#8217;\u00e9tat-major de l&#8217;arm\u00e9e de Terre Biography Civil status Major General Baba Souley was born on 31 December 1945 in Yaound\u00e9 to El-Hadji Souley Garba and Yeria Salakou. He is married and has several children. Secondary and university education 12\/05\/1964 : Brevet d\u2019\u00e9tudes du premier cycle du [&hellip;]<\/p>\n","protected":false},"author":1,"featured_media":0,"parent":0,"menu_order":0,"comment_status":"closed","ping_status":"closed","template":"","meta":{"footnotes":""},"class_list":["post-1816","page","type-page","status-publish","hentry"],"yoast_head":"<!-- This site is optimized with the Yoast SEO plugin v23.3 - https:\/\/yoast.com\/wordpress\/plugins\/seo\/ -->\n<title>cemat - Arm\u00e9e de Terre<\/title>\n<meta name=\"robots\" content=\"index, follow, max-snippet:-1, max-image-preview:large, max-video-preview:-1\" \/>\n<link rel=\"canonical\" href=\"https:\/\/mindef.gov.cm\/armee-de-terre\/en\/cemat\/\" \/>\n<meta property=\"og:locale\" content=\"en_US\" \/>\n<meta property=\"og:type\" content=\"article\" \/>\n<meta property=\"og:title\" content=\"cemat - Arm\u00e9e de Terre\" \/>\n<meta property=\"og:description\" content=\"MAJOR GENERAL BABA SOULEY Chief of Army Staff Chef d&#8217;\u00e9tat-major de l&#8217;arm\u00e9e de Terre Biography Civil status Major General Baba Souley was born on 31 December 1945 in Yaound\u00e9 to El-Hadji Souley Garba and Yeria Salakou. He is married and has several children. Secondary and university education 12\/05\/1964 : Brevet d\u2019\u00e9tudes du premier cycle du [&hellip;]\" \/>\n<meta property=\"og:url\" content=\"https:\/\/mindef.gov.cm\/armee-de-terre\/en\/cemat\/\" \/>\n<meta property=\"og:site_name\" content=\"Arm\u00e9e de Terre\" \/>\n<meta property=\"article:modified_time\" content=\"2023-11-09T06:35:04+00:00\" \/>\n<meta property=\"og:image\" content=\"https:\/\/mindef.gov.cm\/armee-de-terre\/wp-content\/uploads\/sites\/5\/2023\/07\/img-cemat.png\" \/>\n<meta name=\"twitter:card\" content=\"summary_large_image\" \/>\n<meta name=\"twitter:label1\" content=\"Est. reading time\" \/>\n\t<meta name=\"twitter:data1\" content=\"2 minutes\" \/>\n<script type=\"application\/ld+json\" class=\"yoast-schema-graph\">{\"@context\":\"https:\/\/schema.org\",\"@graph\":[{\"@type\":\"WebPage\",\"@id\":\"https:\/\/mindef.gov.cm\/armee-de-terre\/en\/cemat\/\",\"url\":\"https:\/\/mindef.gov.cm\/armee-de-terre\/en\/cemat\/\",\"name\":\"cemat - Arm\u00e9e de Terre\",\"isPartOf\":{\"@id\":\"https:\/\/mindef.gov.cm\/armee-de-terre\/en\/#website\"},\"primaryImageOfPage\":{\"@id\":\"https:\/\/mindef.gov.cm\/armee-de-terre\/en\/cemat\/#primaryimage\"},\"image\":{\"@id\":\"https:\/\/mindef.gov.cm\/armee-de-terre\/en\/cemat\/#primaryimage\"},\"thumbnailUrl\":\"https:\/\/mindef.gov.cm\/armee-de-terre\/wp-content\/uploads\/sites\/5\/2023\/07\/img-cemat.png\",\"datePublished\":\"2023-07-27T13:50:40+00:00\",\"dateModified\":\"2023-11-09T06:35:04+00:00\",\"breadcrumb\":{\"@id\":\"https:\/\/mindef.gov.cm\/armee-de-terre\/en\/cemat\/#breadcrumb\"},\"inLanguage\":\"en-US\",\"potentialAction\":[{\"@type\":\"ReadAction\",\"target\":[\"https:\/\/mindef.gov.cm\/armee-de-terre\/en\/cemat\/\"]}]},{\"@type\":\"ImageObject\",\"inLanguage\":\"en-US\",\"@id\":\"https:\/\/mindef.gov.cm\/armee-de-terre\/en\/cemat\/#primaryimage\",\"url\":\"https:\/\/mindef.gov.cm\/armee-de-terre\/wp-content\/uploads\/sites\/5\/2023\/07\/img-cemat.png\",\"contentUrl\":\"https:\/\/mindef.gov.cm\/armee-de-terre\/wp-content\/uploads\/sites\/5\/2023\/07\/img-cemat.png\"},{\"@type\":\"BreadcrumbList\",\"@id\":\"https:\/\/mindef.gov.cm\/armee-de-terre\/en\/cemat\/#breadcrumb\",\"itemListElement\":[{\"@type\":\"ListItem\",\"position\":1,\"name\":\"Home\",\"item\":\"https:\/\/mindef.gov.cm\/armee-de-terre\/en\/accueil\/\"},{\"@type\":\"ListItem\",\"position\":2,\"name\":\"cemat\"}]},{\"@type\":\"WebSite\",\"@id\":\"https:\/\/mindef.gov.cm\/armee-de-terre\/en\/#website\",\"url\":\"https:\/\/mindef.gov.cm\/armee-de-terre\/en\/\",\"name\":\"Arm\u00e9e de Terre\",\"description\":\"\",\"publisher\":{\"@id\":\"https:\/\/mindef.gov.cm\/armee-de-terre\/en\/#organization\"},\"potentialAction\":[{\"@type\":\"SearchAction\",\"target\":{\"@type\":\"EntryPoint\",\"urlTemplate\":\"https:\/\/mindef.gov.cm\/armee-de-terre\/en\/?s={search_term_string}\"},\"query-input\":\"required name=search_term_string\"}],\"inLanguage\":\"en-US\"},{\"@type\":\"Organization\",\"@id\":\"https:\/\/mindef.gov.cm\/armee-de-terre\/en\/#organization\",\"name\":\"Arm\u00e9e de Terre\",\"url\":\"https:\/\/mindef.gov.cm\/armee-de-terre\/en\/\",\"logo\":{\"@type\":\"ImageObject\",\"inLanguage\":\"en-US\",\"@id\":\"https:\/\/mindef.gov.cm\/armee-de-terre\/en\/#\/schema\/logo\/image\/\",\"url\":\"https:\/\/mindef.gov.cm\/armee-de-terre\/wp-content\/uploads\/sites\/5\/2023\/07\/LOGO-MINDEF-PNG-FRANCAIS.png\",\"contentUrl\":\"https:\/\/mindef.gov.cm\/armee-de-terre\/wp-content\/uploads\/sites\/5\/2023\/07\/LOGO-MINDEF-PNG-FRANCAIS.png\",\"width\":2126,\"height\":478,\"caption\":\"Arm\u00e9e de Terre\"},\"image\":{\"@id\":\"https:\/\/mindef.gov.cm\/armee-de-terre\/en\/#\/schema\/logo\/image\/\"}}]}<\/script>\n<!-- \/ Yoast SEO plugin. -->","yoast_head_json":{"title":"cemat - Arm\u00e9e de Terre","robots":{"index":"index","follow":"follow","max-snippet":"max-snippet:-1","max-image-preview":"max-image-preview:large","max-video-preview":"max-video-preview:-1"},"canonical":"https:\/\/mindef.gov.cm\/armee-de-terre\/en\/cemat\/","og_locale":"en_US","og_type":"article","og_title":"cemat - Arm\u00e9e de Terre","og_description":"MAJOR GENERAL BABA SOULEY Chief of Army Staff Chef d&#8217;\u00e9tat-major de l&#8217;arm\u00e9e de Terre Biography Civil status Major General Baba Souley was born on 31 December 1945 in Yaound\u00e9 to El-Hadji Souley Garba and Yeria Salakou. He is married and has several children. Secondary and university education 12\/05\/1964 : Brevet d\u2019\u00e9tudes du premier cycle du [&hellip;]","og_url":"https:\/\/mindef.gov.cm\/armee-de-terre\/en\/cemat\/","og_site_name":"Arm\u00e9e de Terre","article_modified_time":"2023-11-09T06:35:04+00:00","og_image":[{"url":"https:\/\/mindef.gov.cm\/armee-de-terre\/wp-content\/uploads\/sites\/5\/2023\/07\/img-cemat.png"}],"twitter_card":"summary_large_image","twitter_misc":{"Est. reading time":"2 minutes"},"schema":{"@context":"https:\/\/schema.org","@graph":[{"@type":"WebPage","@id":"https:\/\/mindef.gov.cm\/armee-de-terre\/en\/cemat\/","url":"https:\/\/mindef.gov.cm\/armee-de-terre\/en\/cemat\/","name":"cemat - Arm\u00e9e de Terre","isPartOf":{"@id":"https:\/\/mindef.gov.cm\/armee-de-terre\/en\/#website"},"primaryImageOfPage":{"@id":"https:\/\/mindef.gov.cm\/armee-de-terre\/en\/cemat\/#primaryimage"},"image":{"@id":"https:\/\/mindef.gov.cm\/armee-de-terre\/en\/cemat\/#primaryimage"},"thumbnailUrl":"https:\/\/mindef.gov.cm\/armee-de-terre\/wp-content\/uploads\/sites\/5\/2023\/07\/img-cemat.png","datePublished":"2023-07-27T13:50:40+00:00","dateModified":"2023-11-09T06:35:04+00:00","breadcrumb":{"@id":"https:\/\/mindef.gov.cm\/armee-de-terre\/en\/cemat\/#breadcrumb"},"inLanguage":"en-US","potentialAction":[{"@type":"ReadAction","target":["https:\/\/mindef.gov.cm\/armee-de-terre\/en\/cemat\/"]}]},{"@type":"ImageObject","inLanguage":"en-US","@id":"https:\/\/mindef.gov.cm\/armee-de-terre\/en\/cemat\/#primaryimage","url":"https:\/\/mindef.gov.cm\/armee-de-terre\/wp-content\/uploads\/sites\/5\/2023\/07\/img-cemat.png","contentUrl":"https:\/\/mindef.gov.cm\/armee-de-terre\/wp-content\/uploads\/sites\/5\/2023\/07\/img-cemat.png"},{"@type":"BreadcrumbList","@id":"https:\/\/mindef.gov.cm\/armee-de-terre\/en\/cemat\/#breadcrumb","itemListElement":[{"@type":"ListItem","position":1,"name":"Home","item":"https:\/\/mindef.gov.cm\/armee-de-terre\/en\/accueil\/"},{"@type":"ListItem","position":2,"name":"cemat"}]},{"@type":"WebSite","@id":"https:\/\/mindef.gov.cm\/armee-de-terre\/en\/#website","url":"https:\/\/mindef.gov.cm\/armee-de-terre\/en\/","name":"Arm\u00e9e de Terre","description":"","publisher":{"@id":"https:\/\/mindef.gov.cm\/armee-de-terre\/en\/#organization"},"potentialAction":[{"@type":"SearchAction","target":{"@type":"EntryPoint","urlTemplate":"https:\/\/mindef.gov.cm\/armee-de-terre\/en\/?s={search_term_string}"},"query-input":"required name=search_term_string"}],"inLanguage":"en-US"},{"@type":"Organization","@id":"https:\/\/mindef.gov.cm\/armee-de-terre\/en\/#organization","name":"Arm\u00e9e de Terre","url":"https:\/\/mindef.gov.cm\/armee-de-terre\/en\/","logo":{"@type":"ImageObject","inLanguage":"en-US","@id":"https:\/\/mindef.gov.cm\/armee-de-terre\/en\/#\/schema\/logo\/image\/","url":"https:\/\/mindef.gov.cm\/armee-de-terre\/wp-content\/uploads\/sites\/5\/2023\/07\/LOGO-MINDEF-PNG-FRANCAIS.png","contentUrl":"https:\/\/mindef.gov.cm\/armee-de-terre\/wp-content\/uploads\/sites\/5\/2023\/07\/LOGO-MINDEF-PNG-FRANCAIS.png","width":2126,"height":478,"caption":"Arm\u00e9e de Terre"},"image":{"@id":"https:\/\/mindef.gov.cm\/armee-de-terre\/en\/#\/schema\/logo\/image\/"}}]}},"rttpg_featured_image_url":null,"rttpg_author":{"display_name":"ricaldorichard237@gmail.com","author_link":"https:\/\/mindef.gov.cm\/armee-de-terre\/en\/author\/ricaldorichard237gmail-com\/"},"rttpg_comment":0,"rttpg_category":false,"rttpg_excerpt":"MAJOR GENERAL BABA SOULEY Chief of Army Staff Chef d&#8217;\u00e9tat-major de l&#8217;arm\u00e9e de Terre Biography Civil status Major General Baba Souley was born on 31 December 1945 in Yaound\u00e9 to El-Hadji Souley Garba and Yeria Salakou. He is married and has several children. Secondary and university education 12\/05\/1964 : Brevet d\u2019\u00e9tudes du premier cycle du&hellip;","_links":{"self":[{"href":"https:\/\/mindef.gov.cm\/armee-de-terre\/en\/wp-json\/wp\/v2\/pages\/1816","targetHints":{"allow":["GET"]}}],"collection":[{"href":"https:\/\/mindef.gov.cm\/armee-de-terre\/en\/wp-json\/wp\/v2\/pages"}],"about":[{"href":"https:\/\/mindef.gov.cm\/armee-de-terre\/en\/wp-json\/wp\/v2\/types\/page"}],"author":[{"embeddable":true,"href":"https:\/\/mindef.gov.cm\/armee-de-terre\/en\/wp-json\/wp\/v2\/users\/1"}],"replies":[{"embeddable":true,"href":"https:\/\/mindef.gov.cm\/armee-de-terre\/en\/wp-json\/wp\/v2\/comments?post=1816"}],"version-history":[{"count":0,"href":"https:\/\/mindef.gov.cm\/armee-de-terre\/en\/wp-json\/wp\/v2\/pages\/1816\/revisions"}],"wp:attachment":[{"href":"https:\/\/mindef.gov.cm\/armee-de-terre\/en\/wp-json\/wp\/v2\/media?parent=1816"}],"curies":[{"name":"wp","href":"https:\/\/api.w.org\/{rel}","templated":true}]}}