{"id":2043,"date":"2023-07-27T15:50:59","date_gmt":"2023-07-27T13:50:59","guid":{"rendered":"https:\/\/mindef.gov.cm\/armee-de-terre\/publication\/"},"modified":"2023-11-07T20:24:54","modified_gmt":"2023-11-07T19:24:54","slug":"publication","status":"publish","type":"page","link":"https:\/\/mindef.gov.cm\/armee-de-terre\/en\/publication\/","title":{"rendered":"publication"},"content":{"rendered":"\t\t<div data-elementor-type=\"wp-page\" data-elementor-id=\"2043\" class=\"elementor elementor-2043 elementor-121\" data-elementor-post-type=\"page\">\n\t\t\t\t\t\t<section class=\"elementor-section elementor-top-section elementor-element elementor-element-7438ac82 elementor-section-boxed elementor-section-height-default elementor-section-height-default\" data-id=\"7438ac82\" data-element_type=\"section\" data-settings=\"{&quot;background_background&quot;:&quot;classic&quot;}\">\n\t\t\t\t\t\t<div class=\"elementor-container elementor-column-gap-default\">\n\t\t\t\t\t<div class=\"elementor-column elementor-col-100 elementor-top-column elementor-element elementor-element-2c9cb36a\" data-id=\"2c9cb36a\" data-element_type=\"column\">\n\t\t\t<div class=\"elementor-widget-wrap elementor-element-populated\">\n\t\t\t\t\t\t<div class=\"elementor-element elementor-element-1a208e7d elementor-widget elementor-widget-spacer\" data-id=\"1a208e7d\" data-element_type=\"widget\" data-widget_type=\"spacer.default\">\n\t\t\t\t<div class=\"elementor-widget-container\">\n\t\t\t\t\t<div class=\"elementor-spacer\">\n\t\t\t<div class=\"elementor-spacer-inner\"><\/div>\n\t\t<\/div>\n\t\t\t\t<\/div>\n\t\t\t\t<\/div>\n\t\t\t\t<div class=\"elementor-element elementor-element-55517b9 section-title-style-style3 meta-visibility-show title_position_default title_hover_border_default title-default img_hover_animation_default meta_position_default readmore-btn-default-style grid-hover-overlay-type-always grid-hover-overlay-height-default hover-overlay-height-default tpg-border-bottom-disable elementor-widget elementor-widget-tpg-grid-hover-layout\" data-id=\"55517b9\" data-element_type=\"widget\" data-widget_type=\"tpg-grid-hover-layout.default\">\n\t\t\t\t<div class=\"elementor-widget-container\">\n\t\t\t\n        <div class=\"rt-container-fluid rt-tpg-container tpg-el-main-wrapper grid_hover-layout1-main \"\n             id=\"rt-tpg-container-1971624161\"\n             data-layout=\"grid_hover-layout1\"\n             data-sc-id=\"elementor\"\n             data-el-settings=''\n             data-el-query=''\n             data-el-path=''\n        >\n\t\t\t            <div class='tpg-header-wrapper '>\n\t\t\t\t\n        <div class=\"tpg-widget-heading-wrapper rt-clear heading-style3 \">\n            <span class=\"tpg-widget-heading-line line-left\"><\/span>\n\t\t\t<h2 class='tpg-widget-heading'>\n\t\t\t\n\t\t\t\t                    <span>\n\t\t\t\t\t\tB\u00e9rets verts infos\t\t\t\t\t<\/span>\n\t\t\t\t\t\n\t\t\t\t\t\t\t<\/h2>            <span class=\"tpg-widget-heading-line line-right\"><\/span>\n\n\t\t\t\n        <\/div>\n\n\t\t\n\t\t            <\/div>\n\n            <div data-title=\"Loading ...\"\n                 class=\"rt-row rt-content-loader grid_hover-layout1 tpg-even grid-behaviour grid_hover_layout_wrapper\">\n\t\t\t\t<div class='no_posts_found_text'>No posts found.<\/div>            <\/div>\n\n\t\t\t        <\/div>\n\t\t\t\t<\/div>\n\t\t\t\t<\/div>\n\t\t\t\t<div class=\"elementor-element elementor-element-6933cfe section-title-style-style3 meta-visibility-show title_position_default title_hover_border_default title-default img_hover_animation_default meta_position_default readmore-btn-default-style grid-hover-overlay-type-always grid-hover-overlay-height-default hover-overlay-height-default tpg-border-bottom-disable elementor-widget elementor-widget-tpg-grid-hover-layout\" data-id=\"6933cfe\" data-element_type=\"widget\" data-widget_type=\"tpg-grid-hover-layout.default\">\n\t\t\t\t<div class=\"elementor-widget-container\">\n\t\t\t\n        <div class=\"rt-container-fluid rt-tpg-container tpg-el-main-wrapper grid_hover-layout1-main \"\n             id=\"rt-tpg-container-3381996908\"\n             data-layout=\"grid_hover-layout1\"\n             data-sc-id=\"elementor\"\n             data-el-settings=''\n             data-el-query=''\n             data-el-path=''\n        >\n\t\t\t            <div class='tpg-header-wrapper '>\n\t\t\t\t\n        <div class=\"tpg-widget-heading-wrapper rt-clear heading-style3 \">\n            <span class=\"tpg-widget-heading-line line-left\"><\/span>\n\t\t\t<h2 class='tpg-widget-heading'>\n\t\t\t\n\t\t\t\t                    <span>\n\t\t\t\t\t\tflyers\t\t\t\t\t<\/span>\n\t\t\t\t\t\n\t\t\t\t\t\t\t<\/h2>            <span class=\"tpg-widget-heading-line line-right\"><\/span>\n\n\t\t\t\n        <\/div>\n\n\t\t\n\t\t            <\/div>\n\n            <div data-title=\"Loading ...\"\n                 class=\"rt-row rt-content-loader grid_hover-layout1 tpg-even grid-behaviour grid_hover_layout_wrapper\">\n\t\t\t\t<div class='no_posts_found_text'>No posts found.<\/div>            <\/div>\n\n\t\t\t        <\/div>\n\t\t\t\t<\/div>\n\t\t\t\t<\/div>\n\t\t\t\t<div class=\"elementor-element elementor-element-600b62d0 elementor-hidden-tablet elementor-hidden-mobile elementor-widget elementor-widget-spacer\" data-id=\"600b62d0\" data-element_type=\"widget\" data-widget_type=\"spacer.default\">\n\t\t\t\t<div class=\"elementor-widget-container\">\n\t\t\t\t\t<div class=\"elementor-spacer\">\n\t\t\t<div class=\"elementor-spacer-inner\"><\/div>\n\t\t<\/div>\n\t\t\t\t<\/div>\n\t\t\t\t<\/div>\n\t\t\t\t\t<\/div>\n\t\t<\/div>\n\t\t\t\t\t<\/div>\n\t\t<\/section>\n\t\t\t\t<section class=\"elementor-section elementor-top-section elementor-element elementor-element-fc1d2f8 elementor-section-boxed elementor-section-height-default elementor-section-height-default\" data-id=\"fc1d2f8\" data-element_type=\"section\" data-settings=\"{&quot;background_background&quot;:&quot;classic&quot;}\">\n\t\t\t\t\t\t<div class=\"elementor-container elementor-column-gap-default\">\n\t\t\t\t\t<div class=\"elementor-column elementor-col-100 elementor-top-column elementor-element elementor-element-89e917a\" data-id=\"89e917a\" data-element_type=\"column\">\n\t\t\t<div class=\"elementor-widget-wrap elementor-element-populated\">\n\t\t\t\t\t\t<div class=\"elementor-element elementor-element-907b91c elementor-widget elementor-widget-spacer\" data-id=\"907b91c\" data-element_type=\"widget\" data-widget_type=\"spacer.default\">\n\t\t\t\t<div class=\"elementor-widget-container\">\n\t\t\t\t\t<div class=\"elementor-spacer\">\n\t\t\t<div class=\"elementor-spacer-inner\"><\/div>\n\t\t<\/div>\n\t\t\t\t<\/div>\n\t\t\t\t<\/div>\n\t\t\t\t<div class=\"elementor-element elementor-element-de6181a section-title-style-style3 title-two-line tpg-border-bottom-enable meta-visibility-show title_position_default title_hover_border_default img_hover_animation_default meta_position_default readmore-btn-default-style grid-hover-overlay-type-always tpg-el-box-border-enable elementor-widget elementor-widget-tpg-grid-layout\" data-id=\"de6181a\" data-element_type=\"widget\" data-widget_type=\"tpg-grid-layout.default\">\n\t\t\t\t<div class=\"elementor-widget-container\">\n\t\t\t\t\t<div class=\"rt-container-fluid rt-tpg-container tpg-el-main-wrapper clearfix grid-layout1-main \"\n\t\t\t id=\"rt-tpg-container-4139451083\"\n\t\t\t data-layout=\"grid-layout1\"\n\t\t\t data-grid-style=\"tpg-full-height\"\n\t\t\t data-sc-id=\"elementor\"\n\t\t\t data-el-settings=''\n\t\t\t data-el-query=''\n\t\t\t data-el-path=''\n\t\t>\n\n\t\t\t\t\t\t<div class='tpg-header-wrapper '>\n\t\t\t\t\n        <div class=\"tpg-widget-heading-wrapper rt-clear heading-style3 \">\n            <span class=\"tpg-widget-heading-line line-left\"><\/span>\n\t\t\t<h2 class='tpg-widget-heading'>\n\t\t\t\n\t\t\t\t                    <span>\n\t\t\t\t\t\tHeadlines\t\t\t\t\t<\/span>\n\t\t\t\t\t\n\t\t\t\t\t\t\t<\/h2>            <span class=\"tpg-widget-heading-line line-right\"><\/span>\n\n\t\t\t\n        <\/div>\n\n\t\t\n\t\t\t\t\t<\/div>\n\n\t\t\t<div data-title=\"Loading ...\" class=\"rt-row rt-content-loader grid-layout1 grid-behaviour tpg-full-height grid_layout_wrapper\">\n\t\t\t\t<div class=\"rt-col-md-4 rt-col-sm-12 rt-col-xs-12 default rt-grid-item post-2516 post type-post status-publish format-standard has-post-thumbnail hentry category-scroll-en tag-actualites-en tag-banniere-en\"\t\tdata-id=\"2516\">\n\t<div class=\"rt-holder tpg-post-holder\">\n\t\t<div class=\"rt-detail rt-el-content-wrapper\">\n\t\t\t\t\t\t\t<div class=\"rt-img-holder tpg-el-image-wrap has-thumbnail\">\n\t\t\t\t\t<a data-id=\"2516\" href=\"https:\/\/mindef.gov.cm\/armee-de-terre\/en\/happy-new-year-2026\/\" class=\"tpg-post-link\" target=\"_self\">                        <img fetchpriority=\"high\" decoding=\"async\" src=\"https:\/\/mindef.gov.cm\/armee-de-terre\/wp-content\/uploads\/sites\/5\/2026\/01\/happy-new.jpg\"\n                             class=\"rt-img-responsive\"\n                             width=\"1650\"\n                             height=\"2048\"\n                             alt=\"Happy new Year 2026\">\n\t\t\t\t\t\t\n\t\t\t\t\t\t\t\n\t\t<\/a>\n\t\t        <div class=\"overlay grid-hover-content\"><\/div>\n\t\t\t\t\t\t<\/div>\n\t\t\t\n\t\t\t<div class=\"entry-title-wrapper\"><h3 class=\"entry-title\"><a data-id=\"2516\" href=\"https:\/\/mindef.gov.cm\/armee-de-terre\/en\/happy-new-year-2026\/\" class=\"tpg-post-link\" target=\"_self\">Happy new Year 2026<\/a><\/h3><\/div>\n\t\t\t\t\t\t\t<div class=\"post-meta-tags rt-el-post-meta\">\n\t\t\t\t\t\t\t\t\t<\/div>\n\t\t\t\n\n\t\t\t\t\t\t\t<div class=\"tpg-excerpt tpg-el-excerpt\">\n\t\t\t\t\t\t\t\t\t\t\t<div class=\"tpg-excerpt-inner\">\n\t\t\t\t\t\t\t...\t\t\t\t\t\t<\/div>\n\t\t\t\t\t\t\t\t\t\t\t\t\t\t<\/div>\n\t\t\t\n\t\t\t        <div class=\"post-footer\">\n            <div class=\"post-footer\">\n                <div class=\"read-more\">\n\t\t\t\t\t<a data-id=\"2516\" href=\"https:\/\/mindef.gov.cm\/armee-de-terre\/en\/happy-new-year-2026\/\" class=\"tpg-post-link\" target=\"_self\">Read More<i aria-hidden=\"true\" class=\"right-icon fas fa-arrow-circle-right\"><\/i><\/a>                <\/div>\n            <\/div>\n        <\/div>\n\t\t\t\t<\/div>\n\t<\/div>\n<\/div>\n<div class=\"rt-col-md-4 rt-col-sm-12 rt-col-xs-12 default rt-grid-item post-1524 post type-post status-publish format-standard has-post-thumbnail hentry category-armee-nation-en tag-actualites-en tag-armee-nation-en tag-banniere-en\"\t\tdata-id=\"1524\">\n\t<div class=\"rt-holder tpg-post-holder\">\n\t\t<div class=\"rt-detail rt-el-content-wrapper\">\n\t\t\t\t\t\t\t<div class=\"rt-img-holder tpg-el-image-wrap has-thumbnail\">\n\t\t\t\t\t<a data-id=\"1524\" href=\"https:\/\/mindef.gov.cm\/armee-de-terre\/en\/armee-nation2\/\" class=\"tpg-post-link\" target=\"_self\">                        <img decoding=\"async\" src=\"https:\/\/mindef.gov.cm\/armee-de-terre\/wp-content\/uploads\/sites\/5\/2023\/09\/Armee-Nation2-scaled.jpg\"\n                             class=\"rt-img-responsive\"\n                             width=\"2560\"\n                             height=\"1920\"\n                             alt=\"Arm\u00e9e-Nation2\">\n\t\t\t\t\t\t\n\t\t\t\t\t\t\t\n\t\t<\/a>\n\t\t        <div class=\"overlay grid-hover-content\"><\/div>\n\t\t\t\t\t\t<\/div>\n\t\t\t\n\t\t\t<div class=\"entry-title-wrapper\"><h3 class=\"entry-title\"><a data-id=\"1524\" href=\"https:\/\/mindef.gov.cm\/armee-de-terre\/en\/armee-nation2\/\" class=\"tpg-post-link\" target=\"_self\">Arm\u00e9e-Nation2<\/a><\/h3><\/div>\n\t\t\t\t\t\t\t<div class=\"post-meta-tags rt-el-post-meta\">\n\t\t\t\t\t\t\t\t\t<\/div>\n\t\t\t\n\n\t\t\t\t\t\t\t<div class=\"tpg-excerpt tpg-el-excerpt\">\n\t\t\t\t\t\t\t\t\t\t\t<div class=\"tpg-excerpt-inner\">\n\t\t\t\t\t\t\t...\t\t\t\t\t\t<\/div>\n\t\t\t\t\t\t\t\t\t\t\t\t\t\t<\/div>\n\t\t\t\n\t\t\t        <div class=\"post-footer\">\n            <div class=\"post-footer\">\n                <div class=\"read-more\">\n\t\t\t\t\t<a data-id=\"1524\" href=\"https:\/\/mindef.gov.cm\/armee-de-terre\/en\/armee-nation2\/\" class=\"tpg-post-link\" target=\"_self\">Read More<i aria-hidden=\"true\" class=\"right-icon fas fa-arrow-circle-right\"><\/i><\/a>                <\/div>\n            <\/div>\n        <\/div>\n\t\t\t\t<\/div>\n\t<\/div>\n<\/div>\n<div class=\"rt-col-md-4 rt-col-sm-12 rt-col-xs-12 default rt-grid-item post-1525 post type-post status-publish format-standard has-post-thumbnail hentry category-formations-et-unites-en category-scroll-en tag-actualites-en tag-banniere-en tag-rasa-en\"\t\tdata-id=\"1525\">\n\t<div class=\"rt-holder tpg-post-holder\">\n\t\t<div class=\"rt-detail rt-el-content-wrapper\">\n\t\t\t\t\t\t\t<div class=\"rt-img-holder tpg-el-image-wrap has-thumbnail\">\n\t\t\t\t\t<a data-id=\"1525\" href=\"https:\/\/mindef.gov.cm\/armee-de-terre\/en\/batterie-canon-de-35-mm-aa-deployee-au-cours-dun-tir-de-demonstration-2\/\" class=\"tpg-post-link\" target=\"_self\">                        <img decoding=\"async\" src=\"https:\/\/mindef.gov.cm\/armee-de-terre\/wp-content\/uploads\/sites\/5\/2023\/09\/Batterie-Canon-de-35-mm-AA-deployee-au-cours-dun-tir-de-demonstration-2.jpg\"\n                             class=\"rt-img-responsive\"\n                             width=\"1934\"\n                             height=\"1089\"\n                             alt=\"35 mm aa gun battery deployed during a demonstration firing 2\">\n\t\t\t\t\t\t\n\t\t\t\t\t\t\t\n\t\t<\/a>\n\t\t        <div class=\"overlay grid-hover-content\"><\/div>\n\t\t\t\t\t\t<\/div>\n\t\t\t\n\t\t\t<div class=\"entry-title-wrapper\"><h3 class=\"entry-title\"><a data-id=\"1525\" href=\"https:\/\/mindef.gov.cm\/armee-de-terre\/en\/batterie-canon-de-35-mm-aa-deployee-au-cours-dun-tir-de-demonstration-2\/\" class=\"tpg-post-link\" target=\"_self\">35 mm aa gun battery deployed during a demonstration firing 2<\/a><\/h3><\/div>\n\t\t\t\t\t\t\t<div class=\"post-meta-tags rt-el-post-meta\">\n\t\t\t\t\t\t\t\t\t<\/div>\n\t\t\t\n\n\t\t\t\t\t\t\t<div class=\"tpg-excerpt tpg-el-excerpt\">\n\t\t\t\t\t\t\t\t\t\t\t<div class=\"tpg-excerpt-inner\">\n\t\t\t\t\t\t\t35 mm aa gun battery deployed during a demonstration firing 2...\t\t\t\t\t\t<\/div>\n\t\t\t\t\t\t\t\t\t\t\t\t\t\t<\/div>\n\t\t\t\n\t\t\t        <div class=\"post-footer\">\n            <div class=\"post-footer\">\n                <div class=\"read-more\">\n\t\t\t\t\t<a data-id=\"1525\" href=\"https:\/\/mindef.gov.cm\/armee-de-terre\/en\/batterie-canon-de-35-mm-aa-deployee-au-cours-dun-tir-de-demonstration-2\/\" class=\"tpg-post-link\" target=\"_self\">Read More<i aria-hidden=\"true\" class=\"right-icon fas fa-arrow-circle-right\"><\/i><\/a>                <\/div>\n            <\/div>\n        <\/div>\n\t\t\t\t<\/div>\n\t<\/div>\n<\/div>\n\t\t\t<\/div>\n\t\t\t\n\t\t<\/div>\n\t\t\t\t<\/div>\n\t\t\t\t<\/div>\n\t\t\t\t<div class=\"elementor-element elementor-element-ecc77ba elementor-widget elementor-widget-spacer\" data-id=\"ecc77ba\" data-element_type=\"widget\" data-widget_type=\"spacer.default\">\n\t\t\t\t<div class=\"elementor-widget-container\">\n\t\t\t\t\t<div class=\"elementor-spacer\">\n\t\t\t<div class=\"elementor-spacer-inner\"><\/div>\n\t\t<\/div>\n\t\t\t\t<\/div>\n\t\t\t\t<\/div>\n\t\t\t\t\t<\/div>\n\t\t<\/div>\n\t\t\t\t\t<\/div>\n\t\t<\/section>\n\t\t\t\t<\/div>\n\t\t","protected":false},"excerpt":{"rendered":"<p>B\u00e9rets verts infos FORMATION, ENTRAINEMENT ET AGUERRISSEMENT DES FORCES DE L\u2019ARM\u00c9E DE TERRE 27 juillet 2023 &#8220;Vous avez choisi le m\u00e9tier des armes. Ce m\u00e9tier, l\u2019un des plus beaux du monde, est noble, exigeant&#8230; Read More FORMATION, ENTRAINEMENT ET AGUERRISSEMENT DES FORCES DE L\u2019ARM\u00c9E DE TERRE 2018 27 juillet 2023 Formation, entrainement et aguerrissement des [&hellip;]<\/p>\n","protected":false},"author":1,"featured_media":0,"parent":0,"menu_order":0,"comment_status":"closed","ping_status":"closed","template":"","meta":{"footnotes":""},"class_list":["post-2043","page","type-page","status-publish","hentry"],"yoast_head":"<!-- This site is optimized with the Yoast SEO plugin v23.3 - https:\/\/yoast.com\/wordpress\/plugins\/seo\/ -->\n<title>publication - Arm\u00e9e de Terre<\/title>\n<meta name=\"robots\" content=\"index, follow, max-snippet:-1, max-image-preview:large, max-video-preview:-1\" \/>\n<link rel=\"canonical\" href=\"https:\/\/mindef.gov.cm\/armee-de-terre\/en\/publication\/\" \/>\n<meta property=\"og:locale\" content=\"en_US\" \/>\n<meta property=\"og:type\" content=\"article\" \/>\n<meta property=\"og:title\" content=\"publication - Arm\u00e9e de Terre\" \/>\n<meta property=\"og:description\" content=\"B\u00e9rets verts infos FORMATION, ENTRAINEMENT ET AGUERRISSEMENT DES FORCES DE L\u2019ARM\u00c9E DE TERRE 27 juillet 2023 &#8220;Vous avez choisi le m\u00e9tier des armes. Ce m\u00e9tier, l\u2019un des plus beaux du monde, est noble, exigeant&#8230; Read More FORMATION, ENTRAINEMENT ET AGUERRISSEMENT DES FORCES DE L\u2019ARM\u00c9E DE TERRE 2018 27 juillet 2023 Formation, entrainement et aguerrissement des [&hellip;]\" \/>\n<meta property=\"og:url\" content=\"https:\/\/mindef.gov.cm\/armee-de-terre\/en\/publication\/\" \/>\n<meta property=\"og:site_name\" content=\"Arm\u00e9e de Terre\" \/>\n<meta property=\"article:modified_time\" content=\"2023-11-07T19:24:54+00:00\" \/>\n<meta property=\"og:image\" content=\"https:\/\/mindef.gov.cm\/armee-de-terre\/wp-content\/uploads\/sites\/5\/2023\/07\/BERETS-VERTS-INFOS_MAI-2017.jpg\" \/>\n<meta name=\"twitter:card\" content=\"summary_large_image\" \/>\n<meta name=\"twitter:label1\" content=\"Est. reading time\" \/>\n\t<meta name=\"twitter:data1\" content=\"2 minutes\" \/>\n<script type=\"application\/ld+json\" class=\"yoast-schema-graph\">{\"@context\":\"https:\/\/schema.org\",\"@graph\":[{\"@type\":\"WebPage\",\"@id\":\"https:\/\/mindef.gov.cm\/armee-de-terre\/en\/publication\/\",\"url\":\"https:\/\/mindef.gov.cm\/armee-de-terre\/en\/publication\/\",\"name\":\"publication - Arm\u00e9e de Terre\",\"isPartOf\":{\"@id\":\"https:\/\/mindef.gov.cm\/armee-de-terre\/en\/#website\"},\"primaryImageOfPage\":{\"@id\":\"https:\/\/mindef.gov.cm\/armee-de-terre\/en\/publication\/#primaryimage\"},\"image\":{\"@id\":\"https:\/\/mindef.gov.cm\/armee-de-terre\/en\/publication\/#primaryimage\"},\"thumbnailUrl\":\"https:\/\/mindef.gov.cm\/armee-de-terre\/wp-content\/uploads\/sites\/5\/2023\/07\/BERETS-VERTS-INFOS_MAI-2017.jpg\",\"datePublished\":\"2023-07-27T13:50:59+00:00\",\"dateModified\":\"2023-11-07T19:24:54+00:00\",\"breadcrumb\":{\"@id\":\"https:\/\/mindef.gov.cm\/armee-de-terre\/en\/publication\/#breadcrumb\"},\"inLanguage\":\"en-US\",\"potentialAction\":[{\"@type\":\"ReadAction\",\"target\":[\"https:\/\/mindef.gov.cm\/armee-de-terre\/en\/publication\/\"]}]},{\"@type\":\"ImageObject\",\"inLanguage\":\"en-US\",\"@id\":\"https:\/\/mindef.gov.cm\/armee-de-terre\/en\/publication\/#primaryimage\",\"url\":\"https:\/\/mindef.gov.cm\/armee-de-terre\/wp-content\/uploads\/sites\/5\/2023\/07\/BERETS-VERTS-INFOS_MAI-2017.jpg\",\"contentUrl\":\"https:\/\/mindef.gov.cm\/armee-de-terre\/wp-content\/uploads\/sites\/5\/2023\/07\/BERETS-VERTS-INFOS_MAI-2017.jpg\"},{\"@type\":\"BreadcrumbList\",\"@id\":\"https:\/\/mindef.gov.cm\/armee-de-terre\/en\/publication\/#breadcrumb\",\"itemListElement\":[{\"@type\":\"ListItem\",\"position\":1,\"name\":\"Home\",\"item\":\"https:\/\/mindef.gov.cm\/armee-de-terre\/en\/accueil\/\"},{\"@type\":\"ListItem\",\"position\":2,\"name\":\"publication\"}]},{\"@type\":\"WebSite\",\"@id\":\"https:\/\/mindef.gov.cm\/armee-de-terre\/en\/#website\",\"url\":\"https:\/\/mindef.gov.cm\/armee-de-terre\/en\/\",\"name\":\"Arm\u00e9e de Terre\",\"description\":\"\",\"publisher\":{\"@id\":\"https:\/\/mindef.gov.cm\/armee-de-terre\/en\/#organization\"},\"potentialAction\":[{\"@type\":\"SearchAction\",\"target\":{\"@type\":\"EntryPoint\",\"urlTemplate\":\"https:\/\/mindef.gov.cm\/armee-de-terre\/en\/?s={search_term_string}\"},\"query-input\":\"required name=search_term_string\"}],\"inLanguage\":\"en-US\"},{\"@type\":\"Organization\",\"@id\":\"https:\/\/mindef.gov.cm\/armee-de-terre\/en\/#organization\",\"name\":\"Arm\u00e9e de Terre\",\"url\":\"https:\/\/mindef.gov.cm\/armee-de-terre\/en\/\",\"logo\":{\"@type\":\"ImageObject\",\"inLanguage\":\"en-US\",\"@id\":\"https:\/\/mindef.gov.cm\/armee-de-terre\/en\/#\/schema\/logo\/image\/\",\"url\":\"https:\/\/mindef.gov.cm\/armee-de-terre\/wp-content\/uploads\/sites\/5\/2023\/07\/LOGO-MINDEF-PNG-FRANCAIS.png\",\"contentUrl\":\"https:\/\/mindef.gov.cm\/armee-de-terre\/wp-content\/uploads\/sites\/5\/2023\/07\/LOGO-MINDEF-PNG-FRANCAIS.png\",\"width\":2126,\"height\":478,\"caption\":\"Arm\u00e9e de Terre\"},\"image\":{\"@id\":\"https:\/\/mindef.gov.cm\/armee-de-terre\/en\/#\/schema\/logo\/image\/\"}}]}<\/script>\n<!-- \/ Yoast SEO plugin. -->","yoast_head_json":{"title":"publication - Arm\u00e9e de Terre","robots":{"index":"index","follow":"follow","max-snippet":"max-snippet:-1","max-image-preview":"max-image-preview:large","max-video-preview":"max-video-preview:-1"},"canonical":"https:\/\/mindef.gov.cm\/armee-de-terre\/en\/publication\/","og_locale":"en_US","og_type":"article","og_title":"publication - Arm\u00e9e de Terre","og_description":"B\u00e9rets verts infos FORMATION, ENTRAINEMENT ET AGUERRISSEMENT DES FORCES DE L\u2019ARM\u00c9E DE TERRE 27 juillet 2023 &#8220;Vous avez choisi le m\u00e9tier des armes. Ce m\u00e9tier, l\u2019un des plus beaux du monde, est noble, exigeant&#8230; Read More FORMATION, ENTRAINEMENT ET AGUERRISSEMENT DES FORCES DE L\u2019ARM\u00c9E DE TERRE 2018 27 juillet 2023 Formation, entrainement et aguerrissement des [&hellip;]","og_url":"https:\/\/mindef.gov.cm\/armee-de-terre\/en\/publication\/","og_site_name":"Arm\u00e9e de Terre","article_modified_time":"2023-11-07T19:24:54+00:00","og_image":[{"url":"https:\/\/mindef.gov.cm\/armee-de-terre\/wp-content\/uploads\/sites\/5\/2023\/07\/BERETS-VERTS-INFOS_MAI-2017.jpg"}],"twitter_card":"summary_large_image","twitter_misc":{"Est. reading time":"2 minutes"},"schema":{"@context":"https:\/\/schema.org","@graph":[{"@type":"WebPage","@id":"https:\/\/mindef.gov.cm\/armee-de-terre\/en\/publication\/","url":"https:\/\/mindef.gov.cm\/armee-de-terre\/en\/publication\/","name":"publication - Arm\u00e9e de Terre","isPartOf":{"@id":"https:\/\/mindef.gov.cm\/armee-de-terre\/en\/#website"},"primaryImageOfPage":{"@id":"https:\/\/mindef.gov.cm\/armee-de-terre\/en\/publication\/#primaryimage"},"image":{"@id":"https:\/\/mindef.gov.cm\/armee-de-terre\/en\/publication\/#primaryimage"},"thumbnailUrl":"https:\/\/mindef.gov.cm\/armee-de-terre\/wp-content\/uploads\/sites\/5\/2023\/07\/BERETS-VERTS-INFOS_MAI-2017.jpg","datePublished":"2023-07-27T13:50:59+00:00","dateModified":"2023-11-07T19:24:54+00:00","breadcrumb":{"@id":"https:\/\/mindef.gov.cm\/armee-de-terre\/en\/publication\/#breadcrumb"},"inLanguage":"en-US","potentialAction":[{"@type":"ReadAction","target":["https:\/\/mindef.gov.cm\/armee-de-terre\/en\/publication\/"]}]},{"@type":"ImageObject","inLanguage":"en-US","@id":"https:\/\/mindef.gov.cm\/armee-de-terre\/en\/publication\/#primaryimage","url":"https:\/\/mindef.gov.cm\/armee-de-terre\/wp-content\/uploads\/sites\/5\/2023\/07\/BERETS-VERTS-INFOS_MAI-2017.jpg","contentUrl":"https:\/\/mindef.gov.cm\/armee-de-terre\/wp-content\/uploads\/sites\/5\/2023\/07\/BERETS-VERTS-INFOS_MAI-2017.jpg"},{"@type":"BreadcrumbList","@id":"https:\/\/mindef.gov.cm\/armee-de-terre\/en\/publication\/#breadcrumb","itemListElement":[{"@type":"ListItem","position":1,"name":"Home","item":"https:\/\/mindef.gov.cm\/armee-de-terre\/en\/accueil\/"},{"@type":"ListItem","position":2,"name":"publication"}]},{"@type":"WebSite","@id":"https:\/\/mindef.gov.cm\/armee-de-terre\/en\/#website","url":"https:\/\/mindef.gov.cm\/armee-de-terre\/en\/","name":"Arm\u00e9e de Terre","description":"","publisher":{"@id":"https:\/\/mindef.gov.cm\/armee-de-terre\/en\/#organization"},"potentialAction":[{"@type":"SearchAction","target":{"@type":"EntryPoint","urlTemplate":"https:\/\/mindef.gov.cm\/armee-de-terre\/en\/?s={search_term_string}"},"query-input":"required name=search_term_string"}],"inLanguage":"en-US"},{"@type":"Organization","@id":"https:\/\/mindef.gov.cm\/armee-de-terre\/en\/#organization","name":"Arm\u00e9e de Terre","url":"https:\/\/mindef.gov.cm\/armee-de-terre\/en\/","logo":{"@type":"ImageObject","inLanguage":"en-US","@id":"https:\/\/mindef.gov.cm\/armee-de-terre\/en\/#\/schema\/logo\/image\/","url":"https:\/\/mindef.gov.cm\/armee-de-terre\/wp-content\/uploads\/sites\/5\/2023\/07\/LOGO-MINDEF-PNG-FRANCAIS.png","contentUrl":"https:\/\/mindef.gov.cm\/armee-de-terre\/wp-content\/uploads\/sites\/5\/2023\/07\/LOGO-MINDEF-PNG-FRANCAIS.png","width":2126,"height":478,"caption":"Arm\u00e9e de Terre"},"image":{"@id":"https:\/\/mindef.gov.cm\/armee-de-terre\/en\/#\/schema\/logo\/image\/"}}]}},"rttpg_featured_image_url":null,"rttpg_author":{"display_name":"ricaldorichard237@gmail.com","author_link":"https:\/\/mindef.gov.cm\/armee-de-terre\/en\/author\/ricaldorichard237gmail-com\/"},"rttpg_comment":0,"rttpg_category":"","rttpg_excerpt":"B\u00e9rets verts infos FORMATION, ENTRAINEMENT ET AGUERRISSEMENT DES FORCES DE L\u2019ARM\u00c9E DE TERRE 27 juillet 2023 &#8220;Vous avez choisi le m\u00e9tier des armes. Ce m\u00e9tier, l\u2019un des plus beaux du monde, est noble, exigeant&#8230; Read More FORMATION, ENTRAINEMENT ET AGUERRISSEMENT DES FORCES DE L\u2019ARM\u00c9E DE TERRE 2018 27 juillet 2023 Formation, entrainement et aguerrissement des&hellip;","_links":{"self":[{"href":"https:\/\/mindef.gov.cm\/armee-de-terre\/en\/wp-json\/wp\/v2\/pages\/2043","targetHints":{"allow":["GET"]}}],"collection":[{"href":"https:\/\/mindef.gov.cm\/armee-de-terre\/en\/wp-json\/wp\/v2\/pages"}],"about":[{"href":"https:\/\/mindef.gov.cm\/armee-de-terre\/en\/wp-json\/wp\/v2\/types\/page"}],"author":[{"embeddable":true,"href":"https:\/\/mindef.gov.cm\/armee-de-terre\/en\/wp-json\/wp\/v2\/users\/1"}],"replies":[{"embeddable":true,"href":"https:\/\/mindef.gov.cm\/armee-de-terre\/en\/wp-json\/wp\/v2\/comments?post=2043"}],"version-history":[{"count":0,"href":"https:\/\/mindef.gov.cm\/armee-de-terre\/en\/wp-json\/wp\/v2\/pages\/2043\/revisions"}],"wp:attachment":[{"href":"https:\/\/mindef.gov.cm\/armee-de-terre\/en\/wp-json\/wp\/v2\/media?parent=2043"}],"curies":[{"name":"wp","href":"https:\/\/api.w.org\/{rel}","templated":true}]}}