{"id":112,"date":"2023-07-27T15:50:40","date_gmt":"2023-07-27T13:50:40","guid":{"rendered":"http:\/\/mindef.gov.cm\/armee-de-terre\/cemat\/"},"modified":"2023-11-09T07:34:14","modified_gmt":"2023-11-09T06:34:14","slug":"cemat","status":"publish","type":"page","link":"https:\/\/mindef.gov.cm\/armee-de-terre\/cemat\/","title":{"rendered":"cemat"},"content":{"rendered":"\t\t<div data-elementor-type=\"wp-page\" data-elementor-id=\"112\" class=\"elementor elementor-112\" data-elementor-post-type=\"page\">\n\t\t\t\t\t\t<section class=\"elementor-section elementor-top-section elementor-element elementor-element-c2060cc elementor-section-boxed elementor-section-height-default elementor-section-height-default\" data-id=\"c2060cc\" data-element_type=\"section\" data-settings=\"{&quot;background_background&quot;:&quot;classic&quot;}\">\n\t\t\t\t\t\t<div class=\"elementor-container elementor-column-gap-default\">\n\t\t\t\t\t<div class=\"elementor-column elementor-col-20 elementor-top-column elementor-element elementor-element-f2f51f4\" data-id=\"f2f51f4\" data-element_type=\"column\">\n\t\t\t<div class=\"elementor-widget-wrap elementor-element-populated\">\n\t\t\t\t\t\t<div class=\"elementor-element elementor-element-2d17f43 elementor-widget elementor-widget-spacer\" data-id=\"2d17f43\" data-element_type=\"widget\" data-widget_type=\"spacer.default\">\n\t\t\t\t<div class=\"elementor-widget-container\">\n\t\t\t\t\t<div class=\"elementor-spacer\">\n\t\t\t<div class=\"elementor-spacer-inner\"><\/div>\n\t\t<\/div>\n\t\t\t\t<\/div>\n\t\t\t\t<\/div>\n\t\t\t\t\t<\/div>\n\t\t<\/div>\n\t\t\t\t<div class=\"elementor-column elementor-col-20 elementor-top-column elementor-element elementor-element-7fbf6f4\" data-id=\"7fbf6f4\" data-element_type=\"column\">\n\t\t\t<div class=\"elementor-widget-wrap elementor-element-populated\">\n\t\t\t\t\t\t<div class=\"elementor-element elementor-element-be6807d elementor-hidden-tablet elementor-hidden-mobile elementor-widget elementor-widget-spacer\" data-id=\"be6807d\" data-element_type=\"widget\" data-widget_type=\"spacer.default\">\n\t\t\t\t<div class=\"elementor-widget-container\">\n\t\t\t\t\t<div class=\"elementor-spacer\">\n\t\t\t<div class=\"elementor-spacer-inner\"><\/div>\n\t\t<\/div>\n\t\t\t\t<\/div>\n\t\t\t\t<\/div>\n\t\t\t\t<div class=\"elementor-element elementor-element-26eec1c elementor-widget elementor-widget-image\" data-id=\"26eec1c\" data-element_type=\"widget\" data-widget_type=\"image.default\">\n\t\t\t\t<div class=\"elementor-widget-container\">\n\t\t\t\t\t\t\t\t\t\t\t\t\t<img fetchpriority=\"high\" decoding=\"async\" width=\"1494\" height=\"1974\" src=\"https:\/\/mindef.gov.cm\/armee-de-terre\/wp-content\/uploads\/sites\/5\/2023\/07\/img-cemat.png\" class=\"attachment-full size-full wp-image-248\" alt=\"\" \/>\t\t\t\t\t\t\t\t\t\t\t\t\t<\/div>\n\t\t\t\t<\/div>\n\t\t\t\t\t<\/div>\n\t\t<\/div>\n\t\t\t\t<div class=\"elementor-column elementor-col-20 elementor-top-column elementor-element elementor-element-23cd9b4\" data-id=\"23cd9b4\" data-element_type=\"column\">\n\t\t\t<div class=\"elementor-widget-wrap\">\n\t\t\t\t\t\t\t<\/div>\n\t\t<\/div>\n\t\t\t\t<div class=\"elementor-column elementor-col-20 elementor-top-column elementor-element elementor-element-f82da2d\" data-id=\"f82da2d\" data-element_type=\"column\">\n\t\t\t<div class=\"elementor-widget-wrap elementor-element-populated\">\n\t\t\t\t\t\t<div class=\"elementor-element elementor-element-0daf5da elementor-hidden-tablet elementor-hidden-mobile elementor-widget elementor-widget-spacer\" data-id=\"0daf5da\" data-element_type=\"widget\" data-widget_type=\"spacer.default\">\n\t\t\t\t<div class=\"elementor-widget-container\">\n\t\t\t\t\t<div class=\"elementor-spacer\">\n\t\t\t<div class=\"elementor-spacer-inner\"><\/div>\n\t\t<\/div>\n\t\t\t\t<\/div>\n\t\t\t\t<\/div>\n\t\t\t\t<div class=\"elementor-element elementor-element-6bc6613 elementor-widget elementor-widget-image\" data-id=\"6bc6613\" data-element_type=\"widget\" data-widget_type=\"image.default\">\n\t\t\t\t<div class=\"elementor-widget-container\">\n\t\t\t\t\t\t\t\t\t\t\t\t\t<img decoding=\"async\" width=\"394\" height=\"394\" src=\"https:\/\/mindef.gov.cm\/armee-de-terre\/wp-content\/uploads\/sites\/5\/2023\/07\/log-terre.png\" class=\"attachment-full size-full wp-image-247\" alt=\"\" \/>\t\t\t\t\t\t\t\t\t\t\t\t\t<\/div>\n\t\t\t\t<\/div>\n\t\t\t\t<div class=\"elementor-element elementor-element-df31417 elementor-widget elementor-widget-heading\" data-id=\"df31417\" data-element_type=\"widget\" data-widget_type=\"heading.default\">\n\t\t\t\t<div class=\"elementor-widget-container\">\n\t\t\t<h2 class=\"elementor-heading-title elementor-size-default\">GD BABA SOULEY<\/h2>\t\t<\/div>\n\t\t\t\t<\/div>\n\t\t\t\t<div class=\"elementor-element elementor-element-c89178f elementor-hidden-tablet elementor-hidden-mobile elementor-widget elementor-widget-spacer\" data-id=\"c89178f\" data-element_type=\"widget\" data-widget_type=\"spacer.default\">\n\t\t\t\t<div class=\"elementor-widget-container\">\n\t\t\t\t\t<div class=\"elementor-spacer\">\n\t\t\t<div class=\"elementor-spacer-inner\"><\/div>\n\t\t<\/div>\n\t\t\t\t<\/div>\n\t\t\t\t<\/div>\n\t\t\t\t<div class=\"elementor-element elementor-element-bf18cb5 elementor-widget-divider--view-line elementor-widget elementor-widget-divider\" data-id=\"bf18cb5\" data-element_type=\"widget\" data-widget_type=\"divider.default\">\n\t\t\t\t<div class=\"elementor-widget-container\">\n\t\t\t\t\t<div class=\"elementor-divider\">\n\t\t\t<span class=\"elementor-divider-separator\">\n\t\t\t\t\t\t<\/span>\n\t\t<\/div>\n\t\t\t\t<\/div>\n\t\t\t\t<\/div>\n\t\t\t\t<div class=\"elementor-element elementor-element-b9e0a01 elementor-widget elementor-widget-heading\" data-id=\"b9e0a01\" data-element_type=\"widget\" data-widget_type=\"heading.default\">\n\t\t\t\t<div class=\"elementor-widget-container\">\n\t\t\t<h4 class=\"elementor-heading-title elementor-size-small\">Chef d'\u00e9tat-major de l'arm\u00e9e de Terre<\/h4>\t\t<\/div>\n\t\t\t\t<\/div>\n\t\t\t\t<div class=\"elementor-element elementor-element-296e4ec elementor-widget elementor-widget-heading\" data-id=\"296e4ec\" data-element_type=\"widget\" data-widget_type=\"heading.default\">\n\t\t\t\t<div class=\"elementor-widget-container\">\n\t\t\t<h4 class=\"elementor-heading-title elementor-size-small\"> Army Chief of Staff<\/h4>\t\t<\/div>\n\t\t\t\t<\/div>\n\t\t\t\t\t<\/div>\n\t\t<\/div>\n\t\t\t\t<div class=\"elementor-column elementor-col-20 elementor-top-column elementor-element elementor-element-3fbf24d\" data-id=\"3fbf24d\" data-element_type=\"column\">\n\t\t\t<div class=\"elementor-widget-wrap\">\n\t\t\t\t\t\t\t<\/div>\n\t\t<\/div>\n\t\t\t\t\t<\/div>\n\t\t<\/section>\n\t\t\t\t<section class=\"elementor-section elementor-top-section elementor-element elementor-element-1d0abeac animated-fast elementor-section-boxed elementor-section-height-default elementor-section-height-default\" data-id=\"1d0abeac\" data-element_type=\"section\" data-settings=\"{&quot;background_background&quot;:&quot;classic&quot;,&quot;animation&quot;:&quot;none&quot;}\">\n\t\t\t\t\t\t<div class=\"elementor-container elementor-column-gap-default\">\n\t\t\t\t\t<div class=\"elementor-column elementor-col-50 elementor-top-column elementor-element elementor-element-6d3f667b elementor-hidden-tablet elementor-hidden-mobile elementor-hidden-mobile_extra\" data-id=\"6d3f667b\" data-element_type=\"column\" data-settings=\"{&quot;background_background&quot;:&quot;classic&quot;}\">\n\t\t\t<div class=\"elementor-widget-wrap elementor-element-populated\">\n\t\t\t\t\t\t<div class=\"elementor-element elementor-element-39999362 elementor-hidden-tablet elementor-hidden-mobile elementor-widget elementor-widget-spacer\" data-id=\"39999362\" data-element_type=\"widget\" data-widget_type=\"spacer.default\">\n\t\t\t\t<div class=\"elementor-widget-container\">\n\t\t\t\t\t<div class=\"elementor-spacer\">\n\t\t\t<div class=\"elementor-spacer-inner\"><\/div>\n\t\t<\/div>\n\t\t\t\t<\/div>\n\t\t\t\t<\/div>\n\t\t\t\t<div class=\"elementor-element elementor-element-336aacfa elementor-nav-menu__align-start elementor-widget__width-initial elementor-nav-menu--dropdown-none elementor-hidden-tablet elementor-hidden-mobile_extra elementor-hidden-mobile elementor-widget elementor-widget-nav-menu\" data-id=\"336aacfa\" data-element_type=\"widget\" data-settings=\"{&quot;sticky&quot;:&quot;top&quot;,&quot;sticky_offset&quot;:120,&quot;sticky_parent&quot;:&quot;yes&quot;,&quot;layout&quot;:&quot;horizontal&quot;,&quot;submenu_icon&quot;:{&quot;value&quot;:&quot;&lt;i class=\\&quot;fas fa-caret-down\\&quot;&gt;&lt;\\\/i&gt;&quot;,&quot;library&quot;:&quot;fa-solid&quot;},&quot;sticky_on&quot;:[&quot;widescreen&quot;,&quot;desktop&quot;,&quot;laptop&quot;,&quot;tablet_extra&quot;,&quot;tablet&quot;,&quot;mobile_extra&quot;,&quot;mobile&quot;],&quot;sticky_effects_offset&quot;:0,&quot;sticky_anchor_link_offset&quot;:0}\" data-widget_type=\"nav-menu.default\">\n\t\t\t\t<div class=\"elementor-widget-container\">\n\t\t\t\t\t\t<nav aria-label=\"Menu\" class=\"elementor-nav-menu--main elementor-nav-menu__container elementor-nav-menu--layout-horizontal e--pointer-underline e--animation-drop-out\">\n\t\t\t\t<ul id=\"menu-1-336aacfa\" class=\"elementor-nav-menu\"><li class=\"menu-item menu-item-type-custom menu-item-object-custom menu-item-165\"><a href=\"https:\/\/mindef.gov.cm\/armee-de-terre\/cemat\/#biographie\" class=\"elementor-item elementor-item-anchor\">Biographie<\/a><\/li>\n<\/ul>\t\t\t<\/nav>\n\t\t\t\t\t\t<nav class=\"elementor-nav-menu--dropdown elementor-nav-menu__container\" aria-hidden=\"true\">\n\t\t\t\t<ul id=\"menu-2-336aacfa\" class=\"elementor-nav-menu\"><li class=\"menu-item menu-item-type-custom menu-item-object-custom menu-item-165\"><a href=\"https:\/\/mindef.gov.cm\/armee-de-terre\/cemat\/#biographie\" class=\"elementor-item elementor-item-anchor\" tabindex=\"-1\">Biographie<\/a><\/li>\n<\/ul>\t\t\t<\/nav>\n\t\t\t\t<\/div>\n\t\t\t\t<\/div>\n\t\t\t\t\t<\/div>\n\t\t<\/div>\n\t\t\t\t<div class=\"elementor-column elementor-col-50 elementor-top-column elementor-element elementor-element-34886726\" data-id=\"34886726\" data-element_type=\"column\" data-settings=\"{&quot;background_background&quot;:&quot;classic&quot;}\">\n\t\t\t<div class=\"elementor-widget-wrap elementor-element-populated\">\n\t\t\t\t\t\t<div class=\"elementor-element elementor-element-245ec363 elementor-hidden-tablet elementor-hidden-mobile elementor-widget elementor-widget-spacer\" data-id=\"245ec363\" data-element_type=\"widget\" data-widget_type=\"spacer.default\">\n\t\t\t\t<div class=\"elementor-widget-container\">\n\t\t\t\t\t<div class=\"elementor-spacer\">\n\t\t\t<div class=\"elementor-spacer-inner\"><\/div>\n\t\t<\/div>\n\t\t\t\t<\/div>\n\t\t\t\t<\/div>\n\t\t\t\t<div class=\"elementor-element elementor-element-26ee133f elementor-widget elementor-widget-heading\" data-id=\"26ee133f\" data-element_type=\"widget\" id=\"biographie\" data-widget_type=\"heading.default\">\n\t\t\t\t<div class=\"elementor-widget-container\">\n\t\t\t<h2 class=\"elementor-heading-title elementor-size-small\">Biographie<\/h2>\t\t<\/div>\n\t\t\t\t<\/div>\n\t\t\t\t<div class=\"elementor-element elementor-element-6e5ea92 elementor-widget elementor-widget-text-editor\" data-id=\"6e5ea92\" data-element_type=\"widget\" data-widget_type=\"text-editor.default\">\n\t\t\t\t<div class=\"elementor-widget-container\">\n\t\t\t\t\t\t\t<ul><li><strong>Etat civil<\/strong><\/li><\/ul><p>Le G\u00e9n\u00e9ral de Division\u00a0<strong>BABA SOULEY<\/strong>\u00a0est n\u00e9 le 31 d\u00e9cembre 1945 \u00e0 Yaound\u00e9 de l\u2019union entre El-Hadji Souley Garba et de Yeria Salakou. Mari\u00e9, il est p\u00e8re de plusieurs enfants.<\/p><ul><li><strong>Etudes secondaires et universitaires<\/strong><ul><li><strong>12\/05\/1964 :<\/strong>\u00a0Brevet d\u2019Etudes du Premier Cycle du second degr\u00e9 au Lyc\u00e9e de Garoua<\/li><li><strong>28\/03\/1972 :<\/strong>\u00a0Baccalaur\u00e9at, s\u00e9rie A, Philosophie et Lettres (Montpellier_France)<\/li><li><strong>13\/07\/1982\u00a0:<\/strong>\u00a0Licence en Droit public (Universit\u00e9 de Yaound\u00e9)<\/li><\/ul><\/li><\/ul><ul><li><strong>Formation militaire<\/strong><ul><li><strong>21\/02\/1966\u00a0:\u00a0<\/strong>Engag\u00e9 sp\u00e9cial au titre d\u2019El\u00e8ve Officier de R\u00e9serve (E.O.R.) pour une dur\u00e9e \u00e9gale au temps que doit durer sa formation.<\/li><li><strong>05\/07\/1966\u00a0:<\/strong>\u00a0Formation d\u2019E.O.R. infanterie (Montpellier_France)<\/li><li><strong>10\/09\/1971\u00a0:<\/strong>\u00a0Dipl\u00f4me d\u2019officiers instructeurs commando n\u00b01 \u00e0 Mont-Louis (France)<\/li><li><strong>1<\/strong><strong><sup>er<\/sup><\/strong><strong>\/09\/1972\u00a0:<\/strong>\u00a0Mut\u00e9 au Commandement du Quartier G\u00e9n\u00e9ral en qualit\u00e9 d\u2019\u00e9l\u00e8ve \u00e0 l\u2019EMIAC<\/li><li><strong>16\/07\/1981\u00a0:<\/strong>\u00a0Cours de Capitaines (EMIA)<\/li><li><strong>29\/06\/1983\u00a0:<\/strong>\u00a0DEM : Dipl\u00f4me d\u2019Etat-Major (EMIA)<\/li><li><strong>30\/06\/1994\u00a0:<\/strong>\u00a0BEMS\u00a0: Brevet d\u2019Etudes Militaires Sup\u00e9rieure, obtenu au Coll\u00e8ge Interarm\u00e9es de D\u00e9fense (CID) de Paris<\/li><\/ul><\/li><\/ul><ul><li><strong>Grades successifs<\/strong><ul><li>\u00a0<strong>1<\/strong><strong><sup>er<\/sup><\/strong><strong>\/07\/1966\u00a0:<\/strong>\u00a0Nomm\u00e9 aspirant<\/li><li><strong>1<\/strong><strong><sup>er<\/sup><\/strong><strong>\/01\/1969\u00a0:<\/strong>\u00a0Sous-lieutenant<\/li><li><strong>1<\/strong><strong><sup>er<\/sup><\/strong><strong>\/07\/1971\u00a0:\u00a0<\/strong>Lieutenant<\/li><li><strong>1<\/strong><strong><sup>er<\/sup><\/strong><strong>\/07\/1976\u00a0:<\/strong>\u00a0Capitaine<\/li><li>\u00a0<strong>1<\/strong><strong><sup>er<\/sup><\/strong><strong>\/07\/1983\u00a0:<\/strong>\u00a0Chef de Bataillon<\/li><li><strong>1<\/strong><strong><sup>er<\/sup><\/strong><strong>\/07\/1989\u00a0:<\/strong>\u00a0Lieutenant-Colonel<\/li><li><strong>1<\/strong><strong><sup>er<\/sup><\/strong><strong>\/07\/1994 :<\/strong>\u00a0Colonel<\/li><li><strong>25\/09\/2001\u00a0:<\/strong>\u00a0G\u00e9n\u00e9ral de Brigade<\/li><li><strong>11\/03\/2011\u00a0:<\/strong>\u00a0G\u00e9n\u00e9ral de Division<\/li><\/ul><\/li><\/ul><ul><li><strong>Postes occup\u00e9s<\/strong><ul><li><strong>1<\/strong><strong><sup>er<\/sup><\/strong><strong>\/09\/1966\u00a0:\u00a0<\/strong>Chef de section \u00e0 la 8<sup>e<\/sup>\u00a0Compagnie de Bafang<\/li><li><strong>1<\/strong><strong><sup>er<\/sup><\/strong><strong>\/04\/1967\u00a0:\u00a0<\/strong>Chef de section \u00e0 la 6<sup>e<\/sup>\u00a0Compagnie de Bamenda<\/li><li><strong>1<\/strong><strong><sup>er<\/sup><\/strong><strong>\/06\/1968\u00a0:\u00a0<\/strong>Instructeur au Centre d\u2019Instruction de l\u2019Arm\u00e9e de Terre (CIAT)<\/li><li><strong>1<\/strong><strong><sup>er<\/sup><\/strong><strong>\/07\/1971\u00a0:\u00a0<\/strong>Officier instructeur \u00e0 l\u2019EMIAC<\/li><li><strong>16\/07\/1972\u00a0:\u00a0<\/strong>Commandant de la CEG\/CCK (Koutaba)<\/li><li><strong>1<\/strong><strong><sup>er<\/sup><\/strong><strong>\/08\/1974\u00a0:\u00a0<\/strong>Commandant de compagnie BAT4\/43<sup>e<\/sup>\u00a0Cie de Mamfe<\/li><li><strong>19\/08\/1975\u00a0:\u00a0<\/strong>DI au CPEFAN de Ngaoundal<\/li><li><strong>20\/07\/1981\u00a0:\u00a0<\/strong>Chef d\u2019Etat-Major QG\/CC<\/li><li><strong>20\/07\/1983\u00a0:<\/strong>\u00a0Commandant du CPEFAN de Ngaoundal<\/li><li><strong>21\/11\/1985\u00a0:\u00a0<\/strong>Commandant du CIFAN et Com secteur<\/li><li><strong>21\/10\/1988\u00a0:<\/strong>Chef du 3<sup>e<\/sup>\u00a0Bureau \u00e0 l\u2019EMAT<\/li><li><strong>08\/09\/1994\u00a0:\u00a0<\/strong>Chef de la 2<sup>e<\/sup>\u00a0Division \u00e0 l\u2019EMA<\/li><li><strong>24\/03\/1997\u00a0:\u00a0<\/strong>Commandant du Corps National des Sapeurs-Pompiers<\/li><li><strong>11\/03\/2011\u00a0:\u00a0<\/strong>Chef d\u2019Etat-Major de l\u2019Arm\u00e9e de Terre en poste<\/li><\/ul><\/li><li><strong>D\u00e9corations<\/strong><ul><li>M\u00e9daille de la Force Publique<\/li><li>Chevalier de l\u2019ordre de la valeur<\/li><li>Officier de l\u2019ordre de la valeur<\/li><li>Commandeur de l\u2019ordre de la valeur<\/li><li>Chevalier du m\u00e9rite camerounais<\/li><li>Officier du m\u00e9rite camerounais<\/li><li>Grand cordon du m\u00e9rite camerounais<\/li><li>Croix de la valeur militaire avec citation \u00e0 l\u2019ordre des arm\u00e9es<\/li><\/ul><\/li><\/ul>\t\t\t\t\t\t<\/div>\n\t\t\t\t<\/div>\n\t\t\t\t<div class=\"elementor-element elementor-element-73748b1d elementor-hidden-tablet elementor-hidden-mobile elementor-widget elementor-widget-spacer\" data-id=\"73748b1d\" data-element_type=\"widget\" data-widget_type=\"spacer.default\">\n\t\t\t\t<div class=\"elementor-widget-container\">\n\t\t\t\t\t<div class=\"elementor-spacer\">\n\t\t\t<div class=\"elementor-spacer-inner\"><\/div>\n\t\t<\/div>\n\t\t\t\t<\/div>\n\t\t\t\t<\/div>\n\t\t\t\t\t<\/div>\n\t\t<\/div>\n\t\t\t\t\t<\/div>\n\t\t<\/section>\n\t\t\t\t<\/div>\n\t\t","protected":false},"excerpt":{"rendered":"<p>GD BABA SOULEY Chef d&#8217;\u00e9tat-major de l&#8217;arm\u00e9e de Terre Army Chief of Staff Biographie Etat civil Le G\u00e9n\u00e9ral de Division\u00a0BABA SOULEY\u00a0est n\u00e9 le 31 d\u00e9cembre 1945 \u00e0 Yaound\u00e9 de l\u2019union entre El-Hadji Souley Garba et de Yeria Salakou. Mari\u00e9, il est p\u00e8re de plusieurs enfants. Etudes secondaires et universitaires 12\/05\/1964 :\u00a0Brevet d\u2019Etudes du Premier Cycle [&hellip;]<\/p>\n","protected":false},"author":1,"featured_media":0,"parent":0,"menu_order":0,"comment_status":"closed","ping_status":"closed","template":"","meta":{"footnotes":""},"class_list":["post-112","page","type-page","status-publish","hentry"],"yoast_head":"<!-- This site is optimized with the Yoast SEO plugin v23.3 - https:\/\/yoast.com\/wordpress\/plugins\/seo\/ -->\n<title>cemat - Arm\u00e9e de Terre<\/title>\n<meta name=\"robots\" content=\"index, follow, max-snippet:-1, max-image-preview:large, max-video-preview:-1\" \/>\n<link rel=\"canonical\" href=\"https:\/\/mindef.gov.cm\/armee-de-terre\/cemat\/\" \/>\n<meta property=\"og:locale\" content=\"fr_FR\" \/>\n<meta property=\"og:type\" content=\"article\" \/>\n<meta property=\"og:title\" content=\"cemat - Arm\u00e9e de Terre\" \/>\n<meta property=\"og:description\" content=\"GD BABA SOULEY Chef d&#8217;\u00e9tat-major de l&#8217;arm\u00e9e de Terre Army Chief of Staff Biographie Etat civil Le G\u00e9n\u00e9ral de Division\u00a0BABA SOULEY\u00a0est n\u00e9 le 31 d\u00e9cembre 1945 \u00e0 Yaound\u00e9 de l\u2019union entre El-Hadji Souley Garba et de Yeria Salakou. Mari\u00e9, il est p\u00e8re de plusieurs enfants. Etudes secondaires et universitaires 12\/05\/1964 :\u00a0Brevet d\u2019Etudes du Premier Cycle [&hellip;]\" \/>\n<meta property=\"og:url\" content=\"https:\/\/mindef.gov.cm\/armee-de-terre\/cemat\/\" \/>\n<meta property=\"og:site_name\" content=\"Arm\u00e9e de Terre\" \/>\n<meta property=\"article:modified_time\" content=\"2023-11-09T06:34:14+00:00\" \/>\n<meta property=\"og:image\" content=\"https:\/\/mindef.gov.cm\/armee-de-terre\/wp-content\/uploads\/sites\/5\/2023\/07\/img-cemat.png\" \/>\n<meta name=\"twitter:card\" content=\"summary_large_image\" \/>\n<meta name=\"twitter:label1\" content=\"Dur\u00e9e de lecture estim\u00e9e\" \/>\n\t<meta name=\"twitter:data1\" content=\"3 minutes\" \/>\n<script type=\"application\/ld+json\" class=\"yoast-schema-graph\">{\"@context\":\"https:\/\/schema.org\",\"@graph\":[{\"@type\":\"WebPage\",\"@id\":\"https:\/\/mindef.gov.cm\/armee-de-terre\/cemat\/\",\"url\":\"https:\/\/mindef.gov.cm\/armee-de-terre\/cemat\/\",\"name\":\"cemat - Arm\u00e9e de Terre\",\"isPartOf\":{\"@id\":\"https:\/\/mindef.gov.cm\/armee-de-terre\/#website\"},\"primaryImageOfPage\":{\"@id\":\"https:\/\/mindef.gov.cm\/armee-de-terre\/cemat\/#primaryimage\"},\"image\":{\"@id\":\"https:\/\/mindef.gov.cm\/armee-de-terre\/cemat\/#primaryimage\"},\"thumbnailUrl\":\"https:\/\/mindef.gov.cm\/armee-de-terre\/wp-content\/uploads\/sites\/5\/2023\/07\/img-cemat.png\",\"datePublished\":\"2023-07-27T13:50:40+00:00\",\"dateModified\":\"2023-11-09T06:34:14+00:00\",\"breadcrumb\":{\"@id\":\"https:\/\/mindef.gov.cm\/armee-de-terre\/cemat\/#breadcrumb\"},\"inLanguage\":\"fr-FR\",\"potentialAction\":[{\"@type\":\"ReadAction\",\"target\":[\"https:\/\/mindef.gov.cm\/armee-de-terre\/cemat\/\"]}]},{\"@type\":\"ImageObject\",\"inLanguage\":\"fr-FR\",\"@id\":\"https:\/\/mindef.gov.cm\/armee-de-terre\/cemat\/#primaryimage\",\"url\":\"https:\/\/mindef.gov.cm\/armee-de-terre\/wp-content\/uploads\/sites\/5\/2023\/07\/img-cemat.png\",\"contentUrl\":\"https:\/\/mindef.gov.cm\/armee-de-terre\/wp-content\/uploads\/sites\/5\/2023\/07\/img-cemat.png\",\"width\":1494,\"height\":1974},{\"@type\":\"BreadcrumbList\",\"@id\":\"https:\/\/mindef.gov.cm\/armee-de-terre\/cemat\/#breadcrumb\",\"itemListElement\":[{\"@type\":\"ListItem\",\"position\":1,\"name\":\"Home\",\"item\":\"https:\/\/mindef.gov.cm\/armee-de-terre\/\"},{\"@type\":\"ListItem\",\"position\":2,\"name\":\"cemat\"}]},{\"@type\":\"WebSite\",\"@id\":\"https:\/\/mindef.gov.cm\/armee-de-terre\/#website\",\"url\":\"https:\/\/mindef.gov.cm\/armee-de-terre\/\",\"name\":\"Arm\u00e9e de Terre\",\"description\":\"\",\"publisher\":{\"@id\":\"https:\/\/mindef.gov.cm\/armee-de-terre\/#organization\"},\"potentialAction\":[{\"@type\":\"SearchAction\",\"target\":{\"@type\":\"EntryPoint\",\"urlTemplate\":\"https:\/\/mindef.gov.cm\/armee-de-terre\/?s={search_term_string}\"},\"query-input\":\"required name=search_term_string\"}],\"inLanguage\":\"fr-FR\"},{\"@type\":\"Organization\",\"@id\":\"https:\/\/mindef.gov.cm\/armee-de-terre\/#organization\",\"name\":\"Arm\u00e9e de Terre\",\"url\":\"https:\/\/mindef.gov.cm\/armee-de-terre\/\",\"logo\":{\"@type\":\"ImageObject\",\"inLanguage\":\"fr-FR\",\"@id\":\"https:\/\/mindef.gov.cm\/armee-de-terre\/#\/schema\/logo\/image\/\",\"url\":\"https:\/\/mindef.gov.cm\/armee-de-terre\/wp-content\/uploads\/sites\/5\/2023\/07\/LOGO-MINDEF-PNG-FRANCAIS.png\",\"contentUrl\":\"https:\/\/mindef.gov.cm\/armee-de-terre\/wp-content\/uploads\/sites\/5\/2023\/07\/LOGO-MINDEF-PNG-FRANCAIS.png\",\"width\":2126,\"height\":478,\"caption\":\"Arm\u00e9e de Terre\"},\"image\":{\"@id\":\"https:\/\/mindef.gov.cm\/armee-de-terre\/#\/schema\/logo\/image\/\"}}]}<\/script>\n<!-- \/ Yoast SEO plugin. -->","yoast_head_json":{"title":"cemat - Arm\u00e9e de Terre","robots":{"index":"index","follow":"follow","max-snippet":"max-snippet:-1","max-image-preview":"max-image-preview:large","max-video-preview":"max-video-preview:-1"},"canonical":"https:\/\/mindef.gov.cm\/armee-de-terre\/cemat\/","og_locale":"fr_FR","og_type":"article","og_title":"cemat - Arm\u00e9e de Terre","og_description":"GD BABA SOULEY Chef d&#8217;\u00e9tat-major de l&#8217;arm\u00e9e de Terre Army Chief of Staff Biographie Etat civil Le G\u00e9n\u00e9ral de Division\u00a0BABA SOULEY\u00a0est n\u00e9 le 31 d\u00e9cembre 1945 \u00e0 Yaound\u00e9 de l\u2019union entre El-Hadji Souley Garba et de Yeria Salakou. Mari\u00e9, il est p\u00e8re de plusieurs enfants. Etudes secondaires et universitaires 12\/05\/1964 :\u00a0Brevet d\u2019Etudes du Premier Cycle [&hellip;]","og_url":"https:\/\/mindef.gov.cm\/armee-de-terre\/cemat\/","og_site_name":"Arm\u00e9e de Terre","article_modified_time":"2023-11-09T06:34:14+00:00","og_image":[{"url":"https:\/\/mindef.gov.cm\/armee-de-terre\/wp-content\/uploads\/sites\/5\/2023\/07\/img-cemat.png"}],"twitter_card":"summary_large_image","twitter_misc":{"Dur\u00e9e de lecture estim\u00e9e":"3 minutes"},"schema":{"@context":"https:\/\/schema.org","@graph":[{"@type":"WebPage","@id":"https:\/\/mindef.gov.cm\/armee-de-terre\/cemat\/","url":"https:\/\/mindef.gov.cm\/armee-de-terre\/cemat\/","name":"cemat - Arm\u00e9e de Terre","isPartOf":{"@id":"https:\/\/mindef.gov.cm\/armee-de-terre\/#website"},"primaryImageOfPage":{"@id":"https:\/\/mindef.gov.cm\/armee-de-terre\/cemat\/#primaryimage"},"image":{"@id":"https:\/\/mindef.gov.cm\/armee-de-terre\/cemat\/#primaryimage"},"thumbnailUrl":"https:\/\/mindef.gov.cm\/armee-de-terre\/wp-content\/uploads\/sites\/5\/2023\/07\/img-cemat.png","datePublished":"2023-07-27T13:50:40+00:00","dateModified":"2023-11-09T06:34:14+00:00","breadcrumb":{"@id":"https:\/\/mindef.gov.cm\/armee-de-terre\/cemat\/#breadcrumb"},"inLanguage":"fr-FR","potentialAction":[{"@type":"ReadAction","target":["https:\/\/mindef.gov.cm\/armee-de-terre\/cemat\/"]}]},{"@type":"ImageObject","inLanguage":"fr-FR","@id":"https:\/\/mindef.gov.cm\/armee-de-terre\/cemat\/#primaryimage","url":"https:\/\/mindef.gov.cm\/armee-de-terre\/wp-content\/uploads\/sites\/5\/2023\/07\/img-cemat.png","contentUrl":"https:\/\/mindef.gov.cm\/armee-de-terre\/wp-content\/uploads\/sites\/5\/2023\/07\/img-cemat.png","width":1494,"height":1974},{"@type":"BreadcrumbList","@id":"https:\/\/mindef.gov.cm\/armee-de-terre\/cemat\/#breadcrumb","itemListElement":[{"@type":"ListItem","position":1,"name":"Home","item":"https:\/\/mindef.gov.cm\/armee-de-terre\/"},{"@type":"ListItem","position":2,"name":"cemat"}]},{"@type":"WebSite","@id":"https:\/\/mindef.gov.cm\/armee-de-terre\/#website","url":"https:\/\/mindef.gov.cm\/armee-de-terre\/","name":"Arm\u00e9e de Terre","description":"","publisher":{"@id":"https:\/\/mindef.gov.cm\/armee-de-terre\/#organization"},"potentialAction":[{"@type":"SearchAction","target":{"@type":"EntryPoint","urlTemplate":"https:\/\/mindef.gov.cm\/armee-de-terre\/?s={search_term_string}"},"query-input":"required name=search_term_string"}],"inLanguage":"fr-FR"},{"@type":"Organization","@id":"https:\/\/mindef.gov.cm\/armee-de-terre\/#organization","name":"Arm\u00e9e de Terre","url":"https:\/\/mindef.gov.cm\/armee-de-terre\/","logo":{"@type":"ImageObject","inLanguage":"fr-FR","@id":"https:\/\/mindef.gov.cm\/armee-de-terre\/#\/schema\/logo\/image\/","url":"https:\/\/mindef.gov.cm\/armee-de-terre\/wp-content\/uploads\/sites\/5\/2023\/07\/LOGO-MINDEF-PNG-FRANCAIS.png","contentUrl":"https:\/\/mindef.gov.cm\/armee-de-terre\/wp-content\/uploads\/sites\/5\/2023\/07\/LOGO-MINDEF-PNG-FRANCAIS.png","width":2126,"height":478,"caption":"Arm\u00e9e de Terre"},"image":{"@id":"https:\/\/mindef.gov.cm\/armee-de-terre\/#\/schema\/logo\/image\/"}}]}},"rttpg_featured_image_url":null,"rttpg_author":{"display_name":"ricaldorichard237@gmail.com","author_link":"https:\/\/mindef.gov.cm\/armee-de-terre\/author\/ricaldorichard237gmail-com\/"},"rttpg_comment":0,"rttpg_category":false,"rttpg_excerpt":"GD BABA SOULEY Chef d&#8217;\u00e9tat-major de l&#8217;arm\u00e9e de Terre Army Chief of Staff Biographie Etat civil Le G\u00e9n\u00e9ral de Division\u00a0BABA SOULEY\u00a0est n\u00e9 le 31 d\u00e9cembre 1945 \u00e0 Yaound\u00e9 de l\u2019union entre El-Hadji Souley Garba et de Yeria Salakou. Mari\u00e9, il est p\u00e8re de plusieurs enfants. Etudes secondaires et universitaires 12\/05\/1964 :\u00a0Brevet d\u2019Etudes du Premier Cycle\u2026","_links":{"self":[{"href":"https:\/\/mindef.gov.cm\/armee-de-terre\/wp-json\/wp\/v2\/pages\/112","targetHints":{"allow":["GET"]}}],"collection":[{"href":"https:\/\/mindef.gov.cm\/armee-de-terre\/wp-json\/wp\/v2\/pages"}],"about":[{"href":"https:\/\/mindef.gov.cm\/armee-de-terre\/wp-json\/wp\/v2\/types\/page"}],"author":[{"embeddable":true,"href":"https:\/\/mindef.gov.cm\/armee-de-terre\/wp-json\/wp\/v2\/users\/1"}],"replies":[{"embeddable":true,"href":"https:\/\/mindef.gov.cm\/armee-de-terre\/wp-json\/wp\/v2\/comments?post=112"}],"version-history":[{"count":0,"href":"https:\/\/mindef.gov.cm\/armee-de-terre\/wp-json\/wp\/v2\/pages\/112\/revisions"}],"wp:attachment":[{"href":"https:\/\/mindef.gov.cm\/armee-de-terre\/wp-json\/wp\/v2\/media?parent=112"}],"curies":[{"name":"wp","href":"https:\/\/api.w.org\/{rel}","templated":true}]}}