{"id":3862,"date":"2023-07-26T18:55:14","date_gmt":"2023-07-26T16:55:14","guid":{"rendered":"https:\/\/mindef.gov.cm\/le_president_de_la_republique\/"},"modified":"2023-11-06T18:07:53","modified_gmt":"2023-11-06T17:07:53","slug":"le_president_de_la_republique","status":"publish","type":"page","link":"https:\/\/mindef.gov.cm\/en\/le_president_de_la_republique\/","title":{"rendered":"Paul BIYA, Chef de l\u2019\u00c9tat, Chef des Forces Arm\u00e9es"},"content":{"rendered":"\t\t<div data-elementor-type=\"wp-page\" data-elementor-id=\"3862\" class=\"elementor elementor-3862 elementor-112\" data-elementor-post-type=\"page\">\n\t\t\t\t\t\t<section class=\"elementor-section elementor-top-section elementor-element elementor-element-47093715 elementor-section-boxed elementor-section-height-default elementor-section-height-default\" data-id=\"47093715\" data-element_type=\"section\" data-settings=\"{&quot;background_background&quot;:&quot;classic&quot;}\">\n\t\t\t\t\t\t<div class=\"elementor-container elementor-column-gap-default\">\n\t\t\t\t\t<div class=\"elementor-column elementor-col-20 elementor-top-column elementor-element elementor-element-577767f9\" data-id=\"577767f9\" data-element_type=\"column\">\n\t\t\t<div class=\"elementor-widget-wrap elementor-element-populated\">\n\t\t\t\t\t\t<div class=\"elementor-element elementor-element-2a9368b6 elementor-widget elementor-widget-spacer\" data-id=\"2a9368b6\" data-element_type=\"widget\" data-widget_type=\"spacer.default\">\n\t\t\t\t<div class=\"elementor-widget-container\">\n\t\t\t\t\t<div class=\"elementor-spacer\">\n\t\t\t<div class=\"elementor-spacer-inner\"><\/div>\n\t\t<\/div>\n\t\t\t\t<\/div>\n\t\t\t\t<\/div>\n\t\t\t\t\t<\/div>\n\t\t<\/div>\n\t\t\t\t<div class=\"elementor-column elementor-col-20 elementor-top-column elementor-element elementor-element-2c47ed63\" data-id=\"2c47ed63\" data-element_type=\"column\">\n\t\t\t<div class=\"elementor-widget-wrap elementor-element-populated\">\n\t\t\t\t\t\t<div class=\"elementor-element elementor-element-69cb2764 elementor-widget elementor-widget-image\" data-id=\"69cb2764\" data-element_type=\"widget\" data-widget_type=\"image.default\">\n\t\t\t\t<div class=\"elementor-widget-container\">\n\t\t\t\t\t\t\t\t\t\t\t\t\t<img fetchpriority=\"high\" decoding=\"async\" width=\"1494\" height=\"1974\" src=\"https:\/\/mindef.gov.cm\/wp-content\/uploads\/2023\/07\/img-prc.png\" class=\"attachment-full size-full wp-image-380\" alt=\"\" \/>\t\t\t\t\t\t\t\t\t\t\t\t\t<\/div>\n\t\t\t\t<\/div>\n\t\t\t\t\t<\/div>\n\t\t<\/div>\n\t\t\t\t<div class=\"elementor-column elementor-col-20 elementor-top-column elementor-element elementor-element-23df7d22\" data-id=\"23df7d22\" data-element_type=\"column\">\n\t\t\t<div class=\"elementor-widget-wrap\">\n\t\t\t\t\t\t\t<\/div>\n\t\t<\/div>\n\t\t\t\t<div class=\"elementor-column elementor-col-20 elementor-top-column elementor-element elementor-element-4174994d\" data-id=\"4174994d\" data-element_type=\"column\">\n\t\t\t<div class=\"elementor-widget-wrap elementor-element-populated\">\n\t\t\t\t\t\t<div class=\"elementor-element elementor-element-7b93ae28 elementor-hidden-tablet elementor-hidden-mobile elementor-widget elementor-widget-spacer\" data-id=\"7b93ae28\" data-element_type=\"widget\" data-widget_type=\"spacer.default\">\n\t\t\t\t<div class=\"elementor-widget-container\">\n\t\t\t\t\t<div class=\"elementor-spacer\">\n\t\t\t<div class=\"elementor-spacer-inner\"><\/div>\n\t\t<\/div>\n\t\t\t\t<\/div>\n\t\t\t\t<\/div>\n\t\t\t\t<div class=\"elementor-element elementor-element-20259a1b elementor-widget elementor-widget-image\" data-id=\"20259a1b\" data-element_type=\"widget\" data-widget_type=\"image.default\">\n\t\t\t\t<div class=\"elementor-widget-container\">\n\t\t\t\t\t\t\t\t\t\t\t\t\t<img decoding=\"async\" width=\"220\" height=\"249\" src=\"https:\/\/mindef.gov.cm\/wp-content\/uploads\/2023\/07\/re.png\" class=\"attachment-full size-full wp-image-390\" alt=\"\" \/>\t\t\t\t\t\t\t\t\t\t\t\t\t<\/div>\n\t\t\t\t<\/div>\n\t\t\t\t<div class=\"elementor-element elementor-element-7b8efea5 elementor-widget elementor-widget-heading\" data-id=\"7b8efea5\" data-element_type=\"widget\" data-widget_type=\"heading.default\">\n\t\t\t\t<div class=\"elementor-widget-container\">\n\t\t\t<h2 class=\"elementor-heading-title elementor-size-default\">S.E. Paul BIYA<\/h2>\t\t<\/div>\n\t\t\t\t<\/div>\n\t\t\t\t<div class=\"elementor-element elementor-element-6b5b1a6 elementor-hidden-tablet elementor-hidden-mobile elementor-widget elementor-widget-spacer\" data-id=\"6b5b1a6\" data-element_type=\"widget\" data-widget_type=\"spacer.default\">\n\t\t\t\t<div class=\"elementor-widget-container\">\n\t\t\t\t\t<div class=\"elementor-spacer\">\n\t\t\t<div class=\"elementor-spacer-inner\"><\/div>\n\t\t<\/div>\n\t\t\t\t<\/div>\n\t\t\t\t<\/div>\n\t\t\t\t<div class=\"elementor-element elementor-element-12804a9a elementor-widget-divider--view-line elementor-widget elementor-widget-divider\" data-id=\"12804a9a\" data-element_type=\"widget\" data-widget_type=\"divider.default\">\n\t\t\t\t<div class=\"elementor-widget-container\">\n\t\t\t\t\t<div class=\"elementor-divider\">\n\t\t\t<span class=\"elementor-divider-separator\">\n\t\t\t\t\t\t<\/span>\n\t\t<\/div>\n\t\t\t\t<\/div>\n\t\t\t\t<\/div>\n\t\t\t\t<div class=\"elementor-element elementor-element-7fa1d6cd elementor-widget elementor-widget-heading\" data-id=\"7fa1d6cd\" data-element_type=\"widget\" data-widget_type=\"heading.default\">\n\t\t\t\t<div class=\"elementor-widget-container\">\n\t\t\t<h4 class=\"elementor-heading-title elementor-size-small\">Pr\u00e9sident de la R\u00e9publique du Cameroun\n\n<\/h4>\t\t<\/div>\n\t\t\t\t<\/div>\n\t\t\t\t<div class=\"elementor-element elementor-element-3bfec573 elementor-widget elementor-widget-heading\" data-id=\"3bfec573\" data-element_type=\"widget\" data-widget_type=\"heading.default\">\n\t\t\t\t<div class=\"elementor-widget-container\">\n\t\t\t<h4 class=\"elementor-heading-title elementor-size-small\">\n\nChef de l\u2019\u00c9tat, Chef des Forces Arm\u00e9es\n<\/h4>\t\t<\/div>\n\t\t\t\t<\/div>\n\t\t\t\t<div class=\"elementor-element elementor-element-514f5f70 elementor-widget elementor-widget-heading\" data-id=\"514f5f70\" data-element_type=\"widget\" data-widget_type=\"heading.default\">\n\t\t\t\t<div class=\"elementor-widget-container\">\n\t\t\t<h4 class=\"elementor-heading-title elementor-size-small\">\nPresident of the Republic of  Cameroon<\/h4>\t\t<\/div>\n\t\t\t\t<\/div>\n\t\t\t\t<div class=\"elementor-element elementor-element-736d93d3 elementor-widget elementor-widget-heading\" data-id=\"736d93d3\" data-element_type=\"widget\" data-widget_type=\"heading.default\">\n\t\t\t\t<div class=\"elementor-widget-container\">\n\t\t\t<h4 class=\"elementor-heading-title elementor-size-small\">\n\nHead of State, Commander in Chief of the Armed Forces<\/h4>\t\t<\/div>\n\t\t\t\t<\/div>\n\t\t\t\t\t<\/div>\n\t\t<\/div>\n\t\t\t\t<div class=\"elementor-column elementor-col-20 elementor-top-column elementor-element elementor-element-7797ec6d\" data-id=\"7797ec6d\" data-element_type=\"column\">\n\t\t\t<div class=\"elementor-widget-wrap\">\n\t\t\t\t\t\t\t<\/div>\n\t\t<\/div>\n\t\t\t\t\t<\/div>\n\t\t<\/section>\n\t\t\t\t<section class=\"elementor-section elementor-top-section elementor-element elementor-element-4ac28ad7 animated-fast elementor-section-boxed elementor-section-height-default elementor-section-height-default\" data-id=\"4ac28ad7\" data-element_type=\"section\" data-settings=\"{&quot;background_background&quot;:&quot;classic&quot;,&quot;animation&quot;:&quot;none&quot;}\">\n\t\t\t\t\t\t<div class=\"elementor-container elementor-column-gap-default\">\n\t\t\t\t\t<div class=\"elementor-column elementor-col-50 elementor-top-column elementor-element elementor-element-6b7a2d25 elementor-hidden-tablet elementor-hidden-mobile elementor-hidden-mobile_extra\" data-id=\"6b7a2d25\" data-element_type=\"column\" data-settings=\"{&quot;background_background&quot;:&quot;classic&quot;}\">\n\t\t\t<div class=\"elementor-widget-wrap elementor-element-populated\">\n\t\t\t\t\t\t<div class=\"elementor-element elementor-element-2ad3c97d elementor-hidden-tablet elementor-hidden-mobile elementor-widget elementor-widget-spacer\" data-id=\"2ad3c97d\" data-element_type=\"widget\" data-widget_type=\"spacer.default\">\n\t\t\t\t<div class=\"elementor-widget-container\">\n\t\t\t\t\t<div class=\"elementor-spacer\">\n\t\t\t<div class=\"elementor-spacer-inner\"><\/div>\n\t\t<\/div>\n\t\t\t\t<\/div>\n\t\t\t\t<\/div>\n\t\t\t\t<div class=\"elementor-element elementor-element-5f2d1ad8 elementor-widget elementor-widget-spacer\" data-id=\"5f2d1ad8\" data-element_type=\"widget\" data-widget_type=\"spacer.default\">\n\t\t\t\t<div class=\"elementor-widget-container\">\n\t\t\t\t\t<div class=\"elementor-spacer\">\n\t\t\t<div class=\"elementor-spacer-inner\"><\/div>\n\t\t<\/div>\n\t\t\t\t<\/div>\n\t\t\t\t<\/div>\n\t\t\t\t<div class=\"elementor-element elementor-element-54467b8 elementor-nav-menu__align-start elementor-nav-menu--dropdown-none elementor-widget__width-initial elementor-widget elementor-widget-nav-menu\" data-id=\"54467b8\" data-element_type=\"widget\" data-settings=\"{&quot;sticky&quot;:&quot;top&quot;,&quot;sticky_offset&quot;:120,&quot;sticky_parent&quot;:&quot;yes&quot;,&quot;layout&quot;:&quot;vertical&quot;,&quot;submenu_icon&quot;:{&quot;value&quot;:&quot;&lt;i class=\\&quot;fas fa-caret-down\\&quot;&gt;&lt;\\\/i&gt;&quot;,&quot;library&quot;:&quot;fa-solid&quot;},&quot;sticky_on&quot;:[&quot;widescreen&quot;,&quot;desktop&quot;,&quot;laptop&quot;,&quot;tablet_extra&quot;,&quot;tablet&quot;,&quot;mobile_extra&quot;,&quot;mobile&quot;],&quot;sticky_effects_offset&quot;:0,&quot;sticky_anchor_link_offset&quot;:0}\" data-widget_type=\"nav-menu.default\">\n\t\t\t\t<div class=\"elementor-widget-container\">\n\t\t\t\t\t\t<nav aria-label=\"Menu\" class=\"elementor-nav-menu--main elementor-nav-menu__container elementor-nav-menu--layout-vertical e--pointer-underline e--animation-fade\">\n\t\t\t\t<ul id=\"menu-1-54467b8\" class=\"elementor-nav-menu sm-vertical\"><li class=\"menu-item menu-item-type-custom menu-item-object-custom menu-item-3893\"><a href=\"https:\/\/mindef.gov.cm\/en\/le_president_de_la_republique\/#Discours\" class=\"elementor-item elementor-item-anchor\">Speeches<\/a><\/li>\n<li class=\"menu-item menu-item-type-custom menu-item-object-custom menu-item-3894\"><a href=\"https:\/\/mindef.gov.cm\/en\/le_president_de_la_republique\/#Decrets\" class=\"elementor-item elementor-item-anchor\">Decrees and Orders<\/a><\/li>\n<\/ul>\t\t\t<\/nav>\n\t\t\t\t\t\t<nav class=\"elementor-nav-menu--dropdown elementor-nav-menu__container\" aria-hidden=\"true\">\n\t\t\t\t<ul id=\"menu-2-54467b8\" class=\"elementor-nav-menu sm-vertical\"><li class=\"menu-item menu-item-type-custom menu-item-object-custom menu-item-3893\"><a href=\"https:\/\/mindef.gov.cm\/en\/le_president_de_la_republique\/#Discours\" class=\"elementor-item elementor-item-anchor\" tabindex=\"-1\">Speeches<\/a><\/li>\n<li class=\"menu-item menu-item-type-custom menu-item-object-custom menu-item-3894\"><a href=\"https:\/\/mindef.gov.cm\/en\/le_president_de_la_republique\/#Decrets\" class=\"elementor-item elementor-item-anchor\" tabindex=\"-1\">Decrees and Orders<\/a><\/li>\n<\/ul>\t\t\t<\/nav>\n\t\t\t\t<\/div>\n\t\t\t\t<\/div>\n\t\t\t\t\t<\/div>\n\t\t<\/div>\n\t\t\t\t<div class=\"elementor-column elementor-col-50 elementor-top-column elementor-element elementor-element-26871bf4\" data-id=\"26871bf4\" data-element_type=\"column\" data-settings=\"{&quot;background_background&quot;:&quot;classic&quot;}\">\n\t\t\t<div class=\"elementor-widget-wrap elementor-element-populated\">\n\t\t\t\t\t\t<div class=\"elementor-element elementor-element-34a5adda elementor-hidden-tablet elementor-hidden-mobile elementor-widget elementor-widget-spacer\" data-id=\"34a5adda\" data-element_type=\"widget\" data-widget_type=\"spacer.default\">\n\t\t\t\t<div class=\"elementor-widget-container\">\n\t\t\t\t\t<div class=\"elementor-spacer\">\n\t\t\t<div class=\"elementor-spacer-inner\"><\/div>\n\t\t<\/div>\n\t\t\t\t<\/div>\n\t\t\t\t<\/div>\n\t\t\t\t<div class=\"elementor-element elementor-element-32b9c78a elementor-widget elementor-widget-spacer\" data-id=\"32b9c78a\" data-element_type=\"widget\" id=\"Discours\" data-widget_type=\"spacer.default\">\n\t\t\t\t<div class=\"elementor-widget-container\">\n\t\t\t\t\t<div class=\"elementor-spacer\">\n\t\t\t<div class=\"elementor-spacer-inner\"><\/div>\n\t\t<\/div>\n\t\t\t\t<\/div>\n\t\t\t\t<\/div>\n\t\t\t\t<div class=\"elementor-element elementor-element-7f82a2b8 elementor-widget elementor-widget-heading\" data-id=\"7f82a2b8\" data-element_type=\"widget\" data-widget_type=\"heading.default\">\n\t\t\t\t<div class=\"elementor-widget-container\">\n\t\t\t<h2 class=\"elementor-heading-title elementor-size-small\">EXCERPTS FROM THE PRESIDENT OF THE REPUBLIC'S SPEECHES<\/h2>\t\t<\/div>\n\t\t\t\t<\/div>\n\t\t\t\t<div class=\"elementor-element elementor-element-26ec77b4 elementor-widget elementor-widget-heading\" data-id=\"26ec77b4\" data-element_type=\"widget\" data-widget_type=\"heading.default\">\n\t\t\t\t<div class=\"elementor-widget-container\">\n\t\t\t<h2 class=\"elementor-heading-title elementor-size-small\"><a href=\"https:\/\/www.prc.cm\/en\/news\/speeches-of-the-president\" target=\"_blank\">Read the speeches by Commander in Chief of the Armed Forces<\/a><\/h2>\t\t<\/div>\n\t\t\t\t<\/div>\n\t\t\t\t<div class=\"elementor-element elementor-element-275a016 elementor-widget elementor-widget-spacer\" data-id=\"275a016\" data-element_type=\"widget\" id=\"Decrets\" data-widget_type=\"spacer.default\">\n\t\t\t\t<div class=\"elementor-widget-container\">\n\t\t\t\t\t<div class=\"elementor-spacer\">\n\t\t\t<div class=\"elementor-spacer-inner\"><\/div>\n\t\t<\/div>\n\t\t\t\t<\/div>\n\t\t\t\t<\/div>\n\t\t\t\t<div class=\"elementor-element elementor-element-e7d0936 elementor-widget elementor-widget-heading\" data-id=\"e7d0936\" data-element_type=\"widget\" data-widget_type=\"heading.default\">\n\t\t\t\t<div class=\"elementor-widget-container\">\n\t\t\t<h2 class=\"elementor-heading-title elementor-size-small\">DECREES AND ORDERS OF THE PRESIDENT OF THE REPUBLIC<\/h2>\t\t<\/div>\n\t\t\t\t<\/div>\n\t\t\t\t<section class=\"elementor-section elementor-inner-section elementor-element elementor-element-140087c4 elementor-section-boxed elementor-section-height-default elementor-section-height-default\" data-id=\"140087c4\" data-element_type=\"section\">\n\t\t\t\t\t\t<div class=\"elementor-container elementor-column-gap-default\">\n\t\t\t\t\t<div class=\"elementor-column elementor-col-100 elementor-inner-column elementor-element elementor-element-666996c0\" data-id=\"666996c0\" data-element_type=\"column\">\n\t\t\t<div class=\"elementor-widget-wrap elementor-element-populated\">\n\t\t\t\t\t\t<div class=\"elementor-element elementor-element-6d5be6f3 elementor-widget elementor-widget-button\" data-id=\"6d5be6f3\" data-element_type=\"widget\" data-widget_type=\"button.default\">\n\t\t\t\t<div class=\"elementor-widget-container\">\n\t\t\t\t\t\t\t<div class=\"elementor-button-wrapper\">\n\t\t\t\t\t<a class=\"elementor-button elementor-button-link elementor-size-sm\" href=\"https:\/\/www.prc.cm\/en\/search?q=decree&#038;Itemid=101\" target=\"_blank\">\n\t\t\t\t\t\t<span class=\"elementor-button-content-wrapper\">\n\t\t\t\t\t\t\t\t\t<span class=\"elementor-button-text\">See more<\/span>\n\t\t\t\t\t<\/span>\n\t\t\t\t\t<\/a>\n\t\t\t\t<\/div>\n\t\t\t\t\t\t<\/div>\n\t\t\t\t<\/div>\n\t\t\t\t\t<\/div>\n\t\t<\/div>\n\t\t\t\t\t<\/div>\n\t\t<\/section>\n\t\t\t\t<div class=\"elementor-element elementor-element-67774a4d elementor-widget elementor-widget-spacer\" data-id=\"67774a4d\" data-element_type=\"widget\" data-widget_type=\"spacer.default\">\n\t\t\t\t<div class=\"elementor-widget-container\">\n\t\t\t\t\t<div class=\"elementor-spacer\">\n\t\t\t<div class=\"elementor-spacer-inner\"><\/div>\n\t\t<\/div>\n\t\t\t\t<\/div>\n\t\t\t\t<\/div>\n\t\t\t\t\t<\/div>\n\t\t<\/div>\n\t\t\t\t\t<\/div>\n\t\t<\/section>\n\t\t\t\t<\/div>\n\t\t","protected":false},"excerpt":{"rendered":"<p>S.E. Paul BIYA Pr\u00e9sident de la R\u00e9publique du Cameroun Chef de l\u2019\u00c9tat, Chef des Forces Arm\u00e9es President of the Republic of Cameroon Head of State, Commander in Chief of the Armed Forces EXCERPTS FROM THE PRESIDENT OF THE REPUBLIC&#8217;S SPEECHES Read the speeches by Commander in Chief of the Armed Forces DECREES AND ORDERS OF [&hellip;]<\/p>\n","protected":false},"author":1,"featured_media":0,"parent":0,"menu_order":0,"comment_status":"closed","ping_status":"closed","template":"","meta":{"footnotes":""},"class_list":["post-3862","page","type-page","status-publish","hentry"],"yoast_head":"<!-- This site is optimized with the Yoast SEO plugin v23.3 - https:\/\/yoast.com\/wordpress\/plugins\/seo\/ -->\n<title>Paul BIYA, Chef de l\u2019\u00c9tat, Chef des Forces Arm\u00e9es - portail MINDEF<\/title>\n<meta name=\"robots\" content=\"index, follow, max-snippet:-1, max-image-preview:large, max-video-preview:-1\" \/>\n<link rel=\"canonical\" href=\"https:\/\/mindef.gov.cm\/en\/le_president_de_la_republique\/\" \/>\n<meta property=\"og:locale\" content=\"en_US\" \/>\n<meta property=\"og:type\" content=\"article\" \/>\n<meta property=\"og:title\" content=\"Paul BIYA, Chef de l\u2019\u00c9tat, Chef des Forces Arm\u00e9es - portail MINDEF\" \/>\n<meta property=\"og:description\" content=\"S.E. Paul BIYA Pr\u00e9sident de la R\u00e9publique du Cameroun Chef de l\u2019\u00c9tat, Chef des Forces Arm\u00e9es President of the Republic of Cameroon Head of State, Commander in Chief of the Armed Forces EXCERPTS FROM THE PRESIDENT OF THE REPUBLIC&#8217;S SPEECHES Read the speeches by Commander in Chief of the Armed Forces DECREES AND ORDERS OF [&hellip;]\" \/>\n<meta property=\"og:url\" content=\"https:\/\/mindef.gov.cm\/en\/le_president_de_la_republique\/\" \/>\n<meta property=\"og:site_name\" content=\"portail MINDEF\" \/>\n<meta property=\"article:publisher\" content=\"https:\/\/www.facebook.com\/mindefcm\" \/>\n<meta property=\"article:modified_time\" content=\"2023-11-06T17:07:53+00:00\" \/>\n<meta property=\"og:image\" content=\"https:\/\/mindef.gov.cm\/wp-content\/uploads\/2023\/07\/img-prc.png\" \/>\n<meta name=\"twitter:card\" content=\"summary_large_image\" \/>\n<meta name=\"twitter:site\" content=\"@mindefcm\" \/>\n<meta name=\"twitter:label1\" content=\"Est. reading time\" \/>\n\t<meta name=\"twitter:data1\" content=\"1 minute\" \/>\n<script type=\"application\/ld+json\" class=\"yoast-schema-graph\">{\"@context\":\"https:\/\/schema.org\",\"@graph\":[{\"@type\":\"WebPage\",\"@id\":\"https:\/\/mindef.gov.cm\/en\/le_president_de_la_republique\/\",\"url\":\"https:\/\/mindef.gov.cm\/en\/le_president_de_la_republique\/\",\"name\":\"Paul BIYA, Chef de l\u2019\u00c9tat, Chef des Forces Arm\u00e9es - portail MINDEF\",\"isPartOf\":{\"@id\":\"https:\/\/mindef.gov.cm\/en\/#website\"},\"primaryImageOfPage\":{\"@id\":\"https:\/\/mindef.gov.cm\/en\/le_president_de_la_republique\/#primaryimage\"},\"image\":{\"@id\":\"https:\/\/mindef.gov.cm\/en\/le_president_de_la_republique\/#primaryimage\"},\"thumbnailUrl\":\"https:\/\/mindef.gov.cm\/wp-content\/uploads\/2023\/07\/img-prc.png\",\"datePublished\":\"2023-07-26T16:55:14+00:00\",\"dateModified\":\"2023-11-06T17:07:53+00:00\",\"breadcrumb\":{\"@id\":\"https:\/\/mindef.gov.cm\/en\/le_president_de_la_republique\/#breadcrumb\"},\"inLanguage\":\"en-US\",\"potentialAction\":[{\"@type\":\"ReadAction\",\"target\":[\"https:\/\/mindef.gov.cm\/en\/le_president_de_la_republique\/\"]}]},{\"@type\":\"ImageObject\",\"inLanguage\":\"en-US\",\"@id\":\"https:\/\/mindef.gov.cm\/en\/le_president_de_la_republique\/#primaryimage\",\"url\":\"https:\/\/mindef.gov.cm\/wp-content\/uploads\/2023\/07\/img-prc.png\",\"contentUrl\":\"https:\/\/mindef.gov.cm\/wp-content\/uploads\/2023\/07\/img-prc.png\"},{\"@type\":\"BreadcrumbList\",\"@id\":\"https:\/\/mindef.gov.cm\/en\/le_president_de_la_republique\/#breadcrumb\",\"itemListElement\":[{\"@type\":\"ListItem\",\"position\":1,\"name\":\"Accueil\",\"item\":\"https:\/\/mindef.gov.cm\/en\/\"},{\"@type\":\"ListItem\",\"position\":2,\"name\":\"Paul BIYA, Chef de l\u2019\u00c9tat, Chef des Forces Arm\u00e9es\"}]},{\"@type\":\"WebSite\",\"@id\":\"https:\/\/mindef.gov.cm\/en\/#website\",\"url\":\"https:\/\/mindef.gov.cm\/en\/\",\"name\":\"portail MINDEF\",\"description\":\"Honneur et Fidelit\u00e9\",\"publisher\":{\"@id\":\"https:\/\/mindef.gov.cm\/en\/#organization\"},\"potentialAction\":[{\"@type\":\"SearchAction\",\"target\":{\"@type\":\"EntryPoint\",\"urlTemplate\":\"https:\/\/mindef.gov.cm\/en\/?s={search_term_string}\"},\"query-input\":\"required name=search_term_string\"}],\"inLanguage\":\"en-US\"},{\"@type\":\"Organization\",\"@id\":\"https:\/\/mindef.gov.cm\/en\/#organization\",\"name\":\"portail MINDEF\",\"url\":\"https:\/\/mindef.gov.cm\/en\/\",\"logo\":{\"@type\":\"ImageObject\",\"inLanguage\":\"en-US\",\"@id\":\"https:\/\/mindef.gov.cm\/en\/#\/schema\/logo\/image\/\",\"url\":\"https:\/\/mindef.gov.cm\/wp-content\/uploads\/2023\/10\/LOGO-MINDEF-PNG-FRANCAIS.png\",\"contentUrl\":\"https:\/\/mindef.gov.cm\/wp-content\/uploads\/2023\/10\/LOGO-MINDEF-PNG-FRANCAIS.png\",\"width\":2126,\"height\":478,\"caption\":\"portail MINDEF\"},\"image\":{\"@id\":\"https:\/\/mindef.gov.cm\/en\/#\/schema\/logo\/image\/\"},\"sameAs\":[\"https:\/\/www.facebook.com\/mindefcm\",\"https:\/\/x.com\/mindefcm\"]}]}<\/script>\n<!-- \/ Yoast SEO plugin. -->","yoast_head_json":{"title":"Paul BIYA, Chef de l\u2019\u00c9tat, Chef des Forces Arm\u00e9es - portail MINDEF","robots":{"index":"index","follow":"follow","max-snippet":"max-snippet:-1","max-image-preview":"max-image-preview:large","max-video-preview":"max-video-preview:-1"},"canonical":"https:\/\/mindef.gov.cm\/en\/le_president_de_la_republique\/","og_locale":"en_US","og_type":"article","og_title":"Paul BIYA, Chef de l\u2019\u00c9tat, Chef des Forces Arm\u00e9es - portail MINDEF","og_description":"S.E. Paul BIYA Pr\u00e9sident de la R\u00e9publique du Cameroun Chef de l\u2019\u00c9tat, Chef des Forces Arm\u00e9es President of the Republic of Cameroon Head of State, Commander in Chief of the Armed Forces EXCERPTS FROM THE PRESIDENT OF THE REPUBLIC&#8217;S SPEECHES Read the speeches by Commander in Chief of the Armed Forces DECREES AND ORDERS OF [&hellip;]","og_url":"https:\/\/mindef.gov.cm\/en\/le_president_de_la_republique\/","og_site_name":"portail MINDEF","article_publisher":"https:\/\/www.facebook.com\/mindefcm","article_modified_time":"2023-11-06T17:07:53+00:00","og_image":[{"url":"https:\/\/mindef.gov.cm\/wp-content\/uploads\/2023\/07\/img-prc.png"}],"twitter_card":"summary_large_image","twitter_site":"@mindefcm","twitter_misc":{"Est. reading time":"1 minute"},"schema":{"@context":"https:\/\/schema.org","@graph":[{"@type":"WebPage","@id":"https:\/\/mindef.gov.cm\/en\/le_president_de_la_republique\/","url":"https:\/\/mindef.gov.cm\/en\/le_president_de_la_republique\/","name":"Paul BIYA, Chef de l\u2019\u00c9tat, Chef des Forces Arm\u00e9es - portail MINDEF","isPartOf":{"@id":"https:\/\/mindef.gov.cm\/en\/#website"},"primaryImageOfPage":{"@id":"https:\/\/mindef.gov.cm\/en\/le_president_de_la_republique\/#primaryimage"},"image":{"@id":"https:\/\/mindef.gov.cm\/en\/le_president_de_la_republique\/#primaryimage"},"thumbnailUrl":"https:\/\/mindef.gov.cm\/wp-content\/uploads\/2023\/07\/img-prc.png","datePublished":"2023-07-26T16:55:14+00:00","dateModified":"2023-11-06T17:07:53+00:00","breadcrumb":{"@id":"https:\/\/mindef.gov.cm\/en\/le_president_de_la_republique\/#breadcrumb"},"inLanguage":"en-US","potentialAction":[{"@type":"ReadAction","target":["https:\/\/mindef.gov.cm\/en\/le_president_de_la_republique\/"]}]},{"@type":"ImageObject","inLanguage":"en-US","@id":"https:\/\/mindef.gov.cm\/en\/le_president_de_la_republique\/#primaryimage","url":"https:\/\/mindef.gov.cm\/wp-content\/uploads\/2023\/07\/img-prc.png","contentUrl":"https:\/\/mindef.gov.cm\/wp-content\/uploads\/2023\/07\/img-prc.png"},{"@type":"BreadcrumbList","@id":"https:\/\/mindef.gov.cm\/en\/le_president_de_la_republique\/#breadcrumb","itemListElement":[{"@type":"ListItem","position":1,"name":"Accueil","item":"https:\/\/mindef.gov.cm\/en\/"},{"@type":"ListItem","position":2,"name":"Paul BIYA, Chef de l\u2019\u00c9tat, Chef des Forces Arm\u00e9es"}]},{"@type":"WebSite","@id":"https:\/\/mindef.gov.cm\/en\/#website","url":"https:\/\/mindef.gov.cm\/en\/","name":"portail MINDEF","description":"Honneur et Fidelit\u00e9","publisher":{"@id":"https:\/\/mindef.gov.cm\/en\/#organization"},"potentialAction":[{"@type":"SearchAction","target":{"@type":"EntryPoint","urlTemplate":"https:\/\/mindef.gov.cm\/en\/?s={search_term_string}"},"query-input":"required name=search_term_string"}],"inLanguage":"en-US"},{"@type":"Organization","@id":"https:\/\/mindef.gov.cm\/en\/#organization","name":"portail MINDEF","url":"https:\/\/mindef.gov.cm\/en\/","logo":{"@type":"ImageObject","inLanguage":"en-US","@id":"https:\/\/mindef.gov.cm\/en\/#\/schema\/logo\/image\/","url":"https:\/\/mindef.gov.cm\/wp-content\/uploads\/2023\/10\/LOGO-MINDEF-PNG-FRANCAIS.png","contentUrl":"https:\/\/mindef.gov.cm\/wp-content\/uploads\/2023\/10\/LOGO-MINDEF-PNG-FRANCAIS.png","width":2126,"height":478,"caption":"portail MINDEF"},"image":{"@id":"https:\/\/mindef.gov.cm\/en\/#\/schema\/logo\/image\/"},"sameAs":["https:\/\/www.facebook.com\/mindefcm","https:\/\/x.com\/mindefcm"]}]}},"rttpg_featured_image_url":null,"rttpg_author":{"display_name":"ricaldorichard237@gmail.com","author_link":"https:\/\/mindef.gov.cm\/en\/blog\/author\/ricaldorichard237gmail-com\/"},"rttpg_comment":0,"rttpg_category":false,"rttpg_excerpt":"S.E. Paul BIYA Pr\u00e9sident de la R\u00e9publique du Cameroun Chef de l\u2019\u00c9tat, Chef des Forces Arm\u00e9es President of the Republic of Cameroon Head of State, Commander in Chief of the Armed Forces EXCERPTS FROM THE PRESIDENT OF THE REPUBLIC&#8217;S SPEECHES Read the speeches by Commander in Chief of the Armed Forces DECREES AND ORDERS OF&hellip;","_links":{"self":[{"href":"https:\/\/mindef.gov.cm\/en\/wp-json\/wp\/v2\/pages\/3862","targetHints":{"allow":["GET"]}}],"collection":[{"href":"https:\/\/mindef.gov.cm\/en\/wp-json\/wp\/v2\/pages"}],"about":[{"href":"https:\/\/mindef.gov.cm\/en\/wp-json\/wp\/v2\/types\/page"}],"author":[{"embeddable":true,"href":"https:\/\/mindef.gov.cm\/en\/wp-json\/wp\/v2\/users\/1"}],"replies":[{"embeddable":true,"href":"https:\/\/mindef.gov.cm\/en\/wp-json\/wp\/v2\/comments?post=3862"}],"version-history":[{"count":0,"href":"https:\/\/mindef.gov.cm\/en\/wp-json\/wp\/v2\/pages\/3862\/revisions"}],"wp:attachment":[{"href":"https:\/\/mindef.gov.cm\/en\/wp-json\/wp\/v2\/media?parent=3862"}],"curies":[{"name":"wp","href":"https:\/\/api.w.org\/{rel}","templated":true}]}}