{"id":3863,"date":"2023-07-26T18:55:09","date_gmt":"2023-07-26T16:55:09","guid":{"rendered":"https:\/\/mindef.gov.cm\/le_mindef\/"},"modified":"2023-11-07T20:50:05","modified_gmt":"2023-11-07T19:50:05","slug":"le_mindef","status":"publish","type":"page","link":"https:\/\/mindef.gov.cm\/en\/le_mindef\/","title":{"rendered":"BETI ASSOMO Joseph, Ministre D\u00e9l\u00e9gu\u00e9 \u00e0 la Pr\u00e9sidence Charg\u00e9 de la D\u00e9fense"},"content":{"rendered":"\t\t<div data-elementor-type=\"wp-page\" data-elementor-id=\"3863\" class=\"elementor elementor-3863 elementor-109\" data-elementor-post-type=\"page\">\n\t\t\t\t\t\t<section class=\"elementor-section elementor-top-section elementor-element elementor-element-072676d elementor-section-boxed elementor-section-height-default elementor-section-height-default\" data-id=\"072676d\" data-element_type=\"section\" data-settings=\"{&quot;background_background&quot;:&quot;classic&quot;}\">\n\t\t\t\t\t\t<div class=\"elementor-container elementor-column-gap-default\">\n\t\t\t\t\t<div class=\"elementor-column elementor-col-20 elementor-top-column elementor-element elementor-element-5e65a83\" data-id=\"5e65a83\" data-element_type=\"column\">\n\t\t\t<div class=\"elementor-widget-wrap elementor-element-populated\">\n\t\t\t\t\t\t<div class=\"elementor-element elementor-element-dc0ca30 elementor-widget elementor-widget-spacer\" data-id=\"dc0ca30\" data-element_type=\"widget\" data-widget_type=\"spacer.default\">\n\t\t\t\t<div class=\"elementor-widget-container\">\n\t\t\t\t\t<div class=\"elementor-spacer\">\n\t\t\t<div class=\"elementor-spacer-inner\"><\/div>\n\t\t<\/div>\n\t\t\t\t<\/div>\n\t\t\t\t<\/div>\n\t\t\t\t\t<\/div>\n\t\t<\/div>\n\t\t\t\t<div class=\"elementor-column elementor-col-20 elementor-top-column elementor-element elementor-element-580fdfb\" data-id=\"580fdfb\" data-element_type=\"column\">\n\t\t\t<div class=\"elementor-widget-wrap elementor-element-populated\">\n\t\t\t\t\t\t<div class=\"elementor-element elementor-element-1493ad8e elementor-widget elementor-widget-image\" data-id=\"1493ad8e\" data-element_type=\"widget\" data-widget_type=\"image.default\">\n\t\t\t\t<div class=\"elementor-widget-container\">\n\t\t\t\t\t\t\t\t\t\t\t\t\t<img fetchpriority=\"high\" decoding=\"async\" width=\"1494\" height=\"1974\" src=\"https:\/\/mindef.gov.cm\/wp-content\/uploads\/2023\/07\/img-mindef.png\" class=\"attachment-full size-full wp-image-382\" alt=\"\" \/>\t\t\t\t\t\t\t\t\t\t\t\t\t<\/div>\n\t\t\t\t<\/div>\n\t\t\t\t\t<\/div>\n\t\t<\/div>\n\t\t\t\t<div class=\"elementor-column elementor-col-20 elementor-top-column elementor-element elementor-element-08c6385\" data-id=\"08c6385\" data-element_type=\"column\">\n\t\t\t<div class=\"elementor-widget-wrap\">\n\t\t\t\t\t\t\t<\/div>\n\t\t<\/div>\n\t\t\t\t<div class=\"elementor-column elementor-col-20 elementor-top-column elementor-element elementor-element-cd1a5b7\" data-id=\"cd1a5b7\" data-element_type=\"column\">\n\t\t\t<div class=\"elementor-widget-wrap elementor-element-populated\">\n\t\t\t\t\t\t<div class=\"elementor-element elementor-element-3dc05bf elementor-hidden-tablet elementor-hidden-mobile elementor-widget elementor-widget-spacer\" data-id=\"3dc05bf\" data-element_type=\"widget\" data-widget_type=\"spacer.default\">\n\t\t\t\t<div class=\"elementor-widget-container\">\n\t\t\t\t\t<div class=\"elementor-spacer\">\n\t\t\t<div class=\"elementor-spacer-inner\"><\/div>\n\t\t<\/div>\n\t\t\t\t<\/div>\n\t\t\t\t<\/div>\n\t\t\t\t<div class=\"elementor-element elementor-element-6eb5eb6 elementor-widget elementor-widget-image\" data-id=\"6eb5eb6\" data-element_type=\"widget\" data-widget_type=\"image.default\">\n\t\t\t\t<div class=\"elementor-widget-container\">\n\t\t\t\t\t\t\t\t\t\t\t\t\t<img decoding=\"async\" width=\"512\" height=\"512\" src=\"https:\/\/mindef.gov.cm\/wp-content\/uploads\/2023\/07\/cropped-log-principal.png\" class=\"attachment-full size-full wp-image-280\" alt=\"\" \/>\t\t\t\t\t\t\t\t\t\t\t\t\t<\/div>\n\t\t\t\t<\/div>\n\t\t\t\t<div class=\"elementor-element elementor-element-27f0a88 elementor-widget elementor-widget-heading\" data-id=\"27f0a88\" data-element_type=\"widget\" data-widget_type=\"heading.default\">\n\t\t\t\t<div class=\"elementor-widget-container\">\n\t\t\t<h2 class=\"elementor-heading-title elementor-size-default\">M. Joseph BETI  ASSOMO<\/h2>\t\t<\/div>\n\t\t\t\t<\/div>\n\t\t\t\t<div class=\"elementor-element elementor-element-ac5cc3a elementor-hidden-tablet elementor-hidden-mobile elementor-widget elementor-widget-spacer\" data-id=\"ac5cc3a\" data-element_type=\"widget\" data-widget_type=\"spacer.default\">\n\t\t\t\t<div class=\"elementor-widget-container\">\n\t\t\t\t\t<div class=\"elementor-spacer\">\n\t\t\t<div class=\"elementor-spacer-inner\"><\/div>\n\t\t<\/div>\n\t\t\t\t<\/div>\n\t\t\t\t<\/div>\n\t\t\t\t<div class=\"elementor-element elementor-element-b10d147 elementor-widget-divider--view-line elementor-widget elementor-widget-divider\" data-id=\"b10d147\" data-element_type=\"widget\" data-widget_type=\"divider.default\">\n\t\t\t\t<div class=\"elementor-widget-container\">\n\t\t\t\t\t<div class=\"elementor-divider\">\n\t\t\t<span class=\"elementor-divider-separator\">\n\t\t\t\t\t\t<\/span>\n\t\t<\/div>\n\t\t\t\t<\/div>\n\t\t\t\t<\/div>\n\t\t\t\t<div class=\"elementor-element elementor-element-8f79d91 elementor-widget elementor-widget-heading\" data-id=\"8f79d91\" data-element_type=\"widget\" data-widget_type=\"heading.default\">\n\t\t\t\t<div class=\"elementor-widget-container\">\n\t\t\t<h4 class=\"elementor-heading-title elementor-size-small\">Ministre D\u00e9l\u00e9gu\u00e9 \u00e0  la Pr\u00e9sidence Charg\u00e9 de la D\u00e9fense <\/h4>\t\t<\/div>\n\t\t\t\t<\/div>\n\t\t\t\t<div class=\"elementor-element elementor-element-ab377a1 elementor-widget elementor-widget-heading\" data-id=\"ab377a1\" data-element_type=\"widget\" data-widget_type=\"heading.default\">\n\t\t\t\t<div class=\"elementor-widget-container\">\n\t\t\t<h4 class=\"elementor-heading-title elementor-size-small\">Minister Delegate at the Presidency in charge of Defense<\/h4>\t\t<\/div>\n\t\t\t\t<\/div>\n\t\t\t\t\t<\/div>\n\t\t<\/div>\n\t\t\t\t<div class=\"elementor-column elementor-col-20 elementor-top-column elementor-element elementor-element-a475e62\" data-id=\"a475e62\" data-element_type=\"column\">\n\t\t\t<div class=\"elementor-widget-wrap\">\n\t\t\t\t\t\t\t<\/div>\n\t\t<\/div>\n\t\t\t\t\t<\/div>\n\t\t<\/section>\n\t\t\t\t<section class=\"elementor-section elementor-top-section elementor-element elementor-element-170e6fa animated-fast elementor-section-boxed elementor-section-height-default elementor-section-height-default\" data-id=\"170e6fa\" data-element_type=\"section\" data-settings=\"{&quot;background_background&quot;:&quot;classic&quot;,&quot;animation&quot;:&quot;none&quot;}\">\n\t\t\t\t\t\t<div class=\"elementor-container elementor-column-gap-default\">\n\t\t\t\t\t<div class=\"elementor-column elementor-col-50 elementor-top-column elementor-element elementor-element-2531cea1 elementor-hidden-tablet elementor-hidden-mobile elementor-hidden-mobile_extra\" data-id=\"2531cea1\" data-element_type=\"column\" data-settings=\"{&quot;background_background&quot;:&quot;classic&quot;}\">\n\t\t\t<div class=\"elementor-widget-wrap elementor-element-populated\">\n\t\t\t\t\t\t<div class=\"elementor-element elementor-element-10ca8e88 elementor-widget elementor-widget-spacer\" data-id=\"10ca8e88\" data-element_type=\"widget\" data-widget_type=\"spacer.default\">\n\t\t\t\t<div class=\"elementor-widget-container\">\n\t\t\t\t\t<div class=\"elementor-spacer\">\n\t\t\t<div class=\"elementor-spacer-inner\"><\/div>\n\t\t<\/div>\n\t\t\t\t<\/div>\n\t\t\t\t<\/div>\n\t\t\t\t<div class=\"elementor-element elementor-element-1884549 elementor-nav-menu__align-start elementor-nav-menu--dropdown-none elementor-widget__width-initial elementor-widget elementor-widget-nav-menu\" data-id=\"1884549\" data-element_type=\"widget\" data-settings=\"{&quot;layout&quot;:&quot;vertical&quot;,&quot;sticky&quot;:&quot;top&quot;,&quot;sticky_offset&quot;:120,&quot;sticky_parent&quot;:&quot;yes&quot;,&quot;submenu_icon&quot;:{&quot;value&quot;:&quot;&lt;i class=\\&quot;fas fa-caret-down\\&quot;&gt;&lt;\\\/i&gt;&quot;,&quot;library&quot;:&quot;fa-solid&quot;},&quot;sticky_on&quot;:[&quot;widescreen&quot;,&quot;desktop&quot;,&quot;laptop&quot;,&quot;tablet_extra&quot;,&quot;tablet&quot;,&quot;mobile_extra&quot;,&quot;mobile&quot;],&quot;sticky_effects_offset&quot;:0,&quot;sticky_anchor_link_offset&quot;:0}\" data-widget_type=\"nav-menu.default\">\n\t\t\t\t<div class=\"elementor-widget-container\">\n\t\t\t\t\t\t<nav aria-label=\"Menu\" class=\"elementor-nav-menu--main elementor-nav-menu__container elementor-nav-menu--layout-vertical e--pointer-underline e--animation-fade\">\n\t\t\t\t<ul id=\"menu-1-1884549\" class=\"elementor-nav-menu sm-vertical\"><li class=\"menu-item menu-item-type-custom menu-item-object-custom menu-item-3897\"><a href=\"https:\/\/mindef.gov.cm\/en\/le_mindef\/#Biographie\" class=\"elementor-item elementor-item-anchor\">Biography<\/a><\/li>\n<\/ul>\t\t\t<\/nav>\n\t\t\t\t\t\t<nav class=\"elementor-nav-menu--dropdown elementor-nav-menu__container\" aria-hidden=\"true\">\n\t\t\t\t<ul id=\"menu-2-1884549\" class=\"elementor-nav-menu sm-vertical\"><li class=\"menu-item menu-item-type-custom menu-item-object-custom menu-item-3897\"><a href=\"https:\/\/mindef.gov.cm\/en\/le_mindef\/#Biographie\" class=\"elementor-item elementor-item-anchor\" tabindex=\"-1\">Biography<\/a><\/li>\n<\/ul>\t\t\t<\/nav>\n\t\t\t\t<\/div>\n\t\t\t\t<\/div>\n\t\t\t\t\t<\/div>\n\t\t<\/div>\n\t\t\t\t<div class=\"elementor-column elementor-col-50 elementor-top-column elementor-element elementor-element-2b64650f\" data-id=\"2b64650f\" data-element_type=\"column\" data-settings=\"{&quot;background_background&quot;:&quot;classic&quot;}\">\n\t\t\t<div class=\"elementor-widget-wrap elementor-element-populated\">\n\t\t\t\t\t\t<div class=\"elementor-element elementor-element-591b65b6 elementor-widget elementor-widget-spacer\" data-id=\"591b65b6\" data-element_type=\"widget\" id=\"Biographie\" data-widget_type=\"spacer.default\">\n\t\t\t\t<div class=\"elementor-widget-container\">\n\t\t\t\t\t<div class=\"elementor-spacer\">\n\t\t\t<div class=\"elementor-spacer-inner\"><\/div>\n\t\t<\/div>\n\t\t\t\t<\/div>\n\t\t\t\t<\/div>\n\t\t\t\t<div class=\"elementor-element elementor-element-25f36b32 elementor-widget elementor-widget-heading\" data-id=\"25f36b32\" data-element_type=\"widget\" data-widget_type=\"heading.default\">\n\t\t\t\t<div class=\"elementor-widget-container\">\n\t\t\t<h2 class=\"elementor-heading-title elementor-size-small\">Biography<\/h2>\t\t<\/div>\n\t\t\t\t<\/div>\n\t\t\t\t<div class=\"elementor-element elementor-element-61d8b081 elementor-widget elementor-widget-text-editor\" data-id=\"61d8b081\" data-element_type=\"widget\" data-widget_type=\"text-editor.default\">\n\t\t\t\t<div class=\"elementor-widget-container\">\n\t\t\t\t\t\t\t<p><strong>Joseph Beti Assomo<\/strong>, born on 17 August 1959 in Ayos in the Nyong and Mfoumou Division (Centre Region), is a Cameroonian senior civil administrator super scale and politician.<\/p><p>He completed his primary education at the Ayos Government School and his secondary education at the Akonolinga Mixed Government High School. He then enrolled simultaneously at the Yaound\u00e9 International Higher School of Journalism and the National School of Administration and Magistracy (ENAM). He finally opted for ENAM (General Administration Section).<\/p><p>He began his career in the public service in 1983. From 1983 to 1990, he was Head of Cabinet of the Governor of the South Region in Ebolowa. From 1990 to 1998, he was successively Divisional Officer of the Ma\u2019an, Mbankomo and Yaound\u00e9 III Sub-divisions. He was then successively appointed Senior Divisional Officer, serving in that capacity in the Dja and Lobo Division from 1998 to 2005 and in the Mfoundi Division from 2005 to 2010. From 2010 until he joined the government, he was Governor of the Far-North Region and then Governor of the Littoral Region.<\/p><p>In the cabinet reshuffle of 02 October 2015, he was appointed Minister of Defence, replacing Edgar Alain M\u00e9b\u00e9 Ngo\u2019o.<\/p><p>He holds the following national honours:<\/p><ul><li><strong>Grand Officer of the Order of Valour;<\/strong><\/li><li><strong>Officer of the Cameroon Order of Merit.<\/strong><\/li><\/ul>\t\t\t\t\t\t<\/div>\n\t\t\t\t<\/div>\n\t\t\t\t<div class=\"elementor-element elementor-element-53011407 elementor-widget elementor-widget-spacer\" data-id=\"53011407\" data-element_type=\"widget\" data-widget_type=\"spacer.default\">\n\t\t\t\t<div class=\"elementor-widget-container\">\n\t\t\t\t\t<div class=\"elementor-spacer\">\n\t\t\t<div class=\"elementor-spacer-inner\"><\/div>\n\t\t<\/div>\n\t\t\t\t<\/div>\n\t\t\t\t<\/div>\n\t\t\t\t\t<\/div>\n\t\t<\/div>\n\t\t\t\t\t<\/div>\n\t\t<\/section>\n\t\t\t\t<\/div>\n\t\t","protected":false},"excerpt":{"rendered":"<p>M. Joseph BETI ASSOMO Ministre D\u00e9l\u00e9gu\u00e9 \u00e0 la Pr\u00e9sidence Charg\u00e9 de la D\u00e9fense Minister Delegate at the Presidency in charge of Defense Biography Joseph Beti Assomo, born on 17 August 1959 in Ayos in the Nyong and Mfoumou Division (Centre Region), is a Cameroonian senior civil administrator super scale and politician. He completed his primary [&hellip;]<\/p>\n","protected":false},"author":1,"featured_media":0,"parent":0,"menu_order":0,"comment_status":"closed","ping_status":"closed","template":"","meta":{"footnotes":""},"class_list":["post-3863","page","type-page","status-publish","hentry"],"yoast_head":"<!-- This site is optimized with the Yoast SEO plugin v23.3 - https:\/\/yoast.com\/wordpress\/plugins\/seo\/ -->\n<title>BETI ASSOMO Joseph, Ministre D\u00e9l\u00e9gu\u00e9 \u00e0 la Pr\u00e9sidence Charg\u00e9 de la D\u00e9fense - portail MINDEF<\/title>\n<meta name=\"robots\" content=\"index, follow, max-snippet:-1, max-image-preview:large, max-video-preview:-1\" \/>\n<link rel=\"canonical\" href=\"https:\/\/mindef.gov.cm\/en\/le_mindef\/\" \/>\n<meta property=\"og:locale\" content=\"en_US\" \/>\n<meta property=\"og:type\" content=\"article\" \/>\n<meta property=\"og:title\" content=\"BETI ASSOMO Joseph, Ministre D\u00e9l\u00e9gu\u00e9 \u00e0 la Pr\u00e9sidence Charg\u00e9 de la D\u00e9fense - portail MINDEF\" \/>\n<meta property=\"og:description\" content=\"M. Joseph BETI ASSOMO Ministre D\u00e9l\u00e9gu\u00e9 \u00e0 la Pr\u00e9sidence Charg\u00e9 de la D\u00e9fense Minister Delegate at the Presidency in charge of Defense Biography Joseph Beti Assomo, born on 17 August 1959 in Ayos in the Nyong and Mfoumou Division (Centre Region), is a Cameroonian senior civil administrator super scale and politician. He completed his primary [&hellip;]\" \/>\n<meta property=\"og:url\" content=\"https:\/\/mindef.gov.cm\/en\/le_mindef\/\" \/>\n<meta property=\"og:site_name\" content=\"portail MINDEF\" \/>\n<meta property=\"article:publisher\" content=\"https:\/\/www.facebook.com\/mindefcm\" \/>\n<meta property=\"article:modified_time\" content=\"2023-11-07T19:50:05+00:00\" \/>\n<meta property=\"og:image\" content=\"https:\/\/mindef.gov.cm\/wp-content\/uploads\/2023\/07\/img-mindef.png\" \/>\n<meta name=\"twitter:card\" content=\"summary_large_image\" \/>\n<meta name=\"twitter:site\" content=\"@mindefcm\" \/>\n<meta name=\"twitter:label1\" content=\"Est. reading time\" \/>\n\t<meta name=\"twitter:data1\" content=\"2 minutes\" \/>\n<script type=\"application\/ld+json\" class=\"yoast-schema-graph\">{\"@context\":\"https:\/\/schema.org\",\"@graph\":[{\"@type\":\"WebPage\",\"@id\":\"https:\/\/mindef.gov.cm\/en\/le_mindef\/\",\"url\":\"https:\/\/mindef.gov.cm\/en\/le_mindef\/\",\"name\":\"BETI ASSOMO Joseph, Ministre D\u00e9l\u00e9gu\u00e9 \u00e0 la Pr\u00e9sidence Charg\u00e9 de la D\u00e9fense - portail MINDEF\",\"isPartOf\":{\"@id\":\"https:\/\/mindef.gov.cm\/en\/#website\"},\"primaryImageOfPage\":{\"@id\":\"https:\/\/mindef.gov.cm\/en\/le_mindef\/#primaryimage\"},\"image\":{\"@id\":\"https:\/\/mindef.gov.cm\/en\/le_mindef\/#primaryimage\"},\"thumbnailUrl\":\"https:\/\/mindef.gov.cm\/wp-content\/uploads\/2023\/07\/img-mindef.png\",\"datePublished\":\"2023-07-26T16:55:09+00:00\",\"dateModified\":\"2023-11-07T19:50:05+00:00\",\"breadcrumb\":{\"@id\":\"https:\/\/mindef.gov.cm\/en\/le_mindef\/#breadcrumb\"},\"inLanguage\":\"en-US\",\"potentialAction\":[{\"@type\":\"ReadAction\",\"target\":[\"https:\/\/mindef.gov.cm\/en\/le_mindef\/\"]}]},{\"@type\":\"ImageObject\",\"inLanguage\":\"en-US\",\"@id\":\"https:\/\/mindef.gov.cm\/en\/le_mindef\/#primaryimage\",\"url\":\"https:\/\/mindef.gov.cm\/wp-content\/uploads\/2023\/07\/img-mindef.png\",\"contentUrl\":\"https:\/\/mindef.gov.cm\/wp-content\/uploads\/2023\/07\/img-mindef.png\"},{\"@type\":\"BreadcrumbList\",\"@id\":\"https:\/\/mindef.gov.cm\/en\/le_mindef\/#breadcrumb\",\"itemListElement\":[{\"@type\":\"ListItem\",\"position\":1,\"name\":\"Accueil\",\"item\":\"https:\/\/mindef.gov.cm\/en\/\"},{\"@type\":\"ListItem\",\"position\":2,\"name\":\"BETI ASSOMO Joseph, Ministre D\u00e9l\u00e9gu\u00e9 \u00e0 la Pr\u00e9sidence Charg\u00e9 de la D\u00e9fense\"}]},{\"@type\":\"WebSite\",\"@id\":\"https:\/\/mindef.gov.cm\/en\/#website\",\"url\":\"https:\/\/mindef.gov.cm\/en\/\",\"name\":\"portail MINDEF\",\"description\":\"Honneur et Fidelit\u00e9\",\"publisher\":{\"@id\":\"https:\/\/mindef.gov.cm\/en\/#organization\"},\"potentialAction\":[{\"@type\":\"SearchAction\",\"target\":{\"@type\":\"EntryPoint\",\"urlTemplate\":\"https:\/\/mindef.gov.cm\/en\/?s={search_term_string}\"},\"query-input\":\"required name=search_term_string\"}],\"inLanguage\":\"en-US\"},{\"@type\":\"Organization\",\"@id\":\"https:\/\/mindef.gov.cm\/en\/#organization\",\"name\":\"portail MINDEF\",\"url\":\"https:\/\/mindef.gov.cm\/en\/\",\"logo\":{\"@type\":\"ImageObject\",\"inLanguage\":\"en-US\",\"@id\":\"https:\/\/mindef.gov.cm\/en\/#\/schema\/logo\/image\/\",\"url\":\"https:\/\/mindef.gov.cm\/wp-content\/uploads\/2023\/10\/LOGO-MINDEF-PNG-FRANCAIS.png\",\"contentUrl\":\"https:\/\/mindef.gov.cm\/wp-content\/uploads\/2023\/10\/LOGO-MINDEF-PNG-FRANCAIS.png\",\"width\":2126,\"height\":478,\"caption\":\"portail MINDEF\"},\"image\":{\"@id\":\"https:\/\/mindef.gov.cm\/en\/#\/schema\/logo\/image\/\"},\"sameAs\":[\"https:\/\/www.facebook.com\/mindefcm\",\"https:\/\/x.com\/mindefcm\"]}]}<\/script>\n<!-- \/ Yoast SEO plugin. -->","yoast_head_json":{"title":"BETI ASSOMO Joseph, Ministre D\u00e9l\u00e9gu\u00e9 \u00e0 la Pr\u00e9sidence Charg\u00e9 de la D\u00e9fense - portail MINDEF","robots":{"index":"index","follow":"follow","max-snippet":"max-snippet:-1","max-image-preview":"max-image-preview:large","max-video-preview":"max-video-preview:-1"},"canonical":"https:\/\/mindef.gov.cm\/en\/le_mindef\/","og_locale":"en_US","og_type":"article","og_title":"BETI ASSOMO Joseph, Ministre D\u00e9l\u00e9gu\u00e9 \u00e0 la Pr\u00e9sidence Charg\u00e9 de la D\u00e9fense - portail MINDEF","og_description":"M. Joseph BETI ASSOMO Ministre D\u00e9l\u00e9gu\u00e9 \u00e0 la Pr\u00e9sidence Charg\u00e9 de la D\u00e9fense Minister Delegate at the Presidency in charge of Defense Biography Joseph Beti Assomo, born on 17 August 1959 in Ayos in the Nyong and Mfoumou Division (Centre Region), is a Cameroonian senior civil administrator super scale and politician. He completed his primary [&hellip;]","og_url":"https:\/\/mindef.gov.cm\/en\/le_mindef\/","og_site_name":"portail MINDEF","article_publisher":"https:\/\/www.facebook.com\/mindefcm","article_modified_time":"2023-11-07T19:50:05+00:00","og_image":[{"url":"https:\/\/mindef.gov.cm\/wp-content\/uploads\/2023\/07\/img-mindef.png"}],"twitter_card":"summary_large_image","twitter_site":"@mindefcm","twitter_misc":{"Est. reading time":"2 minutes"},"schema":{"@context":"https:\/\/schema.org","@graph":[{"@type":"WebPage","@id":"https:\/\/mindef.gov.cm\/en\/le_mindef\/","url":"https:\/\/mindef.gov.cm\/en\/le_mindef\/","name":"BETI ASSOMO Joseph, Ministre D\u00e9l\u00e9gu\u00e9 \u00e0 la Pr\u00e9sidence Charg\u00e9 de la D\u00e9fense - portail MINDEF","isPartOf":{"@id":"https:\/\/mindef.gov.cm\/en\/#website"},"primaryImageOfPage":{"@id":"https:\/\/mindef.gov.cm\/en\/le_mindef\/#primaryimage"},"image":{"@id":"https:\/\/mindef.gov.cm\/en\/le_mindef\/#primaryimage"},"thumbnailUrl":"https:\/\/mindef.gov.cm\/wp-content\/uploads\/2023\/07\/img-mindef.png","datePublished":"2023-07-26T16:55:09+00:00","dateModified":"2023-11-07T19:50:05+00:00","breadcrumb":{"@id":"https:\/\/mindef.gov.cm\/en\/le_mindef\/#breadcrumb"},"inLanguage":"en-US","potentialAction":[{"@type":"ReadAction","target":["https:\/\/mindef.gov.cm\/en\/le_mindef\/"]}]},{"@type":"ImageObject","inLanguage":"en-US","@id":"https:\/\/mindef.gov.cm\/en\/le_mindef\/#primaryimage","url":"https:\/\/mindef.gov.cm\/wp-content\/uploads\/2023\/07\/img-mindef.png","contentUrl":"https:\/\/mindef.gov.cm\/wp-content\/uploads\/2023\/07\/img-mindef.png"},{"@type":"BreadcrumbList","@id":"https:\/\/mindef.gov.cm\/en\/le_mindef\/#breadcrumb","itemListElement":[{"@type":"ListItem","position":1,"name":"Accueil","item":"https:\/\/mindef.gov.cm\/en\/"},{"@type":"ListItem","position":2,"name":"BETI ASSOMO Joseph, Ministre D\u00e9l\u00e9gu\u00e9 \u00e0 la Pr\u00e9sidence Charg\u00e9 de la D\u00e9fense"}]},{"@type":"WebSite","@id":"https:\/\/mindef.gov.cm\/en\/#website","url":"https:\/\/mindef.gov.cm\/en\/","name":"portail MINDEF","description":"Honneur et Fidelit\u00e9","publisher":{"@id":"https:\/\/mindef.gov.cm\/en\/#organization"},"potentialAction":[{"@type":"SearchAction","target":{"@type":"EntryPoint","urlTemplate":"https:\/\/mindef.gov.cm\/en\/?s={search_term_string}"},"query-input":"required name=search_term_string"}],"inLanguage":"en-US"},{"@type":"Organization","@id":"https:\/\/mindef.gov.cm\/en\/#organization","name":"portail MINDEF","url":"https:\/\/mindef.gov.cm\/en\/","logo":{"@type":"ImageObject","inLanguage":"en-US","@id":"https:\/\/mindef.gov.cm\/en\/#\/schema\/logo\/image\/","url":"https:\/\/mindef.gov.cm\/wp-content\/uploads\/2023\/10\/LOGO-MINDEF-PNG-FRANCAIS.png","contentUrl":"https:\/\/mindef.gov.cm\/wp-content\/uploads\/2023\/10\/LOGO-MINDEF-PNG-FRANCAIS.png","width":2126,"height":478,"caption":"portail MINDEF"},"image":{"@id":"https:\/\/mindef.gov.cm\/en\/#\/schema\/logo\/image\/"},"sameAs":["https:\/\/www.facebook.com\/mindefcm","https:\/\/x.com\/mindefcm"]}]}},"rttpg_featured_image_url":null,"rttpg_author":{"display_name":"ricaldorichard237@gmail.com","author_link":"https:\/\/mindef.gov.cm\/en\/blog\/author\/ricaldorichard237gmail-com\/"},"rttpg_comment":0,"rttpg_category":false,"rttpg_excerpt":"M. Joseph BETI ASSOMO Ministre D\u00e9l\u00e9gu\u00e9 \u00e0 la Pr\u00e9sidence Charg\u00e9 de la D\u00e9fense Minister Delegate at the Presidency in charge of Defense Biography Joseph Beti Assomo, born on 17 August 1959 in Ayos in the Nyong and Mfoumou Division (Centre Region), is a Cameroonian senior civil administrator super scale and politician. He completed his primary&hellip;","_links":{"self":[{"href":"https:\/\/mindef.gov.cm\/en\/wp-json\/wp\/v2\/pages\/3863","targetHints":{"allow":["GET"]}}],"collection":[{"href":"https:\/\/mindef.gov.cm\/en\/wp-json\/wp\/v2\/pages"}],"about":[{"href":"https:\/\/mindef.gov.cm\/en\/wp-json\/wp\/v2\/types\/page"}],"author":[{"embeddable":true,"href":"https:\/\/mindef.gov.cm\/en\/wp-json\/wp\/v2\/users\/1"}],"replies":[{"embeddable":true,"href":"https:\/\/mindef.gov.cm\/en\/wp-json\/wp\/v2\/comments?post=3863"}],"version-history":[{"count":0,"href":"https:\/\/mindef.gov.cm\/en\/wp-json\/wp\/v2\/pages\/3863\/revisions"}],"wp:attachment":[{"href":"https:\/\/mindef.gov.cm\/en\/wp-json\/wp\/v2\/media?parent=3863"}],"curies":[{"name":"wp","href":"https:\/\/api.w.org\/{rel}","templated":true}]}}