{"id":2432,"date":"2023-10-30T14:44:40","date_gmt":"2023-10-30T13:44:40","guid":{"rendered":"https:\/\/mindef.gov.cm\/gendarmerie-nationale\/?page_id=2432"},"modified":"2023-11-07T14:00:34","modified_gmt":"2023-11-07T13:00:34","slug":"gendarmerie-a-l-international","status":"publish","type":"page","link":"https:\/\/mindef.gov.cm\/gendarmerie-nationale\/en\/gendarmerie-a-l-international\/","title":{"rendered":"gendarmerie-a-l-international"},"content":{"rendered":"\t\t<div data-elementor-type=\"wp-page\" data-elementor-id=\"2432\" class=\"elementor elementor-2432 elementor-2431\" data-elementor-post-type=\"page\">\n\t\t\t\t\t\t<section class=\"elementor-section elementor-top-section elementor-element elementor-element-7c8b4b50 animated-fast elementor-section-boxed elementor-section-height-default elementor-section-height-default\" data-id=\"7c8b4b50\" data-element_type=\"section\" data-settings=\"{&quot;background_background&quot;:&quot;classic&quot;,&quot;animation&quot;:&quot;none&quot;}\">\n\t\t\t\t\t\t<div class=\"elementor-container elementor-column-gap-default\">\n\t\t\t\t\t<div class=\"elementor-column elementor-col-100 elementor-top-column elementor-element elementor-element-7a0f3944\" data-id=\"7a0f3944\" data-element_type=\"column\" data-settings=\"{&quot;background_background&quot;:&quot;classic&quot;}\">\n\t\t\t<div class=\"elementor-widget-wrap elementor-element-populated\">\n\t\t\t\t\t\t<div class=\"elementor-element elementor-element-647c2205 elementor-hidden-tablet elementor-hidden-mobile elementor-widget elementor-widget-spacer\" data-id=\"647c2205\" data-element_type=\"widget\" id=\"securite-routiere\" data-widget_type=\"spacer.default\">\n\t\t\t\t<div class=\"elementor-widget-container\">\n\t\t\t\t\t<div class=\"elementor-spacer\">\n\t\t\t<div class=\"elementor-spacer-inner\"><\/div>\n\t\t<\/div>\n\t\t\t\t<\/div>\n\t\t\t\t<\/div>\n\t\t\t\t<div class=\"elementor-element elementor-element-34c95ce3 elementor-widget elementor-widget-heading\" data-id=\"34c95ce3\" data-element_type=\"widget\" data-widget_type=\"heading.default\">\n\t\t\t\t<div class=\"elementor-widget-container\">\n\t\t\t<h2 class=\"elementor-heading-title elementor-size-small\">LA GENDARMERIE NATIONALE A L\u2019INTERNATIONAL<\/h2>\t\t<\/div>\n\t\t\t\t<\/div>\n\t\t\t\t<div class=\"elementor-element elementor-element-7dd750f2 elementor-widget elementor-widget-text-editor\" data-id=\"7dd750f2\" data-element_type=\"widget\" data-widget_type=\"text-editor.default\">\n\t\t\t\t<div class=\"elementor-widget-container\">\n\t\t\t\t\t\t\t<p>Force de police \u00e0 caract\u00e8re militaire, la Gendarmerie Nationale se d\u00e9ploie \u00e9galement au-del\u00e0 des fronti\u00e8res nationales. Son action \u00e0 l\u2019ext\u00e9rieur du Cameroun s\u2019ex\u00e9cute conform\u00e9ment \u00e0 ses missions et sous les auspices du Minist\u00e8re de la D\u00e9fense.<\/p><p>Historiquement les formes de cette visibilit\u00e9 internationale connaissent deux principales d\u00e9clinaisons\u00a0: le d\u00e9ploiement dans le domaine des Op\u00e9rations des Maintien de la Paix (OMP) et les action de coop\u00e9ration multiforme.\u00a0<\/p><p>Dans le cadre des Op\u00e9rations de Maintien de la Paix, la Gendarmerie Nationale d\u00e9ploie ses personnels \u00e0 la fois \u00e0 titre individuel et sous forme de contingents sur de nombreux th\u00e9\u00e2tres.<\/p><p>A titre individuel, les personnels du Corps, Sous-Officiers et Officiers confondus occupent des postes de responsabilit\u00e9 divers li\u00e9s \u00e0 leurs domaines de comp\u00e9tence dans les OMP sous l\u2019\u00e9gide des Nations Unies. C\u2019est le cas ces derni\u00e8res ann\u00e9es au sein de la MINUSMA, de la MINUSCA et de la MONUSCO.<\/p><p>Au nombre des contingents qui connaissent une forte participation de la Gendarmerie Nationale, la MINUSCA arrive en t\u00eate avec le d\u00e9ploiement r\u00e9gulier depuis l\u2019ann\u00e9e 2008 des Unit\u00e9s de Police Constitu\u00e9es arm\u00e9es par les personnels du Corps. Leur action remarqu\u00e9e dans le processus de stabilisation de la R\u00e9publique Centrafricaine a valu au Cameroun la reconnaissance internationale et le satisf\u00e9cit de l\u2019Organisation des Nations Unies.<\/p><p>Les autres formes de visibilit\u00e9 de la Gendarmerie Nationale \u00e0 l\u2019international incluent son action dans l\u2019Organisation des Gendarmeries Africaine (OGA), la tenue de hautes fonctions par ses personnels au sein des missions et bureaux militaires dans les repr\u00e9sentations diplomatiques du Cameroun \u00e0 l\u2019\u00e9tranger et la coop\u00e9ration en mati\u00e8re de formation et d\u2019assistance technique avec des partenaires ext\u00e9rieurs, sous la tutelle du Minist\u00e8re de la D\u00e9fense.<\/p>\t\t\t\t\t\t<\/div>\n\t\t\t\t<\/div>\n\t\t\t\t\t<\/div>\n\t\t<\/div>\n\t\t\t\t\t<\/div>\n\t\t<\/section>\n\t\t\t\t<section class=\"elementor-section elementor-top-section elementor-element elementor-element-6637ea5 elementor-section-boxed elementor-section-height-default elementor-section-height-default\" data-id=\"6637ea5\" data-element_type=\"section\" data-settings=\"{&quot;background_background&quot;:&quot;classic&quot;}\">\n\t\t\t\t\t\t<div class=\"elementor-container elementor-column-gap-default\">\n\t\t\t\t\t<div class=\"elementor-column elementor-col-100 elementor-top-column elementor-element elementor-element-691e501\" data-id=\"691e501\" data-element_type=\"column\">\n\t\t\t<div class=\"elementor-widget-wrap elementor-element-populated\">\n\t\t\t\t\t\t<div class=\"elementor-element elementor-element-676cecd elementor-widget elementor-widget-spacer\" data-id=\"676cecd\" data-element_type=\"widget\" data-widget_type=\"spacer.default\">\n\t\t\t\t<div class=\"elementor-widget-container\">\n\t\t\t\t\t<div class=\"elementor-spacer\">\n\t\t\t<div class=\"elementor-spacer-inner\"><\/div>\n\t\t<\/div>\n\t\t\t\t<\/div>\n\t\t\t\t<\/div>\n\t\t\t\t<div class=\"elementor-element elementor-element-0144fa1 section-title-style-style3 slider-arrow-position-top-right title_position_default title_hover_border_default title-default img_hover_animation_default readmore-btn-default-style is-carousel-overflow-hidden slider-direction-ltr grid-hover-overlay-type-always grid-hover-overlay-height-default hover-overlay-height-default tpg-border-bottom-disable elementor-widget elementor-widget-tpg-slider-layout\" data-id=\"0144fa1\" data-element_type=\"widget\" data-widget_type=\"tpg-slider-layout.default\">\n\t\t\t\t<div class=\"elementor-widget-container\">\n\t\t\t        <div class=\"rt-container-fluid rt-tpg-container tpg-el-main-wrapper slider-layout-main slider-layout9-main \"\n             id=\"rt-tpg-container-730571358\"\n             data-layout=\"slider-layout9\"\n             data-grid-style=\"\"\n             data-desktop-col=\"3\"\n             data-tab-col=\"2\"\n             data-mobile-col=\"1\"\n             data-sc-id=\"elementor\"\n             data-el-query=''\n        >\n\t\t\t\n        <div class=\"tpg-widget-heading-wrapper rt-clear heading-style3 \">\n            <span class=\"tpg-widget-heading-line line-left\"><\/span>\n\t\t\t<h2 class='tpg-widget-heading'>\n\t\t\t\n\t\t\t\t                    <span>\n\t\t\t\t\t\tInternational activities\t\t\t\t\t<\/span>\n\t\t\t\t\t\n\t\t\t\t\t\t\t<\/h2>            <span class=\"tpg-widget-heading-line line-right\"><\/span>\n\n\t\t\t\n        <\/div>\n\n\t\t\n\t\t\n            <div class=\"slider-main-wrapper slider-layout9\">\n                <div class=\"rt-swiper-holder swiper\"\n                     data-rtowl-options='{\"speed\":500,\"autoPlayTimeOut\":3000,\"autoPlay\":false,\"stopOnHover\":true,\"nav\":true,\"dots\":false,\"loop\":true,\"lazyLoad\":false,\"autoHeight\":false,\"dynamic_dots\":false,\"grabCursor\":true}'\n                     dir=\"ltr\"\n                >\n                    <div class=\"swiper-wrapper rt-content-loader grid-behaviour grid_hover-layout5 grid_hover-layout11 grid_hover_layout_wrapper slider_layout_wrapper\">\n\t\t\t\t\t\t\r\n\r\n    <div class=\"default rt-slider-item swiper-slide rt-grid-hover-item rt-grid-item\" data-id=\"8002\">\r\n\r\n\r\n    <div class=\"rt-holder tpg-post-holder\">\r\n        <div class=\"rt-detail rt-el-content-wrapper\">\r\n\t\t\t                <div class=\"rt-img-holder tpg-el-image-wrap has-thumbnail\">\r\n\t\t\t\t\t<a data-id=\"8002\" href=\"https:\/\/mindef.gov.cm\/gendarmerie-nationale\/en\/2026\/02\/23\/the-7th-edition-of-the-uae-swat-challenge\/\" class=\"tpg-post-link\" target=\"_self\">                        <img fetchpriority=\"high\" decoding=\"async\" src=\"https:\/\/mindef.gov.cm\/gendarmerie-nationale\/wp-content\/uploads\/sites\/2\/2026\/02\/UAE-SWAT-1.jpg\"\n                             class=\"rt-img-responsive\"\n                             width=\"1600\"\n                             height=\"1357\"\n                             alt=\"THE 7TH EDITION OF THE UAE SWAT CHALLENGE: CAMEROON\u2019S GPIGN TAKES THE GLOBAL STAGE\">\n\t\t\t\t\t\t\n\t\t\t\t\t\t\t\n\t\t<\/a>\n\t\t        <div class=\"overlay grid-hover-content\"><\/div>\n\t\t                <\/div>\r\n\t\t\t\r\n            <div class=\"grid-hover-content\">\r\n\r\n\t\t\t\t<div class=\"entry-title-wrapper\"><h3 class=\"entry-title\"><a data-id=\"8002\" href=\"https:\/\/mindef.gov.cm\/gendarmerie-nationale\/en\/2026\/02\/23\/the-7th-edition-of-the-uae-swat-challenge\/\" class=\"tpg-post-link\" target=\"_self\">THE 7TH EDITION OF THE UAE SWAT CHALLENGE: CAMEROON\u2019S GPIGN TAKES THE GLOBAL STAGE<\/a><\/h3><\/div>\r\n\r\n\t\t\t\t\r\n\t                                <div class=\"tpg-excerpt tpg-el-excerpt\">\r\n\t\t\t                                        <div class=\"tpg-excerpt-inner\">\r\n\t\t\t\t\t            Cameroon took part in the 7th edition of the UAE SWAT...                            <\/div>\r\n\t\t\t            \t\t\t                                <\/div>\r\n\t            \r\n\t\t\t\t        <div class=\"post-footer\">\n            <div class=\"post-footer\">\n                <div class=\"read-more\">\n\t\t\t\t\t<a data-id=\"8002\" href=\"https:\/\/mindef.gov.cm\/gendarmerie-nationale\/en\/2026\/02\/23\/the-7th-edition-of-the-uae-swat-challenge\/\" class=\"tpg-post-link\" target=\"_self\">Read More<i aria-hidden=\"true\" class=\"right-icon fas fa-globe-americas\"><\/i><\/a>                <\/div>\n            <\/div>\n        <\/div>\n\t\t            <\/div>\r\n        <\/div>\r\n    <\/div>\r\n<\/div>\r\n\r\n\r\n\r\n    <div class=\"default rt-slider-item swiper-slide rt-grid-hover-item rt-grid-item\" data-id=\"3720\">\r\n\r\n\r\n    <div class=\"rt-holder tpg-post-holder\">\r\n        <div class=\"rt-detail rt-el-content-wrapper\">\r\n\t\t\t                <div class=\"rt-img-holder tpg-el-image-wrap has-thumbnail\">\r\n\t\t\t\t\t<a data-id=\"3720\" href=\"https:\/\/mindef.gov.cm\/gendarmerie-nationale\/en\/2023\/11\/05\/national-gendarmerie-abroad\/\" class=\"tpg-post-link\" target=\"_self\">                        <img decoding=\"async\" src=\"https:\/\/mindef.gov.cm\/gendarmerie-nationale\/wp-content\/uploads\/sites\/2\/2023\/10\/log-gendarmerie-1.png\"\n                             class=\"rt-img-responsive\"\n                             width=\"394\"\n                             height=\"394\"\n                             alt=\"NATIONAL GENDARMERIE ABROAD\">\n\t\t\t\t\t\t\n\t\t\t\t\t\t\t\n\t\t<\/a>\n\t\t        <div class=\"overlay grid-hover-content\"><\/div>\n\t\t                <\/div>\r\n\t\t\t\r\n            <div class=\"grid-hover-content\">\r\n\r\n\t\t\t\t<div class=\"entry-title-wrapper\"><h3 class=\"entry-title\"><a data-id=\"3720\" href=\"https:\/\/mindef.gov.cm\/gendarmerie-nationale\/en\/2023\/11\/05\/national-gendarmerie-abroad\/\" class=\"tpg-post-link\" target=\"_self\">NATIONAL GENDARMERIE ABROAD<\/a><\/h3><\/div>\r\n\r\n\t\t\t\t\r\n\t                                <div class=\"tpg-excerpt tpg-el-excerpt\">\r\n\t\t\t                                        <div class=\"tpg-excerpt-inner\">\r\n\t\t\t\t\t            ...                            <\/div>\r\n\t\t\t            \t\t\t                                <\/div>\r\n\t            \r\n\t\t\t\t        <div class=\"post-footer\">\n            <div class=\"post-footer\">\n                <div class=\"read-more\">\n\t\t\t\t\t<a data-id=\"3720\" href=\"https:\/\/mindef.gov.cm\/gendarmerie-nationale\/en\/2023\/11\/05\/national-gendarmerie-abroad\/\" class=\"tpg-post-link\" target=\"_self\">Read More<i aria-hidden=\"true\" class=\"right-icon fas fa-globe-americas\"><\/i><\/a>                <\/div>\n            <\/div>\n        <\/div>\n\t\t            <\/div>\r\n        <\/div>\r\n    <\/div>\r\n<\/div>\r\n\r\n                    <\/div>\n\n                <\/div>\n\n\n\t\t\t\t                    <!--swiper-pagination-horizontal-->\n\t\t\t\t\t\n\t\t\t\t\t                        <div class=\"swiper-navigation\">\n                            <div class=\"slider-btn swiper-button-prev\"><\/div>\n                            <div class=\"slider-btn swiper-button-next\"><\/div>\n                        <\/div>\n\t\t\t\t\t\t\t\t\t\n\t\t\t\t            <\/div>\n        <\/div>\n\t\t\t\t<\/div>\n\t\t\t\t<\/div>\n\t\t\t\t<div class=\"elementor-element elementor-element-0f8c1cd elementor-widget elementor-widget-spacer\" data-id=\"0f8c1cd\" data-element_type=\"widget\" data-widget_type=\"spacer.default\">\n\t\t\t\t<div class=\"elementor-widget-container\">\n\t\t\t\t\t<div class=\"elementor-spacer\">\n\t\t\t<div class=\"elementor-spacer-inner\"><\/div>\n\t\t<\/div>\n\t\t\t\t<\/div>\n\t\t\t\t<\/div>\n\t\t\t\t\t<\/div>\n\t\t<\/div>\n\t\t\t\t\t<\/div>\n\t\t<\/section>\n\t\t\t\t<\/div>\n\t\t","protected":false},"excerpt":{"rendered":"<p>LA GENDARMERIE NATIONALE A L\u2019INTERNATIONAL Force de police \u00e0 caract\u00e8re militaire, la Gendarmerie Nationale se d\u00e9ploie \u00e9galement au-del\u00e0 des fronti\u00e8res nationales. Son action \u00e0 l\u2019ext\u00e9rieur du Cameroun s\u2019ex\u00e9cute conform\u00e9ment \u00e0 ses missions et sous les auspices du Minist\u00e8re de la D\u00e9fense. Historiquement les formes de cette visibilit\u00e9 internationale connaissent deux principales d\u00e9clinaisons\u00a0: le d\u00e9ploiement dans [&hellip;]<\/p>\n","protected":false},"author":1,"featured_media":0,"parent":0,"menu_order":0,"comment_status":"closed","ping_status":"closed","template":"","meta":{"footnotes":""},"class_list":["post-2432","page","type-page","status-publish","hentry"],"yoast_head":"<!-- This site is optimized with the Yoast SEO plugin v23.3 - https:\/\/yoast.com\/wordpress\/plugins\/seo\/ -->\n<title>gendarmerie-a-l-international - Gendarmerie Nationale<\/title>\n<meta name=\"robots\" content=\"index, follow, max-snippet:-1, max-image-preview:large, max-video-preview:-1\" \/>\n<link rel=\"canonical\" href=\"https:\/\/mindef.gov.cm\/gendarmerie-nationale\/en\/gendarmerie-a-l-international\/\" \/>\n<meta property=\"og:locale\" content=\"en_US\" \/>\n<meta property=\"og:type\" content=\"article\" \/>\n<meta property=\"og:title\" content=\"gendarmerie-a-l-international - Gendarmerie Nationale\" \/>\n<meta property=\"og:description\" content=\"LA GENDARMERIE NATIONALE A L\u2019INTERNATIONAL Force de police \u00e0 caract\u00e8re militaire, la Gendarmerie Nationale se d\u00e9ploie \u00e9galement au-del\u00e0 des fronti\u00e8res nationales. Son action \u00e0 l\u2019ext\u00e9rieur du Cameroun s\u2019ex\u00e9cute conform\u00e9ment \u00e0 ses missions et sous les auspices du Minist\u00e8re de la D\u00e9fense. Historiquement les formes de cette visibilit\u00e9 internationale connaissent deux principales d\u00e9clinaisons\u00a0: le d\u00e9ploiement dans [&hellip;]\" \/>\n<meta property=\"og:url\" content=\"https:\/\/mindef.gov.cm\/gendarmerie-nationale\/en\/gendarmerie-a-l-international\/\" \/>\n<meta property=\"og:site_name\" content=\"Gendarmerie Nationale\" \/>\n<meta property=\"article:modified_time\" content=\"2023-11-07T13:00:34+00:00\" \/>\n<meta property=\"og:image\" content=\"https:\/\/mindef.gov.cm\/gendarmerie-nationale\/wp-content\/uploads\/sites\/2\/2023\/10\/log-gendarmerie-1.png\" \/>\n<meta name=\"twitter:card\" content=\"summary_large_image\" \/>\n<meta name=\"twitter:label1\" content=\"Est. reading time\" \/>\n\t<meta name=\"twitter:data1\" content=\"2 minutes\" \/>\n<script type=\"application\/ld+json\" class=\"yoast-schema-graph\">{\"@context\":\"https:\/\/schema.org\",\"@graph\":[{\"@type\":\"WebPage\",\"@id\":\"https:\/\/mindef.gov.cm\/gendarmerie-nationale\/en\/gendarmerie-a-l-international\/\",\"url\":\"https:\/\/mindef.gov.cm\/gendarmerie-nationale\/en\/gendarmerie-a-l-international\/\",\"name\":\"gendarmerie-a-l-international - Gendarmerie Nationale\",\"isPartOf\":{\"@id\":\"https:\/\/mindef.gov.cm\/gendarmerie-nationale\/en\/#website\"},\"primaryImageOfPage\":{\"@id\":\"https:\/\/mindef.gov.cm\/gendarmerie-nationale\/en\/gendarmerie-a-l-international\/#primaryimage\"},\"image\":{\"@id\":\"https:\/\/mindef.gov.cm\/gendarmerie-nationale\/en\/gendarmerie-a-l-international\/#primaryimage\"},\"thumbnailUrl\":\"https:\/\/mindef.gov.cm\/gendarmerie-nationale\/wp-content\/uploads\/sites\/2\/2023\/10\/log-gendarmerie-1.png\",\"datePublished\":\"2023-10-30T13:44:40+00:00\",\"dateModified\":\"2023-11-07T13:00:34+00:00\",\"breadcrumb\":{\"@id\":\"https:\/\/mindef.gov.cm\/gendarmerie-nationale\/en\/gendarmerie-a-l-international\/#breadcrumb\"},\"inLanguage\":\"en-US\",\"potentialAction\":[{\"@type\":\"ReadAction\",\"target\":[\"https:\/\/mindef.gov.cm\/gendarmerie-nationale\/en\/gendarmerie-a-l-international\/\"]}]},{\"@type\":\"ImageObject\",\"inLanguage\":\"en-US\",\"@id\":\"https:\/\/mindef.gov.cm\/gendarmerie-nationale\/en\/gendarmerie-a-l-international\/#primaryimage\",\"url\":\"https:\/\/mindef.gov.cm\/gendarmerie-nationale\/wp-content\/uploads\/sites\/2\/2023\/10\/log-gendarmerie-1.png\",\"contentUrl\":\"https:\/\/mindef.gov.cm\/gendarmerie-nationale\/wp-content\/uploads\/sites\/2\/2023\/10\/log-gendarmerie-1.png\"},{\"@type\":\"BreadcrumbList\",\"@id\":\"https:\/\/mindef.gov.cm\/gendarmerie-nationale\/en\/gendarmerie-a-l-international\/#breadcrumb\",\"itemListElement\":[{\"@type\":\"ListItem\",\"position\":1,\"name\":\"Home\",\"item\":\"https:\/\/mindef.gov.cm\/gendarmerie-nationale\/en\/\"},{\"@type\":\"ListItem\",\"position\":2,\"name\":\"gendarmerie-a-l-international\"}]},{\"@type\":\"WebSite\",\"@id\":\"https:\/\/mindef.gov.cm\/gendarmerie-nationale\/en\/#website\",\"url\":\"https:\/\/mindef.gov.cm\/gendarmerie-nationale\/en\/\",\"name\":\"Gendarmerie Nationale\",\"description\":\"Site Web GENDAMERIE\",\"publisher\":{\"@id\":\"https:\/\/mindef.gov.cm\/gendarmerie-nationale\/en\/#organization\"},\"potentialAction\":[{\"@type\":\"SearchAction\",\"target\":{\"@type\":\"EntryPoint\",\"urlTemplate\":\"https:\/\/mindef.gov.cm\/gendarmerie-nationale\/en\/?s={search_term_string}\"},\"query-input\":\"required name=search_term_string\"}],\"inLanguage\":\"en-US\"},{\"@type\":\"Organization\",\"@id\":\"https:\/\/mindef.gov.cm\/gendarmerie-nationale\/en\/#organization\",\"name\":\"Gendarmerie Nationale\",\"url\":\"https:\/\/mindef.gov.cm\/gendarmerie-nationale\/en\/\",\"logo\":{\"@type\":\"ImageObject\",\"inLanguage\":\"en-US\",\"@id\":\"https:\/\/mindef.gov.cm\/gendarmerie-nationale\/en\/#\/schema\/logo\/image\/\",\"url\":\"https:\/\/mindef.gov.cm\/gendarmerie-nationale\/wp-content\/uploads\/sites\/2\/2023\/07\/LOGO-MINDEF-PNG-FRANCAIS.png\",\"contentUrl\":\"https:\/\/mindef.gov.cm\/gendarmerie-nationale\/wp-content\/uploads\/sites\/2\/2023\/07\/LOGO-MINDEF-PNG-FRANCAIS.png\",\"width\":2126,\"height\":478,\"caption\":\"Gendarmerie Nationale\"},\"image\":{\"@id\":\"https:\/\/mindef.gov.cm\/gendarmerie-nationale\/en\/#\/schema\/logo\/image\/\"}}]}<\/script>\n<!-- \/ Yoast SEO plugin. -->","yoast_head_json":{"title":"gendarmerie-a-l-international - Gendarmerie Nationale","robots":{"index":"index","follow":"follow","max-snippet":"max-snippet:-1","max-image-preview":"max-image-preview:large","max-video-preview":"max-video-preview:-1"},"canonical":"https:\/\/mindef.gov.cm\/gendarmerie-nationale\/en\/gendarmerie-a-l-international\/","og_locale":"en_US","og_type":"article","og_title":"gendarmerie-a-l-international - Gendarmerie Nationale","og_description":"LA GENDARMERIE NATIONALE A L\u2019INTERNATIONAL Force de police \u00e0 caract\u00e8re militaire, la Gendarmerie Nationale se d\u00e9ploie \u00e9galement au-del\u00e0 des fronti\u00e8res nationales. Son action \u00e0 l\u2019ext\u00e9rieur du Cameroun s\u2019ex\u00e9cute conform\u00e9ment \u00e0 ses missions et sous les auspices du Minist\u00e8re de la D\u00e9fense. Historiquement les formes de cette visibilit\u00e9 internationale connaissent deux principales d\u00e9clinaisons\u00a0: le d\u00e9ploiement dans [&hellip;]","og_url":"https:\/\/mindef.gov.cm\/gendarmerie-nationale\/en\/gendarmerie-a-l-international\/","og_site_name":"Gendarmerie Nationale","article_modified_time":"2023-11-07T13:00:34+00:00","og_image":[{"url":"https:\/\/mindef.gov.cm\/gendarmerie-nationale\/wp-content\/uploads\/sites\/2\/2023\/10\/log-gendarmerie-1.png"}],"twitter_card":"summary_large_image","twitter_misc":{"Est. reading time":"2 minutes"},"schema":{"@context":"https:\/\/schema.org","@graph":[{"@type":"WebPage","@id":"https:\/\/mindef.gov.cm\/gendarmerie-nationale\/en\/gendarmerie-a-l-international\/","url":"https:\/\/mindef.gov.cm\/gendarmerie-nationale\/en\/gendarmerie-a-l-international\/","name":"gendarmerie-a-l-international - Gendarmerie Nationale","isPartOf":{"@id":"https:\/\/mindef.gov.cm\/gendarmerie-nationale\/en\/#website"},"primaryImageOfPage":{"@id":"https:\/\/mindef.gov.cm\/gendarmerie-nationale\/en\/gendarmerie-a-l-international\/#primaryimage"},"image":{"@id":"https:\/\/mindef.gov.cm\/gendarmerie-nationale\/en\/gendarmerie-a-l-international\/#primaryimage"},"thumbnailUrl":"https:\/\/mindef.gov.cm\/gendarmerie-nationale\/wp-content\/uploads\/sites\/2\/2023\/10\/log-gendarmerie-1.png","datePublished":"2023-10-30T13:44:40+00:00","dateModified":"2023-11-07T13:00:34+00:00","breadcrumb":{"@id":"https:\/\/mindef.gov.cm\/gendarmerie-nationale\/en\/gendarmerie-a-l-international\/#breadcrumb"},"inLanguage":"en-US","potentialAction":[{"@type":"ReadAction","target":["https:\/\/mindef.gov.cm\/gendarmerie-nationale\/en\/gendarmerie-a-l-international\/"]}]},{"@type":"ImageObject","inLanguage":"en-US","@id":"https:\/\/mindef.gov.cm\/gendarmerie-nationale\/en\/gendarmerie-a-l-international\/#primaryimage","url":"https:\/\/mindef.gov.cm\/gendarmerie-nationale\/wp-content\/uploads\/sites\/2\/2023\/10\/log-gendarmerie-1.png","contentUrl":"https:\/\/mindef.gov.cm\/gendarmerie-nationale\/wp-content\/uploads\/sites\/2\/2023\/10\/log-gendarmerie-1.png"},{"@type":"BreadcrumbList","@id":"https:\/\/mindef.gov.cm\/gendarmerie-nationale\/en\/gendarmerie-a-l-international\/#breadcrumb","itemListElement":[{"@type":"ListItem","position":1,"name":"Home","item":"https:\/\/mindef.gov.cm\/gendarmerie-nationale\/en\/"},{"@type":"ListItem","position":2,"name":"gendarmerie-a-l-international"}]},{"@type":"WebSite","@id":"https:\/\/mindef.gov.cm\/gendarmerie-nationale\/en\/#website","url":"https:\/\/mindef.gov.cm\/gendarmerie-nationale\/en\/","name":"Gendarmerie Nationale","description":"Site Web GENDAMERIE","publisher":{"@id":"https:\/\/mindef.gov.cm\/gendarmerie-nationale\/en\/#organization"},"potentialAction":[{"@type":"SearchAction","target":{"@type":"EntryPoint","urlTemplate":"https:\/\/mindef.gov.cm\/gendarmerie-nationale\/en\/?s={search_term_string}"},"query-input":"required name=search_term_string"}],"inLanguage":"en-US"},{"@type":"Organization","@id":"https:\/\/mindef.gov.cm\/gendarmerie-nationale\/en\/#organization","name":"Gendarmerie Nationale","url":"https:\/\/mindef.gov.cm\/gendarmerie-nationale\/en\/","logo":{"@type":"ImageObject","inLanguage":"en-US","@id":"https:\/\/mindef.gov.cm\/gendarmerie-nationale\/en\/#\/schema\/logo\/image\/","url":"https:\/\/mindef.gov.cm\/gendarmerie-nationale\/wp-content\/uploads\/sites\/2\/2023\/07\/LOGO-MINDEF-PNG-FRANCAIS.png","contentUrl":"https:\/\/mindef.gov.cm\/gendarmerie-nationale\/wp-content\/uploads\/sites\/2\/2023\/07\/LOGO-MINDEF-PNG-FRANCAIS.png","width":2126,"height":478,"caption":"Gendarmerie Nationale"},"image":{"@id":"https:\/\/mindef.gov.cm\/gendarmerie-nationale\/en\/#\/schema\/logo\/image\/"}}]}},"rttpg_featured_image_url":null,"rttpg_author":{"display_name":"ricaldorichard237@gmail.com","author_link":"https:\/\/mindef.gov.cm\/gendarmerie-nationale\/en\/author\/ricaldorichard237gmail-com\/"},"rttpg_comment":0,"rttpg_category":"","rttpg_excerpt":"LA GENDARMERIE NATIONALE A L\u2019INTERNATIONAL Force de police \u00e0 caract\u00e8re militaire, la Gendarmerie Nationale se d\u00e9ploie \u00e9galement au-del\u00e0 des fronti\u00e8res nationales. Son action \u00e0 l\u2019ext\u00e9rieur du Cameroun s\u2019ex\u00e9cute conform\u00e9ment \u00e0 ses missions et sous les auspices du Minist\u00e8re de la D\u00e9fense. Historiquement les formes de cette visibilit\u00e9 internationale connaissent deux principales d\u00e9clinaisons\u00a0: le d\u00e9ploiement dans&hellip;","_links":{"self":[{"href":"https:\/\/mindef.gov.cm\/gendarmerie-nationale\/en\/wp-json\/wp\/v2\/pages\/2432","targetHints":{"allow":["GET"]}}],"collection":[{"href":"https:\/\/mindef.gov.cm\/gendarmerie-nationale\/en\/wp-json\/wp\/v2\/pages"}],"about":[{"href":"https:\/\/mindef.gov.cm\/gendarmerie-nationale\/en\/wp-json\/wp\/v2\/types\/page"}],"author":[{"embeddable":true,"href":"https:\/\/mindef.gov.cm\/gendarmerie-nationale\/en\/wp-json\/wp\/v2\/users\/1"}],"replies":[{"embeddable":true,"href":"https:\/\/mindef.gov.cm\/gendarmerie-nationale\/en\/wp-json\/wp\/v2\/comments?post=2432"}],"version-history":[{"count":0,"href":"https:\/\/mindef.gov.cm\/gendarmerie-nationale\/en\/wp-json\/wp\/v2\/pages\/2432\/revisions"}],"wp:attachment":[{"href":"https:\/\/mindef.gov.cm\/gendarmerie-nationale\/en\/wp-json\/wp\/v2\/media?parent=2432"}],"curies":[{"name":"wp","href":"https:\/\/api.w.org\/{rel}","templated":true}]}}