{"id":81,"date":"2023-07-27T17:43:23","date_gmt":"2023-07-27T15:43:23","guid":{"rendered":"http:\/\/mindef_cm"},"modified":"2023-11-05T14:20:14","modified_gmt":"2023-11-05T13:20:14","slug":"missions","status":"publish","type":"page","link":"https:\/\/mindef.gov.cm\/gendarmerie-nationale\/missions\/","title":{"rendered":"missions"},"content":{"rendered":"\t\t<div data-elementor-type=\"wp-page\" data-elementor-id=\"81\" class=\"elementor elementor-81\" data-elementor-post-type=\"page\">\n\t\t\t\t\t\t<section class=\"elementor-section elementor-top-section elementor-element elementor-element-de58021 elementor-section-boxed elementor-section-height-default elementor-section-height-default\" data-id=\"de58021\" data-element_type=\"section\" data-settings=\"{&quot;background_background&quot;:&quot;classic&quot;}\">\n\t\t\t\t\t\t\t<div class=\"elementor-background-overlay\"><\/div>\n\t\t\t\t\t\t\t<div class=\"elementor-container elementor-column-gap-default\">\n\t\t\t\t\t<div class=\"elementor-column elementor-col-100 elementor-top-column elementor-element elementor-element-1452f60\" data-id=\"1452f60\" data-element_type=\"column\">\n\t\t\t<div class=\"elementor-widget-wrap elementor-element-populated\">\n\t\t\t\t\t\t<div class=\"elementor-element elementor-element-517b1d5 elementor-hidden-tablet elementor-hidden-mobile elementor-widget elementor-widget-spacer\" data-id=\"517b1d5\" data-element_type=\"widget\" data-widget_type=\"spacer.default\">\n\t\t\t\t<div class=\"elementor-widget-container\">\n\t\t\t\t\t<div class=\"elementor-spacer\">\n\t\t\t<div class=\"elementor-spacer-inner\"><\/div>\n\t\t<\/div>\n\t\t\t\t<\/div>\n\t\t\t\t<\/div>\n\t\t\t\t<div class=\"elementor-element elementor-element-44b1451 elementor-widget elementor-widget-heading\" data-id=\"44b1451\" data-element_type=\"widget\" data-widget_type=\"heading.default\">\n\t\t\t\t<div class=\"elementor-widget-container\">\n\t\t\t<h2 class=\"elementor-heading-title elementor-size-default\">Missions  de la Gendarmerie Nationale<\/h2>\t\t<\/div>\n\t\t\t\t<\/div>\n\t\t\t\t<div class=\"elementor-element elementor-element-bd5d61d elementor-widget elementor-widget-text-editor\" data-id=\"bd5d61d\" data-element_type=\"widget\" data-widget_type=\"text-editor.default\">\n\t\t\t\t<div class=\"elementor-widget-container\">\n\t\t\t\t\t\t\t<p>La Gendarmerie ex\u00e9cute trois grandes cat\u00e9gories de missions de police : administrative, judiciaire et militaire. La police administrative, qui doit garantir la s\u00fbret\u00e9, la tranquillit\u00e9 et le maintien de l\u2019ordre public dont la Gendarmerie reste responsable de l\u2019ex\u00e9cution, couvre 30 % des missions de la Gendarmerie. La police judiciaire repr\u00e9sente 50 % environ des missions confi\u00e9es \u00e0 la Gendarmerie. Elle a pour objet de constater les infractions \u00e0 la loi p\u00e9nale, d\u2019en rassembler les preuves, d\u2019en chercher les auteurs afin de les livrer \u00e0 la justice, d\u2019ex\u00e9cuter les mandats et d\u00e9cisions de justice. Enfin, la police militaire est l\u2019interm\u00e9diaire entre l\u2019autorit\u00e9 militaire et les citoyens ; la Gendarmerie exerce \u00e0 la fois la police militaire en g\u00e9n\u00e9rale \u00e0 caract\u00e8re pr\u00e9ventif et la police judiciaire militaire \u00e0 vocation r\u00e9pressive.<\/p><p><strong>AUTRES MISSIONS<\/strong><\/p><p>La Gendarmerie est aussi un organe d\u2019ex\u00e9cution pour de nombreuses autres missions d\u00e9volues \u00e0 diff\u00e9rents d\u00e9partements minist\u00e9riels tels que la police \u00e9conomique (contr\u00f4le de patentes, des prix, etc.), la recherche des infractions douani\u00e8res, le contr\u00f4le de la circulation routi\u00e8re, la surveillance de la navigation a\u00e9rienne, des a\u00e9rodromes et de la navigation maritime. Elles varient suivant le temps de paix ou le temps de guerre. En temps de paix, la Gendarmerie collabore avec les Forces de d\u00e9fense en mati\u00e8re de renseignement et est associ\u00e9e \u00e0 la mise en \u0153uvre des mesures de mobilisation. En temps de guerre, elle participe \u00e0 la d\u00e9fense int\u00e9rieure du territoire.<\/p>\t\t\t\t\t\t<\/div>\n\t\t\t\t<\/div>\n\t\t\t\t<div class=\"elementor-element elementor-element-4628111 elementor-hidden-tablet elementor-hidden-mobile elementor-widget elementor-widget-spacer\" data-id=\"4628111\" data-element_type=\"widget\" data-widget_type=\"spacer.default\">\n\t\t\t\t<div class=\"elementor-widget-container\">\n\t\t\t\t\t<div class=\"elementor-spacer\">\n\t\t\t<div class=\"elementor-spacer-inner\"><\/div>\n\t\t<\/div>\n\t\t\t\t<\/div>\n\t\t\t\t<\/div>\n\t\t\t\t\t<\/div>\n\t\t<\/div>\n\t\t\t\t\t<\/div>\n\t\t<\/section>\n\t\t\t\t<section class=\"elementor-section elementor-top-section elementor-element elementor-element-e66a561 elementor-section-boxed elementor-section-height-default elementor-section-height-default\" data-id=\"e66a561\" data-element_type=\"section\" data-settings=\"{&quot;background_background&quot;:&quot;classic&quot;}\">\n\t\t\t\t\t\t<div class=\"elementor-container elementor-column-gap-default\">\n\t\t\t\t\t<div class=\"elementor-column elementor-col-100 elementor-top-column elementor-element elementor-element-f840b56\" data-id=\"f840b56\" data-element_type=\"column\">\n\t\t\t<div class=\"elementor-widget-wrap elementor-element-populated\">\n\t\t\t\t\t\t<div class=\"elementor-element elementor-element-d86c4f8 elementor-widget elementor-widget-spacer\" data-id=\"d86c4f8\" data-element_type=\"widget\" data-widget_type=\"spacer.default\">\n\t\t\t\t<div class=\"elementor-widget-container\">\n\t\t\t\t\t<div class=\"elementor-spacer\">\n\t\t\t<div class=\"elementor-spacer-inner\"><\/div>\n\t\t<\/div>\n\t\t\t\t<\/div>\n\t\t\t\t<\/div>\n\t\t\t\t<div class=\"elementor-element elementor-element-ede70d9 section-title-style-style3 title-two-line tpg-border-bottom-enable meta-visibility-show title_position_default title_hover_border_default img_hover_animation_default meta_position_default tpg-category-position-default readmore-btn-default-style grid-hover-overlay-type-always tpg-el-box-border-enable elementor-widget elementor-widget-tpg-grid-layout\" data-id=\"ede70d9\" data-element_type=\"widget\" data-widget_type=\"tpg-grid-layout.default\">\n\t\t\t\t<div class=\"elementor-widget-container\">\n\t\t\t\t\t<div class=\"rt-container-fluid rt-tpg-container tpg-el-main-wrapper clearfix grid-layout1-main \"\n\t\t\t id=\"rt-tpg-container-2471981397\"\n\t\t\t data-layout=\"grid-layout1\"\n\t\t\t data-grid-style=\"tpg-full-height\"\n\t\t\t data-sc-id=\"elementor\"\n\t\t\t data-el-settings=''\n\t\t\t data-el-query=''\n\t\t\t data-el-path=''\n\t\t>\n\n\t\t\t\t\t\t<div class='tpg-header-wrapper '>\n\t\t\t\t\n        <div class=\"tpg-widget-heading-wrapper rt-clear heading-style3 \">\n            <span class=\"tpg-widget-heading-line line-left\"><\/span>\n\t\t\t<h2 class='tpg-widget-heading'>\n\t\t\t\n\t\t\t\t                    <span>\n\t\t\t\t\t\tA la une\t\t\t\t\t<\/span>\n\t\t\t\t\t\n\t\t\t\t\t\t\t<\/h2>            <span class=\"tpg-widget-heading-line line-right\"><\/span>\n\n\t\t\t\n        <\/div>\n\n\t\t\n\t\t\t\t\t<\/div>\n\n\t\t\t<div data-title=\"Loading ...\" class=\"rt-row rt-content-loader grid-layout1 grid-behaviour tpg-full-height grid_layout_wrapper\">\n\t\t\t\t<div class=\"rt-col-md-4 rt-col-sm-6 rt-col-xs-12 default rt-grid-item post-8536 post type-post status-publish format-standard has-post-thumbnail hentry category-scroll tag-actualites tag-banniere\"\t\tdata-id=\"8536\">\n\t<div class=\"rt-holder tpg-post-holder\">\n\t\t<div class=\"rt-detail rt-el-content-wrapper\">\n\t\t\t\t\t\t\t<div class=\"rt-img-holder tpg-el-image-wrap has-thumbnail\">\n\t\t\t\t\t<a data-id=\"8536\" href=\"https:\/\/mindef.gov.cm\/gendarmerie-nationale\/2026\/05\/11\/affaire-supermarche-sino-mart-cinq-presumes-tortionnaires-aux-arrets\/\" class=\"tpg-post-link\" target=\"_self\">                        <img fetchpriority=\"high\" decoding=\"async\" src=\"https:\/\/mindef.gov.cm\/gendarmerie-nationale\/wp-content\/uploads\/sites\/2\/2026\/05\/SINO-1024x768.jpg\"\n                             class=\"rt-img-responsive\"\n                             width=\"800\"\n                             height=\"600\"\n                             alt=\"AFFAIRE SUPERMARCH\u00c9 SINO MART: CINQ PR\u00c9SUM\u00c9S TORTIONNAIRES AUX ARR\u00caTS\">\n\t\t\t\t\t\t\n\t\t\t\t\t\t\t\n\t\t<\/a>\n\t\t        <div class=\"overlay grid-hover-content\"><\/div>\n\t\t\t\t\t\t<\/div>\n\t\t\t\n\t\t\t<div class=\"entry-title-wrapper\"><h3 class=\"entry-title\"><a data-id=\"8536\" href=\"https:\/\/mindef.gov.cm\/gendarmerie-nationale\/2026\/05\/11\/affaire-supermarche-sino-mart-cinq-presumes-tortionnaires-aux-arrets\/\" class=\"tpg-post-link\" target=\"_self\">AFFAIRE SUPERMARCH\u00c9 SINO MART: CINQ PR\u00c9SUM\u00c9S TORTIONNAIRES AUX ARR\u00caTS<\/a><\/h3><\/div>\n\t\t\t\t\t\t\t<div class=\"post-meta-tags rt-el-post-meta\">\n\t\t\t\t\t            <span class='categories-links'>\n\t\t\t\t<a class=\"scroll\" href=\"https:\/\/mindef.gov.cm\/gendarmerie-nationale\/category\/scroll\/\">scroll<\/a>\n\t\t\t<\/span>\n\t\t\t<span class='separator'>|<\/span>\t\t\t\t<\/div>\n\t\t\t\n\n\t\t\t\t\t\t\t<div class=\"tpg-excerpt tpg-el-excerpt\">\n\t\t\t\t\t\t\t\t\t\t\t<div class=\"tpg-excerpt-inner\">\n\t\t\t\t\t\t\tSuite \u00e0 une vid\u00e9o diffus\u00e9e le 02 mai 2026 et devenue virale sur les r\u00e9seaux sociaux, montrant un jeune homme...\t\t\t\t\t\t<\/div>\n\t\t\t\t\t\t\t\t\t\t\t\t\t\t<\/div>\n\t\t\t\n\t\t\t        <div class=\"post-footer\">\n            <div class=\"post-footer\">\n                <div class=\"read-more\">\n\t\t\t\t\t<a data-id=\"8536\" href=\"https:\/\/mindef.gov.cm\/gendarmerie-nationale\/2026\/05\/11\/affaire-supermarche-sino-mart-cinq-presumes-tortionnaires-aux-arrets\/\" class=\"tpg-post-link\" target=\"_self\">Lire la suite<i aria-hidden=\"true\" class=\"right-icon fas fa-arrow-circle-right\"><\/i><\/a>                <\/div>\n            <\/div>\n        <\/div>\n\t\t\t\t<\/div>\n\t<\/div>\n<\/div>\n<div class=\"rt-col-md-4 rt-col-sm-6 rt-col-xs-12 default rt-grid-item post-8500 post type-post status-publish format-standard has-post-thumbnail hentry category-armee-nation category-scroll tag-actualites tag-armee-na tag-banniere\"\t\tdata-id=\"8500\">\n\t<div class=\"rt-holder tpg-post-holder\">\n\t\t<div class=\"rt-detail rt-el-content-wrapper\">\n\t\t\t\t\t\t\t<div class=\"rt-img-holder tpg-el-image-wrap has-thumbnail\">\n\t\t\t\t\t<a data-id=\"8500\" href=\"https:\/\/mindef.gov.cm\/gendarmerie-nationale\/2026\/05\/11\/fete-nationale-de-lunite-20-mai-2026-la-gendarmerie-nationale-se-prepare\/\" class=\"tpg-post-link\" target=\"_self\">                        <img decoding=\"async\" src=\"https:\/\/mindef.gov.cm\/gendarmerie-nationale\/wp-content\/uploads\/sites\/2\/2026\/05\/REHEARSAL-1-1024x682.jpg\"\n                             class=\"rt-img-responsive\"\n                             width=\"800\"\n                             height=\"533\"\n                             alt=\"F\u00caTE NATIONAL\u00c9 DE L\u2019UNIT\u00c9 20 MAI 2026 : LA GENDARMERIE NATIONALE SE PR\u00c9PARE\">\n\t\t\t\t\t\t\n\t\t\t\t\t\t\t\n\t\t<\/a>\n\t\t        <div class=\"overlay grid-hover-content\"><\/div>\n\t\t\t\t\t\t<\/div>\n\t\t\t\n\t\t\t<div class=\"entry-title-wrapper\"><h3 class=\"entry-title\"><a data-id=\"8500\" href=\"https:\/\/mindef.gov.cm\/gendarmerie-nationale\/2026\/05\/11\/fete-nationale-de-lunite-20-mai-2026-la-gendarmerie-nationale-se-prepare\/\" class=\"tpg-post-link\" target=\"_self\">F\u00caTE NATIONAL\u00c9 DE L\u2019UNIT\u00c9 20 MAI 2026 : LA GENDARMERIE NATIONALE SE PR\u00c9PARE<\/a><\/h3><\/div>\n\t\t\t\t\t\t\t<div class=\"post-meta-tags rt-el-post-meta\">\n\t\t\t\t\t            <span class='categories-links'>\n\t\t\t\t<a class=\"armee-nation\" href=\"https:\/\/mindef.gov.cm\/gendarmerie-nationale\/category\/armee-nation\/\">Arm\u00e9e-Nation<\/a><span class=\"rt-separator\">,<\/span><a class=\"scroll\" href=\"https:\/\/mindef.gov.cm\/gendarmerie-nationale\/category\/scroll\/\">scroll<\/a>\n\t\t\t<\/span>\n\t\t\t<span class='separator'>|<\/span>\t\t\t\t<\/div>\n\t\t\t\n\n\t\t\t\t\t\t\t<div class=\"tpg-excerpt tpg-el-excerpt\">\n\t\t\t\t\t\t\t\t\t\t\t<div class=\"tpg-excerpt-inner\">\n\t\t\t\t\t\t\tLes troupes de la Gendarmerie Nationale ont pris d\u2019assaut le Boulevard de la R\u00e9unification depuis le lundi 4...\t\t\t\t\t\t<\/div>\n\t\t\t\t\t\t\t\t\t\t\t\t\t\t<\/div>\n\t\t\t\n\t\t\t        <div class=\"post-footer\">\n            <div class=\"post-footer\">\n                <div class=\"read-more\">\n\t\t\t\t\t<a data-id=\"8500\" href=\"https:\/\/mindef.gov.cm\/gendarmerie-nationale\/2026\/05\/11\/fete-nationale-de-lunite-20-mai-2026-la-gendarmerie-nationale-se-prepare\/\" class=\"tpg-post-link\" target=\"_self\">Lire la suite<i aria-hidden=\"true\" class=\"right-icon fas fa-arrow-circle-right\"><\/i><\/a>                <\/div>\n            <\/div>\n        <\/div>\n\t\t\t\t<\/div>\n\t<\/div>\n<\/div>\n<div class=\"rt-col-md-4 rt-col-sm-6 rt-col-xs-12 default rt-grid-item post-8472 post type-post status-publish format-standard has-post-thumbnail hentry category-scroll tag-actualites tag-banniere\"\t\tdata-id=\"8472\">\n\t<div class=\"rt-holder tpg-post-holder\">\n\t\t<div class=\"rt-detail rt-el-content-wrapper\">\n\t\t\t\t\t\t\t<div class=\"rt-img-holder tpg-el-image-wrap has-thumbnail\">\n\t\t\t\t\t<a data-id=\"8472\" href=\"https:\/\/mindef.gov.cm\/gendarmerie-nationale\/2026\/05\/08\/lutte-contre-les-faux-documents\/\" class=\"tpg-post-link\" target=\"_self\">                        <img decoding=\"async\" src=\"https:\/\/mindef.gov.cm\/gendarmerie-nationale\/wp-content\/uploads\/sites\/2\/2026\/05\/DISMANTLES-1-1024x768.jpg\"\n                             class=\"rt-img-responsive\"\n                             width=\"800\"\n                             height=\"600\"\n                             alt=\"LUTTE CONTRE LES FAUX DOCUMENTS : LE PELETON ROUTIER MOTORIS\u00c9 DE YAOUND\u00c9 D\u00c9MANT\u00c8LLE UN RESEAU DE PR\u00c9SUM\u00c9S FAUX ASSUREURS\">\n\t\t\t\t\t\t\n\t\t\t\t\t\t\t\n\t\t<\/a>\n\t\t        <div class=\"overlay grid-hover-content\"><\/div>\n\t\t\t\t\t\t<\/div>\n\t\t\t\n\t\t\t<div class=\"entry-title-wrapper\"><h3 class=\"entry-title\"><a data-id=\"8472\" href=\"https:\/\/mindef.gov.cm\/gendarmerie-nationale\/2026\/05\/08\/lutte-contre-les-faux-documents\/\" class=\"tpg-post-link\" target=\"_self\">LUTTE CONTRE LES FAUX DOCUMENTS : LE PELETON ROUTIER MOTORIS\u00c9 DE YAOUND\u00c9 D\u00c9MANT\u00c8LLE UN RESEAU DE PR\u00c9SUM\u00c9S FAUX ASSUREURS<\/a><\/h3><\/div>\n\t\t\t\t\t\t\t<div class=\"post-meta-tags rt-el-post-meta\">\n\t\t\t\t\t            <span class='categories-links'>\n\t\t\t\t<a class=\"scroll\" href=\"https:\/\/mindef.gov.cm\/gendarmerie-nationale\/category\/scroll\/\">scroll<\/a>\n\t\t\t<\/span>\n\t\t\t<span class='separator'>|<\/span>\t\t\t\t<\/div>\n\t\t\t\n\n\t\t\t\t\t\t\t<div class=\"tpg-excerpt tpg-el-excerpt\">\n\t\t\t\t\t\t\t\t\t\t\t<div class=\"tpg-excerpt-inner\">\n\t\t\t\t\t\t\tDans la nuit du dimanche 26 avril 2026, alors en service sur la Route Nationale num\u00e9ro10, notamment sur l\u2019axe...\t\t\t\t\t\t<\/div>\n\t\t\t\t\t\t\t\t\t\t\t\t\t\t<\/div>\n\t\t\t\n\t\t\t        <div class=\"post-footer\">\n            <div class=\"post-footer\">\n                <div class=\"read-more\">\n\t\t\t\t\t<a data-id=\"8472\" href=\"https:\/\/mindef.gov.cm\/gendarmerie-nationale\/2026\/05\/08\/lutte-contre-les-faux-documents\/\" class=\"tpg-post-link\" target=\"_self\">Lire la suite<i aria-hidden=\"true\" class=\"right-icon fas fa-arrow-circle-right\"><\/i><\/a>                <\/div>\n            <\/div>\n        <\/div>\n\t\t\t\t<\/div>\n\t<\/div>\n<\/div>\n\t\t\t<\/div>\n\t\t\t\n\t\t<\/div>\n\t\t\t\t<\/div>\n\t\t\t\t<\/div>\n\t\t\t\t<div class=\"elementor-element elementor-element-e23087a elementor-widget elementor-widget-spacer\" data-id=\"e23087a\" data-element_type=\"widget\" data-widget_type=\"spacer.default\">\n\t\t\t\t<div class=\"elementor-widget-container\">\n\t\t\t\t\t<div class=\"elementor-spacer\">\n\t\t\t<div class=\"elementor-spacer-inner\"><\/div>\n\t\t<\/div>\n\t\t\t\t<\/div>\n\t\t\t\t<\/div>\n\t\t\t\t\t<\/div>\n\t\t<\/div>\n\t\t\t\t\t<\/div>\n\t\t<\/section>\n\t\t\t\t<\/div>\n\t\t","protected":false},"excerpt":{"rendered":"<p>Missions de la Gendarmerie Nationale La Gendarmerie ex\u00e9cute trois grandes cat\u00e9gories de missions de police : administrative, judiciaire et militaire. La police administrative, qui doit garantir la s\u00fbret\u00e9, la tranquillit\u00e9 et le maintien de l\u2019ordre public dont la Gendarmerie reste responsable de l\u2019ex\u00e9cution, couvre 30 % des missions de la Gendarmerie. La police judiciaire repr\u00e9sente [&hellip;]<\/p>\n","protected":false},"author":1,"featured_media":0,"parent":0,"menu_order":0,"comment_status":"closed","ping_status":"open","template":"","meta":{"footnotes":""},"class_list":["post-81","page","type-page","status-publish","hentry"],"yoast_head":"<!-- This site is optimized with the Yoast SEO plugin v23.3 - https:\/\/yoast.com\/wordpress\/plugins\/seo\/ -->\n<title>missions - Gendarmerie Nationale<\/title>\n<meta name=\"robots\" content=\"index, follow, max-snippet:-1, max-image-preview:large, max-video-preview:-1\" \/>\n<link rel=\"canonical\" href=\"https:\/\/mindef.gov.cm\/gendarmerie-nationale\/missions\/\" \/>\n<meta property=\"og:locale\" content=\"fr_FR\" \/>\n<meta property=\"og:type\" content=\"article\" \/>\n<meta property=\"og:title\" content=\"missions - Gendarmerie Nationale\" \/>\n<meta property=\"og:description\" content=\"Missions de la Gendarmerie Nationale La Gendarmerie ex\u00e9cute trois grandes cat\u00e9gories de missions de police : administrative, judiciaire et militaire. La police administrative, qui doit garantir la s\u00fbret\u00e9, la tranquillit\u00e9 et le maintien de l\u2019ordre public dont la Gendarmerie reste responsable de l\u2019ex\u00e9cution, couvre 30 % des missions de la Gendarmerie. La police judiciaire repr\u00e9sente [&hellip;]\" \/>\n<meta property=\"og:url\" content=\"https:\/\/mindef.gov.cm\/gendarmerie-nationale\/missions\/\" \/>\n<meta property=\"og:site_name\" content=\"Gendarmerie Nationale\" \/>\n<meta property=\"article:modified_time\" content=\"2023-11-05T13:20:14+00:00\" \/>\n<meta property=\"og:image\" content=\"https:\/\/mindef.gov.cm\/gendarmerie-nationale\/wp-content\/uploads\/sites\/2\/2023\/07\/363354602_669764178512374_2826811909924936302_n.jpg\" \/>\n<meta name=\"twitter:card\" content=\"summary_large_image\" \/>\n<meta name=\"twitter:label1\" content=\"Dur\u00e9e de lecture estim\u00e9e\" \/>\n\t<meta name=\"twitter:data1\" content=\"3 minutes\" \/>\n<script type=\"application\/ld+json\" class=\"yoast-schema-graph\">{\"@context\":\"https:\/\/schema.org\",\"@graph\":[{\"@type\":\"WebPage\",\"@id\":\"https:\/\/mindef.gov.cm\/gendarmerie-nationale\/missions\/\",\"url\":\"https:\/\/mindef.gov.cm\/gendarmerie-nationale\/missions\/\",\"name\":\"missions - Gendarmerie Nationale\",\"isPartOf\":{\"@id\":\"https:\/\/mindef.gov.cm\/gendarmerie-nationale\/#website\"},\"primaryImageOfPage\":{\"@id\":\"https:\/\/mindef.gov.cm\/gendarmerie-nationale\/missions\/#primaryimage\"},\"image\":{\"@id\":\"https:\/\/mindef.gov.cm\/gendarmerie-nationale\/missions\/#primaryimage\"},\"thumbnailUrl\":\"https:\/\/mindef.gov.cm\/gendarmerie-nationale\/wp-content\/uploads\/sites\/2\/2023\/07\/363354602_669764178512374_2826811909924936302_n.jpg\",\"datePublished\":\"2023-07-27T15:43:23+00:00\",\"dateModified\":\"2023-11-05T13:20:14+00:00\",\"breadcrumb\":{\"@id\":\"https:\/\/mindef.gov.cm\/gendarmerie-nationale\/missions\/#breadcrumb\"},\"inLanguage\":\"fr-FR\",\"potentialAction\":[{\"@type\":\"ReadAction\",\"target\":[\"https:\/\/mindef.gov.cm\/gendarmerie-nationale\/missions\/\"]}]},{\"@type\":\"ImageObject\",\"inLanguage\":\"fr-FR\",\"@id\":\"https:\/\/mindef.gov.cm\/gendarmerie-nationale\/missions\/#primaryimage\",\"url\":\"https:\/\/mindef.gov.cm\/gendarmerie-nationale\/wp-content\/uploads\/sites\/2\/2023\/07\/363354602_669764178512374_2826811909924936302_n.jpg\",\"contentUrl\":\"https:\/\/mindef.gov.cm\/gendarmerie-nationale\/wp-content\/uploads\/sites\/2\/2023\/07\/363354602_669764178512374_2826811909924936302_n.jpg\",\"width\":960,\"height\":540,\"caption\":\"Coupe SED 2023\"},{\"@type\":\"BreadcrumbList\",\"@id\":\"https:\/\/mindef.gov.cm\/gendarmerie-nationale\/missions\/#breadcrumb\",\"itemListElement\":[{\"@type\":\"ListItem\",\"position\":1,\"name\":\"Home\",\"item\":\"https:\/\/mindef.gov.cm\/gendarmerie-nationale\/\"},{\"@type\":\"ListItem\",\"position\":2,\"name\":\"missions\"}]},{\"@type\":\"WebSite\",\"@id\":\"https:\/\/mindef.gov.cm\/gendarmerie-nationale\/#website\",\"url\":\"https:\/\/mindef.gov.cm\/gendarmerie-nationale\/\",\"name\":\"Gendarmerie Nationale\",\"description\":\"Site Web GENDAMERIE\",\"publisher\":{\"@id\":\"https:\/\/mindef.gov.cm\/gendarmerie-nationale\/#organization\"},\"potentialAction\":[{\"@type\":\"SearchAction\",\"target\":{\"@type\":\"EntryPoint\",\"urlTemplate\":\"https:\/\/mindef.gov.cm\/gendarmerie-nationale\/?s={search_term_string}\"},\"query-input\":\"required name=search_term_string\"}],\"inLanguage\":\"fr-FR\"},{\"@type\":\"Organization\",\"@id\":\"https:\/\/mindef.gov.cm\/gendarmerie-nationale\/#organization\",\"name\":\"Gendarmerie Nationale\",\"url\":\"https:\/\/mindef.gov.cm\/gendarmerie-nationale\/\",\"logo\":{\"@type\":\"ImageObject\",\"inLanguage\":\"fr-FR\",\"@id\":\"https:\/\/mindef.gov.cm\/gendarmerie-nationale\/#\/schema\/logo\/image\/\",\"url\":\"https:\/\/mindef.gov.cm\/gendarmerie-nationale\/wp-content\/uploads\/sites\/2\/2023\/07\/LOGO-MINDEF-PNG-FRANCAIS.png\",\"contentUrl\":\"https:\/\/mindef.gov.cm\/gendarmerie-nationale\/wp-content\/uploads\/sites\/2\/2023\/07\/LOGO-MINDEF-PNG-FRANCAIS.png\",\"width\":2126,\"height\":478,\"caption\":\"Gendarmerie Nationale\"},\"image\":{\"@id\":\"https:\/\/mindef.gov.cm\/gendarmerie-nationale\/#\/schema\/logo\/image\/\"}}]}<\/script>\n<!-- \/ Yoast SEO plugin. -->","yoast_head_json":{"title":"missions - Gendarmerie Nationale","robots":{"index":"index","follow":"follow","max-snippet":"max-snippet:-1","max-image-preview":"max-image-preview:large","max-video-preview":"max-video-preview:-1"},"canonical":"https:\/\/mindef.gov.cm\/gendarmerie-nationale\/missions\/","og_locale":"fr_FR","og_type":"article","og_title":"missions - Gendarmerie Nationale","og_description":"Missions de la Gendarmerie Nationale La Gendarmerie ex\u00e9cute trois grandes cat\u00e9gories de missions de police : administrative, judiciaire et militaire. La police administrative, qui doit garantir la s\u00fbret\u00e9, la tranquillit\u00e9 et le maintien de l\u2019ordre public dont la Gendarmerie reste responsable de l\u2019ex\u00e9cution, couvre 30 % des missions de la Gendarmerie. La police judiciaire repr\u00e9sente [&hellip;]","og_url":"https:\/\/mindef.gov.cm\/gendarmerie-nationale\/missions\/","og_site_name":"Gendarmerie Nationale","article_modified_time":"2023-11-05T13:20:14+00:00","og_image":[{"url":"https:\/\/mindef.gov.cm\/gendarmerie-nationale\/wp-content\/uploads\/sites\/2\/2023\/07\/363354602_669764178512374_2826811909924936302_n.jpg"}],"twitter_card":"summary_large_image","twitter_misc":{"Dur\u00e9e de lecture estim\u00e9e":"3 minutes"},"schema":{"@context":"https:\/\/schema.org","@graph":[{"@type":"WebPage","@id":"https:\/\/mindef.gov.cm\/gendarmerie-nationale\/missions\/","url":"https:\/\/mindef.gov.cm\/gendarmerie-nationale\/missions\/","name":"missions - Gendarmerie Nationale","isPartOf":{"@id":"https:\/\/mindef.gov.cm\/gendarmerie-nationale\/#website"},"primaryImageOfPage":{"@id":"https:\/\/mindef.gov.cm\/gendarmerie-nationale\/missions\/#primaryimage"},"image":{"@id":"https:\/\/mindef.gov.cm\/gendarmerie-nationale\/missions\/#primaryimage"},"thumbnailUrl":"https:\/\/mindef.gov.cm\/gendarmerie-nationale\/wp-content\/uploads\/sites\/2\/2023\/07\/363354602_669764178512374_2826811909924936302_n.jpg","datePublished":"2023-07-27T15:43:23+00:00","dateModified":"2023-11-05T13:20:14+00:00","breadcrumb":{"@id":"https:\/\/mindef.gov.cm\/gendarmerie-nationale\/missions\/#breadcrumb"},"inLanguage":"fr-FR","potentialAction":[{"@type":"ReadAction","target":["https:\/\/mindef.gov.cm\/gendarmerie-nationale\/missions\/"]}]},{"@type":"ImageObject","inLanguage":"fr-FR","@id":"https:\/\/mindef.gov.cm\/gendarmerie-nationale\/missions\/#primaryimage","url":"https:\/\/mindef.gov.cm\/gendarmerie-nationale\/wp-content\/uploads\/sites\/2\/2023\/07\/363354602_669764178512374_2826811909924936302_n.jpg","contentUrl":"https:\/\/mindef.gov.cm\/gendarmerie-nationale\/wp-content\/uploads\/sites\/2\/2023\/07\/363354602_669764178512374_2826811909924936302_n.jpg","width":960,"height":540,"caption":"Coupe SED 2023"},{"@type":"BreadcrumbList","@id":"https:\/\/mindef.gov.cm\/gendarmerie-nationale\/missions\/#breadcrumb","itemListElement":[{"@type":"ListItem","position":1,"name":"Home","item":"https:\/\/mindef.gov.cm\/gendarmerie-nationale\/"},{"@type":"ListItem","position":2,"name":"missions"}]},{"@type":"WebSite","@id":"https:\/\/mindef.gov.cm\/gendarmerie-nationale\/#website","url":"https:\/\/mindef.gov.cm\/gendarmerie-nationale\/","name":"Gendarmerie Nationale","description":"Site Web GENDAMERIE","publisher":{"@id":"https:\/\/mindef.gov.cm\/gendarmerie-nationale\/#organization"},"potentialAction":[{"@type":"SearchAction","target":{"@type":"EntryPoint","urlTemplate":"https:\/\/mindef.gov.cm\/gendarmerie-nationale\/?s={search_term_string}"},"query-input":"required name=search_term_string"}],"inLanguage":"fr-FR"},{"@type":"Organization","@id":"https:\/\/mindef.gov.cm\/gendarmerie-nationale\/#organization","name":"Gendarmerie Nationale","url":"https:\/\/mindef.gov.cm\/gendarmerie-nationale\/","logo":{"@type":"ImageObject","inLanguage":"fr-FR","@id":"https:\/\/mindef.gov.cm\/gendarmerie-nationale\/#\/schema\/logo\/image\/","url":"https:\/\/mindef.gov.cm\/gendarmerie-nationale\/wp-content\/uploads\/sites\/2\/2023\/07\/LOGO-MINDEF-PNG-FRANCAIS.png","contentUrl":"https:\/\/mindef.gov.cm\/gendarmerie-nationale\/wp-content\/uploads\/sites\/2\/2023\/07\/LOGO-MINDEF-PNG-FRANCAIS.png","width":2126,"height":478,"caption":"Gendarmerie Nationale"},"image":{"@id":"https:\/\/mindef.gov.cm\/gendarmerie-nationale\/#\/schema\/logo\/image\/"}}]}},"rttpg_featured_image_url":null,"rttpg_author":{"display_name":"ricaldorichard237@gmail.com","author_link":"https:\/\/mindef.gov.cm\/gendarmerie-nationale\/author\/ricaldorichard237gmail-com\/"},"rttpg_comment":0,"rttpg_category":"","rttpg_excerpt":"Missions de la Gendarmerie Nationale La Gendarmerie ex\u00e9cute trois grandes cat\u00e9gories de missions de police : administrative, judiciaire et militaire. La police administrative, qui doit garantir la s\u00fbret\u00e9, la tranquillit\u00e9 et le maintien de l\u2019ordre public dont la Gendarmerie reste responsable de l\u2019ex\u00e9cution, couvre 30 % des missions de la Gendarmerie. La police judiciaire repr\u00e9sente\u2026","_links":{"self":[{"href":"https:\/\/mindef.gov.cm\/gendarmerie-nationale\/wp-json\/wp\/v2\/pages\/81","targetHints":{"allow":["GET"]}}],"collection":[{"href":"https:\/\/mindef.gov.cm\/gendarmerie-nationale\/wp-json\/wp\/v2\/pages"}],"about":[{"href":"https:\/\/mindef.gov.cm\/gendarmerie-nationale\/wp-json\/wp\/v2\/types\/page"}],"author":[{"embeddable":true,"href":"https:\/\/mindef.gov.cm\/gendarmerie-nationale\/wp-json\/wp\/v2\/users\/1"}],"replies":[{"embeddable":true,"href":"https:\/\/mindef.gov.cm\/gendarmerie-nationale\/wp-json\/wp\/v2\/comments?post=81"}],"version-history":[{"count":0,"href":"https:\/\/mindef.gov.cm\/gendarmerie-nationale\/wp-json\/wp\/v2\/pages\/81\/revisions"}],"wp:attachment":[{"href":"https:\/\/mindef.gov.cm\/gendarmerie-nationale\/wp-json\/wp\/v2\/media?parent=81"}],"curies":[{"name":"wp","href":"https:\/\/api.w.org\/{rel}","templated":true}]}}