{"id":1203,"date":"2023-07-27T17:27:47","date_gmt":"2023-07-27T15:27:47","guid":{"rendered":"https:\/\/mindef.gov.cm\/marine-nationale\/actualite\/"},"modified":"2023-07-27T17:27:47","modified_gmt":"2023-07-27T15:27:47","slug":"actualite","status":"publish","type":"page","link":"https:\/\/mindef.gov.cm\/marine-nationale\/en\/actualite\/","title":{"rendered":"actualite"},"content":{"rendered":"<h2 class='tpg-widget-heading'>\n                        A la une<br \/>\n\t\t\t\t\t\t\t<\/h2>\n<p>\t\t\t\t\t<a data-id=\"1055\" href=\"https:\/\/mindef.gov.cm\/marine-nationale\/en\/2023\/11\/07\/fiac-2023-the-cameroon-navy-is-there\/\" target=\"_self\" rel=\"noopener\">                        <img fetchpriority=\"high\" decoding=\"async\" src=\"https:\/\/mindef.gov.cm\/marine-nationale\/wp-content\/uploads\/sites\/7\/2023\/11\/ma6.jpg?v=1699372686\"\n                             width=\"960\"\n                             height=\"640\"\n                             alt=\"FIAC 2023 : la Marine Nationale au rendez-vous.\"><br \/>\n\t\t<\/a><\/p>\n<h3><a data-id=\"1055\" href=\"https:\/\/mindef.gov.cm\/marine-nationale\/en\/2023\/11\/07\/fiac-2023-the-cameroon-navy-is-there\/\" target=\"_self\" rel=\"noopener\">FIAC 2023 : la Marine Nationale au rendez-vous.<\/a><\/h3>\n<p>\t\t\t\t\t\t\tLe Minist\u00e8re de la D\u00e9fense prend une part active \u00e0 la&#8230;<br \/>\n\t\t\t\t\t<a data-id=\"1055\" href=\"https:\/\/mindef.gov.cm\/marine-nationale\/en\/2023\/11\/07\/fiac-2023-the-cameroon-navy-is-there\/\" target=\"_self\" rel=\"noopener\">Lire la suite<\/a><br \/>\n\t\t\t\t\t<a data-id=\"1041\" href=\"https:\/\/mindef.gov.cm\/marine-nationale\/2023\/11\/07\/laction-de-letat-en-mer\/\" target=\"_self\" rel=\"noopener\">                        <img decoding=\"async\" src=\"https:\/\/mindef.gov.cm\/marine-nationale\/wp-content\/uploads\/sites\/7\/2023\/11\/PAT1.jpg?v=1699368194\"\n                             width=\"719\"\n                             height=\"960\"\n                             alt=\"l&#8217;action de l&#8217;Etat en Mer.\"><br \/>\n\t\t<\/a><\/p>\n<h3><a data-id=\"1041\" href=\"https:\/\/mindef.gov.cm\/marine-nationale\/2023\/11\/07\/laction-de-letat-en-mer\/\" target=\"_self\" rel=\"noopener\">l&#8217;action de l&#8217;Etat en Mer.<\/a><\/h3>\n<p>\t\t\t\t\t\t\tLe Patrouilleur CNS AKWAYAFE a arraisonn\u00e9 le 23 Octobre&#8230;<br \/>\n\t\t\t\t\t<a data-id=\"1041\" href=\"https:\/\/mindef.gov.cm\/marine-nationale\/2023\/11\/07\/laction-de-letat-en-mer\/\" target=\"_self\" rel=\"noopener\">Lire la suite<\/a><br \/>\n\t\t\t\t\t<a data-id=\"1025\" href=\"https:\/\/mindef.gov.cm\/marine-nationale\/en\/2023\/11\/07\/dissuasive-patrol-as-part-of-state-action-at-sea\/\" target=\"_self\" rel=\"noopener\">                        <img decoding=\"async\" src=\"https:\/\/mindef.gov.cm\/marine-nationale\/wp-content\/uploads\/sites\/7\/2023\/11\/navy3.jpg?v=1699363580\"\n                             width=\"720\"\n                             height=\"960\"\n                             alt=\"Patrouille dissuasive dans le cadre de l&#8217;action de l&#8217;Etat en mer.\"><br \/>\n\t\t<\/a><\/p>\n<h3><a data-id=\"1025\" href=\"https:\/\/mindef.gov.cm\/marine-nationale\/en\/2023\/11\/07\/dissuasive-patrol-as-part-of-state-action-at-sea\/\" target=\"_self\" rel=\"noopener\">Patrouille dissuasive dans le cadre de l&#8217;action de l&#8217;Etat en mer.<\/a><\/h3>\n<p>\t\t\t\t\t\t\tLe Patrouilleur Hauturier CNS LE NTEM a arraisonn\u00e9 le 25&#8230;<br \/>\n\t\t\t\t\t<a data-id=\"1025\" href=\"https:\/\/mindef.gov.cm\/marine-nationale\/en\/2023\/11\/07\/dissuasive-patrol-as-part-of-state-action-at-sea\/\" target=\"_self\" rel=\"noopener\">Lire la suite<\/a>                <\/p>\n<h2 class='tpg-widget-heading'>\n                        TOUS NOS ARTICLES<br \/>\n\t\t\t\t\t\t\t<\/h2>\n<p>\t\t\t\t\t<a data-id=\"1055\" href=\"https:\/\/mindef.gov.cm\/marine-nationale\/en\/2023\/11\/07\/fiac-2023-the-cameroon-navy-is-there\/\" target=\"_self\" rel=\"noopener\">                        <img loading=\"lazy\" decoding=\"async\" src=\"https:\/\/mindef.gov.cm\/marine-nationale\/wp-content\/uploads\/sites\/7\/2023\/11\/ma6.jpg?v=1699372686\"\n                             width=\"800\"\n                             height=\"533\"\n                             alt=\"FIAC 2023 : la Marine Nationale au rendez-vous.\"><br \/>\n\t\t<\/a><\/p>\n<h3><a data-id=\"1055\" href=\"https:\/\/mindef.gov.cm\/marine-nationale\/en\/2023\/11\/07\/fiac-2023-the-cameroon-navy-is-there\/\" target=\"_self\" rel=\"noopener\">FIAC 2023 : la Marine Nationale au rendez-vous.<\/a><\/h3>\n<p>\t\t\t\t\t\t\t\t<a href=\"https:\/\/mindef.gov.cm\/marine-nationale\/2023\/11\/07\/\"><br \/>\n\t\t\t\t\t7 novembre 2023\t\t\t\t<\/a><br \/>\n\t\t\t|<br \/>\n\t\t\t\t\t\t\t\tLe Minist\u00e8re de la D\u00e9fense prend une part active \u00e0 la deuxi\u00e8me \u00e9dition de la Foire Internationale&#8230;<br \/>\n\t\t\t\t\t<a data-id=\"1055\" href=\"https:\/\/mindef.gov.cm\/marine-nationale\/en\/2023\/11\/07\/fiac-2023-the-cameroon-navy-is-there\/\" target=\"_self\" rel=\"noopener\">Lire la suite<\/a><br \/>\n\t\t\t\t\t<a data-id=\"1041\" href=\"https:\/\/mindef.gov.cm\/marine-nationale\/2023\/11\/07\/laction-de-letat-en-mer\/\" target=\"_self\" rel=\"noopener\">                        <img decoding=\"async\" src=\"https:\/\/mindef.gov.cm\/marine-nationale\/wp-content\/uploads\/sites\/7\/2023\/11\/PAT1.jpg?v=1699368194\"\n                             width=\"719\"\n                             height=\"960\"\n                             alt=\"l&#8217;action de l&#8217;Etat en Mer.\"><br \/>\n\t\t<\/a><\/p>\n<h3><a data-id=\"1041\" href=\"https:\/\/mindef.gov.cm\/marine-nationale\/2023\/11\/07\/laction-de-letat-en-mer\/\" target=\"_self\" rel=\"noopener\">l&#8217;action de l&#8217;Etat en Mer.<\/a><\/h3>\n<p>\t\t\t\t\t\t\t\t<a href=\"https:\/\/mindef.gov.cm\/marine-nationale\/2023\/11\/07\/\"><br \/>\n\t\t\t\t\t7 novembre 2023\t\t\t\t<\/a><br \/>\n\t\t\t|<br \/>\n\t\t\t\t\t\t\t\tLe Patrouilleur CNS AKWAYAFE a arraisonn\u00e9 le 23 Octobre 2023, le navire MV NADINE&#8230;<br \/>\n\t\t\t\t\t<a data-id=\"1041\" href=\"https:\/\/mindef.gov.cm\/marine-nationale\/2023\/11\/07\/laction-de-letat-en-mer\/\" target=\"_self\" rel=\"noopener\">Lire la suite<\/a><br \/>\n\t\t\t\t\t<a data-id=\"1025\" href=\"https:\/\/mindef.gov.cm\/marine-nationale\/en\/2023\/11\/07\/dissuasive-patrol-as-part-of-state-action-at-sea\/\" target=\"_self\" rel=\"noopener\">                        <img decoding=\"async\" src=\"https:\/\/mindef.gov.cm\/marine-nationale\/wp-content\/uploads\/sites\/7\/2023\/11\/navy3.jpg?v=1699363580\"\n                             width=\"720\"\n                             height=\"960\"\n                             alt=\"Patrouille dissuasive dans le cadre de l&#8217;action de l&#8217;Etat en mer.\"><br \/>\n\t\t<\/a><\/p>\n<h3><a data-id=\"1025\" href=\"https:\/\/mindef.gov.cm\/marine-nationale\/en\/2023\/11\/07\/dissuasive-patrol-as-part-of-state-action-at-sea\/\" target=\"_self\" rel=\"noopener\">Patrouille dissuasive dans le cadre de l&#8217;action de l&#8217;Etat en mer.<\/a><\/h3>\n<p>\t\t\t\t\t\t\t\t<a href=\"https:\/\/mindef.gov.cm\/marine-nationale\/2023\/11\/07\/\"><br \/>\n\t\t\t\t\t7 novembre 2023\t\t\t\t<\/a><br \/>\n\t\t\t|<br \/>\n\t\t\t\t\t\t\t\tLe Patrouilleur Hauturier CNS LE NTEM a arraisonn\u00e9 le 25 Septembre 2023 au large de Limb\u00e9, le Tanker&#8230;<br \/>\n\t\t\t\t\t<a data-id=\"1025\" href=\"https:\/\/mindef.gov.cm\/marine-nationale\/en\/2023\/11\/07\/dissuasive-patrol-as-part-of-state-action-at-sea\/\" target=\"_self\" rel=\"noopener\">Lire la suite<\/a><br \/>\n\t\t\t\t\t<a data-id=\"697\" href=\"https:\/\/mindef.gov.cm\/marine-nationale\/2023\/09\/12\/discours\/\" target=\"_self\" rel=\"noopener\">                        <img loading=\"lazy\" decoding=\"async\" src=\"https:\/\/mindef.gov.cm\/marine-nationale\/wp-content\/uploads\/sites\/7\/2023\/07\/marine-970x1024.png\"\n                             width=\"800\"\n                             height=\"845\"\n                             alt=\"Discours\"><br \/>\n\t\t<\/a><\/p>\n<h3><a data-id=\"697\" href=\"https:\/\/mindef.gov.cm\/marine-nationale\/2023\/09\/12\/discours\/\" target=\"_self\" rel=\"noopener\">Discours<\/a><\/h3>\n<p>\t\t\t\t\t\t\t\t<a href=\"https:\/\/mindef.gov.cm\/marine-nationale\/2023\/09\/12\/\"><br \/>\n\t\t\t\t\t12 septembre 2023\t\t\t\t<\/a><br \/>\n\t\t\t|<br \/>\n\t\t\t\t\t\t\t\tLorem ipsum dolor sit amet, consectetur adipiscing elit. Vestibulum nec justo sit amet ex feugiat&#8230;<br \/>\n\t\t\t\t\t<a data-id=\"697\" href=\"https:\/\/mindef.gov.cm\/marine-nationale\/2023\/09\/12\/discours\/\" target=\"_self\" rel=\"noopener\">Lire la suite<\/a><br \/>\n\t\t\t\t\t<a data-id=\"472\" href=\"https:\/\/mindef.gov.cm\/marine-nationale\/2023\/08\/08\/magazine-dinformation-et-de-liaison-de-la-marine-natinale\/\" target=\"_self\" rel=\"noopener\">                        <img loading=\"lazy\" decoding=\"async\" src=\"https:\/\/mindef.gov.cm\/marine-nationale\/wp-content\/uploads\/sites\/7\/2023\/08\/PP_Rouges_13.jpg\"\n                             width=\"596\"\n                             height=\"823\"\n                             alt=\"Magazine d&#8217;information et de liaison de la Marine Natinale N\u00b013 \u2022 MAI 202\"><br \/>\n\t\t<\/a><\/p>\n<h3><a data-id=\"472\" href=\"https:\/\/mindef.gov.cm\/marine-nationale\/2023\/08\/08\/magazine-dinformation-et-de-liaison-de-la-marine-natinale\/\" target=\"_self\" rel=\"noopener\">Magazine d&#8217;information et de liaison de la Marine Natinale N\u00b013 \u2022 MAI 202<\/a><\/h3>\n<p>\t\t\t\t\t\t\t\t<a href=\"https:\/\/mindef.gov.cm\/marine-nationale\/2023\/08\/08\/\"><br \/>\n\t\t\t\t\t8 ao\u00fbt 2023\t\t\t\t<\/a><br \/>\n\t\t\t|<br \/>\n\t\t\t\t\t\t\t\tJ\u2019invite par cons\u00e9quent nos jeunes \u00e0 faire un usage responsable, instructif et constructif des&#8230;<br \/>\n\t\t\t\t\t<a data-id=\"472\" href=\"https:\/\/mindef.gov.cm\/marine-nationale\/2023\/08\/08\/magazine-dinformation-et-de-liaison-de-la-marine-natinale\/\" target=\"_self\" rel=\"noopener\">Lire la suite<\/a><\/p>\n","protected":false},"excerpt":{"rendered":"<p>A la une FIAC 2023 : la Marine Nationale au rendez-vous. Le Minist\u00e8re de la D\u00e9fense prend une part active \u00e0 la&#8230; Lire la suite l&#8217;action de l&#8217;Etat en Mer. Le Patrouilleur CNS AKWAYAFE a arraisonn\u00e9 le 23 Octobre&#8230; Lire la suite Patrouille dissuasive dans le cadre de l&#8217;action de l&#8217;Etat en mer. Le Patrouilleur [&hellip;]<\/p>\n","protected":false},"author":1,"featured_media":0,"parent":0,"menu_order":0,"comment_status":"closed","ping_status":"closed","template":"","meta":{"footnotes":""},"class_list":["post-1203","page","type-page","status-publish","hentry"],"yoast_head":"<!-- This site is optimized with the Yoast SEO plugin v23.3 - https:\/\/yoast.com\/wordpress\/plugins\/seo\/ -->\n<title>actualite - Marine Nationale<\/title>\n<meta name=\"robots\" content=\"index, follow, max-snippet:-1, max-image-preview:large, max-video-preview:-1\" \/>\n<link rel=\"canonical\" href=\"https:\/\/mindef.gov.cm\/marine-nationale\/en\/actualite\/\" \/>\n<meta property=\"og:locale\" content=\"en_US\" \/>\n<meta property=\"og:type\" content=\"article\" \/>\n<meta property=\"og:title\" content=\"actualite - Marine Nationale\" \/>\n<meta property=\"og:description\" content=\"A la une FIAC 2023 : la Marine Nationale au rendez-vous. Le Minist\u00e8re de la D\u00e9fense prend une part active \u00e0 la&#8230; Lire la suite l&#8217;action de l&#8217;Etat en Mer. Le Patrouilleur CNS AKWAYAFE a arraisonn\u00e9 le 23 Octobre&#8230; Lire la suite Patrouille dissuasive dans le cadre de l&#8217;action de l&#8217;Etat en mer. Le Patrouilleur [&hellip;]\" \/>\n<meta property=\"og:url\" content=\"https:\/\/mindef.gov.cm\/marine-nationale\/en\/actualite\/\" \/>\n<meta property=\"og:site_name\" content=\"Marine Nationale\" \/>\n<meta property=\"og:image\" content=\"https:\/\/mindef.gov.cm\/marine-nationale\/wp-content\/uploads\/sites\/7\/2023\/11\/ma6.jpg?v=1699372686\" \/>\n<meta name=\"twitter:card\" content=\"summary_large_image\" \/>\n<meta name=\"twitter:label1\" content=\"Est. reading time\" \/>\n\t<meta name=\"twitter:data1\" content=\"1 minute\" \/>\n<script type=\"application\/ld+json\" class=\"yoast-schema-graph\">{\"@context\":\"https:\/\/schema.org\",\"@graph\":[{\"@type\":\"WebPage\",\"@id\":\"https:\/\/mindef.gov.cm\/marine-nationale\/en\/actualite\/\",\"url\":\"https:\/\/mindef.gov.cm\/marine-nationale\/en\/actualite\/\",\"name\":\"actualite - Marine Nationale\",\"isPartOf\":{\"@id\":\"https:\/\/mindef.gov.cm\/marine-nationale\/en\/#website\"},\"primaryImageOfPage\":{\"@id\":\"https:\/\/mindef.gov.cm\/marine-nationale\/en\/actualite\/#primaryimage\"},\"image\":{\"@id\":\"https:\/\/mindef.gov.cm\/marine-nationale\/en\/actualite\/#primaryimage\"},\"thumbnailUrl\":\"https:\/\/mindef.gov.cm\/marine-nationale\/wp-content\/uploads\/sites\/7\/2023\/11\/ma6.jpg?v=1699372686\",\"datePublished\":\"2023-07-27T15:27:47+00:00\",\"dateModified\":\"2023-07-27T15:27:47+00:00\",\"breadcrumb\":{\"@id\":\"https:\/\/mindef.gov.cm\/marine-nationale\/en\/actualite\/#breadcrumb\"},\"inLanguage\":\"en-US\",\"potentialAction\":[{\"@type\":\"ReadAction\",\"target\":[\"https:\/\/mindef.gov.cm\/marine-nationale\/en\/actualite\/\"]}]},{\"@type\":\"ImageObject\",\"inLanguage\":\"en-US\",\"@id\":\"https:\/\/mindef.gov.cm\/marine-nationale\/en\/actualite\/#primaryimage\",\"url\":\"https:\/\/mindef.gov.cm\/marine-nationale\/wp-content\/uploads\/sites\/7\/2023\/11\/ma6.jpg?v=1699372686\",\"contentUrl\":\"https:\/\/mindef.gov.cm\/marine-nationale\/wp-content\/uploads\/sites\/7\/2023\/11\/ma6.jpg?v=1699372686\"},{\"@type\":\"BreadcrumbList\",\"@id\":\"https:\/\/mindef.gov.cm\/marine-nationale\/en\/actualite\/#breadcrumb\",\"itemListElement\":[{\"@type\":\"ListItem\",\"position\":1,\"name\":\"Home\",\"item\":\"https:\/\/mindef.gov.cm\/marine-nationale\/en\/\"},{\"@type\":\"ListItem\",\"position\":2,\"name\":\"actualite\"}]},{\"@type\":\"WebSite\",\"@id\":\"https:\/\/mindef.gov.cm\/marine-nationale\/en\/#website\",\"url\":\"https:\/\/mindef.gov.cm\/marine-nationale\/en\/\",\"name\":\"Marine Nationale\",\"description\":\"\",\"publisher\":{\"@id\":\"https:\/\/mindef.gov.cm\/marine-nationale\/en\/#organization\"},\"potentialAction\":[{\"@type\":\"SearchAction\",\"target\":{\"@type\":\"EntryPoint\",\"urlTemplate\":\"https:\/\/mindef.gov.cm\/marine-nationale\/en\/?s={search_term_string}\"},\"query-input\":\"required name=search_term_string\"}],\"inLanguage\":\"en-US\"},{\"@type\":\"Organization\",\"@id\":\"https:\/\/mindef.gov.cm\/marine-nationale\/en\/#organization\",\"name\":\"Marine Nationale\",\"url\":\"https:\/\/mindef.gov.cm\/marine-nationale\/en\/\",\"logo\":{\"@type\":\"ImageObject\",\"inLanguage\":\"en-US\",\"@id\":\"https:\/\/mindef.gov.cm\/marine-nationale\/en\/#\/schema\/logo\/image\/\",\"url\":\"https:\/\/mindef.gov.cm\/marine-nationale\/wp-content\/uploads\/sites\/7\/2023\/10\/LOGO-MINDEF-PNG-FRANCAIS.png\",\"contentUrl\":\"https:\/\/mindef.gov.cm\/marine-nationale\/wp-content\/uploads\/sites\/7\/2023\/10\/LOGO-MINDEF-PNG-FRANCAIS.png\",\"width\":2126,\"height\":478,\"caption\":\"Marine Nationale\"},\"image\":{\"@id\":\"https:\/\/mindef.gov.cm\/marine-nationale\/en\/#\/schema\/logo\/image\/\"}}]}<\/script>\n<!-- \/ Yoast SEO plugin. -->","yoast_head_json":{"title":"actualite - Marine Nationale","robots":{"index":"index","follow":"follow","max-snippet":"max-snippet:-1","max-image-preview":"max-image-preview:large","max-video-preview":"max-video-preview:-1"},"canonical":"https:\/\/mindef.gov.cm\/marine-nationale\/en\/actualite\/","og_locale":"en_US","og_type":"article","og_title":"actualite - Marine Nationale","og_description":"A la une FIAC 2023 : la Marine Nationale au rendez-vous. Le Minist\u00e8re de la D\u00e9fense prend une part active \u00e0 la&#8230; Lire la suite l&#8217;action de l&#8217;Etat en Mer. Le Patrouilleur CNS AKWAYAFE a arraisonn\u00e9 le 23 Octobre&#8230; Lire la suite Patrouille dissuasive dans le cadre de l&#8217;action de l&#8217;Etat en mer. Le Patrouilleur [&hellip;]","og_url":"https:\/\/mindef.gov.cm\/marine-nationale\/en\/actualite\/","og_site_name":"Marine Nationale","og_image":[{"url":"https:\/\/mindef.gov.cm\/marine-nationale\/wp-content\/uploads\/sites\/7\/2023\/11\/ma6.jpg?v=1699372686"}],"twitter_card":"summary_large_image","twitter_misc":{"Est. reading time":"1 minute"},"schema":{"@context":"https:\/\/schema.org","@graph":[{"@type":"WebPage","@id":"https:\/\/mindef.gov.cm\/marine-nationale\/en\/actualite\/","url":"https:\/\/mindef.gov.cm\/marine-nationale\/en\/actualite\/","name":"actualite - Marine Nationale","isPartOf":{"@id":"https:\/\/mindef.gov.cm\/marine-nationale\/en\/#website"},"primaryImageOfPage":{"@id":"https:\/\/mindef.gov.cm\/marine-nationale\/en\/actualite\/#primaryimage"},"image":{"@id":"https:\/\/mindef.gov.cm\/marine-nationale\/en\/actualite\/#primaryimage"},"thumbnailUrl":"https:\/\/mindef.gov.cm\/marine-nationale\/wp-content\/uploads\/sites\/7\/2023\/11\/ma6.jpg?v=1699372686","datePublished":"2023-07-27T15:27:47+00:00","dateModified":"2023-07-27T15:27:47+00:00","breadcrumb":{"@id":"https:\/\/mindef.gov.cm\/marine-nationale\/en\/actualite\/#breadcrumb"},"inLanguage":"en-US","potentialAction":[{"@type":"ReadAction","target":["https:\/\/mindef.gov.cm\/marine-nationale\/en\/actualite\/"]}]},{"@type":"ImageObject","inLanguage":"en-US","@id":"https:\/\/mindef.gov.cm\/marine-nationale\/en\/actualite\/#primaryimage","url":"https:\/\/mindef.gov.cm\/marine-nationale\/wp-content\/uploads\/sites\/7\/2023\/11\/ma6.jpg?v=1699372686","contentUrl":"https:\/\/mindef.gov.cm\/marine-nationale\/wp-content\/uploads\/sites\/7\/2023\/11\/ma6.jpg?v=1699372686"},{"@type":"BreadcrumbList","@id":"https:\/\/mindef.gov.cm\/marine-nationale\/en\/actualite\/#breadcrumb","itemListElement":[{"@type":"ListItem","position":1,"name":"Home","item":"https:\/\/mindef.gov.cm\/marine-nationale\/en\/"},{"@type":"ListItem","position":2,"name":"actualite"}]},{"@type":"WebSite","@id":"https:\/\/mindef.gov.cm\/marine-nationale\/en\/#website","url":"https:\/\/mindef.gov.cm\/marine-nationale\/en\/","name":"Marine Nationale","description":"","publisher":{"@id":"https:\/\/mindef.gov.cm\/marine-nationale\/en\/#organization"},"potentialAction":[{"@type":"SearchAction","target":{"@type":"EntryPoint","urlTemplate":"https:\/\/mindef.gov.cm\/marine-nationale\/en\/?s={search_term_string}"},"query-input":"required name=search_term_string"}],"inLanguage":"en-US"},{"@type":"Organization","@id":"https:\/\/mindef.gov.cm\/marine-nationale\/en\/#organization","name":"Marine Nationale","url":"https:\/\/mindef.gov.cm\/marine-nationale\/en\/","logo":{"@type":"ImageObject","inLanguage":"en-US","@id":"https:\/\/mindef.gov.cm\/marine-nationale\/en\/#\/schema\/logo\/image\/","url":"https:\/\/mindef.gov.cm\/marine-nationale\/wp-content\/uploads\/sites\/7\/2023\/10\/LOGO-MINDEF-PNG-FRANCAIS.png","contentUrl":"https:\/\/mindef.gov.cm\/marine-nationale\/wp-content\/uploads\/sites\/7\/2023\/10\/LOGO-MINDEF-PNG-FRANCAIS.png","width":2126,"height":478,"caption":"Marine Nationale"},"image":{"@id":"https:\/\/mindef.gov.cm\/marine-nationale\/en\/#\/schema\/logo\/image\/"}}]}},"rttpg_featured_image_url":null,"rttpg_author":{"display_name":"ricaldorichard237@gmail.com","author_link":"https:\/\/mindef.gov.cm\/marine-nationale\/en\/author\/ricaldorichard237gmail-com\/"},"rttpg_comment":0,"rttpg_category":false,"rttpg_excerpt":"A la une FIAC 2023 : la Marine Nationale au rendez-vous. Le Minist\u00e8re de la D\u00e9fense prend une part active \u00e0 la&#8230; Lire la suite l&#8217;action de l&#8217;Etat en Mer. Le Patrouilleur CNS AKWAYAFE a arraisonn\u00e9 le 23 Octobre&#8230; Lire la suite Patrouille dissuasive dans le cadre de l&#8217;action de l&#8217;Etat en mer. Le Patrouilleur&hellip;","_links":{"self":[{"href":"https:\/\/mindef.gov.cm\/marine-nationale\/en\/wp-json\/wp\/v2\/pages\/1203","targetHints":{"allow":["GET"]}}],"collection":[{"href":"https:\/\/mindef.gov.cm\/marine-nationale\/en\/wp-json\/wp\/v2\/pages"}],"about":[{"href":"https:\/\/mindef.gov.cm\/marine-nationale\/en\/wp-json\/wp\/v2\/types\/page"}],"author":[{"embeddable":true,"href":"https:\/\/mindef.gov.cm\/marine-nationale\/en\/wp-json\/wp\/v2\/users\/1"}],"replies":[{"embeddable":true,"href":"https:\/\/mindef.gov.cm\/marine-nationale\/en\/wp-json\/wp\/v2\/comments?post=1203"}],"version-history":[{"count":0,"href":"https:\/\/mindef.gov.cm\/marine-nationale\/en\/wp-json\/wp\/v2\/pages\/1203\/revisions"}],"wp:attachment":[{"href":"https:\/\/mindef.gov.cm\/marine-nationale\/en\/wp-json\/wp\/v2\/media?parent=1203"}],"curies":[{"name":"wp","href":"https:\/\/api.w.org\/{rel}","templated":true}]}}