{"id":455,"date":"2023-08-08T08:46:45","date_gmt":"2023-08-08T06:46:45","guid":{"rendered":"http:\/\/mindef.gov.cm\/marine-nationale\/?page_id=455"},"modified":"2023-11-13T09:46:02","modified_gmt":"2023-11-13T08:46:02","slug":"missions","status":"publish","type":"page","link":"https:\/\/mindef.gov.cm\/marine-nationale\/en\/missions\/","title":{"rendered":"missions"},"content":{"rendered":"\t\t<div data-elementor-type=\"wp-page\" data-elementor-id=\"455\" class=\"elementor elementor-455\" data-elementor-post-type=\"page\">\n\t\t\t\t\t\t<section class=\"elementor-section elementor-top-section elementor-element elementor-element-20ce0985 animated-fast elementor-section-boxed elementor-section-height-default elementor-section-height-default\" data-id=\"20ce0985\" data-element_type=\"section\" data-settings=\"{&quot;background_background&quot;:&quot;classic&quot;,&quot;animation&quot;:&quot;none&quot;}\">\n\t\t\t\t\t\t<div class=\"elementor-container elementor-column-gap-default\">\n\t\t\t\t\t<div class=\"elementor-column elementor-col-100 elementor-top-column elementor-element elementor-element-2e95592b\" data-id=\"2e95592b\" data-element_type=\"column\" data-settings=\"{&quot;background_background&quot;:&quot;classic&quot;}\">\n\t\t\t<div class=\"elementor-widget-wrap elementor-element-populated\">\n\t\t\t\t\t\t<div class=\"elementor-element elementor-element-5a833f0 elementor-widget elementor-widget-spacer\" data-id=\"5a833f0\" data-element_type=\"widget\" data-widget_type=\"spacer.default\">\n\t\t\t\t<div class=\"elementor-widget-container\">\n\t\t\t\t\t<div class=\"elementor-spacer\">\n\t\t\t<div class=\"elementor-spacer-inner\"><\/div>\n\t\t<\/div>\n\t\t\t\t<\/div>\n\t\t\t\t<\/div>\n\t\t\t\t<div class=\"elementor-element elementor-element-66fb432 elementor-widget elementor-widget-heading\" data-id=\"66fb432\" data-element_type=\"widget\" data-widget_type=\"heading.default\">\n\t\t\t\t<div class=\"elementor-widget-container\">\n\t\t\t<h2 class=\"elementor-heading-title elementor-size-small\">Missions\n<\/h2>\t\t<\/div>\n\t\t\t\t<\/div>\n\t\t\t\t<div class=\"elementor-element elementor-element-4c0e8e75 elementor-widget elementor-widget-text-editor\" data-id=\"4c0e8e75\" data-element_type=\"widget\" data-widget_type=\"text-editor.default\">\n\t\t\t\t<div class=\"elementor-widget-container\">\n\t\t\t\t\t\t\t<ul type=\"square\">\n \t<li>DEFENSE DES FRONTI\u00c8RES MARITIMES ET TERRESTRES AUX<\/li>\n<\/ul>\nC\u00d4T\u00c9S DES AUTRES FORCES\n<ul type=\"square\">\n \t<li>ACTION DE L\u2019ETAT EN MER : Service public, Police, Souverainet\u00e9<\/li>\n<\/ul>\nen mer\n<ul type=\"square\">\n \t<li>DIPLOMATIE NAVALE<\/li>\n \t<li>OP\u00c9RATIONS DE MAINTIEN DE LA PAIX.<\/li>\n<\/ul>\t\t\t\t\t\t<\/div>\n\t\t\t\t<\/div>\n\t\t\t\t<div class=\"elementor-element elementor-element-fac6159 elementor-widget elementor-widget-spacer\" data-id=\"fac6159\" data-element_type=\"widget\" data-widget_type=\"spacer.default\">\n\t\t\t\t<div class=\"elementor-widget-container\">\n\t\t\t\t\t<div class=\"elementor-spacer\">\n\t\t\t<div class=\"elementor-spacer-inner\"><\/div>\n\t\t<\/div>\n\t\t\t\t<\/div>\n\t\t\t\t<\/div>\n\t\t\t\t\t<\/div>\n\t\t<\/div>\n\t\t\t\t\t<\/div>\n\t\t<\/section>\n\t\t\t\t<section class=\"elementor-section elementor-top-section elementor-element elementor-element-0f3fed6 elementor-section-boxed elementor-section-height-default elementor-section-height-default\" data-id=\"0f3fed6\" data-element_type=\"section\" data-settings=\"{&quot;background_background&quot;:&quot;classic&quot;}\">\n\t\t\t\t\t\t<div class=\"elementor-container elementor-column-gap-default\">\n\t\t\t\t\t<div class=\"elementor-column elementor-col-100 elementor-top-column elementor-element elementor-element-dab0000\" data-id=\"dab0000\" data-element_type=\"column\">\n\t\t\t<div class=\"elementor-widget-wrap elementor-element-populated\">\n\t\t\t\t\t\t<div class=\"elementor-element elementor-element-b0789ec elementor-widget elementor-widget-spacer\" data-id=\"b0789ec\" data-element_type=\"widget\" data-widget_type=\"spacer.default\">\n\t\t\t\t<div class=\"elementor-widget-container\">\n\t\t\t\t\t<div class=\"elementor-spacer\">\n\t\t\t<div class=\"elementor-spacer-inner\"><\/div>\n\t\t<\/div>\n\t\t\t\t<\/div>\n\t\t\t\t<\/div>\n\t\t\t\t<div class=\"elementor-element elementor-element-53c2a47 section-title-style-style3 title-two-line tpg-border-bottom-enable meta-visibility-show title_position_default title_hover_border_default img_hover_animation_default meta_position_default readmore-btn-default-style grid-hover-overlay-type-always tpg-el-box-border-enable elementor-widget elementor-widget-tpg-grid-layout\" data-id=\"53c2a47\" data-element_type=\"widget\" data-widget_type=\"tpg-grid-layout.default\">\n\t\t\t\t<div class=\"elementor-widget-container\">\n\t\t\t\t\t<div class=\"rt-container-fluid rt-tpg-container tpg-el-main-wrapper clearfix grid-layout1-main \"\n\t\t\t id=\"rt-tpg-container-2438208695\"\n\t\t\t data-layout=\"grid-layout1\"\n\t\t\t data-grid-style=\"tpg-full-height\"\n\t\t\t data-sc-id=\"elementor\"\n\t\t\t data-el-settings=''\n\t\t\t data-el-query=''\n\t\t\t data-el-path=''\n\t\t>\n\n\t\t\t\t\t\t<div class='tpg-header-wrapper '>\n\t\t\t\t\n        <div class=\"tpg-widget-heading-wrapper rt-clear heading-style3 \">\n            <span class=\"tpg-widget-heading-line line-left\"><\/span>\n\t\t\t<h2 class='tpg-widget-heading'>\n\t\t\t\n\t\t\t\t                    <span>\n\t\t\t\t\t\tHEADLINES\t\t\t\t\t<\/span>\n\t\t\t\t\t\n\t\t\t\t\t\t\t<\/h2>            <span class=\"tpg-widget-heading-line line-right\"><\/span>\n\n\t\t\t\n        <\/div>\n\n\t\t\n\t\t\t\t\t<\/div>\n\n\t\t\t<div data-title=\"Loading ...\" class=\"rt-row rt-content-loader grid-layout1 grid-behaviour tpg-full-height grid_layout_wrapper\">\n\t\t\t\t<div class=\"rt-col-md-4 rt-col-sm-12 rt-col-xs-12 default rt-grid-item post-4466 post type-post status-publish format-standard has-post-thumbnail hentry category-scroll tag-actualite tag-banniere\"\t\tdata-id=\"4466\">\n\t<div class=\"rt-holder tpg-post-holder\">\n\t\t<div class=\"rt-detail rt-el-content-wrapper\">\n\t\t\t\t\t\t\t<div class=\"rt-img-holder tpg-el-image-wrap has-thumbnail\">\n\t\t\t\t\t<a data-id=\"4466\" href=\"https:\/\/mindef.gov.cm\/marine-nationale\/en\/2026\/04\/13\/clap-de-fin-du-6%e1%b5%89-stage-dapplication-des-officiers-de-la-marine\/\" class=\"tpg-post-link\" target=\"_self\">                        <img fetchpriority=\"high\" decoding=\"async\" src=\"https:\/\/mindef.gov.cm\/marine-nationale\/wp-content\/uploads\/sites\/7\/2026\/04\/6\u00b0-SAOM8.jpg\"\n                             class=\"rt-img-responsive\"\n                             width=\"1020\"\n                             height=\"768\"\n                             alt=\"CLAP DE FIN DU 6\u1d49 STAGE D\u2019APPLICATION DES OFFICIERS DE LA MARINE (SAOM).\">\n\t\t\t\t\t\t\n\t\t\t\t\t\t\t\n\t\t<\/a>\n\t\t        <div class=\"overlay grid-hover-content\"><\/div>\n\t\t\t\t\t\t<\/div>\n\t\t\t\n\t\t\t<div class=\"entry-title-wrapper\"><h3 class=\"entry-title\"><a data-id=\"4466\" href=\"https:\/\/mindef.gov.cm\/marine-nationale\/en\/2026\/04\/13\/clap-de-fin-du-6%e1%b5%89-stage-dapplication-des-officiers-de-la-marine\/\" class=\"tpg-post-link\" target=\"_self\">CLAP DE FIN DU 6\u1d49 STAGE D\u2019APPLICATION DES OFFICIERS DE LA MARINE (SAOM).<\/a><\/h3><\/div>\n\t\t\t\t\t\t\t<div class=\"post-meta-tags rt-el-post-meta\">\n\t\t\t\t\t\t\t\t\t<\/div>\n\t\t\t\n\n\t\t\t\t\t\t\t<div class=\"tpg-excerpt tpg-el-excerpt\">\n\t\t\t\t\t\t\t\t\t\t\t<div class=\"tpg-excerpt-inner\">\n\t\t\t\t\t\t\tLe mardi 7 avril 2026 s\u2019est d\u00e9roul\u00e9e, sous la pr\u00e9sidence du...\t\t\t\t\t\t<\/div>\n\t\t\t\t\t\t\t\t\t\t\t\t\t\t<\/div>\n\t\t\t\n\t\t\t        <div class=\"post-footer\">\n            <div class=\"post-footer\">\n                <div class=\"read-more\">\n\t\t\t\t\t<a data-id=\"4466\" href=\"https:\/\/mindef.gov.cm\/marine-nationale\/en\/2026\/04\/13\/clap-de-fin-du-6%e1%b5%89-stage-dapplication-des-officiers-de-la-marine\/\" class=\"tpg-post-link\" target=\"_self\">Read More<i aria-hidden=\"true\" class=\"right-icon fas fa-arrow-circle-right\"><\/i><\/a>                <\/div>\n            <\/div>\n        <\/div>\n\t\t\t\t<\/div>\n\t<\/div>\n<\/div>\n<div class=\"rt-col-md-4 rt-col-sm-12 rt-col-xs-12 default rt-grid-item post-4458 post type-post status-publish format-standard has-post-thumbnail hentry category-scroll tag-action-de-letat-en-mer tag-actualite tag-banniere\"\t\tdata-id=\"4458\">\n\t<div class=\"rt-holder tpg-post-holder\">\n\t\t<div class=\"rt-detail rt-el-content-wrapper\">\n\t\t\t\t\t\t\t<div class=\"rt-img-holder tpg-el-image-wrap has-thumbnail\">\n\t\t\t\t\t<a data-id=\"4458\" href=\"https:\/\/mindef.gov.cm\/marine-nationale\/en\/2026\/04\/08\/lutte-contre-les-trafics-illicites-en-mer-4\/\" class=\"tpg-post-link\" target=\"_self\">                        <img decoding=\"async\" src=\"https:\/\/mindef.gov.cm\/marine-nationale\/wp-content\/uploads\/sites\/7\/2026\/04\/image_2026-04-08_183034147.png\"\n                             class=\"rt-img-responsive\"\n                             width=\"652\"\n                             height=\"423\"\n                             alt=\"LUTTE CONTRE LES TRAFICS ILLICITES EN MER: LA BASE NAVALE DE LIMB\u00c9 MET LA MAIN SUR UNE IMPORTANTE CARGAISON DE FAUX M\u00c9DICAMENTS\">\n\t\t\t\t\t\t\n\t\t\t\t\t\t\t\n\t\t<\/a>\n\t\t        <div class=\"overlay grid-hover-content\"><\/div>\n\t\t\t\t\t\t<\/div>\n\t\t\t\n\t\t\t<div class=\"entry-title-wrapper\"><h3 class=\"entry-title\"><a data-id=\"4458\" href=\"https:\/\/mindef.gov.cm\/marine-nationale\/en\/2026\/04\/08\/lutte-contre-les-trafics-illicites-en-mer-4\/\" class=\"tpg-post-link\" target=\"_self\">LUTTE CONTRE LES TRAFICS ILLICITES EN MER: LA BASE NAVALE DE LIMB\u00c9 MET LA MAIN SUR UNE IMPORTANTE CARGAISON DE FAUX M\u00c9DICAMENTS<\/a><\/h3><\/div>\n\t\t\t\t\t\t\t<div class=\"post-meta-tags rt-el-post-meta\">\n\t\t\t\t\t\t\t\t\t<\/div>\n\t\t\t\n\n\t\t\t\t\t\t\t<div class=\"tpg-excerpt tpg-el-excerpt\">\n\t\t\t\t\t\t\t\t\t\t\t<div class=\"tpg-excerpt-inner\">\n\t\t\t\t\t\t\tLe mardi 24 Mars 2026, les \u00e9l\u00e9ments du d\u00e9tachement de la...\t\t\t\t\t\t<\/div>\n\t\t\t\t\t\t\t\t\t\t\t\t\t\t<\/div>\n\t\t\t\n\t\t\t        <div class=\"post-footer\">\n            <div class=\"post-footer\">\n                <div class=\"read-more\">\n\t\t\t\t\t<a data-id=\"4458\" href=\"https:\/\/mindef.gov.cm\/marine-nationale\/en\/2026\/04\/08\/lutte-contre-les-trafics-illicites-en-mer-4\/\" class=\"tpg-post-link\" target=\"_self\">Read More<i aria-hidden=\"true\" class=\"right-icon fas fa-arrow-circle-right\"><\/i><\/a>                <\/div>\n            <\/div>\n        <\/div>\n\t\t\t\t<\/div>\n\t<\/div>\n<\/div>\n<div class=\"rt-col-md-4 rt-col-sm-12 rt-col-xs-12 default rt-grid-item post-4446 post type-post status-publish format-standard has-post-thumbnail hentry category-scroll tag-actualite tag-banniere\"\t\tdata-id=\"4446\">\n\t<div class=\"rt-holder tpg-post-holder\">\n\t\t<div class=\"rt-detail rt-el-content-wrapper\">\n\t\t\t\t\t\t\t<div class=\"rt-img-holder tpg-el-image-wrap has-thumbnail\">\n\t\t\t\t\t<a data-id=\"4446\" href=\"https:\/\/mindef.gov.cm\/marine-nationale\/en\/2026\/04\/08\/promotion-du-genre-au-sein-de-la-marine-nationale\/\" class=\"tpg-post-link\" target=\"_self\">                        <img decoding=\"async\" src=\"https:\/\/mindef.gov.cm\/marine-nationale\/wp-content\/uploads\/sites\/7\/2026\/04\/ISSOVA.jpg\"\n                             class=\"rt-img-responsive\"\n                             width=\"720\"\n                             height=\"960\"\n                             alt=\"PROMOTION DU GENRE AU SEIN DE LA MARINE NATIONALE : LE CHEF DE L\u2019\u00c9TAT NOMME LE CAPITAINE DE VAISSEAU ISSOVA\">\n\t\t\t\t\t\t\n\t\t\t\t\t\t\t\n\t\t<\/a>\n\t\t        <div class=\"overlay grid-hover-content\"><\/div>\n\t\t\t\t\t\t<\/div>\n\t\t\t\n\t\t\t<div class=\"entry-title-wrapper\"><h3 class=\"entry-title\"><a data-id=\"4446\" href=\"https:\/\/mindef.gov.cm\/marine-nationale\/en\/2026\/04\/08\/promotion-du-genre-au-sein-de-la-marine-nationale\/\" class=\"tpg-post-link\" target=\"_self\">PROMOTION DU GENRE AU SEIN DE LA MARINE NATIONALE : LE CHEF DE L\u2019\u00c9TAT NOMME LE CAPITAINE DE VAISSEAU ISSOVA<\/a><\/h3><\/div>\n\t\t\t\t\t\t\t<div class=\"post-meta-tags rt-el-post-meta\">\n\t\t\t\t\t\t\t\t\t<\/div>\n\t\t\t\n\n\t\t\t\t\t\t\t<div class=\"tpg-excerpt tpg-el-excerpt\">\n\t\t\t\t\t\t\t\t\t\t\t<div class=\"tpg-excerpt-inner\">\n\t\t\t\t\t\t\tA la faveur des textes sign\u00e9s le 31 mars 2026 par Son...\t\t\t\t\t\t<\/div>\n\t\t\t\t\t\t\t\t\t\t\t\t\t\t<\/div>\n\t\t\t\n\t\t\t        <div class=\"post-footer\">\n            <div class=\"post-footer\">\n                <div class=\"read-more\">\n\t\t\t\t\t<a data-id=\"4446\" href=\"https:\/\/mindef.gov.cm\/marine-nationale\/en\/2026\/04\/08\/promotion-du-genre-au-sein-de-la-marine-nationale\/\" class=\"tpg-post-link\" target=\"_self\">Read More<i aria-hidden=\"true\" class=\"right-icon fas fa-arrow-circle-right\"><\/i><\/a>                <\/div>\n            <\/div>\n        <\/div>\n\t\t\t\t<\/div>\n\t<\/div>\n<\/div>\n\t\t\t<\/div>\n\t\t\t\n\t\t<\/div>\n\t\t\t\t<\/div>\n\t\t\t\t<\/div>\n\t\t\t\t<div class=\"elementor-element elementor-element-4ab7155 elementor-widget elementor-widget-spacer\" data-id=\"4ab7155\" data-element_type=\"widget\" data-widget_type=\"spacer.default\">\n\t\t\t\t<div class=\"elementor-widget-container\">\n\t\t\t\t\t<div class=\"elementor-spacer\">\n\t\t\t<div class=\"elementor-spacer-inner\"><\/div>\n\t\t<\/div>\n\t\t\t\t<\/div>\n\t\t\t\t<\/div>\n\t\t\t\t\t<\/div>\n\t\t<\/div>\n\t\t\t\t\t<\/div>\n\t\t<\/section>\n\t\t\t\t<\/div>\n\t\t","protected":false},"excerpt":{"rendered":"<p>Missions DEFENSE DES FRONTI\u00c8RES MARITIMES ET TERRESTRES AUX C\u00d4T\u00c9S DES AUTRES FORCES ACTION DE L\u2019ETAT EN MER : Service public, Police, Souverainet\u00e9 en mer DIPLOMATIE NAVALE OP\u00c9RATIONS DE MAINTIEN DE LA PAIX. HEADLINES FIAC 2023 : la Marine Nationale au rendez-vous. Le Minist\u00e8re de la D\u00e9fense prend une part active \u00e0 la&#8230; Read More l&#8217;action [&hellip;]<\/p>\n","protected":false},"author":1,"featured_media":0,"parent":0,"menu_order":0,"comment_status":"closed","ping_status":"closed","template":"","meta":{"footnotes":""},"class_list":["post-455","page","type-page","status-publish","hentry"],"yoast_head":"<!-- This site is optimized with the Yoast SEO plugin v23.3 - https:\/\/yoast.com\/wordpress\/plugins\/seo\/ -->\n<title>missions - Marine Nationale<\/title>\n<meta name=\"robots\" content=\"index, follow, max-snippet:-1, max-image-preview:large, max-video-preview:-1\" \/>\n<link rel=\"canonical\" href=\"https:\/\/mindef.gov.cm\/marine-nationale\/en\/missions\/\" \/>\n<meta property=\"og:locale\" content=\"en_US\" \/>\n<meta property=\"og:type\" content=\"article\" \/>\n<meta property=\"og:title\" content=\"missions - Marine Nationale\" \/>\n<meta property=\"og:description\" content=\"Missions DEFENSE DES FRONTI\u00c8RES MARITIMES ET TERRESTRES AUX C\u00d4T\u00c9S DES AUTRES FORCES ACTION DE L\u2019ETAT EN MER : Service public, Police, Souverainet\u00e9 en mer DIPLOMATIE NAVALE OP\u00c9RATIONS DE MAINTIEN DE LA PAIX. HEADLINES FIAC 2023 : la Marine Nationale au rendez-vous. Le Minist\u00e8re de la D\u00e9fense prend une part active \u00e0 la&#8230; Read More l&#8217;action [&hellip;]\" \/>\n<meta property=\"og:url\" content=\"https:\/\/mindef.gov.cm\/marine-nationale\/en\/missions\/\" \/>\n<meta property=\"og:site_name\" content=\"Marine Nationale\" \/>\n<meta property=\"article:modified_time\" content=\"2023-11-13T08:46:02+00:00\" \/>\n<meta property=\"og:image\" content=\"https:\/\/mindef.gov.cm\/marine-nationale\/wp-content\/uploads\/sites\/7\/2023\/11\/ma6.jpg?v=1699372686\" \/>\n<meta name=\"twitter:card\" content=\"summary_large_image\" \/>\n<meta name=\"twitter:label1\" content=\"Est. reading time\" \/>\n\t<meta name=\"twitter:data1\" content=\"1 minute\" \/>\n<script type=\"application\/ld+json\" class=\"yoast-schema-graph\">{\"@context\":\"https:\/\/schema.org\",\"@graph\":[{\"@type\":\"WebPage\",\"@id\":\"https:\/\/mindef.gov.cm\/marine-nationale\/en\/missions\/\",\"url\":\"https:\/\/mindef.gov.cm\/marine-nationale\/en\/missions\/\",\"name\":\"missions - Marine Nationale\",\"isPartOf\":{\"@id\":\"https:\/\/mindef.gov.cm\/marine-nationale\/en\/#website\"},\"primaryImageOfPage\":{\"@id\":\"https:\/\/mindef.gov.cm\/marine-nationale\/en\/missions\/#primaryimage\"},\"image\":{\"@id\":\"https:\/\/mindef.gov.cm\/marine-nationale\/en\/missions\/#primaryimage\"},\"thumbnailUrl\":\"https:\/\/mindef.gov.cm\/marine-nationale\/wp-content\/uploads\/sites\/7\/2023\/11\/ma6.jpg?v=1699372686\",\"datePublished\":\"2023-08-08T06:46:45+00:00\",\"dateModified\":\"2023-11-13T08:46:02+00:00\",\"breadcrumb\":{\"@id\":\"https:\/\/mindef.gov.cm\/marine-nationale\/en\/missions\/#breadcrumb\"},\"inLanguage\":\"en-US\",\"potentialAction\":[{\"@type\":\"ReadAction\",\"target\":[\"https:\/\/mindef.gov.cm\/marine-nationale\/en\/missions\/\"]}]},{\"@type\":\"ImageObject\",\"inLanguage\":\"en-US\",\"@id\":\"https:\/\/mindef.gov.cm\/marine-nationale\/en\/missions\/#primaryimage\",\"url\":\"https:\/\/mindef.gov.cm\/marine-nationale\/wp-content\/uploads\/sites\/7\/2023\/11\/ma6.jpg?v=1699372686\",\"contentUrl\":\"https:\/\/mindef.gov.cm\/marine-nationale\/wp-content\/uploads\/sites\/7\/2023\/11\/ma6.jpg?v=1699372686\"},{\"@type\":\"BreadcrumbList\",\"@id\":\"https:\/\/mindef.gov.cm\/marine-nationale\/en\/missions\/#breadcrumb\",\"itemListElement\":[{\"@type\":\"ListItem\",\"position\":1,\"name\":\"Home\",\"item\":\"https:\/\/mindef.gov.cm\/marine-nationale\/en\/\"},{\"@type\":\"ListItem\",\"position\":2,\"name\":\"missions\"}]},{\"@type\":\"WebSite\",\"@id\":\"https:\/\/mindef.gov.cm\/marine-nationale\/en\/#website\",\"url\":\"https:\/\/mindef.gov.cm\/marine-nationale\/en\/\",\"name\":\"Marine Nationale\",\"description\":\"\",\"publisher\":{\"@id\":\"https:\/\/mindef.gov.cm\/marine-nationale\/en\/#organization\"},\"potentialAction\":[{\"@type\":\"SearchAction\",\"target\":{\"@type\":\"EntryPoint\",\"urlTemplate\":\"https:\/\/mindef.gov.cm\/marine-nationale\/en\/?s={search_term_string}\"},\"query-input\":\"required name=search_term_string\"}],\"inLanguage\":\"en-US\"},{\"@type\":\"Organization\",\"@id\":\"https:\/\/mindef.gov.cm\/marine-nationale\/en\/#organization\",\"name\":\"Marine Nationale\",\"url\":\"https:\/\/mindef.gov.cm\/marine-nationale\/en\/\",\"logo\":{\"@type\":\"ImageObject\",\"inLanguage\":\"en-US\",\"@id\":\"https:\/\/mindef.gov.cm\/marine-nationale\/en\/#\/schema\/logo\/image\/\",\"url\":\"https:\/\/mindef.gov.cm\/marine-nationale\/wp-content\/uploads\/sites\/7\/2023\/10\/LOGO-MINDEF-PNG-FRANCAIS.png\",\"contentUrl\":\"https:\/\/mindef.gov.cm\/marine-nationale\/wp-content\/uploads\/sites\/7\/2023\/10\/LOGO-MINDEF-PNG-FRANCAIS.png\",\"width\":2126,\"height\":478,\"caption\":\"Marine Nationale\"},\"image\":{\"@id\":\"https:\/\/mindef.gov.cm\/marine-nationale\/en\/#\/schema\/logo\/image\/\"}}]}<\/script>\n<!-- \/ Yoast SEO plugin. -->","yoast_head_json":{"title":"missions - Marine Nationale","robots":{"index":"index","follow":"follow","max-snippet":"max-snippet:-1","max-image-preview":"max-image-preview:large","max-video-preview":"max-video-preview:-1"},"canonical":"https:\/\/mindef.gov.cm\/marine-nationale\/en\/missions\/","og_locale":"en_US","og_type":"article","og_title":"missions - Marine Nationale","og_description":"Missions DEFENSE DES FRONTI\u00c8RES MARITIMES ET TERRESTRES AUX C\u00d4T\u00c9S DES AUTRES FORCES ACTION DE L\u2019ETAT EN MER : Service public, Police, Souverainet\u00e9 en mer DIPLOMATIE NAVALE OP\u00c9RATIONS DE MAINTIEN DE LA PAIX. HEADLINES FIAC 2023 : la Marine Nationale au rendez-vous. Le Minist\u00e8re de la D\u00e9fense prend une part active \u00e0 la&#8230; Read More l&#8217;action [&hellip;]","og_url":"https:\/\/mindef.gov.cm\/marine-nationale\/en\/missions\/","og_site_name":"Marine Nationale","article_modified_time":"2023-11-13T08:46:02+00:00","og_image":[{"url":"https:\/\/mindef.gov.cm\/marine-nationale\/wp-content\/uploads\/sites\/7\/2023\/11\/ma6.jpg?v=1699372686"}],"twitter_card":"summary_large_image","twitter_misc":{"Est. reading time":"1 minute"},"schema":{"@context":"https:\/\/schema.org","@graph":[{"@type":"WebPage","@id":"https:\/\/mindef.gov.cm\/marine-nationale\/en\/missions\/","url":"https:\/\/mindef.gov.cm\/marine-nationale\/en\/missions\/","name":"missions - Marine Nationale","isPartOf":{"@id":"https:\/\/mindef.gov.cm\/marine-nationale\/en\/#website"},"primaryImageOfPage":{"@id":"https:\/\/mindef.gov.cm\/marine-nationale\/en\/missions\/#primaryimage"},"image":{"@id":"https:\/\/mindef.gov.cm\/marine-nationale\/en\/missions\/#primaryimage"},"thumbnailUrl":"https:\/\/mindef.gov.cm\/marine-nationale\/wp-content\/uploads\/sites\/7\/2023\/11\/ma6.jpg?v=1699372686","datePublished":"2023-08-08T06:46:45+00:00","dateModified":"2023-11-13T08:46:02+00:00","breadcrumb":{"@id":"https:\/\/mindef.gov.cm\/marine-nationale\/en\/missions\/#breadcrumb"},"inLanguage":"en-US","potentialAction":[{"@type":"ReadAction","target":["https:\/\/mindef.gov.cm\/marine-nationale\/en\/missions\/"]}]},{"@type":"ImageObject","inLanguage":"en-US","@id":"https:\/\/mindef.gov.cm\/marine-nationale\/en\/missions\/#primaryimage","url":"https:\/\/mindef.gov.cm\/marine-nationale\/wp-content\/uploads\/sites\/7\/2023\/11\/ma6.jpg?v=1699372686","contentUrl":"https:\/\/mindef.gov.cm\/marine-nationale\/wp-content\/uploads\/sites\/7\/2023\/11\/ma6.jpg?v=1699372686"},{"@type":"BreadcrumbList","@id":"https:\/\/mindef.gov.cm\/marine-nationale\/en\/missions\/#breadcrumb","itemListElement":[{"@type":"ListItem","position":1,"name":"Home","item":"https:\/\/mindef.gov.cm\/marine-nationale\/en\/"},{"@type":"ListItem","position":2,"name":"missions"}]},{"@type":"WebSite","@id":"https:\/\/mindef.gov.cm\/marine-nationale\/en\/#website","url":"https:\/\/mindef.gov.cm\/marine-nationale\/en\/","name":"Marine Nationale","description":"","publisher":{"@id":"https:\/\/mindef.gov.cm\/marine-nationale\/en\/#organization"},"potentialAction":[{"@type":"SearchAction","target":{"@type":"EntryPoint","urlTemplate":"https:\/\/mindef.gov.cm\/marine-nationale\/en\/?s={search_term_string}"},"query-input":"required name=search_term_string"}],"inLanguage":"en-US"},{"@type":"Organization","@id":"https:\/\/mindef.gov.cm\/marine-nationale\/en\/#organization","name":"Marine Nationale","url":"https:\/\/mindef.gov.cm\/marine-nationale\/en\/","logo":{"@type":"ImageObject","inLanguage":"en-US","@id":"https:\/\/mindef.gov.cm\/marine-nationale\/en\/#\/schema\/logo\/image\/","url":"https:\/\/mindef.gov.cm\/marine-nationale\/wp-content\/uploads\/sites\/7\/2023\/10\/LOGO-MINDEF-PNG-FRANCAIS.png","contentUrl":"https:\/\/mindef.gov.cm\/marine-nationale\/wp-content\/uploads\/sites\/7\/2023\/10\/LOGO-MINDEF-PNG-FRANCAIS.png","width":2126,"height":478,"caption":"Marine Nationale"},"image":{"@id":"https:\/\/mindef.gov.cm\/marine-nationale\/en\/#\/schema\/logo\/image\/"}}]}},"rttpg_featured_image_url":null,"rttpg_author":{"display_name":"ricaldorichard237@gmail.com","author_link":"https:\/\/mindef.gov.cm\/marine-nationale\/en\/author\/ricaldorichard237gmail-com\/"},"rttpg_comment":0,"rttpg_category":"","rttpg_excerpt":"Missions DEFENSE DES FRONTI\u00c8RES MARITIMES ET TERRESTRES AUX C\u00d4T\u00c9S DES AUTRES FORCES ACTION DE L\u2019ETAT EN MER : Service public, Police, Souverainet\u00e9 en mer DIPLOMATIE NAVALE OP\u00c9RATIONS DE MAINTIEN DE LA PAIX. HEADLINES FIAC 2023 : la Marine Nationale au rendez-vous. Le Minist\u00e8re de la D\u00e9fense prend une part active \u00e0 la&#8230; Read More l&#8217;action&hellip;","_links":{"self":[{"href":"https:\/\/mindef.gov.cm\/marine-nationale\/en\/wp-json\/wp\/v2\/pages\/455","targetHints":{"allow":["GET"]}}],"collection":[{"href":"https:\/\/mindef.gov.cm\/marine-nationale\/en\/wp-json\/wp\/v2\/pages"}],"about":[{"href":"https:\/\/mindef.gov.cm\/marine-nationale\/en\/wp-json\/wp\/v2\/types\/page"}],"author":[{"embeddable":true,"href":"https:\/\/mindef.gov.cm\/marine-nationale\/en\/wp-json\/wp\/v2\/users\/1"}],"replies":[{"embeddable":true,"href":"https:\/\/mindef.gov.cm\/marine-nationale\/en\/wp-json\/wp\/v2\/comments?post=455"}],"version-history":[{"count":0,"href":"https:\/\/mindef.gov.cm\/marine-nationale\/en\/wp-json\/wp\/v2\/pages\/455\/revisions"}],"wp:attachment":[{"href":"https:\/\/mindef.gov.cm\/marine-nationale\/en\/wp-json\/wp\/v2\/media?parent=455"}],"curies":[{"name":"wp","href":"https:\/\/api.w.org\/{rel}","templated":true}]}}