{"id":295,"date":"2023-07-31T09:38:07","date_gmt":"2023-07-31T07:38:07","guid":{"rendered":"http:\/\/mindef.gov.cm\/marine-nationale\/?page_id=295"},"modified":"2023-11-08T15:56:59","modified_gmt":"2023-11-08T14:56:59","slug":"medias","status":"publish","type":"page","link":"https:\/\/mindef.gov.cm\/marine-nationale\/medias\/","title":{"rendered":"medias"},"content":{"rendered":"\t\t<div data-elementor-type=\"wp-page\" data-elementor-id=\"295\" class=\"elementor elementor-295\" data-elementor-post-type=\"page\">\n\t\t\t\t\t\t<section class=\"elementor-section elementor-top-section elementor-element elementor-element-6ea79d1 elementor-section-boxed elementor-section-height-default elementor-section-height-default\" data-id=\"6ea79d1\" data-element_type=\"section\">\n\t\t\t\t\t\t<div class=\"elementor-container elementor-column-gap-default\">\n\t\t\t\t\t<div class=\"elementor-column elementor-col-100 elementor-top-column elementor-element elementor-element-658043d\" data-id=\"658043d\" data-element_type=\"column\">\n\t\t\t<div class=\"elementor-widget-wrap elementor-element-populated\">\n\t\t\t\t\t\t<div class=\"elementor-element elementor-element-96628d3 elementor-widget elementor-widget-spacer\" data-id=\"96628d3\" data-element_type=\"widget\" data-widget_type=\"spacer.default\">\n\t\t\t\t<div class=\"elementor-widget-container\">\n\t\t\t\t\t<div class=\"elementor-spacer\">\n\t\t\t<div class=\"elementor-spacer-inner\"><\/div>\n\t\t<\/div>\n\t\t\t\t<\/div>\n\t\t\t\t<\/div>\n\t\t\t\t<div class=\"elementor-element elementor-element-52057b4 elementor-widget elementor-widget-text-editor\" data-id=\"52057b4\" data-element_type=\"widget\" data-widget_type=\"text-editor.default\">\n\t\t\t\t<div class=\"elementor-widget-container\">\n\t\t\t\t\t\t\t<h2>M\u00e9dia<\/h2>\t\t\t\t\t\t<\/div>\n\t\t\t\t<\/div>\n\t\t\t\t<div class=\"elementor-element elementor-element-9cf436b elementor-widget-divider--view-line elementor-widget elementor-widget-divider\" data-id=\"9cf436b\" data-element_type=\"widget\" data-widget_type=\"divider.default\">\n\t\t\t\t<div class=\"elementor-widget-container\">\n\t\t\t\t\t<div class=\"elementor-divider\">\n\t\t\t<span class=\"elementor-divider-separator\">\n\t\t\t\t\t\t<\/span>\n\t\t<\/div>\n\t\t\t\t<\/div>\n\t\t\t\t<\/div>\n\t\t\t\t\t<\/div>\n\t\t<\/div>\n\t\t\t\t\t<\/div>\n\t\t<\/section>\n\t\t\t\t<section class=\"elementor-section elementor-top-section elementor-element elementor-element-8e57295 elementor-section-boxed elementor-section-height-default elementor-section-height-default\" data-id=\"8e57295\" data-element_type=\"section\">\n\t\t\t\t\t\t<div class=\"elementor-container elementor-column-gap-default\">\n\t\t\t\t\t<div class=\"elementor-column elementor-col-50 elementor-top-column elementor-element elementor-element-8af87ab\" data-id=\"8af87ab\" data-element_type=\"column\">\n\t\t\t<div class=\"elementor-widget-wrap elementor-element-populated\">\n\t\t\t\t\t\t<div class=\"elementor-element elementor-element-2865c85 elementor-widget elementor-widget-video\" data-id=\"2865c85\" data-element_type=\"widget\" data-settings=\"{&quot;youtube_url&quot;:&quot;https:\\\/\\\/youtu.be\\\/iZyhPzslu7M&quot;,&quot;video_type&quot;:&quot;youtube&quot;,&quot;controls&quot;:&quot;yes&quot;}\" data-widget_type=\"video.default\">\n\t\t\t\t<div class=\"elementor-widget-container\">\n\t\t\t\t\t<div class=\"elementor-wrapper elementor-open-inline\">\n\t\t\t<div class=\"elementor-video\"><\/div>\t\t<\/div>\n\t\t\t\t<\/div>\n\t\t\t\t<\/div>\n\t\t\t\t<div class=\"elementor-element elementor-element-cc5554d elementor-widget elementor-widget-heading\" data-id=\"cc5554d\" data-element_type=\"widget\" data-widget_type=\"heading.default\">\n\t\t\t\t<div class=\"elementor-widget-container\">\n\t\t\t<h2 class=\"elementor-heading-title elementor-size-default\"><a href=\"https:\/\/www.youtube.com\/channel\/UC3ZiWYF1DyHJtiv_Amua_xw\" target=\"_blank\">Cliquez pour consultez nos videos  youtube<\/a><\/h2>\t\t<\/div>\n\t\t\t\t<\/div>\n\t\t\t\t<div class=\"elementor-element elementor-element-4f65015 elementor-widget elementor-widget-spacer\" data-id=\"4f65015\" data-element_type=\"widget\" data-widget_type=\"spacer.default\">\n\t\t\t\t<div class=\"elementor-widget-container\">\n\t\t\t\t\t<div class=\"elementor-spacer\">\n\t\t\t<div class=\"elementor-spacer-inner\"><\/div>\n\t\t<\/div>\n\t\t\t\t<\/div>\n\t\t\t\t<\/div>\n\t\t\t\t\t<\/div>\n\t\t<\/div>\n\t\t\t\t<div class=\"elementor-column elementor-col-50 elementor-top-column elementor-element elementor-element-ca4dec9\" data-id=\"ca4dec9\" data-element_type=\"column\" data-settings=\"{&quot;background_background&quot;:&quot;classic&quot;}\">\n\t\t\t<div class=\"elementor-widget-wrap elementor-element-populated\">\n\t\t\t\t\t\t<div class=\"elementor-element elementor-element-1a3e1d3 elementor-widget elementor-widget-image\" data-id=\"1a3e1d3\" data-element_type=\"widget\" data-widget_type=\"image.default\">\n\t\t\t\t<div class=\"elementor-widget-container\">\n\t\t\t\t\t\t\t\t\t\t\t\t\t<img fetchpriority=\"high\" decoding=\"async\" width=\"1393\" height=\"392\" src=\"https:\/\/mindef.gov.cm\/marine-nationale\/wp-content\/uploads\/sites\/7\/2023\/07\/icon-mediatheques-02.jpg\" class=\"attachment-full size-full wp-image-300\" alt=\"\" \/>\t\t\t\t\t\t\t\t\t\t\t\t\t<\/div>\n\t\t\t\t<\/div>\n\t\t\t\t<div class=\"elementor-element elementor-element-dfb5341 elementor-widget elementor-widget-image\" data-id=\"dfb5341\" data-element_type=\"widget\" data-widget_type=\"image.default\">\n\t\t\t\t<div class=\"elementor-widget-container\">\n\t\t\t\t\t\t\t\t\t\t\t\t\t<img decoding=\"async\" width=\"1394\" height=\"392\" src=\"https:\/\/mindef.gov.cm\/marine-nationale\/wp-content\/uploads\/sites\/7\/2023\/07\/icon-mediatheques-03.jpg\" class=\"attachment-full size-full wp-image-301\" alt=\"\" \/>\t\t\t\t\t\t\t\t\t\t\t\t\t<\/div>\n\t\t\t\t<\/div>\n\t\t\t\t<div class=\"elementor-element elementor-element-f8c4067 elementor-widget elementor-widget-spacer\" data-id=\"f8c4067\" data-element_type=\"widget\" data-widget_type=\"spacer.default\">\n\t\t\t\t<div class=\"elementor-widget-container\">\n\t\t\t\t\t<div class=\"elementor-spacer\">\n\t\t\t<div class=\"elementor-spacer-inner\"><\/div>\n\t\t<\/div>\n\t\t\t\t<\/div>\n\t\t\t\t<\/div>\n\t\t\t\t\t<\/div>\n\t\t<\/div>\n\t\t\t\t\t<\/div>\n\t\t<\/section>\n\t\t\t\t<section class=\"elementor-section elementor-top-section elementor-element elementor-element-f5fa6fd elementor-section-boxed elementor-section-height-default elementor-section-height-default\" data-id=\"f5fa6fd\" data-element_type=\"section\" data-settings=\"{&quot;background_background&quot;:&quot;classic&quot;}\">\n\t\t\t\t\t\t<div class=\"elementor-container elementor-column-gap-default\">\n\t\t\t\t\t<div class=\"elementor-column elementor-col-100 elementor-top-column elementor-element elementor-element-d57efd5\" data-id=\"d57efd5\" data-element_type=\"column\">\n\t\t\t<div class=\"elementor-widget-wrap elementor-element-populated\">\n\t\t\t\t\t\t<div class=\"elementor-element elementor-element-58b4a4f elementor-widget elementor-widget-spacer\" data-id=\"58b4a4f\" data-element_type=\"widget\" data-widget_type=\"spacer.default\">\n\t\t\t\t<div class=\"elementor-widget-container\">\n\t\t\t\t\t<div class=\"elementor-spacer\">\n\t\t\t<div class=\"elementor-spacer-inner\"><\/div>\n\t\t<\/div>\n\t\t\t\t<\/div>\n\t\t\t\t<\/div>\n\t\t\t\t<div class=\"elementor-element elementor-element-1846372 section-title-style-style3 title-two-line tpg-border-bottom-enable meta-visibility-show title_position_default title_hover_border_default img_hover_animation_default meta_position_default readmore-btn-default-style grid-hover-overlay-type-always tpg-el-box-border-enable elementor-widget elementor-widget-tpg-grid-layout\" data-id=\"1846372\" data-element_type=\"widget\" data-widget_type=\"tpg-grid-layout.default\">\n\t\t\t\t<div class=\"elementor-widget-container\">\n\t\t\t\t\t<div class=\"rt-container-fluid rt-tpg-container tpg-el-main-wrapper clearfix grid-layout1-main \"\n\t\t\t id=\"rt-tpg-container-3098614547\"\n\t\t\t data-layout=\"grid-layout1\"\n\t\t\t data-grid-style=\"tpg-full-height\"\n\t\t\t data-sc-id=\"elementor\"\n\t\t\t data-el-settings=''\n\t\t\t data-el-query=''\n\t\t\t data-el-path=''\n\t\t>\n\n\t\t\t\t\t\t<div class='tpg-header-wrapper '>\n\t\t\t\t\n        <div class=\"tpg-widget-heading-wrapper rt-clear heading-style3 \">\n            <span class=\"tpg-widget-heading-line line-left\"><\/span>\n\t\t\t<h2 class='tpg-widget-heading'>\n\t\t\t\n\t\t\t\t                    <span>\n\t\t\t\t\t\tA la une\t\t\t\t\t<\/span>\n\t\t\t\t\t\n\t\t\t\t\t\t\t<\/h2>            <span class=\"tpg-widget-heading-line line-right\"><\/span>\n\n\t\t\t\n        <\/div>\n\n\t\t\n\t\t\t\t\t<\/div>\n\n\t\t\t<div data-title=\"Loading ...\" class=\"rt-row rt-content-loader grid-layout1 grid-behaviour tpg-full-height grid_layout_wrapper\">\n\t\t\t\t<div class=\"rt-col-md-4 rt-col-sm-12 rt-col-xs-12 default rt-grid-item post-4466 post type-post status-publish format-standard has-post-thumbnail hentry category-scroll tag-actualite tag-banniere\"\t\tdata-id=\"4466\">\n\t<div class=\"rt-holder tpg-post-holder\">\n\t\t<div class=\"rt-detail rt-el-content-wrapper\">\n\t\t\t\t\t\t\t<div class=\"rt-img-holder tpg-el-image-wrap has-thumbnail\">\n\t\t\t\t\t<a data-id=\"4466\" href=\"https:\/\/mindef.gov.cm\/marine-nationale\/2026\/04\/13\/clap-de-fin-du-6%e1%b5%89-stage-dapplication-des-officiers-de-la-marine\/\" class=\"tpg-post-link\" target=\"_self\">                        <img decoding=\"async\" src=\"https:\/\/mindef.gov.cm\/marine-nationale\/wp-content\/uploads\/sites\/7\/2026\/04\/6\u00b0-SAOM8.jpg\"\n                             class=\"rt-img-responsive\"\n                             width=\"1020\"\n                             height=\"768\"\n                             alt=\"CLAP DE FIN DU 6\u1d49 STAGE D\u2019APPLICATION DES OFFICIERS DE LA MARINE (SAOM).\">\n\t\t\t\t\t\t\n\t\t\t\t\t\t\t\n\t\t<\/a>\n\t\t        <div class=\"overlay grid-hover-content\"><\/div>\n\t\t\t\t\t\t<\/div>\n\t\t\t\n\t\t\t<div class=\"entry-title-wrapper\"><h3 class=\"entry-title\"><a data-id=\"4466\" href=\"https:\/\/mindef.gov.cm\/marine-nationale\/2026\/04\/13\/clap-de-fin-du-6%e1%b5%89-stage-dapplication-des-officiers-de-la-marine\/\" class=\"tpg-post-link\" target=\"_self\">CLAP DE FIN DU 6\u1d49 STAGE D\u2019APPLICATION DES OFFICIERS DE LA MARINE (SAOM).<\/a><\/h3><\/div>\n\t\t\t\t\t\t\t<div class=\"post-meta-tags rt-el-post-meta\">\n\t\t\t\t\t\t\t\t\t<\/div>\n\t\t\t\n\n\t\t\t\t\t\t\t<div class=\"tpg-excerpt tpg-el-excerpt\">\n\t\t\t\t\t\t\t\t\t\t\t<div class=\"tpg-excerpt-inner\">\n\t\t\t\t\t\t\tLe mardi 7 avril 2026 s\u2019est d\u00e9roul\u00e9e, sous la pr\u00e9sidence du...\t\t\t\t\t\t<\/div>\n\t\t\t\t\t\t\t\t\t\t\t\t\t\t<\/div>\n\t\t\t\n\t\t\t        <div class=\"post-footer\">\n            <div class=\"post-footer\">\n                <div class=\"read-more\">\n\t\t\t\t\t<a data-id=\"4466\" href=\"https:\/\/mindef.gov.cm\/marine-nationale\/2026\/04\/13\/clap-de-fin-du-6%e1%b5%89-stage-dapplication-des-officiers-de-la-marine\/\" class=\"tpg-post-link\" target=\"_self\">Lire la suite<i aria-hidden=\"true\" class=\"right-icon fas fa-arrow-circle-right\"><\/i><\/a>                <\/div>\n            <\/div>\n        <\/div>\n\t\t\t\t<\/div>\n\t<\/div>\n<\/div>\n<div class=\"rt-col-md-4 rt-col-sm-12 rt-col-xs-12 default rt-grid-item post-4458 post type-post status-publish format-standard has-post-thumbnail hentry category-scroll tag-action-de-letat-en-mer tag-actualite tag-banniere\"\t\tdata-id=\"4458\">\n\t<div class=\"rt-holder tpg-post-holder\">\n\t\t<div class=\"rt-detail rt-el-content-wrapper\">\n\t\t\t\t\t\t\t<div class=\"rt-img-holder tpg-el-image-wrap has-thumbnail\">\n\t\t\t\t\t<a data-id=\"4458\" href=\"https:\/\/mindef.gov.cm\/marine-nationale\/2026\/04\/08\/lutte-contre-les-trafics-illicites-en-mer-4\/\" class=\"tpg-post-link\" target=\"_self\">                        <img loading=\"lazy\" decoding=\"async\" src=\"https:\/\/mindef.gov.cm\/marine-nationale\/wp-content\/uploads\/sites\/7\/2026\/04\/image_2026-04-08_183034147.png\"\n                             class=\"rt-img-responsive\"\n                             width=\"652\"\n                             height=\"423\"\n                             alt=\"LUTTE CONTRE LES TRAFICS ILLICITES EN MER: LA BASE NAVALE DE LIMB\u00c9 MET LA MAIN SUR UNE IMPORTANTE CARGAISON DE FAUX M\u00c9DICAMENTS\">\n\t\t\t\t\t\t\n\t\t\t\t\t\t\t\n\t\t<\/a>\n\t\t        <div class=\"overlay grid-hover-content\"><\/div>\n\t\t\t\t\t\t<\/div>\n\t\t\t\n\t\t\t<div class=\"entry-title-wrapper\"><h3 class=\"entry-title\"><a data-id=\"4458\" href=\"https:\/\/mindef.gov.cm\/marine-nationale\/2026\/04\/08\/lutte-contre-les-trafics-illicites-en-mer-4\/\" class=\"tpg-post-link\" target=\"_self\">LUTTE CONTRE LES TRAFICS ILLICITES EN MER: LA BASE NAVALE DE LIMB\u00c9 MET LA MAIN SUR UNE IMPORTANTE CARGAISON DE FAUX M\u00c9DICAMENTS<\/a><\/h3><\/div>\n\t\t\t\t\t\t\t<div class=\"post-meta-tags rt-el-post-meta\">\n\t\t\t\t\t\t\t\t\t<\/div>\n\t\t\t\n\n\t\t\t\t\t\t\t<div class=\"tpg-excerpt tpg-el-excerpt\">\n\t\t\t\t\t\t\t\t\t\t\t<div class=\"tpg-excerpt-inner\">\n\t\t\t\t\t\t\tLe mardi 24 Mars 2026, les \u00e9l\u00e9ments du d\u00e9tachement de la...\t\t\t\t\t\t<\/div>\n\t\t\t\t\t\t\t\t\t\t\t\t\t\t<\/div>\n\t\t\t\n\t\t\t        <div class=\"post-footer\">\n            <div class=\"post-footer\">\n                <div class=\"read-more\">\n\t\t\t\t\t<a data-id=\"4458\" href=\"https:\/\/mindef.gov.cm\/marine-nationale\/2026\/04\/08\/lutte-contre-les-trafics-illicites-en-mer-4\/\" class=\"tpg-post-link\" target=\"_self\">Lire la suite<i aria-hidden=\"true\" class=\"right-icon fas fa-arrow-circle-right\"><\/i><\/a>                <\/div>\n            <\/div>\n        <\/div>\n\t\t\t\t<\/div>\n\t<\/div>\n<\/div>\n<div class=\"rt-col-md-4 rt-col-sm-12 rt-col-xs-12 default rt-grid-item post-4446 post type-post status-publish format-standard has-post-thumbnail hentry category-scroll tag-actualite tag-banniere\"\t\tdata-id=\"4446\">\n\t<div class=\"rt-holder tpg-post-holder\">\n\t\t<div class=\"rt-detail rt-el-content-wrapper\">\n\t\t\t\t\t\t\t<div class=\"rt-img-holder tpg-el-image-wrap has-thumbnail\">\n\t\t\t\t\t<a data-id=\"4446\" href=\"https:\/\/mindef.gov.cm\/marine-nationale\/2026\/04\/08\/promotion-du-genre-au-sein-de-la-marine-nationale\/\" class=\"tpg-post-link\" target=\"_self\">                        <img loading=\"lazy\" decoding=\"async\" src=\"https:\/\/mindef.gov.cm\/marine-nationale\/wp-content\/uploads\/sites\/7\/2026\/04\/ISSOVA.jpg\"\n                             class=\"rt-img-responsive\"\n                             width=\"720\"\n                             height=\"960\"\n                             alt=\"PROMOTION DU GENRE AU SEIN DE LA MARINE NATIONALE : LE CHEF DE L\u2019\u00c9TAT NOMME LE CAPITAINE DE VAISSEAU ISSOVA\">\n\t\t\t\t\t\t\n\t\t\t\t\t\t\t\n\t\t<\/a>\n\t\t        <div class=\"overlay grid-hover-content\"><\/div>\n\t\t\t\t\t\t<\/div>\n\t\t\t\n\t\t\t<div class=\"entry-title-wrapper\"><h3 class=\"entry-title\"><a data-id=\"4446\" href=\"https:\/\/mindef.gov.cm\/marine-nationale\/2026\/04\/08\/promotion-du-genre-au-sein-de-la-marine-nationale\/\" class=\"tpg-post-link\" target=\"_self\">PROMOTION DU GENRE AU SEIN DE LA MARINE NATIONALE : LE CHEF DE L\u2019\u00c9TAT NOMME LE CAPITAINE DE VAISSEAU ISSOVA<\/a><\/h3><\/div>\n\t\t\t\t\t\t\t<div class=\"post-meta-tags rt-el-post-meta\">\n\t\t\t\t\t\t\t\t\t<\/div>\n\t\t\t\n\n\t\t\t\t\t\t\t<div class=\"tpg-excerpt tpg-el-excerpt\">\n\t\t\t\t\t\t\t\t\t\t\t<div class=\"tpg-excerpt-inner\">\n\t\t\t\t\t\t\tA la faveur des textes sign\u00e9s le 31 mars 2026 par Son...\t\t\t\t\t\t<\/div>\n\t\t\t\t\t\t\t\t\t\t\t\t\t\t<\/div>\n\t\t\t\n\t\t\t        <div class=\"post-footer\">\n            <div class=\"post-footer\">\n                <div class=\"read-more\">\n\t\t\t\t\t<a data-id=\"4446\" href=\"https:\/\/mindef.gov.cm\/marine-nationale\/2026\/04\/08\/promotion-du-genre-au-sein-de-la-marine-nationale\/\" class=\"tpg-post-link\" target=\"_self\">Lire la suite<i aria-hidden=\"true\" class=\"right-icon fas fa-arrow-circle-right\"><\/i><\/a>                <\/div>\n            <\/div>\n        <\/div>\n\t\t\t\t<\/div>\n\t<\/div>\n<\/div>\n\t\t\t<\/div>\n\t\t\t\n\t\t<\/div>\n\t\t\t\t<\/div>\n\t\t\t\t<\/div>\n\t\t\t\t<div class=\"elementor-element elementor-element-5b54d23 elementor-widget elementor-widget-spacer\" data-id=\"5b54d23\" data-element_type=\"widget\" data-widget_type=\"spacer.default\">\n\t\t\t\t<div class=\"elementor-widget-container\">\n\t\t\t\t\t<div class=\"elementor-spacer\">\n\t\t\t<div class=\"elementor-spacer-inner\"><\/div>\n\t\t<\/div>\n\t\t\t\t<\/div>\n\t\t\t\t<\/div>\n\t\t\t\t\t<\/div>\n\t\t<\/div>\n\t\t\t\t\t<\/div>\n\t\t<\/section>\n\t\t\t\t<\/div>\n\t\t","protected":false},"excerpt":{"rendered":"<p>M\u00e9dia Cliquez pour consultez nos videos youtube A la une FIAC 2023: the Cameroon Navy is there. The Ministry of Defense is taking an active part in the&#8230; Lire la suite Dissuasive patrol as part of State action at sea The Offshore Patrol Boat CNS LE NTEM boarded on September&#8230; Lire la suite<\/p>\n","protected":false},"author":1,"featured_media":0,"parent":0,"menu_order":0,"comment_status":"closed","ping_status":"closed","template":"","meta":{"footnotes":""},"class_list":["post-295","page","type-page","status-publish","hentry"],"yoast_head":"<!-- This site is optimized with the Yoast SEO plugin v23.3 - https:\/\/yoast.com\/wordpress\/plugins\/seo\/ -->\n<title>medias - Marine Nationale<\/title>\n<meta name=\"robots\" content=\"index, follow, max-snippet:-1, max-image-preview:large, max-video-preview:-1\" \/>\n<link rel=\"canonical\" href=\"https:\/\/mindef.gov.cm\/marine-nationale\/medias\/\" \/>\n<meta property=\"og:locale\" content=\"fr_FR\" \/>\n<meta property=\"og:type\" content=\"article\" \/>\n<meta property=\"og:title\" content=\"medias - Marine Nationale\" \/>\n<meta property=\"og:description\" content=\"M\u00e9dia Cliquez pour consultez nos videos youtube A la une FIAC 2023: the Cameroon Navy is there. The Ministry of Defense is taking an active part in the&#8230; Lire la suite Dissuasive patrol as part of State action at sea The Offshore Patrol Boat CNS LE NTEM boarded on September&#8230; Lire la suite\" \/>\n<meta property=\"og:url\" content=\"https:\/\/mindef.gov.cm\/marine-nationale\/medias\/\" \/>\n<meta property=\"og:site_name\" content=\"Marine Nationale\" \/>\n<meta property=\"article:modified_time\" content=\"2023-11-08T14:56:59+00:00\" \/>\n<meta property=\"og:image\" content=\"https:\/\/mindef.gov.cm\/marine-nationale\/wp-content\/uploads\/sites\/7\/2023\/07\/icon-mediatheques-02.jpg\" \/>\n<meta name=\"twitter:card\" content=\"summary_large_image\" \/>\n<meta name=\"twitter:label1\" content=\"Dur\u00e9e de lecture estim\u00e9e\" \/>\n\t<meta name=\"twitter:data1\" content=\"2 minutes\" \/>\n<script type=\"application\/ld+json\" class=\"yoast-schema-graph\">{\"@context\":\"https:\/\/schema.org\",\"@graph\":[{\"@type\":\"WebPage\",\"@id\":\"https:\/\/mindef.gov.cm\/marine-nationale\/medias\/\",\"url\":\"https:\/\/mindef.gov.cm\/marine-nationale\/medias\/\",\"name\":\"medias - Marine Nationale\",\"isPartOf\":{\"@id\":\"https:\/\/mindef.gov.cm\/marine-nationale\/#website\"},\"primaryImageOfPage\":{\"@id\":\"https:\/\/mindef.gov.cm\/marine-nationale\/medias\/#primaryimage\"},\"image\":{\"@id\":\"https:\/\/mindef.gov.cm\/marine-nationale\/medias\/#primaryimage\"},\"thumbnailUrl\":\"https:\/\/mindef.gov.cm\/marine-nationale\/wp-content\/uploads\/sites\/7\/2023\/07\/icon-mediatheques-02.jpg\",\"datePublished\":\"2023-07-31T07:38:07+00:00\",\"dateModified\":\"2023-11-08T14:56:59+00:00\",\"breadcrumb\":{\"@id\":\"https:\/\/mindef.gov.cm\/marine-nationale\/medias\/#breadcrumb\"},\"inLanguage\":\"fr-FR\",\"potentialAction\":[{\"@type\":\"ReadAction\",\"target\":[\"https:\/\/mindef.gov.cm\/marine-nationale\/medias\/\"]}]},{\"@type\":\"ImageObject\",\"inLanguage\":\"fr-FR\",\"@id\":\"https:\/\/mindef.gov.cm\/marine-nationale\/medias\/#primaryimage\",\"url\":\"https:\/\/mindef.gov.cm\/marine-nationale\/wp-content\/uploads\/sites\/7\/2023\/07\/icon-mediatheques-02.jpg\",\"contentUrl\":\"https:\/\/mindef.gov.cm\/marine-nationale\/wp-content\/uploads\/sites\/7\/2023\/07\/icon-mediatheques-02.jpg\",\"width\":1393,\"height\":392},{\"@type\":\"BreadcrumbList\",\"@id\":\"https:\/\/mindef.gov.cm\/marine-nationale\/medias\/#breadcrumb\",\"itemListElement\":[{\"@type\":\"ListItem\",\"position\":1,\"name\":\"Home\",\"item\":\"https:\/\/mindef.gov.cm\/marine-nationale\/\"},{\"@type\":\"ListItem\",\"position\":2,\"name\":\"medias\"}]},{\"@type\":\"WebSite\",\"@id\":\"https:\/\/mindef.gov.cm\/marine-nationale\/#website\",\"url\":\"https:\/\/mindef.gov.cm\/marine-nationale\/\",\"name\":\"Marine Nationale\",\"description\":\"\",\"publisher\":{\"@id\":\"https:\/\/mindef.gov.cm\/marine-nationale\/#organization\"},\"potentialAction\":[{\"@type\":\"SearchAction\",\"target\":{\"@type\":\"EntryPoint\",\"urlTemplate\":\"https:\/\/mindef.gov.cm\/marine-nationale\/?s={search_term_string}\"},\"query-input\":\"required name=search_term_string\"}],\"inLanguage\":\"fr-FR\"},{\"@type\":\"Organization\",\"@id\":\"https:\/\/mindef.gov.cm\/marine-nationale\/#organization\",\"name\":\"Marine Nationale\",\"url\":\"https:\/\/mindef.gov.cm\/marine-nationale\/\",\"logo\":{\"@type\":\"ImageObject\",\"inLanguage\":\"fr-FR\",\"@id\":\"https:\/\/mindef.gov.cm\/marine-nationale\/#\/schema\/logo\/image\/\",\"url\":\"https:\/\/mindef.gov.cm\/marine-nationale\/wp-content\/uploads\/sites\/7\/2023\/10\/LOGO-MINDEF-PNG-FRANCAIS.png\",\"contentUrl\":\"https:\/\/mindef.gov.cm\/marine-nationale\/wp-content\/uploads\/sites\/7\/2023\/10\/LOGO-MINDEF-PNG-FRANCAIS.png\",\"width\":2126,\"height\":478,\"caption\":\"Marine Nationale\"},\"image\":{\"@id\":\"https:\/\/mindef.gov.cm\/marine-nationale\/#\/schema\/logo\/image\/\"}}]}<\/script>\n<!-- \/ Yoast SEO plugin. -->","yoast_head_json":{"title":"medias - Marine Nationale","robots":{"index":"index","follow":"follow","max-snippet":"max-snippet:-1","max-image-preview":"max-image-preview:large","max-video-preview":"max-video-preview:-1"},"canonical":"https:\/\/mindef.gov.cm\/marine-nationale\/medias\/","og_locale":"fr_FR","og_type":"article","og_title":"medias - Marine Nationale","og_description":"M\u00e9dia Cliquez pour consultez nos videos youtube A la une FIAC 2023: the Cameroon Navy is there. The Ministry of Defense is taking an active part in the&#8230; Lire la suite Dissuasive patrol as part of State action at sea The Offshore Patrol Boat CNS LE NTEM boarded on September&#8230; Lire la suite","og_url":"https:\/\/mindef.gov.cm\/marine-nationale\/medias\/","og_site_name":"Marine Nationale","article_modified_time":"2023-11-08T14:56:59+00:00","og_image":[{"url":"https:\/\/mindef.gov.cm\/marine-nationale\/wp-content\/uploads\/sites\/7\/2023\/07\/icon-mediatheques-02.jpg"}],"twitter_card":"summary_large_image","twitter_misc":{"Dur\u00e9e de lecture estim\u00e9e":"2 minutes"},"schema":{"@context":"https:\/\/schema.org","@graph":[{"@type":"WebPage","@id":"https:\/\/mindef.gov.cm\/marine-nationale\/medias\/","url":"https:\/\/mindef.gov.cm\/marine-nationale\/medias\/","name":"medias - Marine Nationale","isPartOf":{"@id":"https:\/\/mindef.gov.cm\/marine-nationale\/#website"},"primaryImageOfPage":{"@id":"https:\/\/mindef.gov.cm\/marine-nationale\/medias\/#primaryimage"},"image":{"@id":"https:\/\/mindef.gov.cm\/marine-nationale\/medias\/#primaryimage"},"thumbnailUrl":"https:\/\/mindef.gov.cm\/marine-nationale\/wp-content\/uploads\/sites\/7\/2023\/07\/icon-mediatheques-02.jpg","datePublished":"2023-07-31T07:38:07+00:00","dateModified":"2023-11-08T14:56:59+00:00","breadcrumb":{"@id":"https:\/\/mindef.gov.cm\/marine-nationale\/medias\/#breadcrumb"},"inLanguage":"fr-FR","potentialAction":[{"@type":"ReadAction","target":["https:\/\/mindef.gov.cm\/marine-nationale\/medias\/"]}]},{"@type":"ImageObject","inLanguage":"fr-FR","@id":"https:\/\/mindef.gov.cm\/marine-nationale\/medias\/#primaryimage","url":"https:\/\/mindef.gov.cm\/marine-nationale\/wp-content\/uploads\/sites\/7\/2023\/07\/icon-mediatheques-02.jpg","contentUrl":"https:\/\/mindef.gov.cm\/marine-nationale\/wp-content\/uploads\/sites\/7\/2023\/07\/icon-mediatheques-02.jpg","width":1393,"height":392},{"@type":"BreadcrumbList","@id":"https:\/\/mindef.gov.cm\/marine-nationale\/medias\/#breadcrumb","itemListElement":[{"@type":"ListItem","position":1,"name":"Home","item":"https:\/\/mindef.gov.cm\/marine-nationale\/"},{"@type":"ListItem","position":2,"name":"medias"}]},{"@type":"WebSite","@id":"https:\/\/mindef.gov.cm\/marine-nationale\/#website","url":"https:\/\/mindef.gov.cm\/marine-nationale\/","name":"Marine Nationale","description":"","publisher":{"@id":"https:\/\/mindef.gov.cm\/marine-nationale\/#organization"},"potentialAction":[{"@type":"SearchAction","target":{"@type":"EntryPoint","urlTemplate":"https:\/\/mindef.gov.cm\/marine-nationale\/?s={search_term_string}"},"query-input":"required name=search_term_string"}],"inLanguage":"fr-FR"},{"@type":"Organization","@id":"https:\/\/mindef.gov.cm\/marine-nationale\/#organization","name":"Marine Nationale","url":"https:\/\/mindef.gov.cm\/marine-nationale\/","logo":{"@type":"ImageObject","inLanguage":"fr-FR","@id":"https:\/\/mindef.gov.cm\/marine-nationale\/#\/schema\/logo\/image\/","url":"https:\/\/mindef.gov.cm\/marine-nationale\/wp-content\/uploads\/sites\/7\/2023\/10\/LOGO-MINDEF-PNG-FRANCAIS.png","contentUrl":"https:\/\/mindef.gov.cm\/marine-nationale\/wp-content\/uploads\/sites\/7\/2023\/10\/LOGO-MINDEF-PNG-FRANCAIS.png","width":2126,"height":478,"caption":"Marine Nationale"},"image":{"@id":"https:\/\/mindef.gov.cm\/marine-nationale\/#\/schema\/logo\/image\/"}}]}},"rttpg_featured_image_url":null,"rttpg_author":{"display_name":"ricaldorichard237@gmail.com","author_link":"https:\/\/mindef.gov.cm\/marine-nationale\/author\/ricaldorichard237gmail-com\/"},"rttpg_comment":0,"rttpg_category":"","rttpg_excerpt":"M\u00e9dia Cliquez pour consultez nos videos youtube A la une FIAC 2023: the Cameroon Navy is there. The Ministry of Defense is taking an active part in the&#8230; Lire la suite Dissuasive patrol as part of State action at sea The Offshore Patrol Boat CNS LE NTEM boarded on September&#8230; Lire la suite","_links":{"self":[{"href":"https:\/\/mindef.gov.cm\/marine-nationale\/wp-json\/wp\/v2\/pages\/295","targetHints":{"allow":["GET"]}}],"collection":[{"href":"https:\/\/mindef.gov.cm\/marine-nationale\/wp-json\/wp\/v2\/pages"}],"about":[{"href":"https:\/\/mindef.gov.cm\/marine-nationale\/wp-json\/wp\/v2\/types\/page"}],"author":[{"embeddable":true,"href":"https:\/\/mindef.gov.cm\/marine-nationale\/wp-json\/wp\/v2\/users\/1"}],"replies":[{"embeddable":true,"href":"https:\/\/mindef.gov.cm\/marine-nationale\/wp-json\/wp\/v2\/comments?post=295"}],"version-history":[{"count":0,"href":"https:\/\/mindef.gov.cm\/marine-nationale\/wp-json\/wp\/v2\/pages\/295\/revisions"}],"wp:attachment":[{"href":"https:\/\/mindef.gov.cm\/marine-nationale\/wp-json\/wp\/v2\/media?parent=295"}],"curies":[{"name":"wp","href":"https:\/\/api.w.org\/{rel}","templated":true}]}}