{"id":4031,"date":"2024-06-14T14:13:50","date_gmt":"2024-06-14T12:13:50","guid":{"rendered":"https:\/\/mindef.gov.cm\/sapeurs-pompiers\/?page_id=4031"},"modified":"2024-06-14T14:14:59","modified_gmt":"2024-06-14T12:14:59","slug":"archives-cni","status":"publish","type":"page","link":"https:\/\/mindef.gov.cm\/sapeurs-pompiers\/archives-cni\/","title":{"rendered":"archives-cni"},"content":{"rendered":"\t\t<div data-elementor-type=\"wp-page\" data-elementor-id=\"4031\" class=\"elementor elementor-4031\" data-elementor-post-type=\"page\">\n\t\t\t\t\t\t<section class=\"elementor-section elementor-top-section elementor-element elementor-element-9acbe08 elementor-section-boxed elementor-section-height-default elementor-section-height-default\" data-id=\"9acbe08\" data-element_type=\"section\" data-settings=\"{&quot;background_background&quot;:&quot;classic&quot;}\">\n\t\t\t\t\t\t<div class=\"elementor-container elementor-column-gap-default\">\n\t\t\t\t\t<div class=\"elementor-column elementor-col-100 elementor-top-column elementor-element elementor-element-c0e2fbf\" data-id=\"c0e2fbf\" data-element_type=\"column\">\n\t\t\t<div class=\"elementor-widget-wrap elementor-element-populated\">\n\t\t\t\t\t\t<div class=\"elementor-element elementor-element-e642889 elementor-widget elementor-widget-spacer\" data-id=\"e642889\" data-element_type=\"widget\" data-widget_type=\"spacer.default\">\n\t\t\t\t<div class=\"elementor-widget-container\">\n\t\t\t\t\t<div class=\"elementor-spacer\">\n\t\t\t<div class=\"elementor-spacer-inner\"><\/div>\n\t\t<\/div>\n\t\t\t\t<\/div>\n\t\t\t\t<\/div>\n\t\t\t\t<div class=\"elementor-element elementor-element-0e21485 elementor-widget elementor-widget-text-editor\" data-id=\"0e21485\" data-element_type=\"widget\" data-widget_type=\"text-editor.default\">\n\t\t\t\t<div class=\"elementor-widget-container\">\n\t\t\t\t\t\t\t<h2 class=\"elementor-heading-title elementor-size-default\"><span>INTERVENTIONS MARQUANTES CNI<\/span><\/h2>\t\t\t\t\t\t<\/div>\n\t\t\t\t<\/div>\n\t\t\t\t<div class=\"elementor-element elementor-element-41be495 elementor-widget-divider--view-line elementor-widget elementor-widget-divider\" data-id=\"41be495\" data-element_type=\"widget\" data-widget_type=\"divider.default\">\n\t\t\t\t<div class=\"elementor-widget-container\">\n\t\t\t\t\t<div class=\"elementor-divider\">\n\t\t\t<span class=\"elementor-divider-separator\">\n\t\t\t\t\t\t<\/span>\n\t\t<\/div>\n\t\t\t\t<\/div>\n\t\t\t\t<\/div>\n\t\t\t\t\t<\/div>\n\t\t<\/div>\n\t\t\t\t\t<\/div>\n\t\t<\/section>\n\t\t\t\t<section class=\"elementor-section elementor-top-section elementor-element elementor-element-d0be739 elementor-section-boxed elementor-section-height-default elementor-section-height-default\" data-id=\"d0be739\" data-element_type=\"section\" data-settings=\"{&quot;background_background&quot;:&quot;classic&quot;}\">\n\t\t\t\t\t\t<div class=\"elementor-container elementor-column-gap-default\">\n\t\t\t\t\t<div class=\"elementor-column elementor-col-100 elementor-top-column elementor-element elementor-element-17dcaca\" data-id=\"17dcaca\" data-element_type=\"column\">\n\t\t\t<div class=\"elementor-widget-wrap elementor-element-populated\">\n\t\t\t\t\t\t<div class=\"elementor-element elementor-element-4ff9191 elementor-grid-4 elementor-grid-tablet-2 elementor-grid-mobile-1 elementor-posts--thumbnail-top elementor-card-shadow-yes elementor-posts__hover-gradient load-more-align-center elementor-widget elementor-widget-posts\" data-id=\"4ff9191\" data-element_type=\"widget\" data-settings=\"{&quot;cards_columns&quot;:&quot;4&quot;,&quot;cards_row_gap&quot;:{&quot;unit&quot;:&quot;px&quot;,&quot;size&quot;:15,&quot;sizes&quot;:[]},&quot;pagination_type&quot;:&quot;load_more_on_click&quot;,&quot;cards_columns_tablet&quot;:&quot;2&quot;,&quot;cards_columns_mobile&quot;:&quot;1&quot;,&quot;cards_row_gap_widescreen&quot;:{&quot;unit&quot;:&quot;px&quot;,&quot;size&quot;:&quot;&quot;,&quot;sizes&quot;:[]},&quot;cards_row_gap_laptop&quot;:{&quot;unit&quot;:&quot;px&quot;,&quot;size&quot;:&quot;&quot;,&quot;sizes&quot;:[]},&quot;cards_row_gap_tablet_extra&quot;:{&quot;unit&quot;:&quot;px&quot;,&quot;size&quot;:&quot;&quot;,&quot;sizes&quot;:[]},&quot;cards_row_gap_tablet&quot;:{&quot;unit&quot;:&quot;px&quot;,&quot;size&quot;:&quot;&quot;,&quot;sizes&quot;:[]},&quot;cards_row_gap_mobile_extra&quot;:{&quot;unit&quot;:&quot;px&quot;,&quot;size&quot;:&quot;&quot;,&quot;sizes&quot;:[]},&quot;cards_row_gap_mobile&quot;:{&quot;unit&quot;:&quot;px&quot;,&quot;size&quot;:&quot;&quot;,&quot;sizes&quot;:[]},&quot;load_more_spinner&quot;:{&quot;value&quot;:&quot;fas fa-spinner&quot;,&quot;library&quot;:&quot;fa-solid&quot;}}\" data-widget_type=\"posts.cards\">\n\t\t\t\t<div class=\"elementor-widget-container\">\n\t\t\t\t\t<div class=\"elementor-posts-container elementor-posts elementor-posts--skin-cards elementor-grid\">\n\t\t\t\t<article class=\"elementor-post elementor-grid-item post-5030 post type-post status-publish format-standard has-post-thumbnail hentry category-interventions-marquantes category-scroll tag-actualites-sapeurs tag-banniere-sapeurs tag-interventions-marquantes-10ieme\">\n\t\t\t<div class=\"elementor-post__card\">\n\t\t\t\t<a class=\"elementor-post__thumbnail__link\" href=\"https:\/\/mindef.gov.cm\/sapeurs-pompiers\/campagne-de-consultation-au-centre-medical-du-10e-groupement\/\" tabindex=\"-1\" ><div class=\"elementor-post__thumbnail\"><img fetchpriority=\"high\" decoding=\"async\" width=\"766\" height=\"1080\" src=\"https:\/\/mindef.gov.cm\/sapeurs-pompiers\/wp-content\/uploads\/sites\/8\/2025\/09\/IMG-20250922-WA0026.jpg\" class=\"attachment-full size-full wp-image-5040\" alt=\"\" \/><\/div><\/a>\n\t\t\t\t<div class=\"elementor-post__text\">\n\t\t\t\t<h3 class=\"elementor-post__title\">\n\t\t\t<a href=\"https:\/\/mindef.gov.cm\/sapeurs-pompiers\/campagne-de-consultation-au-centre-medical-du-10e-groupement\/\" >\n\t\t\t\tCampagne de Consultation au Centre M\u00e9dical du 10e Groupement de Sapeurs-Pompiers sis a MIMBOMAN Terminus du 25 au 28 Septembre 2025.\t\t\t<\/a>\n\t\t<\/h3>\n\t\t\t\t<div class=\"elementor-post__excerpt\">\n\t\t\t<p>Cette initiative a pour but d&#8217; am\u00e9liorer la sant\u00e9 et le bien-\u00eatre des communaut\u00e9s tout en renfor\u00e7ant les liens entre les forces de<\/p>\n\t\t<\/div>\n\t\t\n\t\t<a class=\"elementor-post__read-more\" href=\"https:\/\/mindef.gov.cm\/sapeurs-pompiers\/campagne-de-consultation-au-centre-medical-du-10e-groupement\/\" aria-label=\"En savoir plus sur Campagne de Consultation au Centre M\u00e9dical du 10e Groupement de Sapeurs-Pompiers sis a MIMBOMAN Terminus du 25 au 28 Septembre 2025.\" tabindex=\"-1\" >\n\t\t\tLire la suite \u00bb\t\t<\/a>\n\n\t\t\t\t<\/div>\n\t\t\t\t<div class=\"elementor-post__meta-data\">\n\t\t\t\t\t<span class=\"elementor-post-date\">\n\t\t\t23 septembre 2025\t\t<\/span>\n\t\t\t\t<\/div>\n\t\t\t\t\t<\/div>\n\t\t<\/article>\n\t\t\t\t<article class=\"elementor-post elementor-grid-item post-4998 post type-post status-publish format-standard has-post-thumbnail hentry category-interventions-marquantes category-scroll tag-actualites-sapeurs tag-banniere-sapeurs tag-interventions-marquantes-10ieme\">\n\t\t\t<div class=\"elementor-post__card\">\n\t\t\t\t<a class=\"elementor-post__thumbnail__link\" href=\"https:\/\/mindef.gov.cm\/sapeurs-pompiers\/%f0%9d%90%91%f0%9d%90%9e%f0%9d%90%a7%f0%9d%90%ad%f0%9d%90%ab%f0%9d%90%9e%f0%9d%90%9e-%f0%9d%90%ac%f0%9d%90%9c%f0%9d%90%a8%f0%9d%90%a5%f0%9d%90%9a%f0%9d%90%a2%f0%9d%90%ab%f0%9d%90%9e\/\" tabindex=\"-1\" ><div class=\"elementor-post__thumbnail\"><img decoding=\"async\" width=\"600\" height=\"503\" src=\"https:\/\/mindef.gov.cm\/sapeurs-pompiers\/wp-content\/uploads\/sites\/8\/2025\/09\/sapeur.jpg\" class=\"attachment-full size-full wp-image-5000\" alt=\"\" \/><\/div><\/a>\n\t\t\t\t<div class=\"elementor-post__text\">\n\t\t\t\t<h3 class=\"elementor-post__title\">\n\t\t\t<a href=\"https:\/\/mindef.gov.cm\/sapeurs-pompiers\/%f0%9d%90%91%f0%9d%90%9e%f0%9d%90%a7%f0%9d%90%ad%f0%9d%90%ab%f0%9d%90%9e%f0%9d%90%9e-%f0%9d%90%ac%f0%9d%90%9c%f0%9d%90%a8%f0%9d%90%a5%f0%9d%90%9a%f0%9d%90%a2%f0%9d%90%ab%f0%9d%90%9e\/\" >\n\t\t\t\tRentr\u00e9e Scolaire: Prot\u00e9geons nos enfants avant tout!\t\t\t<\/a>\n\t\t<\/h3>\n\t\t\t\t<div class=\"elementor-post__excerpt\">\n\t\t\t<p>\ud835\udc0f\ud835\udc1a\ud835\udc2b\ud835\udc1e\ud835\udc27\ud835\udc2d\ud835\udc2c : dites-leur de toujours marcher sur le trottoir, de traverser uniquement sur les passages pi\u00e9tons, d\u2019\u00e9viter les jeux dangereux dans la cour<\/p>\n\t\t<\/div>\n\t\t\n\t\t<a class=\"elementor-post__read-more\" href=\"https:\/\/mindef.gov.cm\/sapeurs-pompiers\/%f0%9d%90%91%f0%9d%90%9e%f0%9d%90%a7%f0%9d%90%ad%f0%9d%90%ab%f0%9d%90%9e%f0%9d%90%9e-%f0%9d%90%ac%f0%9d%90%9c%f0%9d%90%a8%f0%9d%90%a5%f0%9d%90%9a%f0%9d%90%a2%f0%9d%90%ab%f0%9d%90%9e\/\" aria-label=\"En savoir plus sur Rentr\u00e9e Scolaire: Prot\u00e9geons nos enfants avant tout!\" tabindex=\"-1\" >\n\t\t\tLire la suite \u00bb\t\t<\/a>\n\n\t\t\t\t<\/div>\n\t\t\t\t<div class=\"elementor-post__meta-data\">\n\t\t\t\t\t<span class=\"elementor-post-date\">\n\t\t\t9 septembre 2025\t\t<\/span>\n\t\t\t\t<\/div>\n\t\t\t\t\t<\/div>\n\t\t<\/article>\n\t\t\t\t<article class=\"elementor-post elementor-grid-item post-520 post type-post status-publish format-standard has-post-thumbnail hentry category-interventions-marquantes tag-interventions-marquantes-10ieme\">\n\t\t\t<div class=\"elementor-post__card\">\n\t\t\t\t<a class=\"elementor-post__thumbnail__link\" href=\"https:\/\/mindef.gov.cm\/sapeurs-pompiers\/eboulement-de-terrain-au-quartier-damas\/\" tabindex=\"-1\" ><div class=\"elementor-post__thumbnail\"><img decoding=\"async\" width=\"821\" height=\"462\" src=\"https:\/\/mindef.gov.cm\/sapeurs-pompiers\/wp-content\/uploads\/sites\/8\/2023\/07\/interventions-4.jpg\" class=\"attachment-full size-full wp-image-315\" alt=\"\" \/><\/div><\/a>\n\t\t\t\t<div class=\"elementor-post__text\">\n\t\t\t\t<h3 class=\"elementor-post__title\">\n\t\t\t<a href=\"https:\/\/mindef.gov.cm\/sapeurs-pompiers\/eboulement-de-terrain-au-quartier-damas\/\" >\n\t\t\t\tEboulement de terrain au Quartier DAMAS\t\t\t<\/a>\n\t\t<\/h3>\n\t\t\t\t<div class=\"elementor-post__excerpt\">\n\t\t\t<p>Le 27 novembre 2022, le 10\u00e8me GSP a \u00e9t\u00e9 sollicit\u00e9 pour un \u00e9boulement de terrain au Quartier DAMAS \u00e0 Yaound\u00e9. <\/p>\t\t<\/div>\n\t\t\n\t\t<a class=\"elementor-post__read-more\" href=\"https:\/\/mindef.gov.cm\/sapeurs-pompiers\/eboulement-de-terrain-au-quartier-damas\/\" aria-label=\"En savoir plus sur Eboulement de terrain au Quartier DAMAS\" tabindex=\"-1\" >\n\t\t\tLire la suite \u00bb\t\t<\/a>\n\n\t\t\t\t<\/div>\n\t\t\t\t<div class=\"elementor-post__meta-data\">\n\t\t\t\t\t<span class=\"elementor-post-date\">\n\t\t\t8 ao\u00fbt 2023\t\t<\/span>\n\t\t\t\t<\/div>\n\t\t\t\t\t<\/div>\n\t\t<\/article>\n\t\t\t\t<article class=\"elementor-post elementor-grid-item post-517 post type-post status-publish format-standard has-post-thumbnail hentry category-interventions-marquantes tag-banniere-sapeurs tag-interventions-marquantes-10ieme\">\n\t\t\t<div class=\"elementor-post__card\">\n\t\t\t\t<a class=\"elementor-post__thumbnail__link\" href=\"https:\/\/mindef.gov.cm\/sapeurs-pompiers\/accident-ferroviaire\/\" tabindex=\"-1\" ><div class=\"elementor-post__thumbnail\"><img loading=\"lazy\" decoding=\"async\" width=\"649\" height=\"410\" src=\"https:\/\/mindef.gov.cm\/sapeurs-pompiers\/wp-content\/uploads\/sites\/8\/2023\/07\/interventions-3.jpg\" class=\"attachment-full size-full wp-image-314\" alt=\"\" \/><\/div><\/a>\n\t\t\t\t<div class=\"elementor-post__text\">\n\t\t\t\t<h3 class=\"elementor-post__title\">\n\t\t\t<a href=\"https:\/\/mindef.gov.cm\/sapeurs-pompiers\/accident-ferroviaire\/\" >\n\t\t\t\tAccident ferroviaire\t\t\t<\/a>\n\t\t<\/h3>\n\t\t\t\t<div class=\"elementor-post__excerpt\">\n\t\t\t<p>Accident ferroviaire survenu le 6 octobre 2016 \u00e0 ESEKA <\/p>\t\t<\/div>\n\t\t\n\t\t<a class=\"elementor-post__read-more\" href=\"https:\/\/mindef.gov.cm\/sapeurs-pompiers\/accident-ferroviaire\/\" aria-label=\"En savoir plus sur Accident ferroviaire\" tabindex=\"-1\" >\n\t\t\tLire la suite \u00bb\t\t<\/a>\n\n\t\t\t\t<\/div>\n\t\t\t\t<div class=\"elementor-post__meta-data\">\n\t\t\t\t\t<span class=\"elementor-post-date\">\n\t\t\t8 ao\u00fbt 2023\t\t<\/span>\n\t\t\t\t<\/div>\n\t\t\t\t\t<\/div>\n\t\t<\/article>\n\t\t\t\t<article class=\"elementor-post elementor-grid-item post-515 post type-post status-publish format-standard has-post-thumbnail hentry category-interventions-marquantes tag-interventions-marquantes-10ieme\">\n\t\t\t<div class=\"elementor-post__card\">\n\t\t\t\t<a class=\"elementor-post__thumbnail__link\" href=\"https:\/\/mindef.gov.cm\/sapeurs-pompiers\/violent-incendie-dans-la-nuit-du-jeudi-16-au-vendredi-17-novembre-2017\/\" tabindex=\"-1\" ><div class=\"elementor-post__thumbnail\"><img loading=\"lazy\" decoding=\"async\" width=\"752\" height=\"447\" src=\"https:\/\/mindef.gov.cm\/sapeurs-pompiers\/wp-content\/uploads\/sites\/8\/2023\/07\/interventions-1.jpg\" class=\"attachment-full size-full wp-image-312\" alt=\"\" \/><\/div><\/a>\n\t\t\t\t<div class=\"elementor-post__text\">\n\t\t\t\t<h3 class=\"elementor-post__title\">\n\t\t\t<a href=\"https:\/\/mindef.gov.cm\/sapeurs-pompiers\/violent-incendie-dans-la-nuit-du-jeudi-16-au-vendredi-17-novembre-2017\/\" >\n\t\t\t\tViolent incendie dans la nuit du jeudi 16 au vendredi 17 novembre 2017\t\t\t<\/a>\n\t\t<\/h3>\n\t\t\t\t<div class=\"elementor-post__excerpt\">\n\t\t\t<p>Violent incendie dans la nuit du jeudi 16 au vendredi 17 novembre 2017 \u00e0 l\u2019Assembl\u00e9e Nationale camerounaise \u00e0 Yaound\u00e9. <\/p>\t\t<\/div>\n\t\t\n\t\t<a class=\"elementor-post__read-more\" href=\"https:\/\/mindef.gov.cm\/sapeurs-pompiers\/violent-incendie-dans-la-nuit-du-jeudi-16-au-vendredi-17-novembre-2017\/\" aria-label=\"En savoir plus sur Violent incendie dans la nuit du jeudi 16 au vendredi 17 novembre 2017\" tabindex=\"-1\" >\n\t\t\tLire la suite \u00bb\t\t<\/a>\n\n\t\t\t\t<\/div>\n\t\t\t\t<div class=\"elementor-post__meta-data\">\n\t\t\t\t\t<span class=\"elementor-post-date\">\n\t\t\t8 ao\u00fbt 2023\t\t<\/span>\n\t\t\t\t<\/div>\n\t\t\t\t\t<\/div>\n\t\t<\/article>\n\t\t\t\t<\/div>\n\t\t\t\t\t<span class=\"e-load-more-spinner\">\n\t\t\t\t<i aria-hidden=\"true\" class=\"fas fa-spinner\"><\/i>\t\t\t<\/span>\n\t\t\n\t\t\t\t<\/div>\n\t\t\t\t<\/div>\n\t\t\t\t<div class=\"elementor-element elementor-element-a67175f elementor-hidden-tablet elementor-hidden-mobile elementor-widget elementor-widget-spacer\" data-id=\"a67175f\" data-element_type=\"widget\" data-widget_type=\"spacer.default\">\n\t\t\t\t<div class=\"elementor-widget-container\">\n\t\t\t\t\t<div class=\"elementor-spacer\">\n\t\t\t<div class=\"elementor-spacer-inner\"><\/div>\n\t\t<\/div>\n\t\t\t\t<\/div>\n\t\t\t\t<\/div>\n\t\t\t\t\t<\/div>\n\t\t<\/div>\n\t\t\t\t\t<\/div>\n\t\t<\/section>\n\t\t\t\t<\/div>\n\t\t","protected":false},"excerpt":{"rendered":"<p>INTERVENTIONS MARQUANTES CNI<\/p>\n","protected":false},"author":1,"featured_media":0,"parent":0,"menu_order":0,"comment_status":"closed","ping_status":"closed","template":"","meta":{"footnotes":""},"class_list":["post-4031","page","type-page","status-publish","hentry"],"yoast_head":"<!-- This site is optimized with the Yoast SEO plugin v23.3 - https:\/\/yoast.com\/wordpress\/plugins\/seo\/ -->\n<title>archives-cni - Sapeurs Pompiers<\/title>\n<meta name=\"robots\" content=\"index, follow, max-snippet:-1, max-image-preview:large, max-video-preview:-1\" \/>\n<link rel=\"canonical\" href=\"https:\/\/mindef.gov.cm\/sapeurs-pompiers\/archives-cni\/\" \/>\n<meta property=\"og:locale\" content=\"fr_FR\" \/>\n<meta property=\"og:type\" content=\"article\" \/>\n<meta property=\"og:title\" content=\"archives-cni - Sapeurs Pompiers\" \/>\n<meta property=\"og:description\" content=\"INTERVENTIONS MARQUANTES CNI\" \/>\n<meta property=\"og:url\" content=\"https:\/\/mindef.gov.cm\/sapeurs-pompiers\/archives-cni\/\" \/>\n<meta property=\"og:site_name\" content=\"Sapeurs Pompiers\" \/>\n<meta property=\"article:modified_time\" content=\"2024-06-14T12:14:59+00:00\" \/>\n<meta name=\"twitter:card\" content=\"summary_large_image\" \/>\n<meta name=\"twitter:label1\" content=\"Dur\u00e9e de lecture estim\u00e9e\" \/>\n\t<meta name=\"twitter:data1\" content=\"2 minutes\" \/>\n<script type=\"application\/ld+json\" class=\"yoast-schema-graph\">{\"@context\":\"https:\/\/schema.org\",\"@graph\":[{\"@type\":\"WebPage\",\"@id\":\"https:\/\/mindef.gov.cm\/sapeurs-pompiers\/archives-cni\/\",\"url\":\"https:\/\/mindef.gov.cm\/sapeurs-pompiers\/archives-cni\/\",\"name\":\"archives-cni - Sapeurs Pompiers\",\"isPartOf\":{\"@id\":\"https:\/\/mindef.gov.cm\/sapeurs-pompiers\/#website\"},\"datePublished\":\"2024-06-14T12:13:50+00:00\",\"dateModified\":\"2024-06-14T12:14:59+00:00\",\"breadcrumb\":{\"@id\":\"https:\/\/mindef.gov.cm\/sapeurs-pompiers\/archives-cni\/#breadcrumb\"},\"inLanguage\":\"fr-FR\",\"potentialAction\":[{\"@type\":\"ReadAction\",\"target\":[\"https:\/\/mindef.gov.cm\/sapeurs-pompiers\/archives-cni\/\"]}]},{\"@type\":\"BreadcrumbList\",\"@id\":\"https:\/\/mindef.gov.cm\/sapeurs-pompiers\/archives-cni\/#breadcrumb\",\"itemListElement\":[{\"@type\":\"ListItem\",\"position\":1,\"name\":\"Home\",\"item\":\"https:\/\/mindef.gov.cm\/sapeurs-pompiers\/\"},{\"@type\":\"ListItem\",\"position\":2,\"name\":\"archives-cni\"}]},{\"@type\":\"WebSite\",\"@id\":\"https:\/\/mindef.gov.cm\/sapeurs-pompiers\/#website\",\"url\":\"https:\/\/mindef.gov.cm\/sapeurs-pompiers\/\",\"name\":\"Sapeurs Pompiers\",\"description\":\"\",\"publisher\":{\"@id\":\"https:\/\/mindef.gov.cm\/sapeurs-pompiers\/#organization\"},\"potentialAction\":[{\"@type\":\"SearchAction\",\"target\":{\"@type\":\"EntryPoint\",\"urlTemplate\":\"https:\/\/mindef.gov.cm\/sapeurs-pompiers\/?s={search_term_string}\"},\"query-input\":\"required name=search_term_string\"}],\"inLanguage\":\"fr-FR\"},{\"@type\":\"Organization\",\"@id\":\"https:\/\/mindef.gov.cm\/sapeurs-pompiers\/#organization\",\"name\":\"Sapeurs Pompiers\",\"url\":\"https:\/\/mindef.gov.cm\/sapeurs-pompiers\/\",\"logo\":{\"@type\":\"ImageObject\",\"inLanguage\":\"fr-FR\",\"@id\":\"https:\/\/mindef.gov.cm\/sapeurs-pompiers\/#\/schema\/logo\/image\/\",\"url\":\"https:\/\/mindef.gov.cm\/sapeurs-pompiers\/wp-content\/uploads\/sites\/8\/2023\/07\/Logo-Mindef-fr.jpg\",\"contentUrl\":\"https:\/\/mindef.gov.cm\/sapeurs-pompiers\/wp-content\/uploads\/sites\/8\/2023\/07\/Logo-Mindef-fr.jpg\",\"width\":1324,\"height\":298,\"caption\":\"Sapeurs Pompiers\"},\"image\":{\"@id\":\"https:\/\/mindef.gov.cm\/sapeurs-pompiers\/#\/schema\/logo\/image\/\"}}]}<\/script>\n<!-- \/ Yoast SEO plugin. -->","yoast_head_json":{"title":"archives-cni - Sapeurs Pompiers","robots":{"index":"index","follow":"follow","max-snippet":"max-snippet:-1","max-image-preview":"max-image-preview:large","max-video-preview":"max-video-preview:-1"},"canonical":"https:\/\/mindef.gov.cm\/sapeurs-pompiers\/archives-cni\/","og_locale":"fr_FR","og_type":"article","og_title":"archives-cni - Sapeurs Pompiers","og_description":"INTERVENTIONS MARQUANTES CNI","og_url":"https:\/\/mindef.gov.cm\/sapeurs-pompiers\/archives-cni\/","og_site_name":"Sapeurs Pompiers","article_modified_time":"2024-06-14T12:14:59+00:00","twitter_card":"summary_large_image","twitter_misc":{"Dur\u00e9e de lecture estim\u00e9e":"2 minutes"},"schema":{"@context":"https:\/\/schema.org","@graph":[{"@type":"WebPage","@id":"https:\/\/mindef.gov.cm\/sapeurs-pompiers\/archives-cni\/","url":"https:\/\/mindef.gov.cm\/sapeurs-pompiers\/archives-cni\/","name":"archives-cni - Sapeurs Pompiers","isPartOf":{"@id":"https:\/\/mindef.gov.cm\/sapeurs-pompiers\/#website"},"datePublished":"2024-06-14T12:13:50+00:00","dateModified":"2024-06-14T12:14:59+00:00","breadcrumb":{"@id":"https:\/\/mindef.gov.cm\/sapeurs-pompiers\/archives-cni\/#breadcrumb"},"inLanguage":"fr-FR","potentialAction":[{"@type":"ReadAction","target":["https:\/\/mindef.gov.cm\/sapeurs-pompiers\/archives-cni\/"]}]},{"@type":"BreadcrumbList","@id":"https:\/\/mindef.gov.cm\/sapeurs-pompiers\/archives-cni\/#breadcrumb","itemListElement":[{"@type":"ListItem","position":1,"name":"Home","item":"https:\/\/mindef.gov.cm\/sapeurs-pompiers\/"},{"@type":"ListItem","position":2,"name":"archives-cni"}]},{"@type":"WebSite","@id":"https:\/\/mindef.gov.cm\/sapeurs-pompiers\/#website","url":"https:\/\/mindef.gov.cm\/sapeurs-pompiers\/","name":"Sapeurs Pompiers","description":"","publisher":{"@id":"https:\/\/mindef.gov.cm\/sapeurs-pompiers\/#organization"},"potentialAction":[{"@type":"SearchAction","target":{"@type":"EntryPoint","urlTemplate":"https:\/\/mindef.gov.cm\/sapeurs-pompiers\/?s={search_term_string}"},"query-input":"required name=search_term_string"}],"inLanguage":"fr-FR"},{"@type":"Organization","@id":"https:\/\/mindef.gov.cm\/sapeurs-pompiers\/#organization","name":"Sapeurs Pompiers","url":"https:\/\/mindef.gov.cm\/sapeurs-pompiers\/","logo":{"@type":"ImageObject","inLanguage":"fr-FR","@id":"https:\/\/mindef.gov.cm\/sapeurs-pompiers\/#\/schema\/logo\/image\/","url":"https:\/\/mindef.gov.cm\/sapeurs-pompiers\/wp-content\/uploads\/sites\/8\/2023\/07\/Logo-Mindef-fr.jpg","contentUrl":"https:\/\/mindef.gov.cm\/sapeurs-pompiers\/wp-content\/uploads\/sites\/8\/2023\/07\/Logo-Mindef-fr.jpg","width":1324,"height":298,"caption":"Sapeurs Pompiers"},"image":{"@id":"https:\/\/mindef.gov.cm\/sapeurs-pompiers\/#\/schema\/logo\/image\/"}}]}},"rttpg_featured_image_url":null,"rttpg_author":{"display_name":"ricaldorichard237@gmail.com","author_link":"https:\/\/mindef.gov.cm\/sapeurs-pompiers\/author\/ricaldorichard237gmail-com\/"},"rttpg_comment":0,"rttpg_category":"","rttpg_excerpt":"INTERVENTIONS MARQUANTES CNI","_links":{"self":[{"href":"https:\/\/mindef.gov.cm\/sapeurs-pompiers\/wp-json\/wp\/v2\/pages\/4031","targetHints":{"allow":["GET"]}}],"collection":[{"href":"https:\/\/mindef.gov.cm\/sapeurs-pompiers\/wp-json\/wp\/v2\/pages"}],"about":[{"href":"https:\/\/mindef.gov.cm\/sapeurs-pompiers\/wp-json\/wp\/v2\/types\/page"}],"author":[{"embeddable":true,"href":"https:\/\/mindef.gov.cm\/sapeurs-pompiers\/wp-json\/wp\/v2\/users\/1"}],"replies":[{"embeddable":true,"href":"https:\/\/mindef.gov.cm\/sapeurs-pompiers\/wp-json\/wp\/v2\/comments?post=4031"}],"version-history":[{"count":0,"href":"https:\/\/mindef.gov.cm\/sapeurs-pompiers\/wp-json\/wp\/v2\/pages\/4031\/revisions"}],"wp:attachment":[{"href":"https:\/\/mindef.gov.cm\/sapeurs-pompiers\/wp-json\/wp\/v2\/media?parent=4031"}],"curies":[{"name":"wp","href":"https:\/\/api.w.org\/{rel}","templated":true}]}}