{"id":684,"date":"2023-08-24T09:43:34","date_gmt":"2023-08-24T07:43:34","guid":{"rendered":"https:\/\/mindef.gov.cm\/sapeurs-pompiers\/?page_id=684"},"modified":"2023-11-09T01:48:28","modified_gmt":"2023-11-09T00:48:28","slug":"missions","status":"publish","type":"page","link":"https:\/\/mindef.gov.cm\/sapeurs-pompiers\/missions\/","title":{"rendered":"missions"},"content":{"rendered":"\t\t<div data-elementor-type=\"wp-page\" data-elementor-id=\"684\" class=\"elementor elementor-684\" data-elementor-post-type=\"page\">\n\t\t\t\t\t\t<section class=\"elementor-section elementor-top-section elementor-element elementor-element-248628c4 animated-fast elementor-section-boxed elementor-section-height-default elementor-section-height-default\" data-id=\"248628c4\" data-element_type=\"section\" data-settings=\"{&quot;background_background&quot;:&quot;classic&quot;,&quot;animation&quot;:&quot;none&quot;}\">\n\t\t\t\t\t\t<div class=\"elementor-container elementor-column-gap-default\">\n\t\t\t\t\t<div class=\"elementor-column elementor-col-100 elementor-top-column elementor-element elementor-element-2f768bf7\" data-id=\"2f768bf7\" data-element_type=\"column\" data-settings=\"{&quot;background_background&quot;:&quot;classic&quot;}\">\n\t\t\t<div class=\"elementor-widget-wrap elementor-element-populated\">\n\t\t\t\t\t\t<div class=\"elementor-element elementor-element-7fcc1200 elementor-hidden-tablet elementor-hidden-mobile elementor-widget elementor-widget-spacer\" data-id=\"7fcc1200\" data-element_type=\"widget\" data-widget_type=\"spacer.default\">\n\t\t\t\t<div class=\"elementor-widget-container\">\n\t\t\t\t\t<div class=\"elementor-spacer\">\n\t\t\t<div class=\"elementor-spacer-inner\"><\/div>\n\t\t<\/div>\n\t\t\t\t<\/div>\n\t\t\t\t<\/div>\n\t\t\t\t<div class=\"elementor-element elementor-element-57e18d62 elementor-widget elementor-widget-heading\" data-id=\"57e18d62\" data-element_type=\"widget\" data-widget_type=\"heading.default\">\n\t\t\t\t<div class=\"elementor-widget-container\">\n\t\t\t<h2 class=\"elementor-heading-title elementor-size-small\">Missions<\/h2>\t\t<\/div>\n\t\t\t\t<\/div>\n\t\t\t\t<div class=\"elementor-element elementor-element-2d60f9aa elementor-widget elementor-widget-text-editor\" data-id=\"2d60f9aa\" data-element_type=\"widget\" data-widget_type=\"text-editor.default\">\n\t\t\t\t<div class=\"elementor-widget-container\">\n\t\t\t\t\t\t\t<p>Sous r\u00e9quisition permanente, le Corps National de Sapeurs-Pompiers, agissant aupr\u00e8s des autorit\u00e9s administratives et des Collectivit\u00e9s Territoriales D\u00e9centralis\u00e9es a pour missions :<\/p><ul><li>La lutte contre les calamit\u00e9s et leurs s\u00e9quelles ;<\/li><li>Le secours aux personnes et aux biens en p\u00e9ril ;<\/li><li>La participation \u00e0 la gestion des catastrophes ;<\/li><li>La participation aux \u00e9tudes et aux actions pr\u00e9ventives int\u00e9ressant son domaine de comp\u00e9tence.<\/li><\/ul><p>Plus sp\u00e9cifiquement, les Unit\u00e9s sont charg\u00e9es de :<\/p><ul><li>La lutte contre les incendies\u00a0;<\/li><li>La lutte contre les calamit\u00e9s et leurs s\u00e9quelles\u00a0;<\/li><li>Le secours aux personnes en p\u00e9ril\u00a0;<\/li><li>La sauvegarde des biens en p\u00e9ril\u00a0;<\/li><li>La participation \u00e0 la gestion des catastrophes\u00a0;<\/li><li>La participation aux \u00e9tudes, aux actions de pr\u00e9vention et de sensibilisation int\u00e9ressant leurs domaines de comp\u00e9tence.<\/li><\/ul><p>Elles veillent en outre au respect de la r\u00e9glementation en mati\u00e8re de :<\/p><ul><li>Lotissement\u00a0;<\/li><li>Construction d\u2019immeubles d\u2019Habitation\u00a0;<\/li><li>Construction d\u2019Immeubles de Grande Hauteur\u00a0;<\/li><li>Construction des \u00e9tablissements ouverts au public\u00a0;<\/li><\/ul><p>R\u00e9alisation des r\u00e9seaux d\u2019eau d\u2019incendie dans les casernes et dans les localit\u00e9s de leur implantation et plus g\u00e9n\u00e9ralement, elles participent \u00e0 l\u2019\u00e9tude des probl\u00e8mes de s\u00e9curit\u00e9 dans les diff\u00e9rents lieux ouverts au public.<\/p>\t\t\t\t\t\t<\/div>\n\t\t\t\t<\/div>\n\t\t\t\t<div class=\"elementor-element elementor-element-637b8ef6 elementor-hidden-tablet elementor-hidden-mobile elementor-widget elementor-widget-spacer\" data-id=\"637b8ef6\" data-element_type=\"widget\" data-widget_type=\"spacer.default\">\n\t\t\t\t<div class=\"elementor-widget-container\">\n\t\t\t\t\t<div class=\"elementor-spacer\">\n\t\t\t<div class=\"elementor-spacer-inner\"><\/div>\n\t\t<\/div>\n\t\t\t\t<\/div>\n\t\t\t\t<\/div>\n\t\t\t\t\t<\/div>\n\t\t<\/div>\n\t\t\t\t\t<\/div>\n\t\t<\/section>\n\t\t\t\t<section class=\"elementor-section elementor-top-section elementor-element elementor-element-6564ca5 elementor-section-boxed elementor-section-height-default elementor-section-height-default\" data-id=\"6564ca5\" data-element_type=\"section\" data-settings=\"{&quot;background_background&quot;:&quot;classic&quot;}\">\n\t\t\t\t\t\t<div class=\"elementor-container elementor-column-gap-default\">\n\t\t\t\t\t<div class=\"elementor-column elementor-col-100 elementor-top-column elementor-element elementor-element-6694d15\" data-id=\"6694d15\" data-element_type=\"column\">\n\t\t\t<div class=\"elementor-widget-wrap elementor-element-populated\">\n\t\t\t\t\t\t<div class=\"elementor-element elementor-element-f5250fe elementor-widget elementor-widget-spacer\" data-id=\"f5250fe\" data-element_type=\"widget\" data-widget_type=\"spacer.default\">\n\t\t\t\t<div class=\"elementor-widget-container\">\n\t\t\t\t\t<div class=\"elementor-spacer\">\n\t\t\t<div class=\"elementor-spacer-inner\"><\/div>\n\t\t<\/div>\n\t\t\t\t<\/div>\n\t\t\t\t<\/div>\n\t\t\t\t<div class=\"elementor-element elementor-element-fe2fb2d section-title-style-style3 title-two-line tpg-border-bottom-enable meta-visibility-show title_position_default title_hover_border_default img_hover_animation_default meta_position_default readmore-btn-default-style grid-hover-overlay-type-always tpg-el-box-border-enable elementor-widget elementor-widget-tpg-grid-layout\" data-id=\"fe2fb2d\" data-element_type=\"widget\" data-widget_type=\"tpg-grid-layout.default\">\n\t\t\t\t<div class=\"elementor-widget-container\">\n\t\t\t\t\t<div class=\"rt-container-fluid rt-tpg-container tpg-el-main-wrapper clearfix grid-layout1-main \"\n\t\t\t id=\"rt-tpg-container-1462395115\"\n\t\t\t data-layout=\"grid-layout1\"\n\t\t\t data-grid-style=\"tpg-full-height\"\n\t\t\t data-sc-id=\"elementor\"\n\t\t\t data-el-settings=''\n\t\t\t data-el-query=''\n\t\t\t data-el-path=''\n\t\t>\n\n\t\t\t\t\t\t<div class='tpg-header-wrapper '>\n\t\t\t\t\n        <div class=\"tpg-widget-heading-wrapper rt-clear heading-style3 \">\n            <span class=\"tpg-widget-heading-line line-left\"><\/span>\n\t\t\t<h2 class='tpg-widget-heading'>\n\t\t\t\n\t\t\t\t                    <span>\n\t\t\t\t\t\tA la une\t\t\t\t\t<\/span>\n\t\t\t\t\t\n\t\t\t\t\t\t\t<\/h2>            <span class=\"tpg-widget-heading-line line-right\"><\/span>\n\n\t\t\t\n        <\/div>\n\n\t\t\n\t\t\t\t\t<\/div>\n\n\t\t\t<div data-title=\"Loading ...\" class=\"rt-row rt-content-loader grid-layout1 grid-behaviour tpg-full-height grid_layout_wrapper\">\n\t\t\t\t<div class=\"rt-col-md-4 rt-col-sm-12 rt-col-xs-12 default rt-grid-item post-5152 post type-post status-publish format-standard has-post-thumbnail hentry category-scroll tag-actualites-sapeurs tag-banniere-sapeurs\"\t\tdata-id=\"5152\">\n\t<div class=\"rt-holder tpg-post-holder\">\n\t\t<div class=\"rt-detail rt-el-content-wrapper\">\n\t\t\t\t\t\t\t<div class=\"rt-img-holder tpg-el-image-wrap has-thumbnail\">\n\t\t\t\t\t<a data-id=\"5152\" href=\"https:\/\/mindef.gov.cm\/sapeurs-pompiers\/%f0%9d%90%8f%f0%9d%90%a8%f0%9d%90%ae%f0%9d%90%ab-%f0%9d%90%ac%f0%9d%90%9a%f0%9d%90%ae%f0%9d%90%af%f0%9d%90%9e%f0%9d%90%ab-%f0%9d%90%9d%f0%9d%90%9e%f0%9d%90%ac-%f0%9d%90%af%f0%9d%90%a2%f0%9d%90%9e\/\" class=\"tpg-post-link\" target=\"_self\">                        <img fetchpriority=\"high\" decoding=\"async\" src=\"https:\/\/mindef.gov.cm\/sapeurs-pompiers\/wp-content\/uploads\/sites\/8\/2025\/11\/\ud835\udc2c\ud835\udc1a\ud835\udc2e\ud835\udc2f\ud835\udc1e\ud835\udc2b-\ud835\udc1d\ud835\udc1e\ud835\udc2c-\ud835\udc2f\ud835\udc22\ud835\udc1e\ud835\udc2c-1.jpg\"\n                             class=\"rt-img-responsive\"\n                             width=\"1280\"\n                             height=\"720\"\n                             alt=\"Pour sauver des vies, il faut rester pr\u00eat, inform\u00e9 et exigeant \u2026\">\n\t\t\t\t\t\t\n\t\t\t\t\t\t\t\n\t\t<\/a>\n\t\t        <div class=\"overlay grid-hover-content\"><\/div>\n\t\t\t\t\t\t<\/div>\n\t\t\t\n\t\t\t<div class=\"entry-title-wrapper\"><h3 class=\"entry-title\"><a data-id=\"5152\" href=\"https:\/\/mindef.gov.cm\/sapeurs-pompiers\/%f0%9d%90%8f%f0%9d%90%a8%f0%9d%90%ae%f0%9d%90%ab-%f0%9d%90%ac%f0%9d%90%9a%f0%9d%90%ae%f0%9d%90%af%f0%9d%90%9e%f0%9d%90%ab-%f0%9d%90%9d%f0%9d%90%9e%f0%9d%90%ac-%f0%9d%90%af%f0%9d%90%a2%f0%9d%90%9e\/\" class=\"tpg-post-link\" target=\"_self\">Pour sauver des vies, il faut rester pr\u00eat, inform\u00e9 et exigeant \u2026<\/a><\/h3><\/div>\n\t\t\t\t\t\t\t<div class=\"post-meta-tags rt-el-post-meta\">\n\t\t\t\t\t\t\t\t\t<\/div>\n\t\t\t\n\n\t\t\t\t\t\t\t<div class=\"tpg-excerpt tpg-el-excerpt\">\n\t\t\t\t\t\t\t\t\t\t\t<div class=\"tpg-excerpt-inner\">\n\t\t\t\t\t\t\tC'est conscients de cela que les \u00e9quipes du \ud835\udc12\ud835\udc1e\ud835\udc2b\ud835\udc2f\ud835\udc22\ud835\udc1c\ud835\udc1e \ud835\udc12\ud835\udc1a\ud835\udc27\ud835\udc2d\u00e9 \ud835\udc1d\ud835\udc2e...\t\t\t\t\t\t<\/div>\n\t\t\t\t\t\t\t\t\t\t\t\t\t\t<\/div>\n\t\t\t\n\t\t\t        <div class=\"post-footer\">\n            <div class=\"post-footer\">\n                <div class=\"read-more\">\n\t\t\t\t\t<a data-id=\"5152\" href=\"https:\/\/mindef.gov.cm\/sapeurs-pompiers\/%f0%9d%90%8f%f0%9d%90%a8%f0%9d%90%ae%f0%9d%90%ab-%f0%9d%90%ac%f0%9d%90%9a%f0%9d%90%ae%f0%9d%90%af%f0%9d%90%9e%f0%9d%90%ab-%f0%9d%90%9d%f0%9d%90%9e%f0%9d%90%ac-%f0%9d%90%af%f0%9d%90%a2%f0%9d%90%9e\/\" class=\"tpg-post-link\" target=\"_self\">Lire la suite<i aria-hidden=\"true\" class=\"right-icon fas fa-arrow-circle-right\"><\/i><\/a>                <\/div>\n            <\/div>\n        <\/div>\n\t\t\t\t<\/div>\n\t<\/div>\n<\/div>\n<div class=\"rt-col-md-4 rt-col-sm-12 rt-col-xs-12 default rt-grid-item post-5128 post type-post status-publish format-standard has-post-thumbnail hentry category-scroll tag-actualites-sapeurs tag-banniere-sapeurs tag-interventions-marquantes-20ieme\"\t\tdata-id=\"5128\">\n\t<div class=\"rt-holder tpg-post-holder\">\n\t\t<div class=\"rt-detail rt-el-content-wrapper\">\n\t\t\t\t\t\t\t<div class=\"rt-img-holder tpg-el-image-wrap has-thumbnail\">\n\t\t\t\t\t<a data-id=\"5128\" href=\"https:\/\/mindef.gov.cm\/sapeurs-pompiers\/controle-daptitude-operationnelle-au-centre-de-secours-de-nkongsamba\/\" class=\"tpg-post-link\" target=\"_self\">                        <img decoding=\"async\" src=\"https:\/\/mindef.gov.cm\/sapeurs-pompiers\/wp-content\/uploads\/sites\/8\/2025\/11\/Nkongsamba-1.jpg\"\n                             class=\"rt-img-responsive\"\n                             width=\"1280\"\n                             height=\"960\"\n                             alt=\"*Contr\u00f4le d\u2019Aptitude Op\u00e9rationnelle au Centre de Secours de Nkongsamba*\">\n\t\t\t\t\t\t\n\t\t\t\t\t\t\t\n\t\t<\/a>\n\t\t        <div class=\"overlay grid-hover-content\"><\/div>\n\t\t\t\t\t\t<\/div>\n\t\t\t\n\t\t\t<div class=\"entry-title-wrapper\"><h3 class=\"entry-title\"><a data-id=\"5128\" href=\"https:\/\/mindef.gov.cm\/sapeurs-pompiers\/controle-daptitude-operationnelle-au-centre-de-secours-de-nkongsamba\/\" class=\"tpg-post-link\" target=\"_self\">*Contr\u00f4le d\u2019Aptitude Op\u00e9rationnelle au Centre de Secours de Nkongsamba*<\/a><\/h3><\/div>\n\t\t\t\t\t\t\t<div class=\"post-meta-tags rt-el-post-meta\">\n\t\t\t\t\t\t\t\t\t<\/div>\n\t\t\t\n\n\t\t\t\t\t\t\t<div class=\"tpg-excerpt tpg-el-excerpt\">\n\t\t\t\t\t\t\t\t\t\t\t<div class=\"tpg-excerpt-inner\">\n\t\t\t\t\t\t\tSous la conduite du Chef de Bataillon, Officier Adjoint du...\t\t\t\t\t\t<\/div>\n\t\t\t\t\t\t\t\t\t\t\t\t\t\t<\/div>\n\t\t\t\n\t\t\t        <div class=\"post-footer\">\n            <div class=\"post-footer\">\n                <div class=\"read-more\">\n\t\t\t\t\t<a data-id=\"5128\" href=\"https:\/\/mindef.gov.cm\/sapeurs-pompiers\/controle-daptitude-operationnelle-au-centre-de-secours-de-nkongsamba\/\" class=\"tpg-post-link\" target=\"_self\">Lire la suite<i aria-hidden=\"true\" class=\"right-icon fas fa-arrow-circle-right\"><\/i><\/a>                <\/div>\n            <\/div>\n        <\/div>\n\t\t\t\t<\/div>\n\t<\/div>\n<\/div>\n<div class=\"rt-col-md-4 rt-col-sm-12 rt-col-xs-12 default rt-grid-item post-5092 post type-post status-publish format-standard has-post-thumbnail hentry category-interventions-marquantes category-scroll tag-actualites-sapeurs tag-banniere-sapeurs\"\t\tdata-id=\"5092\">\n\t<div class=\"rt-holder tpg-post-holder\">\n\t\t<div class=\"rt-detail rt-el-content-wrapper\">\n\t\t\t\t\t\t\t<div class=\"rt-img-holder tpg-el-image-wrap has-thumbnail\">\n\t\t\t\t\t<a data-id=\"5092\" href=\"https:\/\/mindef.gov.cm\/sapeurs-pompiers\/noyade-dans-les-eaux-du-radie-palar\/\" class=\"tpg-post-link\" target=\"_self\">                        <img decoding=\"async\" src=\"https:\/\/mindef.gov.cm\/sapeurs-pompiers\/wp-content\/uploads\/sites\/8\/2025\/09\/RADIE-Palar.-4.jpg\"\n                             class=\"rt-img-responsive\"\n                             width=\"1016\"\n                             height=\"852\"\n                             alt=\"NOYADE DANS LES EAUX DU RADI\u00c9 Palar.\">\n\t\t\t\t\t\t\n\t\t\t\t\t\t\t\n\t\t<\/a>\n\t\t        <div class=\"overlay grid-hover-content\"><\/div>\n\t\t\t\t\t\t<\/div>\n\t\t\t\n\t\t\t<div class=\"entry-title-wrapper\"><h3 class=\"entry-title\"><a data-id=\"5092\" href=\"https:\/\/mindef.gov.cm\/sapeurs-pompiers\/noyade-dans-les-eaux-du-radie-palar\/\" class=\"tpg-post-link\" target=\"_self\">NOYADE DANS LES EAUX DU RADI\u00c9 Palar.<\/a><\/h3><\/div>\n\t\t\t\t\t\t\t<div class=\"post-meta-tags rt-el-post-meta\">\n\t\t\t\t\t\t\t\t\t<\/div>\n\t\t\t\n\n\t\t\t\t\t\t\t<div class=\"tpg-excerpt tpg-el-excerpt\">\n\t\t\t\t\t\t\t\t\t\t\t<div class=\"tpg-excerpt-inner\">\n\t\t\t\t\t\t\tMercredi 24 Septembre 2025, aux environs de 05h-45min, les...\t\t\t\t\t\t<\/div>\n\t\t\t\t\t\t\t\t\t\t\t\t\t\t<\/div>\n\t\t\t\n\t\t\t        <div class=\"post-footer\">\n            <div class=\"post-footer\">\n                <div class=\"read-more\">\n\t\t\t\t\t<a data-id=\"5092\" href=\"https:\/\/mindef.gov.cm\/sapeurs-pompiers\/noyade-dans-les-eaux-du-radie-palar\/\" class=\"tpg-post-link\" target=\"_self\">Lire la suite<i aria-hidden=\"true\" class=\"right-icon fas fa-arrow-circle-right\"><\/i><\/a>                <\/div>\n            <\/div>\n        <\/div>\n\t\t\t\t<\/div>\n\t<\/div>\n<\/div>\n\t\t\t<\/div>\n\t\t\t\n\t\t<\/div>\n\t\t\t\t<\/div>\n\t\t\t\t<\/div>\n\t\t\t\t<div class=\"elementor-element elementor-element-afe09d4 elementor-widget elementor-widget-spacer\" data-id=\"afe09d4\" data-element_type=\"widget\" data-widget_type=\"spacer.default\">\n\t\t\t\t<div class=\"elementor-widget-container\">\n\t\t\t\t\t<div class=\"elementor-spacer\">\n\t\t\t<div class=\"elementor-spacer-inner\"><\/div>\n\t\t<\/div>\n\t\t\t\t<\/div>\n\t\t\t\t<\/div>\n\t\t\t\t\t<\/div>\n\t\t<\/div>\n\t\t\t\t\t<\/div>\n\t\t<\/section>\n\t\t\t\t<\/div>\n\t\t","protected":false},"excerpt":{"rendered":"<p>Missions Sous r\u00e9quisition permanente, le Corps National de Sapeurs-Pompiers, agissant aupr\u00e8s des autorit\u00e9s administratives et des Collectivit\u00e9s Territoriales D\u00e9centralis\u00e9es a pour missions : La lutte contre les calamit\u00e9s et leurs s\u00e9quelles ; Le secours aux personnes et aux biens en p\u00e9ril ; La participation \u00e0 la gestion des catastrophes ; La participation aux \u00e9tudes et [&hellip;]<\/p>\n","protected":false},"author":1,"featured_media":0,"parent":0,"menu_order":0,"comment_status":"closed","ping_status":"closed","template":"","meta":{"footnotes":""},"class_list":["post-684","page","type-page","status-publish","hentry"],"yoast_head":"<!-- This site is optimized with the Yoast SEO plugin v23.3 - https:\/\/yoast.com\/wordpress\/plugins\/seo\/ -->\n<title>missions - Sapeurs Pompiers<\/title>\n<meta name=\"robots\" content=\"index, follow, max-snippet:-1, max-image-preview:large, max-video-preview:-1\" \/>\n<link rel=\"canonical\" href=\"https:\/\/mindef.gov.cm\/sapeurs-pompiers\/missions\/\" \/>\n<meta property=\"og:locale\" content=\"fr_FR\" \/>\n<meta property=\"og:type\" content=\"article\" \/>\n<meta property=\"og:title\" content=\"missions - Sapeurs Pompiers\" \/>\n<meta property=\"og:description\" content=\"Missions Sous r\u00e9quisition permanente, le Corps National de Sapeurs-Pompiers, agissant aupr\u00e8s des autorit\u00e9s administratives et des Collectivit\u00e9s Territoriales D\u00e9centralis\u00e9es a pour missions : La lutte contre les calamit\u00e9s et leurs s\u00e9quelles ; Le secours aux personnes et aux biens en p\u00e9ril ; La participation \u00e0 la gestion des catastrophes ; La participation aux \u00e9tudes et [&hellip;]\" \/>\n<meta property=\"og:url\" content=\"https:\/\/mindef.gov.cm\/sapeurs-pompiers\/missions\/\" \/>\n<meta property=\"og:site_name\" content=\"Sapeurs Pompiers\" \/>\n<meta property=\"article:modified_time\" content=\"2023-11-09T00:48:28+00:00\" \/>\n<meta property=\"og:image\" content=\"https:\/\/mindef.gov.cm\/sapeurs-pompiers\/wp-content\/uploads\/sites\/8\/2023\/10\/Audience-Senegal-5-scaled.jpg?v=1698769429\" \/>\n<meta name=\"twitter:card\" content=\"summary_large_image\" \/>\n<meta name=\"twitter:label1\" content=\"Dur\u00e9e de lecture estim\u00e9e\" \/>\n\t<meta name=\"twitter:data1\" content=\"2 minutes\" \/>\n<script type=\"application\/ld+json\" class=\"yoast-schema-graph\">{\"@context\":\"https:\/\/schema.org\",\"@graph\":[{\"@type\":\"WebPage\",\"@id\":\"https:\/\/mindef.gov.cm\/sapeurs-pompiers\/missions\/\",\"url\":\"https:\/\/mindef.gov.cm\/sapeurs-pompiers\/missions\/\",\"name\":\"missions - Sapeurs Pompiers\",\"isPartOf\":{\"@id\":\"https:\/\/mindef.gov.cm\/sapeurs-pompiers\/#website\"},\"primaryImageOfPage\":{\"@id\":\"https:\/\/mindef.gov.cm\/sapeurs-pompiers\/missions\/#primaryimage\"},\"image\":{\"@id\":\"https:\/\/mindef.gov.cm\/sapeurs-pompiers\/missions\/#primaryimage\"},\"thumbnailUrl\":\"https:\/\/mindef.gov.cm\/sapeurs-pompiers\/wp-content\/uploads\/sites\/8\/2023\/10\/Audience-Senegal-5-scaled.jpg?v=1698769429\",\"datePublished\":\"2023-08-24T07:43:34+00:00\",\"dateModified\":\"2023-11-09T00:48:28+00:00\",\"breadcrumb\":{\"@id\":\"https:\/\/mindef.gov.cm\/sapeurs-pompiers\/missions\/#breadcrumb\"},\"inLanguage\":\"fr-FR\",\"potentialAction\":[{\"@type\":\"ReadAction\",\"target\":[\"https:\/\/mindef.gov.cm\/sapeurs-pompiers\/missions\/\"]}]},{\"@type\":\"ImageObject\",\"inLanguage\":\"fr-FR\",\"@id\":\"https:\/\/mindef.gov.cm\/sapeurs-pompiers\/missions\/#primaryimage\",\"url\":\"https:\/\/mindef.gov.cm\/sapeurs-pompiers\/wp-content\/uploads\/sites\/8\/2023\/10\/Audience-Senegal-5-scaled.jpg\",\"contentUrl\":\"https:\/\/mindef.gov.cm\/sapeurs-pompiers\/wp-content\/uploads\/sites\/8\/2023\/10\/Audience-Senegal-5-scaled.jpg\",\"width\":2560,\"height\":1707},{\"@type\":\"BreadcrumbList\",\"@id\":\"https:\/\/mindef.gov.cm\/sapeurs-pompiers\/missions\/#breadcrumb\",\"itemListElement\":[{\"@type\":\"ListItem\",\"position\":1,\"name\":\"Home\",\"item\":\"https:\/\/mindef.gov.cm\/sapeurs-pompiers\/\"},{\"@type\":\"ListItem\",\"position\":2,\"name\":\"missions\"}]},{\"@type\":\"WebSite\",\"@id\":\"https:\/\/mindef.gov.cm\/sapeurs-pompiers\/#website\",\"url\":\"https:\/\/mindef.gov.cm\/sapeurs-pompiers\/\",\"name\":\"Sapeurs Pompiers\",\"description\":\"\",\"publisher\":{\"@id\":\"https:\/\/mindef.gov.cm\/sapeurs-pompiers\/#organization\"},\"potentialAction\":[{\"@type\":\"SearchAction\",\"target\":{\"@type\":\"EntryPoint\",\"urlTemplate\":\"https:\/\/mindef.gov.cm\/sapeurs-pompiers\/?s={search_term_string}\"},\"query-input\":\"required name=search_term_string\"}],\"inLanguage\":\"fr-FR\"},{\"@type\":\"Organization\",\"@id\":\"https:\/\/mindef.gov.cm\/sapeurs-pompiers\/#organization\",\"name\":\"Sapeurs Pompiers\",\"url\":\"https:\/\/mindef.gov.cm\/sapeurs-pompiers\/\",\"logo\":{\"@type\":\"ImageObject\",\"inLanguage\":\"fr-FR\",\"@id\":\"https:\/\/mindef.gov.cm\/sapeurs-pompiers\/#\/schema\/logo\/image\/\",\"url\":\"https:\/\/mindef.gov.cm\/sapeurs-pompiers\/wp-content\/uploads\/sites\/8\/2023\/07\/Logo-Mindef-fr.jpg\",\"contentUrl\":\"https:\/\/mindef.gov.cm\/sapeurs-pompiers\/wp-content\/uploads\/sites\/8\/2023\/07\/Logo-Mindef-fr.jpg\",\"width\":1324,\"height\":298,\"caption\":\"Sapeurs Pompiers\"},\"image\":{\"@id\":\"https:\/\/mindef.gov.cm\/sapeurs-pompiers\/#\/schema\/logo\/image\/\"}}]}<\/script>\n<!-- \/ Yoast SEO plugin. -->","yoast_head_json":{"title":"missions - Sapeurs Pompiers","robots":{"index":"index","follow":"follow","max-snippet":"max-snippet:-1","max-image-preview":"max-image-preview:large","max-video-preview":"max-video-preview:-1"},"canonical":"https:\/\/mindef.gov.cm\/sapeurs-pompiers\/missions\/","og_locale":"fr_FR","og_type":"article","og_title":"missions - Sapeurs Pompiers","og_description":"Missions Sous r\u00e9quisition permanente, le Corps National de Sapeurs-Pompiers, agissant aupr\u00e8s des autorit\u00e9s administratives et des Collectivit\u00e9s Territoriales D\u00e9centralis\u00e9es a pour missions : La lutte contre les calamit\u00e9s et leurs s\u00e9quelles ; Le secours aux personnes et aux biens en p\u00e9ril ; La participation \u00e0 la gestion des catastrophes ; La participation aux \u00e9tudes et [&hellip;]","og_url":"https:\/\/mindef.gov.cm\/sapeurs-pompiers\/missions\/","og_site_name":"Sapeurs Pompiers","article_modified_time":"2023-11-09T00:48:28+00:00","og_image":[{"url":"https:\/\/mindef.gov.cm\/sapeurs-pompiers\/wp-content\/uploads\/sites\/8\/2023\/10\/Audience-Senegal-5-scaled.jpg?v=1698769429"}],"twitter_card":"summary_large_image","twitter_misc":{"Dur\u00e9e de lecture estim\u00e9e":"2 minutes"},"schema":{"@context":"https:\/\/schema.org","@graph":[{"@type":"WebPage","@id":"https:\/\/mindef.gov.cm\/sapeurs-pompiers\/missions\/","url":"https:\/\/mindef.gov.cm\/sapeurs-pompiers\/missions\/","name":"missions - Sapeurs Pompiers","isPartOf":{"@id":"https:\/\/mindef.gov.cm\/sapeurs-pompiers\/#website"},"primaryImageOfPage":{"@id":"https:\/\/mindef.gov.cm\/sapeurs-pompiers\/missions\/#primaryimage"},"image":{"@id":"https:\/\/mindef.gov.cm\/sapeurs-pompiers\/missions\/#primaryimage"},"thumbnailUrl":"https:\/\/mindef.gov.cm\/sapeurs-pompiers\/wp-content\/uploads\/sites\/8\/2023\/10\/Audience-Senegal-5-scaled.jpg?v=1698769429","datePublished":"2023-08-24T07:43:34+00:00","dateModified":"2023-11-09T00:48:28+00:00","breadcrumb":{"@id":"https:\/\/mindef.gov.cm\/sapeurs-pompiers\/missions\/#breadcrumb"},"inLanguage":"fr-FR","potentialAction":[{"@type":"ReadAction","target":["https:\/\/mindef.gov.cm\/sapeurs-pompiers\/missions\/"]}]},{"@type":"ImageObject","inLanguage":"fr-FR","@id":"https:\/\/mindef.gov.cm\/sapeurs-pompiers\/missions\/#primaryimage","url":"https:\/\/mindef.gov.cm\/sapeurs-pompiers\/wp-content\/uploads\/sites\/8\/2023\/10\/Audience-Senegal-5-scaled.jpg","contentUrl":"https:\/\/mindef.gov.cm\/sapeurs-pompiers\/wp-content\/uploads\/sites\/8\/2023\/10\/Audience-Senegal-5-scaled.jpg","width":2560,"height":1707},{"@type":"BreadcrumbList","@id":"https:\/\/mindef.gov.cm\/sapeurs-pompiers\/missions\/#breadcrumb","itemListElement":[{"@type":"ListItem","position":1,"name":"Home","item":"https:\/\/mindef.gov.cm\/sapeurs-pompiers\/"},{"@type":"ListItem","position":2,"name":"missions"}]},{"@type":"WebSite","@id":"https:\/\/mindef.gov.cm\/sapeurs-pompiers\/#website","url":"https:\/\/mindef.gov.cm\/sapeurs-pompiers\/","name":"Sapeurs Pompiers","description":"","publisher":{"@id":"https:\/\/mindef.gov.cm\/sapeurs-pompiers\/#organization"},"potentialAction":[{"@type":"SearchAction","target":{"@type":"EntryPoint","urlTemplate":"https:\/\/mindef.gov.cm\/sapeurs-pompiers\/?s={search_term_string}"},"query-input":"required name=search_term_string"}],"inLanguage":"fr-FR"},{"@type":"Organization","@id":"https:\/\/mindef.gov.cm\/sapeurs-pompiers\/#organization","name":"Sapeurs Pompiers","url":"https:\/\/mindef.gov.cm\/sapeurs-pompiers\/","logo":{"@type":"ImageObject","inLanguage":"fr-FR","@id":"https:\/\/mindef.gov.cm\/sapeurs-pompiers\/#\/schema\/logo\/image\/","url":"https:\/\/mindef.gov.cm\/sapeurs-pompiers\/wp-content\/uploads\/sites\/8\/2023\/07\/Logo-Mindef-fr.jpg","contentUrl":"https:\/\/mindef.gov.cm\/sapeurs-pompiers\/wp-content\/uploads\/sites\/8\/2023\/07\/Logo-Mindef-fr.jpg","width":1324,"height":298,"caption":"Sapeurs Pompiers"},"image":{"@id":"https:\/\/mindef.gov.cm\/sapeurs-pompiers\/#\/schema\/logo\/image\/"}}]}},"rttpg_featured_image_url":null,"rttpg_author":{"display_name":"ricaldorichard237@gmail.com","author_link":"https:\/\/mindef.gov.cm\/sapeurs-pompiers\/author\/ricaldorichard237gmail-com\/"},"rttpg_comment":0,"rttpg_category":"","rttpg_excerpt":"Missions Sous r\u00e9quisition permanente, le Corps National de Sapeurs-Pompiers, agissant aupr\u00e8s des autorit\u00e9s administratives et des Collectivit\u00e9s Territoriales D\u00e9centralis\u00e9es a pour missions : La lutte contre les calamit\u00e9s et leurs s\u00e9quelles ; Le secours aux personnes et aux biens en p\u00e9ril ; La participation \u00e0 la gestion des catastrophes ; La participation aux \u00e9tudes et\u2026","_links":{"self":[{"href":"https:\/\/mindef.gov.cm\/sapeurs-pompiers\/wp-json\/wp\/v2\/pages\/684","targetHints":{"allow":["GET"]}}],"collection":[{"href":"https:\/\/mindef.gov.cm\/sapeurs-pompiers\/wp-json\/wp\/v2\/pages"}],"about":[{"href":"https:\/\/mindef.gov.cm\/sapeurs-pompiers\/wp-json\/wp\/v2\/types\/page"}],"author":[{"embeddable":true,"href":"https:\/\/mindef.gov.cm\/sapeurs-pompiers\/wp-json\/wp\/v2\/users\/1"}],"replies":[{"embeddable":true,"href":"https:\/\/mindef.gov.cm\/sapeurs-pompiers\/wp-json\/wp\/v2\/comments?post=684"}],"version-history":[{"count":0,"href":"https:\/\/mindef.gov.cm\/sapeurs-pompiers\/wp-json\/wp\/v2\/pages\/684\/revisions"}],"wp:attachment":[{"href":"https:\/\/mindef.gov.cm\/sapeurs-pompiers\/wp-json\/wp\/v2\/media?parent=684"}],"curies":[{"name":"wp","href":"https:\/\/api.w.org\/{rel}","templated":true}]}}