{"id":3331,"date":"2024-02-27T14:09:12","date_gmt":"2024-02-27T13:09:12","guid":{"rendered":"https:\/\/mindef.gov.cm\/secretariat-general\/historique\/"},"modified":"2024-02-27T14:28:55","modified_gmt":"2024-02-27T13:28:55","slug":"historique","status":"publish","type":"page","link":"https:\/\/mindef.gov.cm\/secretariat-general\/en\/historique\/","title":{"rendered":"historique"},"content":{"rendered":"\t\t<div data-elementor-type=\"wp-page\" data-elementor-id=\"3331\" class=\"elementor elementor-3331 elementor-3324\" data-elementor-post-type=\"page\">\n\t\t\t\t\t\t<section class=\"elementor-section elementor-top-section elementor-element elementor-element-8c59951 elementor-section-boxed elementor-section-height-default elementor-section-height-default\" data-id=\"8c59951\" data-element_type=\"section\">\n\t\t\t\t\t\t<div class=\"elementor-container elementor-column-gap-default\">\n\t\t\t\t\t<div class=\"elementor-column elementor-col-100 elementor-top-column elementor-element elementor-element-9b6c18d\" data-id=\"9b6c18d\" data-element_type=\"column\">\n\t\t\t<div class=\"elementor-widget-wrap elementor-element-populated\">\n\t\t\t\t\t\t<div class=\"elementor-element elementor-element-e097c8a elementor-widget elementor-widget-heading\" data-id=\"e097c8a\" data-element_type=\"widget\" data-widget_type=\"heading.default\">\n\t\t\t\t<div class=\"elementor-widget-container\">\n\t\t\t<h2 class=\"elementor-heading-title elementor-size-default\">BACKGROUND<\/h2>\t\t<\/div>\n\t\t\t\t<\/div>\n\t\t\t\t<div class=\"elementor-element elementor-element-02ccadd elementor-widget elementor-widget-text-editor\" data-id=\"02ccadd\" data-element_type=\"widget\" data-widget_type=\"text-editor.default\">\n\t\t\t\t<div class=\"elementor-widget-container\">\n\t\t\t\t\t\t\t<p>\u00a0 \u00a0Formerly known as the Directorate of Central Services, between 1960 and 1964;<\/p><p>\u00a0 \u00a0The General Secretariat is placed under the authority of a Secretary General, a senior civil servant appointed by decree of the President of the Republic.<\/p><p>\u00a0 \u00a0Senior civil servants who have held this high office since its establishment:<\/p><ul><li>Monsieur YAYA GARGA, 1964-1965\u00a0;<\/li><li>Monsieur ISSA BAKARY, 1965 \u00e0 1966\u00a0;<\/li><li>Monsieur BELLO BOUBA MAIGARI, 1966-1974\u00a0;<\/li><li>Monsieur IBRAHIMA WADJIRI, 1974-1982\u00a0;<\/li><li>Monsieur Michel MEVA\u2019A MEBOUTOU, 1982-1989\u00a0;<\/li><li>Monsieur Jean-Marie ALEOKOL, 1989-2005\u00a0;<\/li><li>Monsieur AMADOU VINDJEDOU, 2005-2016\u00a0;<\/li><li>Monsieur SA\u00cfD KAMSOULOUM, from 2016 to date.<\/li><\/ul><p>\u00a0<\/p><p>\u00a0 \u00a0Its current organization is governed by Decree No. 2001\/177 of 25 July 2001 on the organization of the Ministry of Defense.<\/p>\t\t\t\t\t\t<\/div>\n\t\t\t\t<\/div>\n\t\t\t\t\t<\/div>\n\t\t<\/div>\n\t\t\t\t\t<\/div>\n\t\t<\/section>\n\t\t\t\t<section class=\"elementor-section elementor-top-section elementor-element elementor-element-4cc2b24 elementor-section-boxed elementor-section-height-default elementor-section-height-default\" data-id=\"4cc2b24\" data-element_type=\"section\" data-settings=\"{&quot;background_background&quot;:&quot;classic&quot;}\">\n\t\t\t\t\t\t<div class=\"elementor-container elementor-column-gap-default\">\n\t\t\t\t\t<div class=\"elementor-column elementor-col-100 elementor-top-column elementor-element elementor-element-bfc072a\" data-id=\"bfc072a\" data-element_type=\"column\">\n\t\t\t<div class=\"elementor-widget-wrap elementor-element-populated\">\n\t\t\t\t\t\t<div class=\"elementor-element elementor-element-e0c96e2 elementor-widget elementor-widget-spacer\" data-id=\"e0c96e2\" data-element_type=\"widget\" data-widget_type=\"spacer.default\">\n\t\t\t\t<div class=\"elementor-widget-container\">\n\t\t\t\t\t<div class=\"elementor-spacer\">\n\t\t\t<div class=\"elementor-spacer-inner\"><\/div>\n\t\t<\/div>\n\t\t\t\t<\/div>\n\t\t\t\t<\/div>\n\t\t\t\t<div class=\"elementor-element elementor-element-d071ab1 section-title-style-style3 title-two-line tpg-border-bottom-enable section-title-align-left title-alignment-left elementor-widget-mobile__width-inherit meta-visibility-show title_position_default title_hover_border_default img_hover_animation_default meta_position_default readmore-btn-default-style grid-hover-overlay-type-always tpg-el-box-border-enable elementor-widget elementor-widget-tpg-grid-layout\" data-id=\"d071ab1\" data-element_type=\"widget\" data-widget_type=\"tpg-grid-layout.default\">\n\t\t\t\t<div class=\"elementor-widget-container\">\n\t\t\t\t\t<div class=\"rt-container-fluid rt-tpg-container tpg-el-main-wrapper clearfix grid-layout1-main \"\n\t\t\t id=\"rt-tpg-container-564779195\"\n\t\t\t data-layout=\"grid-layout1\"\n\t\t\t data-grid-style=\"tpg-full-height\"\n\t\t\t data-sc-id=\"elementor\"\n\t\t\t data-el-settings=''\n\t\t\t data-el-query=''\n\t\t\t data-el-path=''\n\t\t>\n\n\t\t\t\t\t\t<div class='tpg-header-wrapper '>\n\t\t\t\t\n        <div class=\"tpg-widget-heading-wrapper rt-clear heading-style3 \">\n            <span class=\"tpg-widget-heading-line line-left\"><\/span>\n\t\t\t<h2 class='tpg-widget-heading'>\n\t\t\t\n\t\t\t\t                    <span>\n\t\t\t\t\t\tHEADLINES\t\t\t\t\t<\/span>\n\t\t\t\t\t\n\t\t\t\t\t\t\t<\/h2>            <span class=\"tpg-widget-heading-line line-right\"><\/span>\n\n\t\t\t\n        <\/div>\n\n\t\t\n\t\t\t\t\t<\/div>\n\n\t\t\t<div data-title=\"Loading ...\" class=\"rt-row rt-content-loader grid-layout1 grid-behaviour tpg-full-height grid_layout_wrapper\">\n\t\t\t\t<div class=\"rt-col-md-4 rt-col-sm-6 rt-col-xs-12 default rt-grid-item post-5130 post type-post status-publish format-standard has-post-thumbnail hentry category-activites-en category-scroll-en tag-activities-drh tag-actualites-en tag-banniere-en\"\t\tdata-id=\"5130\">\n\t<div class=\"rt-holder tpg-post-holder\">\n\t\t<div class=\"rt-detail rt-el-content-wrapper\">\n\t\t\t\t\t\t\t<div class=\"rt-img-holder tpg-el-image-wrap has-thumbnail\">\n\t\t\t\t\t<a data-id=\"5130\" href=\"https:\/\/mindef.gov.cm\/secretariat-general\/en\/2025\/11\/19\/join-the-cameroon-defence-forces\/\" class=\"tpg-post-link\" target=\"_self\">                        <img fetchpriority=\"high\" decoding=\"async\" src=\"https:\/\/mindef.gov.cm\/secretariat-general\/wp-content\/uploads\/sites\/15\/2025\/11\/Armee-recrute-E-1024x532.jpg\"\n                             class=\"rt-img-responsive\"\n                             width=\"800\"\n                             height=\"416\"\n                             alt=\"JOIN THE CAMEROON DEFENCE FORCES\">\n\t\t\t\t\t\t\n\t\t\t\t\t\t\t\n\t\t<\/a>\n\t\t        <div class=\"overlay grid-hover-content\"><\/div>\n\t\t\t\t\t\t<\/div>\n\t\t\t\n\t\t\t<div class=\"entry-title-wrapper\"><h3 class=\"entry-title\"><a data-id=\"5130\" href=\"https:\/\/mindef.gov.cm\/secretariat-general\/en\/2025\/11\/19\/join-the-cameroon-defence-forces\/\" class=\"tpg-post-link\" target=\"_self\">JOIN THE CAMEROON DEFENCE FORCES<\/a><\/h3><\/div>\n\t\t\t\t\t\t\t<div class=\"post-meta-tags rt-el-post-meta\">\n\t\t\t\t\t            <span class='date'>\n\t\t\t\t\t\t\t\t<a href=\"https:\/\/mindef.gov.cm\/secretariat-general\/en\/2025\/11\/19\/\">\n\t\t\t\t\t19 November 2025\t\t\t\t<\/a>\n\t\t\t<\/span>\n\t\t\t<span class='separator'>|<\/span>\t\t\t\t<\/div>\n\t\t\t\n\n\t\t\t\t\t\t\t<div class=\"tpg-excerpt tpg-el-excerpt\">\n\t\t\t\t\t\t\t\t\t\t\t<div class=\"tpg-excerpt-inner\">\n\t\t\t\t\t\t\tClick to Watch the Video...\t\t\t\t\t\t<\/div>\n\t\t\t\t\t\t\t\t\t\t\t\t\t\t<\/div>\n\t\t\t\n\t\t\t        <div class=\"post-footer\">\n            <div class=\"post-footer\">\n                <div class=\"read-more\">\n\t\t\t\t\t<a data-id=\"5130\" href=\"https:\/\/mindef.gov.cm\/secretariat-general\/en\/2025\/11\/19\/join-the-cameroon-defence-forces\/\" class=\"tpg-post-link\" target=\"_self\">Read More<i aria-hidden=\"true\" class=\"right-icon fas fa-arrow-circle-right\"><\/i><\/a>                <\/div>\n            <\/div>\n        <\/div>\n\t\t\t\t<\/div>\n\t<\/div>\n<\/div>\n<div class=\"rt-col-md-4 rt-col-sm-6 rt-col-xs-12 default rt-grid-item post-4926 post type-post status-publish format-standard has-post-thumbnail hentry category-scroll-en tag-activities-drh tag-actualites-en tag-banniere-en\"\t\tdata-id=\"4926\">\n\t<div class=\"rt-holder tpg-post-holder\">\n\t\t<div class=\"rt-detail rt-el-content-wrapper\">\n\t\t\t\t\t\t\t<div class=\"rt-img-holder tpg-el-image-wrap has-thumbnail\">\n\t\t\t\t\t<a data-id=\"4926\" href=\"https:\/\/mindef.gov.cm\/secretariat-general\/en\/2024\/09\/20\/general-census-of-military-and-civilian-personnel-of-the-ministry-of-defence-2024-edition-phase-2-marks-the-end-of-data-collection-operations\/\" class=\"tpg-post-link\" target=\"_self\">                        <img decoding=\"async\" src=\"https:\/\/mindef.gov.cm\/secretariat-general\/wp-content\/uploads\/sites\/15\/2024\/09\/IMG-20240919-WA0018-768x1024.jpg\"\n                             class=\"rt-img-responsive\"\n                             width=\"768\"\n                             height=\"1024\"\n                             alt=\"General Census of Military and Civilian Personnel of the Ministry of Defence, 2024 Edition: Phase 2 marks the end of data collection operations.\">\n\t\t\t\t\t\t\n\t\t\t\t\t\t\t\n\t\t<\/a>\n\t\t        <div class=\"overlay grid-hover-content\"><\/div>\n\t\t\t\t\t\t<\/div>\n\t\t\t\n\t\t\t<div class=\"entry-title-wrapper\"><h3 class=\"entry-title\"><a data-id=\"4926\" href=\"https:\/\/mindef.gov.cm\/secretariat-general\/en\/2024\/09\/20\/general-census-of-military-and-civilian-personnel-of-the-ministry-of-defence-2024-edition-phase-2-marks-the-end-of-data-collection-operations\/\" class=\"tpg-post-link\" target=\"_self\">General Census of Military and Civilian Personnel of the Ministry of Defence, 2024 Edition: Phase 2 marks the end of data collection operations.<\/a><\/h3><\/div>\n\t\t\t\t\t\t\t<div class=\"post-meta-tags rt-el-post-meta\">\n\t\t\t\t\t            <span class='date'>\n\t\t\t\t\t\t\t\t<a href=\"https:\/\/mindef.gov.cm\/secretariat-general\/en\/2024\/09\/20\/\">\n\t\t\t\t\t20 September 2024\t\t\t\t<\/a>\n\t\t\t<\/span>\n\t\t\t<span class='separator'>|<\/span>\t\t\t\t<\/div>\n\t\t\t\n\n\t\t\t\t\t\t\t<div class=\"tpg-excerpt tpg-el-excerpt\">\n\t\t\t\t\t\t\t\t\t\t\t<div class=\"tpg-excerpt-inner\">\n\t\t\t\t\t\t\tAfter the first phase of the census of military and civilian personnel, 2024 edition, which ended on...\t\t\t\t\t\t<\/div>\n\t\t\t\t\t\t\t\t\t\t\t\t\t\t<\/div>\n\t\t\t\n\t\t\t        <div class=\"post-footer\">\n            <div class=\"post-footer\">\n                <div class=\"read-more\">\n\t\t\t\t\t<a data-id=\"4926\" href=\"https:\/\/mindef.gov.cm\/secretariat-general\/en\/2024\/09\/20\/general-census-of-military-and-civilian-personnel-of-the-ministry-of-defence-2024-edition-phase-2-marks-the-end-of-data-collection-operations\/\" class=\"tpg-post-link\" target=\"_self\">Read More<i aria-hidden=\"true\" class=\"right-icon fas fa-arrow-circle-right\"><\/i><\/a>                <\/div>\n            <\/div>\n        <\/div>\n\t\t\t\t<\/div>\n\t<\/div>\n<\/div>\n<div class=\"rt-col-md-4 rt-col-sm-6 rt-col-xs-12 default rt-grid-item post-4911 post type-post status-publish format-standard has-post-thumbnail hentry category-activites-en category-scroll-en tag-activities-drh tag-actualites-en tag-banniere-en\"\t\tdata-id=\"4911\">\n\t<div class=\"rt-holder tpg-post-holder\">\n\t\t<div class=\"rt-detail rt-el-content-wrapper\">\n\t\t\t\t\t\t\t<div class=\"rt-img-holder tpg-el-image-wrap has-thumbnail\">\n\t\t\t\t\t<a data-id=\"4911\" href=\"https:\/\/mindef.gov.cm\/secretariat-general\/en\/2024\/08\/29\/incorporation-of-the-new-2024-contingent-recruits\/\" class=\"tpg-post-link\" target=\"_self\">                        <img decoding=\"async\" src=\"https:\/\/mindef.gov.cm\/secretariat-general\/wp-content\/uploads\/sites\/15\/2024\/08\/IMG_20240807_105805-1024x768.jpg\"\n                             class=\"rt-img-responsive\"\n                             width=\"800\"\n                             height=\"600\"\n                             alt=\"Incorporation of the new 2024 Contingent recruits:\">\n\t\t\t\t\t\t\n\t\t\t\t\t\t\t\n\t\t<\/a>\n\t\t        <div class=\"overlay grid-hover-content\"><\/div>\n\t\t\t\t\t\t<\/div>\n\t\t\t\n\t\t\t<div class=\"entry-title-wrapper\"><h3 class=\"entry-title\"><a data-id=\"4911\" href=\"https:\/\/mindef.gov.cm\/secretariat-general\/en\/2024\/08\/29\/incorporation-of-the-new-2024-contingent-recruits\/\" class=\"tpg-post-link\" target=\"_self\">Incorporation of the new 2024 Contingent recruits:<\/a><\/h3><\/div>\n\t\t\t\t\t\t\t<div class=\"post-meta-tags rt-el-post-meta\">\n\t\t\t\t\t            <span class='date'>\n\t\t\t\t\t\t\t\t<a href=\"https:\/\/mindef.gov.cm\/secretariat-general\/en\/2024\/08\/29\/\">\n\t\t\t\t\t29 August 2024\t\t\t\t<\/a>\n\t\t\t<\/span>\n\t\t\t<span class='separator'>|<\/span>\t\t\t\t<\/div>\n\t\t\t\n\n\t\t\t\t\t\t\t<div class=\"tpg-excerpt tpg-el-excerpt\">\n\t\t\t\t\t\t\t\t\t\t\t<div class=\"tpg-excerpt-inner\">\n\t\t\t\t\t\t\tThe Human Resources Department teams deployed in the Training Centres and Temporary Training Groups...\t\t\t\t\t\t<\/div>\n\t\t\t\t\t\t\t\t\t\t\t\t\t\t<\/div>\n\t\t\t\n\t\t\t        <div class=\"post-footer\">\n            <div class=\"post-footer\">\n                <div class=\"read-more\">\n\t\t\t\t\t<a data-id=\"4911\" href=\"https:\/\/mindef.gov.cm\/secretariat-general\/en\/2024\/08\/29\/incorporation-of-the-new-2024-contingent-recruits\/\" class=\"tpg-post-link\" target=\"_self\">Read More<i aria-hidden=\"true\" class=\"right-icon fas fa-arrow-circle-right\"><\/i><\/a>                <\/div>\n            <\/div>\n        <\/div>\n\t\t\t\t<\/div>\n\t<\/div>\n<\/div>\n\t\t\t<\/div>\n\t\t\t\n\t\t<\/div>\n\t\t\t\t<\/div>\n\t\t\t\t<\/div>\n\t\t\t\t<div class=\"elementor-element elementor-element-ae98333 elementor-widget elementor-widget-spacer\" data-id=\"ae98333\" data-element_type=\"widget\" data-widget_type=\"spacer.default\">\n\t\t\t\t<div class=\"elementor-widget-container\">\n\t\t\t\t\t<div class=\"elementor-spacer\">\n\t\t\t<div class=\"elementor-spacer-inner\"><\/div>\n\t\t<\/div>\n\t\t\t\t<\/div>\n\t\t\t\t<\/div>\n\t\t\t\t\t<\/div>\n\t\t<\/div>\n\t\t\t\t\t<\/div>\n\t\t<\/section>\n\t\t\t\t<\/div>\n\t\t","protected":false},"excerpt":{"rendered":"<p>BACKGROUND \u00a0 \u00a0Formerly known as the Directorate of Central Services, between 1960 and 1964; \u00a0 \u00a0The General Secretariat is placed under the authority of a Secretary General, a senior civil servant appointed by decree of the President of the Republic. \u00a0 \u00a0Senior civil servants who have held this high office since its establishment: Monsieur YAYA [&hellip;]<\/p>\n","protected":false},"author":7,"featured_media":0,"parent":0,"menu_order":0,"comment_status":"closed","ping_status":"closed","template":"","meta":{"footnotes":""},"class_list":["post-3331","page","type-page","status-publish","hentry"],"yoast_head":"<!-- This site is optimized with the Yoast SEO plugin v23.3 - https:\/\/yoast.com\/wordpress\/plugins\/seo\/ -->\n<title>historique - Secr\u00e9tariat G\u00e9n\u00e9ral<\/title>\n<meta name=\"robots\" content=\"index, follow, max-snippet:-1, max-image-preview:large, max-video-preview:-1\" \/>\n<link rel=\"canonical\" href=\"https:\/\/mindef.gov.cm\/secretariat-general\/en\/historique\/\" \/>\n<meta property=\"og:locale\" content=\"en_US\" \/>\n<meta property=\"og:type\" content=\"article\" \/>\n<meta property=\"og:title\" content=\"historique - Secr\u00e9tariat G\u00e9n\u00e9ral\" \/>\n<meta property=\"og:description\" content=\"BACKGROUND \u00a0 \u00a0Formerly known as the Directorate of Central Services, between 1960 and 1964; \u00a0 \u00a0The General Secretariat is placed under the authority of a Secretary General, a senior civil servant appointed by decree of the President of the Republic. \u00a0 \u00a0Senior civil servants who have held this high office since its establishment: Monsieur YAYA [&hellip;]\" \/>\n<meta property=\"og:url\" content=\"https:\/\/mindef.gov.cm\/secretariat-general\/en\/historique\/\" \/>\n<meta property=\"og:site_name\" content=\"Secr\u00e9tariat G\u00e9n\u00e9ral\" \/>\n<meta property=\"article:modified_time\" content=\"2024-02-27T13:28:55+00:00\" \/>\n<meta property=\"og:image\" content=\"https:\/\/mindef.gov.cm\/secretariat-general\/wp-content\/uploads\/sites\/15\/2024\/02\/DRH3-1024x768.jpg\" \/>\n<meta name=\"twitter:card\" content=\"summary_large_image\" \/>\n<meta name=\"twitter:label1\" content=\"Est. reading time\" \/>\n\t<meta name=\"twitter:data1\" content=\"2 minutes\" \/>\n<script type=\"application\/ld+json\" class=\"yoast-schema-graph\">{\"@context\":\"https:\/\/schema.org\",\"@graph\":[{\"@type\":\"WebPage\",\"@id\":\"https:\/\/mindef.gov.cm\/secretariat-general\/en\/historique\/\",\"url\":\"https:\/\/mindef.gov.cm\/secretariat-general\/en\/historique\/\",\"name\":\"historique - Secr\u00e9tariat G\u00e9n\u00e9ral\",\"isPartOf\":{\"@id\":\"https:\/\/mindef.gov.cm\/secretariat-general\/en\/#website\"},\"primaryImageOfPage\":{\"@id\":\"https:\/\/mindef.gov.cm\/secretariat-general\/en\/historique\/#primaryimage\"},\"image\":{\"@id\":\"https:\/\/mindef.gov.cm\/secretariat-general\/en\/historique\/#primaryimage\"},\"thumbnailUrl\":\"https:\/\/mindef.gov.cm\/secretariat-general\/wp-content\/uploads\/sites\/15\/2024\/02\/DRH3-1024x768.jpg\",\"datePublished\":\"2024-02-27T13:09:12+00:00\",\"dateModified\":\"2024-02-27T13:28:55+00:00\",\"breadcrumb\":{\"@id\":\"https:\/\/mindef.gov.cm\/secretariat-general\/en\/historique\/#breadcrumb\"},\"inLanguage\":\"en-US\",\"potentialAction\":[{\"@type\":\"ReadAction\",\"target\":[\"https:\/\/mindef.gov.cm\/secretariat-general\/en\/historique\/\"]}]},{\"@type\":\"ImageObject\",\"inLanguage\":\"en-US\",\"@id\":\"https:\/\/mindef.gov.cm\/secretariat-general\/en\/historique\/#primaryimage\",\"url\":\"https:\/\/mindef.gov.cm\/secretariat-general\/wp-content\/uploads\/sites\/15\/2024\/02\/DRH3-1024x768.jpg\",\"contentUrl\":\"https:\/\/mindef.gov.cm\/secretariat-general\/wp-content\/uploads\/sites\/15\/2024\/02\/DRH3-1024x768.jpg\"},{\"@type\":\"BreadcrumbList\",\"@id\":\"https:\/\/mindef.gov.cm\/secretariat-general\/en\/historique\/#breadcrumb\",\"itemListElement\":[{\"@type\":\"ListItem\",\"position\":1,\"name\":\"Home\",\"item\":\"https:\/\/mindef.gov.cm\/secretariat-general\/en\/\"},{\"@type\":\"ListItem\",\"position\":2,\"name\":\"historique\"}]},{\"@type\":\"WebSite\",\"@id\":\"https:\/\/mindef.gov.cm\/secretariat-general\/en\/#website\",\"url\":\"https:\/\/mindef.gov.cm\/secretariat-general\/en\/\",\"name\":\"Secr\u00e9tariat G\u00e9n\u00e9ral\",\"description\":\"\",\"publisher\":{\"@id\":\"https:\/\/mindef.gov.cm\/secretariat-general\/en\/#organization\"},\"potentialAction\":[{\"@type\":\"SearchAction\",\"target\":{\"@type\":\"EntryPoint\",\"urlTemplate\":\"https:\/\/mindef.gov.cm\/secretariat-general\/en\/?s={search_term_string}\"},\"query-input\":\"required name=search_term_string\"}],\"inLanguage\":\"en-US\"},{\"@type\":\"Organization\",\"@id\":\"https:\/\/mindef.gov.cm\/secretariat-general\/en\/#organization\",\"name\":\"Secr\u00e9tariat G\u00e9n\u00e9ral\",\"url\":\"https:\/\/mindef.gov.cm\/secretariat-general\/en\/\",\"logo\":{\"@type\":\"ImageObject\",\"inLanguage\":\"en-US\",\"@id\":\"https:\/\/mindef.gov.cm\/secretariat-general\/en\/#\/schema\/logo\/image\/\",\"url\":\"https:\/\/mindef.gov.cm\/secretariat-general\/wp-content\/uploads\/sites\/15\/2023\/08\/LOGO-MINDEF-PNG-FRANCAIS.png\",\"contentUrl\":\"https:\/\/mindef.gov.cm\/secretariat-general\/wp-content\/uploads\/sites\/15\/2023\/08\/LOGO-MINDEF-PNG-FRANCAIS.png\",\"width\":2126,\"height\":478,\"caption\":\"Secr\u00e9tariat G\u00e9n\u00e9ral\"},\"image\":{\"@id\":\"https:\/\/mindef.gov.cm\/secretariat-general\/en\/#\/schema\/logo\/image\/\"}}]}<\/script>\n<!-- \/ Yoast SEO plugin. -->","yoast_head_json":{"title":"historique - Secr\u00e9tariat G\u00e9n\u00e9ral","robots":{"index":"index","follow":"follow","max-snippet":"max-snippet:-1","max-image-preview":"max-image-preview:large","max-video-preview":"max-video-preview:-1"},"canonical":"https:\/\/mindef.gov.cm\/secretariat-general\/en\/historique\/","og_locale":"en_US","og_type":"article","og_title":"historique - Secr\u00e9tariat G\u00e9n\u00e9ral","og_description":"BACKGROUND \u00a0 \u00a0Formerly known as the Directorate of Central Services, between 1960 and 1964; \u00a0 \u00a0The General Secretariat is placed under the authority of a Secretary General, a senior civil servant appointed by decree of the President of the Republic. \u00a0 \u00a0Senior civil servants who have held this high office since its establishment: Monsieur YAYA [&hellip;]","og_url":"https:\/\/mindef.gov.cm\/secretariat-general\/en\/historique\/","og_site_name":"Secr\u00e9tariat G\u00e9n\u00e9ral","article_modified_time":"2024-02-27T13:28:55+00:00","og_image":[{"url":"https:\/\/mindef.gov.cm\/secretariat-general\/wp-content\/uploads\/sites\/15\/2024\/02\/DRH3-1024x768.jpg"}],"twitter_card":"summary_large_image","twitter_misc":{"Est. reading time":"2 minutes"},"schema":{"@context":"https:\/\/schema.org","@graph":[{"@type":"WebPage","@id":"https:\/\/mindef.gov.cm\/secretariat-general\/en\/historique\/","url":"https:\/\/mindef.gov.cm\/secretariat-general\/en\/historique\/","name":"historique - Secr\u00e9tariat G\u00e9n\u00e9ral","isPartOf":{"@id":"https:\/\/mindef.gov.cm\/secretariat-general\/en\/#website"},"primaryImageOfPage":{"@id":"https:\/\/mindef.gov.cm\/secretariat-general\/en\/historique\/#primaryimage"},"image":{"@id":"https:\/\/mindef.gov.cm\/secretariat-general\/en\/historique\/#primaryimage"},"thumbnailUrl":"https:\/\/mindef.gov.cm\/secretariat-general\/wp-content\/uploads\/sites\/15\/2024\/02\/DRH3-1024x768.jpg","datePublished":"2024-02-27T13:09:12+00:00","dateModified":"2024-02-27T13:28:55+00:00","breadcrumb":{"@id":"https:\/\/mindef.gov.cm\/secretariat-general\/en\/historique\/#breadcrumb"},"inLanguage":"en-US","potentialAction":[{"@type":"ReadAction","target":["https:\/\/mindef.gov.cm\/secretariat-general\/en\/historique\/"]}]},{"@type":"ImageObject","inLanguage":"en-US","@id":"https:\/\/mindef.gov.cm\/secretariat-general\/en\/historique\/#primaryimage","url":"https:\/\/mindef.gov.cm\/secretariat-general\/wp-content\/uploads\/sites\/15\/2024\/02\/DRH3-1024x768.jpg","contentUrl":"https:\/\/mindef.gov.cm\/secretariat-general\/wp-content\/uploads\/sites\/15\/2024\/02\/DRH3-1024x768.jpg"},{"@type":"BreadcrumbList","@id":"https:\/\/mindef.gov.cm\/secretariat-general\/en\/historique\/#breadcrumb","itemListElement":[{"@type":"ListItem","position":1,"name":"Home","item":"https:\/\/mindef.gov.cm\/secretariat-general\/en\/"},{"@type":"ListItem","position":2,"name":"historique"}]},{"@type":"WebSite","@id":"https:\/\/mindef.gov.cm\/secretariat-general\/en\/#website","url":"https:\/\/mindef.gov.cm\/secretariat-general\/en\/","name":"Secr\u00e9tariat G\u00e9n\u00e9ral","description":"","publisher":{"@id":"https:\/\/mindef.gov.cm\/secretariat-general\/en\/#organization"},"potentialAction":[{"@type":"SearchAction","target":{"@type":"EntryPoint","urlTemplate":"https:\/\/mindef.gov.cm\/secretariat-general\/en\/?s={search_term_string}"},"query-input":"required name=search_term_string"}],"inLanguage":"en-US"},{"@type":"Organization","@id":"https:\/\/mindef.gov.cm\/secretariat-general\/en\/#organization","name":"Secr\u00e9tariat G\u00e9n\u00e9ral","url":"https:\/\/mindef.gov.cm\/secretariat-general\/en\/","logo":{"@type":"ImageObject","inLanguage":"en-US","@id":"https:\/\/mindef.gov.cm\/secretariat-general\/en\/#\/schema\/logo\/image\/","url":"https:\/\/mindef.gov.cm\/secretariat-general\/wp-content\/uploads\/sites\/15\/2023\/08\/LOGO-MINDEF-PNG-FRANCAIS.png","contentUrl":"https:\/\/mindef.gov.cm\/secretariat-general\/wp-content\/uploads\/sites\/15\/2023\/08\/LOGO-MINDEF-PNG-FRANCAIS.png","width":2126,"height":478,"caption":"Secr\u00e9tariat G\u00e9n\u00e9ral"},"image":{"@id":"https:\/\/mindef.gov.cm\/secretariat-general\/en\/#\/schema\/logo\/image\/"}}]}},"rttpg_featured_image_url":null,"rttpg_author":{"display_name":"alextakoutsingstephane02","author_link":"https:\/\/mindef.gov.cm\/secretariat-general\/en\/author\/alextakoutsingstephane02\/"},"rttpg_comment":0,"rttpg_category":"","rttpg_excerpt":"BACKGROUND \u00a0 \u00a0Formerly known as the Directorate of Central Services, between 1960 and 1964; \u00a0 \u00a0The General Secretariat is placed under the authority of a Secretary General, a senior civil servant appointed by decree of the President of the Republic. \u00a0 \u00a0Senior civil servants who have held this high office since its establishment: Monsieur YAYA&hellip;","_links":{"self":[{"href":"https:\/\/mindef.gov.cm\/secretariat-general\/en\/wp-json\/wp\/v2\/pages\/3331","targetHints":{"allow":["GET"]}}],"collection":[{"href":"https:\/\/mindef.gov.cm\/secretariat-general\/en\/wp-json\/wp\/v2\/pages"}],"about":[{"href":"https:\/\/mindef.gov.cm\/secretariat-general\/en\/wp-json\/wp\/v2\/types\/page"}],"author":[{"embeddable":true,"href":"https:\/\/mindef.gov.cm\/secretariat-general\/en\/wp-json\/wp\/v2\/users\/7"}],"replies":[{"embeddable":true,"href":"https:\/\/mindef.gov.cm\/secretariat-general\/en\/wp-json\/wp\/v2\/comments?post=3331"}],"version-history":[{"count":0,"href":"https:\/\/mindef.gov.cm\/secretariat-general\/en\/wp-json\/wp\/v2\/pages\/3331\/revisions"}],"wp:attachment":[{"href":"https:\/\/mindef.gov.cm\/secretariat-general\/en\/wp-json\/wp\/v2\/media?parent=3331"}],"curies":[{"name":"wp","href":"https:\/\/api.w.org\/{rel}","templated":true}]}}