{"id":3324,"date":"2024-02-27T14:09:12","date_gmt":"2024-02-27T13:09:12","guid":{"rendered":"https:\/\/mindef.gov.cm\/secretariat-general\/?page_id=3324"},"modified":"2024-02-27T14:25:20","modified_gmt":"2024-02-27T13:25:20","slug":"historique","status":"publish","type":"page","link":"https:\/\/mindef.gov.cm\/secretariat-general\/historique\/","title":{"rendered":"historique"},"content":{"rendered":"\t\t<div data-elementor-type=\"wp-page\" data-elementor-id=\"3324\" class=\"elementor elementor-3324\" data-elementor-post-type=\"page\">\n\t\t\t\t\t\t<section class=\"elementor-section elementor-top-section elementor-element elementor-element-8c59951 elementor-section-boxed elementor-section-height-default elementor-section-height-default\" data-id=\"8c59951\" data-element_type=\"section\">\n\t\t\t\t\t\t<div class=\"elementor-container elementor-column-gap-default\">\n\t\t\t\t\t<div class=\"elementor-column elementor-col-100 elementor-top-column elementor-element elementor-element-9b6c18d\" data-id=\"9b6c18d\" data-element_type=\"column\">\n\t\t\t<div class=\"elementor-widget-wrap elementor-element-populated\">\n\t\t\t\t\t\t<div class=\"elementor-element elementor-element-e097c8a elementor-widget elementor-widget-heading\" data-id=\"e097c8a\" data-element_type=\"widget\" data-widget_type=\"heading.default\">\n\t\t\t\t<div class=\"elementor-widget-container\">\n\t\t\t<h2 class=\"elementor-heading-title elementor-size-default\">Historique<\/h2>\t\t<\/div>\n\t\t\t\t<\/div>\n\t\t\t\t<div class=\"elementor-element elementor-element-02ccadd elementor-widget elementor-widget-text-editor\" data-id=\"02ccadd\" data-element_type=\"widget\" data-widget_type=\"text-editor.default\">\n\t\t\t\t<div class=\"elementor-widget-container\">\n\t\t\t\t\t\t\t<p>\u00a0 \u00a0Anciennement connu sous l\u2019appellation Direction des Services Centraux, entre 1960 et 1964 ;<\/p><p>\u00a0 \u00a0Le Secr\u00e9tariat G\u00e9n\u00e9ral est plac\u00e9 sous l&#8217;autorit\u00e9 d\u2019un Secr\u00e9taire G\u00e9n\u00e9ral, haut fonctionnaire nomm\u00e9 par d\u00e9cret du Pr\u00e9sident de la R\u00e9publique.<\/p><p>\u00a0 \u00a0Les hauts fonctionnaires qui ont occup\u00e9 cette haute fonction depuis sa mise en place :<\/p><ul><li>Monsieur YAYA GARGA, 1964-1965\u00a0;<\/li><li>Monsieur ISSA BAKARY, 1965 \u00e0 1966\u00a0;<\/li><li>Monsieur BELLO BOUBA MAIGARI, 1966-1974\u00a0;<\/li><li>Monsieur IBRAHIMA WADJIRI, 1974-1982\u00a0;<\/li><li>Monsieur Michel MEVA\u2019A MEBOUTOU, 1982-1989\u00a0;<\/li><li>Monsieur Jean-Marie ALEOKOL, 1989-2005\u00a0;<\/li><li>Monsieur AMADOU VINDJEDOU, 2005-2016\u00a0;<\/li><li>Monsieur SA\u00cfD KAMSOULOUM, depuis 2016 jusqu\u2019\u00e0 ce jour.<\/li><\/ul><p>\u00a0<\/p><p>\u00a0 \u00a0Son organisation actuelle est r\u00e9gie par le D\u00e9cret N\u00b0 2001\/177 du 25 Juillet 2001 portant organisation du Minist\u00e8re de la D\u00e9fense.<\/p>\t\t\t\t\t\t<\/div>\n\t\t\t\t<\/div>\n\t\t\t\t\t<\/div>\n\t\t<\/div>\n\t\t\t\t\t<\/div>\n\t\t<\/section>\n\t\t\t\t<section class=\"elementor-section elementor-top-section elementor-element elementor-element-752c1bd elementor-section-boxed elementor-section-height-default elementor-section-height-default\" data-id=\"752c1bd\" data-element_type=\"section\" data-settings=\"{&quot;background_background&quot;:&quot;classic&quot;}\">\n\t\t\t\t\t\t<div class=\"elementor-container elementor-column-gap-default\">\n\t\t\t\t\t<div class=\"elementor-column elementor-col-100 elementor-top-column elementor-element elementor-element-a831805\" data-id=\"a831805\" data-element_type=\"column\">\n\t\t\t<div class=\"elementor-widget-wrap elementor-element-populated\">\n\t\t\t\t\t\t<div class=\"elementor-element elementor-element-ac2d88e elementor-widget elementor-widget-spacer\" data-id=\"ac2d88e\" data-element_type=\"widget\" data-widget_type=\"spacer.default\">\n\t\t\t\t<div class=\"elementor-widget-container\">\n\t\t\t\t\t<div class=\"elementor-spacer\">\n\t\t\t<div class=\"elementor-spacer-inner\"><\/div>\n\t\t<\/div>\n\t\t\t\t<\/div>\n\t\t\t\t<\/div>\n\t\t\t\t<div class=\"elementor-element elementor-element-f53a05e section-title-style-style3 title-two-line tpg-border-bottom-enable section-title-align-left title-alignment-left elementor-widget-mobile__width-inherit meta-visibility-show title_position_default title_hover_border_default img_hover_animation_default meta_position_default readmore-btn-default-style grid-hover-overlay-type-always tpg-el-box-border-enable elementor-widget elementor-widget-tpg-grid-layout\" data-id=\"f53a05e\" data-element_type=\"widget\" data-widget_type=\"tpg-grid-layout.default\">\n\t\t\t\t<div class=\"elementor-widget-container\">\n\t\t\t\t\t<div class=\"rt-container-fluid rt-tpg-container tpg-el-main-wrapper clearfix grid-layout1-main \"\n\t\t\t id=\"rt-tpg-container-3617361862\"\n\t\t\t data-layout=\"grid-layout1\"\n\t\t\t data-grid-style=\"tpg-full-height\"\n\t\t\t data-sc-id=\"elementor\"\n\t\t\t data-el-settings=''\n\t\t\t data-el-query=''\n\t\t\t data-el-path=''\n\t\t>\n\n\t\t\t\t\t\t<div class='tpg-header-wrapper '>\n\t\t\t\t\n        <div class=\"tpg-widget-heading-wrapper rt-clear heading-style3 \">\n            <span class=\"tpg-widget-heading-line line-left\"><\/span>\n\t\t\t<h2 class='tpg-widget-heading'>\n\t\t\t\n\t\t\t\t                    <span>\n\t\t\t\t\t\tTOUS NOS ARTICLES\t\t\t\t\t<\/span>\n\t\t\t\t\t\n\t\t\t\t\t\t\t<\/h2>            <span class=\"tpg-widget-heading-line line-right\"><\/span>\n\n\t\t\t\n        <\/div>\n\n\t\t\n\t\t\t\t\t<\/div>\n\n\t\t\t<div data-title=\"Loading ...\" class=\"rt-row rt-content-loader grid-layout1 grid-behaviour tpg-full-height grid_layout_wrapper\">\n\t\t\t\t<div class=\"rt-col-md-4 rt-col-sm-6 rt-col-xs-12 default rt-grid-item post-5348 post type-post status-publish format-standard has-post-thumbnail hentry category-activites category-activites-directions category-scroll tag-activites-drh tag-actualites tag-banniere\"\t\tdata-id=\"5348\">\n\t<div class=\"rt-holder tpg-post-holder\">\n\t\t<div class=\"rt-detail rt-el-content-wrapper\">\n\t\t\t\t\t\t\t<div class=\"rt-img-holder tpg-el-image-wrap has-thumbnail\">\n\t\t\t\t\t<a data-id=\"5348\" href=\"https:\/\/mindef.gov.cm\/secretariat-general\/2026\/03\/16\/causerie-morale-sur-les-maladies-rhumatismales-en-milieu-professionnel-lensemble-du-personnel-de-la-drh-desormais-edifie\/\" class=\"tpg-post-link\" target=\"_self\">                        <img fetchpriority=\"high\" decoding=\"async\" src=\"https:\/\/mindef.gov.cm\/secretariat-general\/wp-content\/uploads\/sites\/15\/2026\/03\/IMG-20260311-WA0013-1024x768.jpg\"\n                             class=\"rt-img-responsive\"\n                             width=\"800\"\n                             height=\"600\"\n                             alt=\"Causerie morale sur les maladies rhumatismales en milieu professionnel : l\u2019ensemble du personnel de la DRH d\u00e9sormais \u00e9difi\u00e9\">\n\t\t\t\t\t\t\n\t\t\t\t\t\t\t\n\t\t<\/a>\n\t\t        <div class=\"overlay grid-hover-content\"><\/div>\n\t\t\t\t\t\t<\/div>\n\t\t\t\n\t\t\t<div class=\"entry-title-wrapper\"><h3 class=\"entry-title\"><a data-id=\"5348\" href=\"https:\/\/mindef.gov.cm\/secretariat-general\/2026\/03\/16\/causerie-morale-sur-les-maladies-rhumatismales-en-milieu-professionnel-lensemble-du-personnel-de-la-drh-desormais-edifie\/\" class=\"tpg-post-link\" target=\"_self\">Causerie morale sur les maladies rhumatismales en milieu professionnel : l\u2019ensemble du personnel de la DRH d\u00e9sormais \u00e9difi\u00e9<\/a><\/h3><\/div>\n\t\t\t\t\t\t\t<div class=\"post-meta-tags rt-el-post-meta\">\n\t\t\t\t\t            <span class='date'>\n\t\t\t\t\t\t\t\t<a href=\"https:\/\/mindef.gov.cm\/secretariat-general\/2026\/03\/16\/\">\n\t\t\t\t\t16 mars 2026\t\t\t\t<\/a>\n\t\t\t<\/span>\n\t\t\t<span class='separator'>|<\/span>\t\t\t\t<\/div>\n\t\t\t\n\n\t\t\t\t\t\t\t<div class=\"tpg-excerpt tpg-el-excerpt\">\n\t\t\t\t\t\t\t\t\t\t\t<div class=\"tpg-excerpt-inner\">\n\t\t\t\t\t\t\tLe vendredi 06 mars 2026, en pleine semaine marqu\u00e9e par les festivit\u00e9s li\u00e9es \u00e0 la c\u00e9l\u00e9bration de la...\t\t\t\t\t\t<\/div>\n\t\t\t\t\t\t\t\t\t\t\t\t\t\t<\/div>\n\t\t\t\n\t\t\t        <div class=\"post-footer\">\n            <div class=\"post-footer\">\n                <div class=\"read-more\">\n\t\t\t\t\t<a data-id=\"5348\" href=\"https:\/\/mindef.gov.cm\/secretariat-general\/2026\/03\/16\/causerie-morale-sur-les-maladies-rhumatismales-en-milieu-professionnel-lensemble-du-personnel-de-la-drh-desormais-edifie\/\" class=\"tpg-post-link\" target=\"_self\">Lire la suite<i aria-hidden=\"true\" class=\"right-icon fas fa-arrow-circle-right\"><\/i><\/a>                <\/div>\n            <\/div>\n        <\/div>\n\t\t\t\t<\/div>\n\t<\/div>\n<\/div>\n<div class=\"rt-col-md-4 rt-col-sm-6 rt-col-xs-12 default rt-grid-item post-5322 post type-post status-publish format-standard has-post-thumbnail hentry category-activites category-activites-directions category-scroll tag-activites-drh tag-actualites tag-banniere\"\t\tdata-id=\"5322\">\n\t<div class=\"rt-holder tpg-post-holder\">\n\t\t<div class=\"rt-detail rt-el-content-wrapper\">\n\t\t\t\t\t\t\t<div class=\"rt-img-holder tpg-el-image-wrap has-thumbnail\">\n\t\t\t\t\t<a data-id=\"5322\" href=\"https:\/\/mindef.gov.cm\/secretariat-general\/2026\/03\/05\/le-ministere-de-la-defense-invite-dhonneur\/\" class=\"tpg-post-link\" target=\"_self\">                        <img decoding=\"async\" src=\"https:\/\/mindef.gov.cm\/secretariat-general\/wp-content\/uploads\/sites\/15\/2026\/03\/IMG-20260218-WA0071.jpg\"\n                             class=\"rt-img-responsive\"\n                             width=\"800\"\n                             height=\"600\"\n                             alt=\"le Minist\u00e8re de la D\u00e9fense, invit\u00e9 d\u2019honneur \u00e0 l\u2019occasion du Carrefour M\u00e9tiers organis\u00e9 par Humanitas International\">\n\t\t\t\t\t\t\n\t\t\t\t\t\t\t\n\t\t<\/a>\n\t\t        <div class=\"overlay grid-hover-content\"><\/div>\n\t\t\t\t\t\t<\/div>\n\t\t\t\n\t\t\t<div class=\"entry-title-wrapper\"><h3 class=\"entry-title\"><a data-id=\"5322\" href=\"https:\/\/mindef.gov.cm\/secretariat-general\/2026\/03\/05\/le-ministere-de-la-defense-invite-dhonneur\/\" class=\"tpg-post-link\" target=\"_self\">le Minist\u00e8re de la D\u00e9fense, invit\u00e9 d\u2019honneur \u00e0 l\u2019occasion du Carrefour M\u00e9tiers organis\u00e9 par Humanitas International<\/a><\/h3><\/div>\n\t\t\t\t\t\t\t<div class=\"post-meta-tags rt-el-post-meta\">\n\t\t\t\t\t            <span class='date'>\n\t\t\t\t\t\t\t\t<a href=\"https:\/\/mindef.gov.cm\/secretariat-general\/2026\/03\/05\/\">\n\t\t\t\t\t5 mars 2026\t\t\t\t<\/a>\n\t\t\t<\/span>\n\t\t\t<span class='separator'>|<\/span>\t\t\t\t<\/div>\n\t\t\t\n\n\t\t\t\t\t\t\t<div class=\"tpg-excerpt tpg-el-excerpt\">\n\t\t\t\t\t\t\t\t\t\t\t<div class=\"tpg-excerpt-inner\">\n\t\t\t\t\t\t\tLa premi\u00e8re \u00e9dition du Carrefour M\u00e9tiers organis\u00e9 par HUMANITAS INTERNATIONAL, une ONG cr\u00e9\u00e9e en 2007...\t\t\t\t\t\t<\/div>\n\t\t\t\t\t\t\t\t\t\t\t\t\t\t<\/div>\n\t\t\t\n\t\t\t        <div class=\"post-footer\">\n            <div class=\"post-footer\">\n                <div class=\"read-more\">\n\t\t\t\t\t<a data-id=\"5322\" href=\"https:\/\/mindef.gov.cm\/secretariat-general\/2026\/03\/05\/le-ministere-de-la-defense-invite-dhonneur\/\" class=\"tpg-post-link\" target=\"_self\">Lire la suite<i aria-hidden=\"true\" class=\"right-icon fas fa-arrow-circle-right\"><\/i><\/a>                <\/div>\n            <\/div>\n        <\/div>\n\t\t\t\t<\/div>\n\t<\/div>\n<\/div>\n<div class=\"rt-col-md-4 rt-col-sm-6 rt-col-xs-12 default rt-grid-item post-5276 post type-post status-publish format-standard has-post-thumbnail hentry category-activites category-activites-directions category-scroll tag-activites-drh tag-actualites tag-banniere\"\t\tdata-id=\"5276\">\n\t<div class=\"rt-holder tpg-post-holder\">\n\t\t<div class=\"rt-detail rt-el-content-wrapper\">\n\t\t\t\t\t\t\t<div class=\"rt-img-holder tpg-el-image-wrap has-thumbnail\">\n\t\t\t\t\t<a data-id=\"5276\" href=\"https:\/\/mindef.gov.cm\/secretariat-general\/2026\/02\/19\/ceremonie-de-cloture-de-la-saison-sportive-2025\/\" class=\"tpg-post-link\" target=\"_self\">                        <img decoding=\"async\" src=\"https:\/\/mindef.gov.cm\/secretariat-general\/wp-content\/uploads\/sites\/15\/2026\/02\/AE2G5407-1024x683.jpg\"\n                             class=\"rt-img-responsive\"\n                             width=\"800\"\n                             height=\"534\"\n                             alt=\"C\u00e9r\u00e9monie de cl\u00f4ture de la saison sportive 2025 \u00e0 la Direction des Ressources Humaines : un moment de coh\u00e9sion sociale et de reconnaissance o\u00f9 la DRH c\u00e9l\u00e8bre ses talents sportifs et f\u00e9licite ses promus\">\n\t\t\t\t\t\t\n\t\t\t\t\t\t\t\n\t\t<\/a>\n\t\t        <div class=\"overlay grid-hover-content\"><\/div>\n\t\t\t\t\t\t<\/div>\n\t\t\t\n\t\t\t<div class=\"entry-title-wrapper\"><h3 class=\"entry-title\"><a data-id=\"5276\" href=\"https:\/\/mindef.gov.cm\/secretariat-general\/2026\/02\/19\/ceremonie-de-cloture-de-la-saison-sportive-2025\/\" class=\"tpg-post-link\" target=\"_self\">C\u00e9r\u00e9monie de cl\u00f4ture de la saison sportive 2025 \u00e0 la Direction des Ressources Humaines : un moment de coh\u00e9sion sociale et de reconnaissance o\u00f9 la DRH c\u00e9l\u00e8bre ses talents sportifs et f\u00e9licite ses promus<\/a><\/h3><\/div>\n\t\t\t\t\t\t\t<div class=\"post-meta-tags rt-el-post-meta\">\n\t\t\t\t\t            <span class='date'>\n\t\t\t\t\t\t\t\t<a href=\"https:\/\/mindef.gov.cm\/secretariat-general\/2026\/02\/19\/\">\n\t\t\t\t\t19 f\u00e9vrier 2026\t\t\t\t<\/a>\n\t\t\t<\/span>\n\t\t\t<span class='separator'>|<\/span>\t\t\t\t<\/div>\n\t\t\t\n\n\t\t\t\t\t\t\t<div class=\"tpg-excerpt tpg-el-excerpt\">\n\t\t\t\t\t\t\t\t\t\t\t<div class=\"tpg-excerpt-inner\">\n\t\t\t\t\t\t\tDu beau monde ce vendredi 13 f\u00e9vrier 2026 \u00e0 l\u2019esplanade de l\u2019annexe B de la Direction des Ressources...\t\t\t\t\t\t<\/div>\n\t\t\t\t\t\t\t\t\t\t\t\t\t\t<\/div>\n\t\t\t\n\t\t\t        <div class=\"post-footer\">\n            <div class=\"post-footer\">\n                <div class=\"read-more\">\n\t\t\t\t\t<a data-id=\"5276\" href=\"https:\/\/mindef.gov.cm\/secretariat-general\/2026\/02\/19\/ceremonie-de-cloture-de-la-saison-sportive-2025\/\" class=\"tpg-post-link\" target=\"_self\">Lire la suite<i aria-hidden=\"true\" class=\"right-icon fas fa-arrow-circle-right\"><\/i><\/a>                <\/div>\n            <\/div>\n        <\/div>\n\t\t\t\t<\/div>\n\t<\/div>\n<\/div>\n\t\t\t<\/div>\n\t\t\t\n\t\t<\/div>\n\t\t\t\t<\/div>\n\t\t\t\t<\/div>\n\t\t\t\t<div class=\"elementor-element elementor-element-56e47e1 elementor-widget elementor-widget-spacer\" data-id=\"56e47e1\" data-element_type=\"widget\" data-widget_type=\"spacer.default\">\n\t\t\t\t<div class=\"elementor-widget-container\">\n\t\t\t\t\t<div class=\"elementor-spacer\">\n\t\t\t<div class=\"elementor-spacer-inner\"><\/div>\n\t\t<\/div>\n\t\t\t\t<\/div>\n\t\t\t\t<\/div>\n\t\t\t\t\t<\/div>\n\t\t<\/div>\n\t\t\t\t\t<\/div>\n\t\t<\/section>\n\t\t\t\t<\/div>\n\t\t","protected":false},"excerpt":{"rendered":"<p>Historique \u00a0 \u00a0Anciennement connu sous l\u2019appellation Direction des Services Centraux, entre 1960 et 1964 ; \u00a0 \u00a0Le Secr\u00e9tariat G\u00e9n\u00e9ral est plac\u00e9 sous l&#8217;autorit\u00e9 d\u2019un Secr\u00e9taire G\u00e9n\u00e9ral, haut fonctionnaire nomm\u00e9 par d\u00e9cret du Pr\u00e9sident de la R\u00e9publique. \u00a0 \u00a0Les hauts fonctionnaires qui ont occup\u00e9 cette haute fonction depuis sa mise en place : Monsieur YAYA GARGA, [&hellip;]<\/p>\n","protected":false},"author":7,"featured_media":0,"parent":0,"menu_order":0,"comment_status":"closed","ping_status":"closed","template":"","meta":{"footnotes":""},"class_list":["post-3324","page","type-page","status-publish","hentry"],"yoast_head":"<!-- This site is optimized with the Yoast SEO plugin v23.3 - https:\/\/yoast.com\/wordpress\/plugins\/seo\/ -->\n<title>historique - Secr\u00e9tariat G\u00e9n\u00e9ral<\/title>\n<meta name=\"robots\" content=\"index, follow, max-snippet:-1, max-image-preview:large, max-video-preview:-1\" \/>\n<link rel=\"canonical\" href=\"https:\/\/mindef.gov.cm\/secretariat-general\/historique\/\" \/>\n<meta property=\"og:locale\" content=\"fr_FR\" \/>\n<meta property=\"og:type\" content=\"article\" \/>\n<meta property=\"og:title\" content=\"historique - Secr\u00e9tariat G\u00e9n\u00e9ral\" \/>\n<meta property=\"og:description\" content=\"Historique \u00a0 \u00a0Anciennement connu sous l\u2019appellation Direction des Services Centraux, entre 1960 et 1964 ; \u00a0 \u00a0Le Secr\u00e9tariat G\u00e9n\u00e9ral est plac\u00e9 sous l&#8217;autorit\u00e9 d\u2019un Secr\u00e9taire G\u00e9n\u00e9ral, haut fonctionnaire nomm\u00e9 par d\u00e9cret du Pr\u00e9sident de la R\u00e9publique. \u00a0 \u00a0Les hauts fonctionnaires qui ont occup\u00e9 cette haute fonction depuis sa mise en place : Monsieur YAYA GARGA, [&hellip;]\" \/>\n<meta property=\"og:url\" content=\"https:\/\/mindef.gov.cm\/secretariat-general\/historique\/\" \/>\n<meta property=\"og:site_name\" content=\"Secr\u00e9tariat G\u00e9n\u00e9ral\" \/>\n<meta property=\"article:modified_time\" content=\"2024-02-27T13:25:20+00:00\" \/>\n<meta property=\"og:image\" content=\"https:\/\/mindef.gov.cm\/secretariat-general\/wp-content\/uploads\/sites\/15\/2024\/02\/DRH3-1024x768.jpg\" \/>\n<meta name=\"twitter:card\" content=\"summary_large_image\" \/>\n<meta name=\"twitter:label1\" content=\"Dur\u00e9e de lecture estim\u00e9e\" \/>\n\t<meta name=\"twitter:data1\" content=\"2 minutes\" \/>\n<script type=\"application\/ld+json\" class=\"yoast-schema-graph\">{\"@context\":\"https:\/\/schema.org\",\"@graph\":[{\"@type\":\"WebPage\",\"@id\":\"https:\/\/mindef.gov.cm\/secretariat-general\/historique\/\",\"url\":\"https:\/\/mindef.gov.cm\/secretariat-general\/historique\/\",\"name\":\"historique - Secr\u00e9tariat G\u00e9n\u00e9ral\",\"isPartOf\":{\"@id\":\"https:\/\/mindef.gov.cm\/secretariat-general\/#website\"},\"primaryImageOfPage\":{\"@id\":\"https:\/\/mindef.gov.cm\/secretariat-general\/historique\/#primaryimage\"},\"image\":{\"@id\":\"https:\/\/mindef.gov.cm\/secretariat-general\/historique\/#primaryimage\"},\"thumbnailUrl\":\"https:\/\/mindef.gov.cm\/secretariat-general\/wp-content\/uploads\/sites\/15\/2024\/02\/DRH3-1024x768.jpg\",\"datePublished\":\"2024-02-27T13:09:12+00:00\",\"dateModified\":\"2024-02-27T13:25:20+00:00\",\"breadcrumb\":{\"@id\":\"https:\/\/mindef.gov.cm\/secretariat-general\/historique\/#breadcrumb\"},\"inLanguage\":\"fr-FR\",\"potentialAction\":[{\"@type\":\"ReadAction\",\"target\":[\"https:\/\/mindef.gov.cm\/secretariat-general\/historique\/\"]}]},{\"@type\":\"ImageObject\",\"inLanguage\":\"fr-FR\",\"@id\":\"https:\/\/mindef.gov.cm\/secretariat-general\/historique\/#primaryimage\",\"url\":\"https:\/\/mindef.gov.cm\/secretariat-general\/wp-content\/uploads\/sites\/15\/2024\/02\/DRH3.jpg\",\"contentUrl\":\"https:\/\/mindef.gov.cm\/secretariat-general\/wp-content\/uploads\/sites\/15\/2024\/02\/DRH3.jpg\",\"width\":1280,\"height\":960},{\"@type\":\"BreadcrumbList\",\"@id\":\"https:\/\/mindef.gov.cm\/secretariat-general\/historique\/#breadcrumb\",\"itemListElement\":[{\"@type\":\"ListItem\",\"position\":1,\"name\":\"Home\",\"item\":\"https:\/\/mindef.gov.cm\/secretariat-general\/\"},{\"@type\":\"ListItem\",\"position\":2,\"name\":\"historique\"}]},{\"@type\":\"WebSite\",\"@id\":\"https:\/\/mindef.gov.cm\/secretariat-general\/#website\",\"url\":\"https:\/\/mindef.gov.cm\/secretariat-general\/\",\"name\":\"Secr\u00e9tariat G\u00e9n\u00e9ral\",\"description\":\"\",\"publisher\":{\"@id\":\"https:\/\/mindef.gov.cm\/secretariat-general\/#organization\"},\"potentialAction\":[{\"@type\":\"SearchAction\",\"target\":{\"@type\":\"EntryPoint\",\"urlTemplate\":\"https:\/\/mindef.gov.cm\/secretariat-general\/?s={search_term_string}\"},\"query-input\":\"required name=search_term_string\"}],\"inLanguage\":\"fr-FR\"},{\"@type\":\"Organization\",\"@id\":\"https:\/\/mindef.gov.cm\/secretariat-general\/#organization\",\"name\":\"Secr\u00e9tariat G\u00e9n\u00e9ral\",\"url\":\"https:\/\/mindef.gov.cm\/secretariat-general\/\",\"logo\":{\"@type\":\"ImageObject\",\"inLanguage\":\"fr-FR\",\"@id\":\"https:\/\/mindef.gov.cm\/secretariat-general\/#\/schema\/logo\/image\/\",\"url\":\"https:\/\/mindef.gov.cm\/secretariat-general\/wp-content\/uploads\/sites\/15\/2023\/08\/LOGO-MINDEF-PNG-FRANCAIS.png\",\"contentUrl\":\"https:\/\/mindef.gov.cm\/secretariat-general\/wp-content\/uploads\/sites\/15\/2023\/08\/LOGO-MINDEF-PNG-FRANCAIS.png\",\"width\":2126,\"height\":478,\"caption\":\"Secr\u00e9tariat G\u00e9n\u00e9ral\"},\"image\":{\"@id\":\"https:\/\/mindef.gov.cm\/secretariat-general\/#\/schema\/logo\/image\/\"}}]}<\/script>\n<!-- \/ Yoast SEO plugin. -->","yoast_head_json":{"title":"historique - Secr\u00e9tariat G\u00e9n\u00e9ral","robots":{"index":"index","follow":"follow","max-snippet":"max-snippet:-1","max-image-preview":"max-image-preview:large","max-video-preview":"max-video-preview:-1"},"canonical":"https:\/\/mindef.gov.cm\/secretariat-general\/historique\/","og_locale":"fr_FR","og_type":"article","og_title":"historique - Secr\u00e9tariat G\u00e9n\u00e9ral","og_description":"Historique \u00a0 \u00a0Anciennement connu sous l\u2019appellation Direction des Services Centraux, entre 1960 et 1964 ; \u00a0 \u00a0Le Secr\u00e9tariat G\u00e9n\u00e9ral est plac\u00e9 sous l&#8217;autorit\u00e9 d\u2019un Secr\u00e9taire G\u00e9n\u00e9ral, haut fonctionnaire nomm\u00e9 par d\u00e9cret du Pr\u00e9sident de la R\u00e9publique. \u00a0 \u00a0Les hauts fonctionnaires qui ont occup\u00e9 cette haute fonction depuis sa mise en place : Monsieur YAYA GARGA, [&hellip;]","og_url":"https:\/\/mindef.gov.cm\/secretariat-general\/historique\/","og_site_name":"Secr\u00e9tariat G\u00e9n\u00e9ral","article_modified_time":"2024-02-27T13:25:20+00:00","og_image":[{"url":"https:\/\/mindef.gov.cm\/secretariat-general\/wp-content\/uploads\/sites\/15\/2024\/02\/DRH3-1024x768.jpg"}],"twitter_card":"summary_large_image","twitter_misc":{"Dur\u00e9e de lecture estim\u00e9e":"2 minutes"},"schema":{"@context":"https:\/\/schema.org","@graph":[{"@type":"WebPage","@id":"https:\/\/mindef.gov.cm\/secretariat-general\/historique\/","url":"https:\/\/mindef.gov.cm\/secretariat-general\/historique\/","name":"historique - Secr\u00e9tariat G\u00e9n\u00e9ral","isPartOf":{"@id":"https:\/\/mindef.gov.cm\/secretariat-general\/#website"},"primaryImageOfPage":{"@id":"https:\/\/mindef.gov.cm\/secretariat-general\/historique\/#primaryimage"},"image":{"@id":"https:\/\/mindef.gov.cm\/secretariat-general\/historique\/#primaryimage"},"thumbnailUrl":"https:\/\/mindef.gov.cm\/secretariat-general\/wp-content\/uploads\/sites\/15\/2024\/02\/DRH3-1024x768.jpg","datePublished":"2024-02-27T13:09:12+00:00","dateModified":"2024-02-27T13:25:20+00:00","breadcrumb":{"@id":"https:\/\/mindef.gov.cm\/secretariat-general\/historique\/#breadcrumb"},"inLanguage":"fr-FR","potentialAction":[{"@type":"ReadAction","target":["https:\/\/mindef.gov.cm\/secretariat-general\/historique\/"]}]},{"@type":"ImageObject","inLanguage":"fr-FR","@id":"https:\/\/mindef.gov.cm\/secretariat-general\/historique\/#primaryimage","url":"https:\/\/mindef.gov.cm\/secretariat-general\/wp-content\/uploads\/sites\/15\/2024\/02\/DRH3.jpg","contentUrl":"https:\/\/mindef.gov.cm\/secretariat-general\/wp-content\/uploads\/sites\/15\/2024\/02\/DRH3.jpg","width":1280,"height":960},{"@type":"BreadcrumbList","@id":"https:\/\/mindef.gov.cm\/secretariat-general\/historique\/#breadcrumb","itemListElement":[{"@type":"ListItem","position":1,"name":"Home","item":"https:\/\/mindef.gov.cm\/secretariat-general\/"},{"@type":"ListItem","position":2,"name":"historique"}]},{"@type":"WebSite","@id":"https:\/\/mindef.gov.cm\/secretariat-general\/#website","url":"https:\/\/mindef.gov.cm\/secretariat-general\/","name":"Secr\u00e9tariat G\u00e9n\u00e9ral","description":"","publisher":{"@id":"https:\/\/mindef.gov.cm\/secretariat-general\/#organization"},"potentialAction":[{"@type":"SearchAction","target":{"@type":"EntryPoint","urlTemplate":"https:\/\/mindef.gov.cm\/secretariat-general\/?s={search_term_string}"},"query-input":"required name=search_term_string"}],"inLanguage":"fr-FR"},{"@type":"Organization","@id":"https:\/\/mindef.gov.cm\/secretariat-general\/#organization","name":"Secr\u00e9tariat G\u00e9n\u00e9ral","url":"https:\/\/mindef.gov.cm\/secretariat-general\/","logo":{"@type":"ImageObject","inLanguage":"fr-FR","@id":"https:\/\/mindef.gov.cm\/secretariat-general\/#\/schema\/logo\/image\/","url":"https:\/\/mindef.gov.cm\/secretariat-general\/wp-content\/uploads\/sites\/15\/2023\/08\/LOGO-MINDEF-PNG-FRANCAIS.png","contentUrl":"https:\/\/mindef.gov.cm\/secretariat-general\/wp-content\/uploads\/sites\/15\/2023\/08\/LOGO-MINDEF-PNG-FRANCAIS.png","width":2126,"height":478,"caption":"Secr\u00e9tariat G\u00e9n\u00e9ral"},"image":{"@id":"https:\/\/mindef.gov.cm\/secretariat-general\/#\/schema\/logo\/image\/"}}]}},"rttpg_featured_image_url":null,"rttpg_author":{"display_name":"alextakoutsingstephane02","author_link":"https:\/\/mindef.gov.cm\/secretariat-general\/author\/alextakoutsingstephane02\/"},"rttpg_comment":0,"rttpg_category":"","rttpg_excerpt":"Historique \u00a0 \u00a0Anciennement connu sous l\u2019appellation Direction des Services Centraux, entre 1960 et 1964 ; \u00a0 \u00a0Le Secr\u00e9tariat G\u00e9n\u00e9ral est plac\u00e9 sous l&#8217;autorit\u00e9 d\u2019un Secr\u00e9taire G\u00e9n\u00e9ral, haut fonctionnaire nomm\u00e9 par d\u00e9cret du Pr\u00e9sident de la R\u00e9publique. \u00a0 \u00a0Les hauts fonctionnaires qui ont occup\u00e9 cette haute fonction depuis sa mise en place : Monsieur YAYA GARGA,\u2026","_links":{"self":[{"href":"https:\/\/mindef.gov.cm\/secretariat-general\/wp-json\/wp\/v2\/pages\/3324","targetHints":{"allow":["GET"]}}],"collection":[{"href":"https:\/\/mindef.gov.cm\/secretariat-general\/wp-json\/wp\/v2\/pages"}],"about":[{"href":"https:\/\/mindef.gov.cm\/secretariat-general\/wp-json\/wp\/v2\/types\/page"}],"author":[{"embeddable":true,"href":"https:\/\/mindef.gov.cm\/secretariat-general\/wp-json\/wp\/v2\/users\/7"}],"replies":[{"embeddable":true,"href":"https:\/\/mindef.gov.cm\/secretariat-general\/wp-json\/wp\/v2\/comments?post=3324"}],"version-history":[{"count":0,"href":"https:\/\/mindef.gov.cm\/secretariat-general\/wp-json\/wp\/v2\/pages\/3324\/revisions"}],"wp:attachment":[{"href":"https:\/\/mindef.gov.cm\/secretariat-general\/wp-json\/wp\/v2\/media?parent=3324"}],"curies":[{"name":"wp","href":"https:\/\/api.w.org\/{rel}","templated":true}]}}